{"id":1499,"date":"2025-10-12T01:28:38","date_gmt":"2025-10-12T01:28:38","guid":{"rendered":"https:\/\/frvape.com\/product\/aivono-aim-magic-15000-puffs-rechargeable-disposable-vape-with-multiple-flavors\/"},"modified":"2025-12-16T09:46:54","modified_gmt":"2025-12-16T09:46:54","slug":"aivono-aim-magic-15000-puffs-polnilni-vape-za-enkratno-uporabo-z-vec-okusi","status":"publish","type":"product","link":"https:\/\/frvape.com\/sl\/product\/aivono-aim-magic-15000-puffs-polnilni-vape-za-enkratno-uporabo-z-vec-okusi\/","title":{"rendered":"Aivono Aim Magic 15000 Puffs polnjenje za enkratno uporabo Vape z ve\u010d okusi"},"content":{"rendered":"<h3>Dobrodo\u0161li v prihodnosti vapinga za enkratno uporabo<\/h3>\n<p>Spletna stran <strong>Aivono Aim Magic 15000<\/strong> revolucionarno spreminja vaping s svojo izjemno zmogljivostjo in zasnovo, osredoto\u010deno na uporabnika. Idealen je za za\u010detnike in izku\u0161ene uporabnike. <strong>vape za enkratno uporabo<\/strong> zdru\u017euje vzdr\u017eljivost in priro\u010dnost ter ponuja podalj\u0161ano \u017eivljenjsko dobo do 15.000 vpihov za neprekinjeno u\u017eivanje. Izdelan je v elegantnem profilu, meri le 43*102 mm in tehta le 86 g, zato je prenosen in se odli\u010dno prilega vsakemu \u017eivljenjskemu slogu. Podprt je z napredno tehnologijo in podpira <strong>OEM\/ODM<\/strong> mo\u017enosti, ki podjetjem omogo\u010dajo, da prilagodijo blagovno znamko za edinstveno privla\u010dnost na trgu.<\/p>\n<h3>Izjemne zmogljivosti zmogljivosti<\/h3>\n<p>Srce naprave Aim Magic 15000 sestavlja zmogljiva baterija 13350 iz \u010distega kobalta z <strong>Kapaciteta 600 mAh<\/strong>, kar zagotavlja stalno enakomerno proizvodnjo v dalj\u0161em \u010dasovnem obdobju. Ta <strong>akumulatorska baterija<\/strong> lahko enostavno napolnite z <strong>Vmesnik tipa C<\/strong>, ki omogo\u010da hitro in u\u010dinkovito polnjenje, da lahko vapirate kjer koli. Inovativni <strong>dvojno mre\u017eno jedro<\/strong> ogrevalni sistem z <strong>Odpornost 1,0\u03a9<\/strong>, zagotavlja gladko in mo\u010dno proizvodnjo pare iz velikega <strong>24ml rezervoar za e-teko\u010dino<\/strong>. Izberite \u017eeleni <strong>mo\u010d nikotina<\/strong>-0%, 2%, 3% ali 5%, da prilagodite izku\u0161njo svojemu zadovoljstvu, ne glede na to, ali i\u0161\u010dete intenzivne zadetke ali u\u017eitek brez nikotina.<\/p>\n<h3>Obse\u017ene mo\u017enosti okusov<\/h3>\n<p>Aivono Aim Magic 15000 blesti v svoji raznolikosti okusov, saj ponuja 16 vrhunskih izbir za vsak okus. V vsakem okusu so uporabljene visokokakovostne sestavine, ki zagotavljajo hrustljav in zadovoljiv okus z mo\u017enostmi od ledenega in pikantnega do sladkega in sadnega. Razi\u0161\u010dite celotno ponudbo:<\/p>\n<ul>\n<li><strong>Ananasov kokosov led<\/strong><\/li>\n<li><strong>Jagodni led<\/strong><\/li>\n<li><strong>Blue Razz Ice<\/strong><\/li>\n<li><strong>Lush Bubble Gum<\/strong><\/li>\n<li><strong>Led iz lubenice<\/strong><\/li>\n<li><strong>Hladna meta<\/strong><\/li>\n<li><strong>AIM MAGIC : breskov led<\/strong><\/li>\n<li><strong>Borovni\u010dev led<\/strong><\/li>\n<li><strong>Grozdni led<\/strong><\/li>\n<li><strong>Ananas Mango<\/strong><\/li>\n<li><strong>Roza limonada<\/strong><\/li>\n<li><strong>lubenica Bubble Gum<\/strong><\/li>\n<li><strong>Jagodna lubenica<\/strong><\/li>\n<li><strong>Jagodni kivi led<\/strong><\/li>\n<li><strong>Me\u0161ano jagodi\u010devje<\/strong><\/li>\n<\/ul>\n<p>Ta \u0161iroka izbira zagotavlja, da boste na\u0161li popolno izbiro, ki bo z vsakim potegom izbolj\u0161ala va\u0161e vaping seanse.<\/p>\n<h3>Napredne uporabni\u0161ke funkcije in prilagajanje<\/h3>\n<p>To napravo odlikujejo pametne in intuitivne funkcije, ki izbolj\u0161ajo va\u0161o izku\u0161njo vapinga. Vgrajena je na primer <strong>prikazovalnik e-teko\u010dine<\/strong> v realnem \u010dasu spremljate koli\u010dino soka in tako prepre\u010dite suhe zadetke. Medtem <strong>prikaz ravni napolnjenosti baterije<\/strong> vas obve\u0161\u010da o stanju napajanja za optimalno na\u010drtovanje. Programirljiv <strong>osvetljen logotip<\/strong> dodaja osebno noto - to je mogo\u010de prilagoditi med <strong>OEM\/ODM<\/strong> storitve, kot nala\u0161\u010d za oblikovanje blagovne znamke podjetja. Poleg tega je <strong>dvojno mre\u017eno stikalo<\/strong> omogo\u010da nemoten nadzor nad intenzivnostjo pare, medtem ko priro\u010dna <strong>zgornje polnjenje<\/strong> Sistem omogo\u010da enostavno polnjenje olj brez nereda. Upo\u0161tevajte, da je mogo\u010de enote poslati nenapolnjene, kar strankam omogo\u010da, da jih napolnijo same in tako zmanj\u0161ajo stro\u0161ke po\u0161iljanja in prilagoditve.<\/p>\n<h3>Celovite specifikacije za brezhibno integracijo<\/h3>\n<p>Aivono Aim Magic 15000 je natan\u010dno zasnovan in izpolnjuje stroga merila kakovosti. Klju\u010dne specifikacije vklju\u010dujejo kompaktne mere 43*102 mm in neto te\u017eo 86 g, kar zagotavlja enostavno prena\u0161anje. Za distribucijo so posamezni paketi velikosti 6 cm*5 cm*10 cm z bruto maso 0,086 kg, medtem ko so mo\u017enosti po\u0161iljanja v razsutem stanju prilagojene 200 enotam v veliki \u0161katli (velikost: 113*103*155 mm, masa: 18 kg) z uporabo majhnih \u0161katel kot notranjih paketov (55*100*30 mm). Ta optimizirana embala\u017ea podpira u\u010dinkovito <strong>OEM\/ODM<\/strong> poslovanje na svetovnih trgih. Funkcionalnost naprave \"vse v enem\" zmanj\u0161uje vzdr\u017eevanje, trpe\u017ene komponente pa zagotavljajo zanesljivo delovanje iz seje v sejo.<\/p>\n<h3>Zakaj izbrati Aim Magic 15000?<\/h3>\n<p>Z me\u0161anico inovativnosti, vsestranskosti in ekolo\u0161ke prijaznosti - zahvaljujo\u010d <strong>akumulatorska baterija<\/strong> in neobvezno dostavo brez polnilnice - Aivono Aim Magic 15000 je najbolj\u0161i v svojem razredu. S svojim obse\u017enim programom je prilagojen razli\u010dnim \u017eeljam <strong>vsebnost nikotina<\/strong> in okusne mo\u017enosti, zaradi \u010desar je izstopajo\u010d v kategoriji vape za enkratno uporabo. Ne glede na to, ali jo distribuirate pod lastno blagovno znamko ali jo u\u017eivate osebno, ta naprava obljublja stalno zadovoljstvo, podprto s premi\u0161ljenim in\u017eeniringom. Preizkusite jo \u0161e danes in odkrijte vrhunsko izku\u0161njo vapinga, zaradi katere uporabniki navdu\u0161eno govorijo o kakovosti.<\/p>","protected":false},"excerpt":{"rendered":"<p>Spoznajte visoko zmogljivost <strong>Aivono Aim Magic 15000<\/strong> z do <strong>15.000 vpihov<\/strong> in . <strong>24 ml<\/strong> e-teko\u010dina. Vsebuje <strong>akumulatorska baterija<\/strong> in prilagodljiv <strong>vsebnost nikotina<\/strong> (0% do 5%).<br \/>Na voljo je 16 osve\u017eilnih okusov za prilagojeno vaping potovanje.<\/p>","protected":false},"featured_media":1493,"comment_status":"open","ping_status":"closed","template":"","meta":[],"product_brand":[165],"product_cat":[951],"product_tag":[255,254,223,256,75,155],"class_list":{"0":"post-1499","1":"product","2":"type-product","3":"status-publish","4":"has-post-thumbnail","6":"product_brand-aivono","7":"product_cat-aivono","8":"product_tag-15000-puffs-vape","9":"product_tag-aivono-aim-magic","10":"product_tag-nicotine-vape","11":"product_tag-oem-vape","12":"product_tag-rechargeable-disposable-vape","13":"product_tag-vape-flavors","15":"first","16":"instock","17":"sale","18":"shipping-taxable","19":"purchasable","20":"product-type-variable"},"jetpack_sharing_enabled":true,"tiered_pricing_type":"fixed","tiered_pricing_fixed_rules":[],"tiered_pricing_product_settings":{"layout":"default","base_unit_name":{"singular":null,"plural":null},"default_variation":null},"tiered_pricing_minimum_quantity":null,"tiered_pricing_roles_data":[],"tiered_pricing_percentage_rules":[],"tiered_pricing_maximum_quantity":null,"tiered_pricing_quantity_step":null,"_links":{"self":[{"href":"https:\/\/frvape.com\/sl\/wp-json\/wp\/v2\/product\/1499","targetHints":{"allow":["GET"]}}],"collection":[{"href":"https:\/\/frvape.com\/sl\/wp-json\/wp\/v2\/product"}],"about":[{"href":"https:\/\/frvape.com\/sl\/wp-json\/wp\/v2\/types\/product"}],"replies":[{"embeddable":true,"href":"https:\/\/frvape.com\/sl\/wp-json\/wp\/v2\/comments?post=1499"}],"wp:featuredmedia":[{"embeddable":true,"href":"https:\/\/frvape.com\/sl\/wp-json\/wp\/v2\/media\/1493"}],"wp:attachment":[{"href":"https:\/\/frvape.com\/sl\/wp-json\/wp\/v2\/media?parent=1499"}],"wp:term":[{"taxonomy":"product_brand","embeddable":true,"href":"https:\/\/frvape.com\/sl\/wp-json\/wp\/v2\/product_brand?post=1499"},{"taxonomy":"product_cat","embeddable":true,"href":"https:\/\/frvape.com\/sl\/wp-json\/wp\/v2\/product_cat?post=1499"},{"taxonomy":"product_tag","embeddable":true,"href":"https:\/\/frvape.com\/sl\/wp-json\/wp\/v2\/product_tag?post=1499"}],"curies":[{"name":"wp","href":"https:\/\/api.w.org\/{rel}","templated":true}]}}