{"id":1742,"date":"2025-10-12T02:18:55","date_gmt":"2025-10-12T02:18:55","guid":{"rendered":"https:\/\/frvape.com\/product\/aivono-aim-puffstar-6500-puffs-disposable-vape-13ml-rechargeable-device\/"},"modified":"2025-11-03T02:42:40","modified_gmt":"2025-11-03T02:42:40","slug":"aivono-cilj-puffstar-6500-puffs-enkratno-vape-13ml-polnilna-naprava","status":"publish","type":"product","link":"https:\/\/frvape.com\/sl\/product\/aivono-cilj-puffstar-6500-puffs-enkratno-vape-13ml-polnilna-naprava\/","title":{"rendered":"Aivono Aim Puffstar 6500 Puffs Vape za enkratno uporabo: 13mL naprava za polnjenje"},"content":{"rendered":"<h3>Revolucionarna izku\u0161nja vapinga za enkratno uporabo<\/h3>\n<p>Spletna stran <strong>AIVONO AIM PUFFSTAR 6500<\/strong> spreminja vaping za enkratno uporabo z izjemno vzdr\u017eljivostjo in zmogljivostjo. Ta vrhunska naprava, zasnovana za najve\u010dje zadovoljstvo, zagotavlja najbolj\u0161ih 6500 vdihov, kar odpravlja nenehno menjavanje in zagotavlja izjemno doslednost.<\/p>\n<h3>Zmogljive tehni\u010dne specifikacije<\/h3>\n<p>Poganja ga premium <strong>13400 \u010dista kobaltova baterija<\/strong> ta vape zagotavlja stabilno napajanje v celotni \u017eivljenjski dobi. Napredna <strong>1,2\u03a9 mre\u017ena tuljava<\/strong> optimizira porazdelitev toplote za intenzivnej\u0161i okus in gosto proizvodnjo pare. Z velikodu\u0161nim <strong>13 ml e-teko\u010dine<\/strong> in kompaktnih dimenzijah 50x80 mm (tehta le 75 g) je mojstrsko usklajena med zmogljivostjo in prenosljivostjo.<\/p>\n<h3>Inteligentno oblikovanje in prilagajanje<\/h3>\n<p>Polnjenje je nemoteno prek integriranega <strong>Vmesnik tipa C<\/strong>, kar pove\u010duje uporabnost in hkrati zmanj\u0161uje koli\u010dino odpadkov. Podjetja imajo koristi od celovitih <strong>Podpora OEM\/ODM<\/strong>, kar omogo\u010da oblikovanje blagovnih znamk in specifikacij po meri. Prilagodljivost pakiranja vklju\u010duje majhne za\u0161\u010ditne \u0161katle (28x27x126 mm) in velike transportne \u0161katle (60x141x129 mm), v katerih je 200 enot.<\/p>\n<h3>Natan\u010den nadzor nad nikotinom<\/h3>\n<p>Upo\u0161tevajte razli\u010dne \u017eelje s prilagodljivimi <strong>nikotinska sol<\/strong> koncentracije: <strong>0%<\/strong> za u\u017eivanje brez nikotina, <strong>2%<\/strong> za zmerne uporabnike in mo\u010dan <strong>5%<\/strong> mo\u017enosti za pote\u0161itev \u017eelja. Zaradi te vsestranskosti je naprava idealna tako za prehodne kadilce kot za izku\u0161ene kadilce.<\/p>\n<h3>Linija okusov Premium<\/h3>\n<p>Spoznajte Aivonove vrhunsko izdelane okuse in se podajte na \u010dutno potovanje:<br \/>- <strong>Me\u0161ani mango<\/strong><br \/>- <strong>Mentol bonboni<\/strong><br \/>- <strong>Breskov sok<\/strong><br \/>- <strong>Modro jagodi\u010devje Razz<\/strong><br \/>- <strong>Me\u0161ano jagodi\u010devje<\/strong><br \/>- <strong>Jagodni led<\/strong><br \/>- <strong>Melona<\/strong><br \/>- <strong>Coco Melon<\/strong><br \/>- <strong>jagoda kivi<\/strong><br \/>- <strong>Energijski napitek<\/strong><\/p>\n<h3>Neprimerljive prednosti zmogljivosti<\/h3>\n<p>Spletna stran <strong>400 mAh akumulatorska baterija<\/strong> zagotavlja trajno zmogljivost pri vseh 6500 izpustih, medtem ko <strong>tehnologija mre\u017eastega jedra<\/strong> prepre\u010duje suhe zadetke in ohranja celovitost e-teko\u010dine. Strogo testiranje zagotavlja, da je konstrukcija odporna proti pu\u0161\u010danju, zato je zanesljiva na potovanjih ali vsakodnevnih vo\u017enjah na delo in z dela. Ergonomska zasnova ustnika omogo\u010da udobne dalj\u0161e seanse.<\/p>\n<h3>Ekolo\u0161ko ozave\u0161\u010dene inovacije<\/h3>\n<p>Puffstar je naprava za enkratno uporabo, ki jo je mogo\u010de ponovno napolniti, zato je njen vpliv na okolje bistveno manj\u0161i kot pri alternativnih napravah z enim ciklom polnjenja. Kemija baterije iz \u010distega kobalta pove\u010duje u\u010dinkovitost \u017eivljenjskega cikla in hkrati zmanj\u0161uje zahteve po pogostosti polnjenja, kar je izjemna lastnost pri vapingu z veliko zmogljivostjo.<\/p>\n<h3>Podrobnosti o komercialni embala\u017ei<\/h3>\n<p>Embala\u017ea, pripravljena za distribucijo (58x35x35 cm velika \u0161katla s te\u017eo 16 kg), zagotavlja varen prevoz in maloprodajno predstavitev. Vsaka enota se posebej preveri s kodo QR za preverjanje pristnosti in skladnosti z varnostjo. Zasnova embala\u017ee omogo\u010da prilagajanje elementov blagovne znamke po meri s prilagodljivimi <strong>Re\u0161itve OEM\/ODM<\/strong>.<\/p>\n<h3>Pregled tehni\u010dnih specifikacij<\/h3>\n<p>- \u0160tevilo puffov: <strong>6500<\/strong><br \/>- Prostornina e-teko\u010dine: <strong>13 ml<\/strong><br \/>- Baterija: <strong>400 mAh za polnjenje<\/strong> (kobaltno jedro)<br \/>- Odpornost: <strong>1,2\u03a9 mre\u017enega o\u010desa<\/strong><br \/>- Polnjenje: USB tipa C<br \/>- Dimenzije: 50x80 mm<br \/>- Nikotin: <strong>0% \/ 2% \/ 5%<\/strong> koncentracije soli<br \/>- Te\u017ea: <strong>75g<\/strong> na napravo<\/p>\n<p>Izkusite zdru\u017eitev vzdr\u017eljivosti, bogastva okusov in tehnolo\u0161ke dovr\u0161enosti z Aivonovimi vrhunskimi izdelki <strong>PUFFSTAR 6500<\/strong> - kjer se inovacije sre\u010dujejo s priro\u010dnostjo v popolnosti velikosti dlani.<\/p>","protected":false},"excerpt":{"rendered":"<p>Spletna stran <strong>Aivono Aim Puffstar 6500<\/strong> zagotavlja vrhunsko vaping z <strong>6500 izpuhov<\/strong> na napravo. Vsebuje <strong>13ml e-teko\u010dine<\/strong> zmogljivosti, <strong>akumulatorska baterija 400 mAh<\/strong>in izbiro <strong>0%\/2%\/5% nikotin<\/strong>. Kompaktna zasnova z mo\u017enostmi OEM\/ODM po meri.<\/p>","protected":false},"featured_media":1736,"comment_status":"open","ping_status":"closed","template":"","meta":[],"product_brand":[165],"product_cat":[951],"product_tag":[284,283,282,285,173,75],"class_list":{"0":"post-1742","1":"product","2":"type-product","3":"status-publish","4":"has-post-thumbnail","6":"product_brand-aivono","7":"product_cat-aivono","8":"product_tag-13ml-e-cigarette","9":"product_tag-6500-puff-vape","10":"product_tag-aivono-aim-puffstar-6500","11":"product_tag-nicotine-salt-vape","12":"product_tag-oem-vape-device","13":"product_tag-rechargeable-disposable-vape","15":"first","16":"instock","17":"sale","18":"shipping-taxable","19":"purchasable","20":"product-type-variable"},"jetpack_sharing_enabled":true,"tiered_pricing_type":"fixed","tiered_pricing_fixed_rules":[],"tiered_pricing_product_settings":{"layout":"default","base_unit_name":{"singular":null,"plural":null},"default_variation":null},"tiered_pricing_minimum_quantity":null,"tiered_pricing_roles_data":[],"tiered_pricing_percentage_rules":[],"tiered_pricing_maximum_quantity":null,"tiered_pricing_quantity_step":null,"_links":{"self":[{"href":"https:\/\/frvape.com\/sl\/wp-json\/wp\/v2\/product\/1742","targetHints":{"allow":["GET"]}}],"collection":[{"href":"https:\/\/frvape.com\/sl\/wp-json\/wp\/v2\/product"}],"about":[{"href":"https:\/\/frvape.com\/sl\/wp-json\/wp\/v2\/types\/product"}],"replies":[{"embeddable":true,"href":"https:\/\/frvape.com\/sl\/wp-json\/wp\/v2\/comments?post=1742"}],"wp:featuredmedia":[{"embeddable":true,"href":"https:\/\/frvape.com\/sl\/wp-json\/wp\/v2\/media\/1736"}],"wp:attachment":[{"href":"https:\/\/frvape.com\/sl\/wp-json\/wp\/v2\/media?parent=1742"}],"wp:term":[{"taxonomy":"product_brand","embeddable":true,"href":"https:\/\/frvape.com\/sl\/wp-json\/wp\/v2\/product_brand?post=1742"},{"taxonomy":"product_cat","embeddable":true,"href":"https:\/\/frvape.com\/sl\/wp-json\/wp\/v2\/product_cat?post=1742"},{"taxonomy":"product_tag","embeddable":true,"href":"https:\/\/frvape.com\/sl\/wp-json\/wp\/v2\/product_tag?post=1742"}],"curies":[{"name":"wp","href":"https:\/\/api.w.org\/{rel}","templated":true}]}}