{"id":1782,"date":"2025-10-12T02:22:24","date_gmt":"2025-10-12T02:22:24","guid":{"rendered":"https:\/\/frvape.com\/product\/elfbox-digital-12000-puffs-disposable-vape-with-customizable-nicotine-digital-display\/"},"modified":"2025-11-02T03:50:44","modified_gmt":"2025-11-02T03:50:44","slug":"elfbox-digitalni-12000-puffs-enkratno-vape-s-prilagodljivim-nikotinskim-digitalnim-zaslonom","status":"publish","type":"product","link":"https:\/\/frvape.com\/sl\/product\/elfbox-digitalni-12000-puffs-enkratno-vape-s-prilagodljivim-nikotinskim-digitalnim-zaslonom\/","title":{"rendered":"ElfBox Digital 12000 Puffs Vape za enkratno uporabo s prilagodljivim nikotinom in digitalnim zaslonom"},"content":{"rendered":"<h3>Izku\u0161nje vrhunskega vapinga<\/h3>\n<p>Spletna stran <strong>ELF Box Digital 12000 Puffs<\/strong> na novo opredeljuje vaping z elegantno kovinsko zasnovo in vgrajenim <strong>Tehnologija Apple<\/strong>, ki zagotavlja neprimerljivo vzdr\u017eljivost in eleganco za zahtevne vaperje. Zdru\u017euje razko\u0161je in u\u010dinkovitost ter s svojimi naprednimi funkcijami zagotavlja prilagojeno izku\u0161njo, ki je namenjena tako obi\u010dajnim uporabnikom kot navdu\u0161encem.<\/p>\n<h3>Prilagodljive mo\u017enosti uparjanja<\/h3>\n<p>Prilagodite svoje potovanje z vapingom z <strong>prilagodljive ravni nikotina<\/strong> pri 0%, 2%, 3% ali 5%, s \u010dimer dose\u017eete popolno intenzivnost za svoje \u017eelje. V kombinaciji s prefinjenim <strong>sistem za e-teko\u010dino<\/strong>, ta naprava zagotavlja enakomeren okus in <strong>nemoteno proizvajanje pare<\/strong>, zato je vsak puh lahkoten in zadovoljiv.<\/p>\n<h3>Napredne tehni\u010dne funkcije<\/h3>\n<p>Izku\u0161nje pri dalj\u0161i uporabi z <strong>0,8-ohm mre\u017easta tuljava<\/strong> ki optimizira pretok pare in dostavo okusa, medtem ko <strong>25ml e-teko\u010dine<\/strong> brezkompromisno podpira na tiso\u010de vdihov. Spletna stran <strong>akumulatorska baterija<\/strong> (13350-500 mAh) s polnjenjem tipa C omogo\u010da hitro polnjenje in dolgotrajno delovanje, skupaj z <strong>digitalni prikazovalnik<\/strong> ki prikazuje pomembne statisti\u010dne podatke, kot sta trajanje baterije in \u0161tevilo izpuhov, za nemoteno spremljanje.<\/p>\n<h3>Raznolik izbor okusov<\/h3>\n<p>Prepustite se razburljivi ponudbi <strong>okusi e-teko\u010dine<\/strong> zasnovan za vse okuse, od osve\u017eilnih sadnih me\u0161anic do ledenih ob\u010dutkov. Na voljo so naslednji okusi:<br \/>Jagodna eksplozija<br \/>Blackberry Ice<br \/>Breskvine jagode<br \/>Me\u0161ano sadje<br \/>Ledena breskev<br \/>Jagodni led<br \/>Jagoda Banana<br \/>Gospod Modri<br \/>Jagodna lubenica<br \/>Borovnica kisla malina<br \/>Mango Ice<br \/>Blue Razz Ice<br \/>Cherry Cola<br \/>Kokosova melona<br \/>Led iz lubenice<br \/>lubenica Bubblegum<br \/>Grozdni led<br \/>Kivi pasijonka<br \/>Dvojno jabolko<br \/>jagoda kivi sadje<\/p>\n<h3>Iz\u010drpne specifikacije izdelka<\/h3>\n<p>1. Puffi: 12.000 puffov<br \/>2. Jedro: <strong>Mesh tuljava 0.8ohm<\/strong><br \/>3. E-teko\u010dina: 25ml<br \/>4. Nikotin: <strong>Prilagodljive ravni nikotina<\/strong> od 0%\/2%\/3%\/5%<br \/>5. Baterija: 13350-500 mAh<br \/>6. Polnilna baterija: Type-C<br \/>7. Digitalni prikazovalnik<br \/>8. Te\u017ea izdelka: 82 g<br \/>9. Velikost izdelka: 30 * 57 * 101 mm<br \/>10. Velikost \u0161katle: 615*223*330mm<br \/>11. Koli\u010dina: 200 kosov v \u0161katli, 10 kosov v \u0161katli<br \/>12. Te\u017ea: 17,7 kg<\/p>\n<h3>Idealno za vse uporabnike<\/h3>\n<p>S svojim <strong>zasnova za ponovno polnjenje<\/strong> in trpe\u017eno konstrukcijo je ta vape odli\u010den za vsakodnevno uporabo, medtem ko lahko trgovci na drobno izkoristijo <strong>trgovina na debelo v razsutem stanju<\/strong> mo\u017enosti za zadovoljitev velikega povpra\u0161evanja. Nalo\u017eba v ELF Box Digital zagotavlja zadovoljstvo strank, saj se osredoto\u010da na <strong>digitalni prikazovalnik<\/strong> izbolj\u0161anje in <strong>raznolikost e-teko\u010dine<\/strong>, s \u010dimer se je uveljavila kot vrhunska izbira na trgu vape za enkratno uporabo.<\/p>\n<h3>Ve\u010dja vrednost in zanesljivost<\/h3>\n<p>Digitalni zabojnik ELF Box Digital zdru\u017euje inovativnost in prakti\u010dnost ter ponuja <strong>vrhunski izdelek<\/strong> kar zmanj\u0161uje potrebo po pogostih zamenjavah. Zaradi kompaktne velikosti in lahke zasnove je prenosen, robusten sistem kartu\u0161 pa omogo\u010da neprekinjeno u\u017eivanje. S to napravo \u0161e danes izbolj\u0161ajte svoje navade vapinga zaradi izjemne skladnosti okusa in tehnologije, osredoto\u010dene na uporabnika.<\/p>","protected":false},"excerpt":{"rendered":"<p><strong>ELF Box Digital 12000 Puffs za enkratno uporabo Vape<\/strong> ponuja vrhunsko izku\u0161njo vapinga z naprednimi <strong>Tehnologija Apple<\/strong>, prilagodljivo <strong>vsebnost nikotina<\/strong> od 0% do 5% in eleganten digitalni zaslon. U\u017eivajte v do 12.000 izpihih, ki jih poganja <strong>akumulatorska baterija<\/strong> in 0,8-ohmsko mre\u017easto tuljavo za gladko paro.<\/p>","protected":false},"featured_media":1776,"comment_status":"open","ping_status":"closed","template":"","meta":[],"product_brand":[206],"product_cat":[207],"product_tag":[287,288,112,222,286,103],"class_list":{"0":"post-1782","1":"product","2":"type-product","3":"status-publish","4":"has-post-thumbnail","6":"product_brand-elfbox","7":"product_cat-elfbox-vape","8":"product_tag-customizable-nicotine-vape","9":"product_tag-digital-display-vape","10":"product_tag-disposable-vape","11":"product_tag-e-liquid-flavors","12":"product_tag-elfbox-digital-12000","13":"product_tag-rechargeable-e-cigarette","15":"first","16":"instock","17":"sale","18":"shipping-taxable","19":"purchasable","20":"product-type-variable"},"jetpack_sharing_enabled":true,"tiered_pricing_type":"fixed","tiered_pricing_fixed_rules":[],"tiered_pricing_product_settings":{"layout":"default","base_unit_name":{"singular":null,"plural":null},"default_variation":null},"tiered_pricing_minimum_quantity":null,"tiered_pricing_roles_data":[],"tiered_pricing_percentage_rules":[],"tiered_pricing_maximum_quantity":null,"tiered_pricing_quantity_step":null,"_links":{"self":[{"href":"https:\/\/frvape.com\/sl\/wp-json\/wp\/v2\/product\/1782","targetHints":{"allow":["GET"]}}],"collection":[{"href":"https:\/\/frvape.com\/sl\/wp-json\/wp\/v2\/product"}],"about":[{"href":"https:\/\/frvape.com\/sl\/wp-json\/wp\/v2\/types\/product"}],"replies":[{"embeddable":true,"href":"https:\/\/frvape.com\/sl\/wp-json\/wp\/v2\/comments?post=1782"}],"wp:featuredmedia":[{"embeddable":true,"href":"https:\/\/frvape.com\/sl\/wp-json\/wp\/v2\/media\/1776"}],"wp:attachment":[{"href":"https:\/\/frvape.com\/sl\/wp-json\/wp\/v2\/media?parent=1782"}],"wp:term":[{"taxonomy":"product_brand","embeddable":true,"href":"https:\/\/frvape.com\/sl\/wp-json\/wp\/v2\/product_brand?post=1782"},{"taxonomy":"product_cat","embeddable":true,"href":"https:\/\/frvape.com\/sl\/wp-json\/wp\/v2\/product_cat?post=1782"},{"taxonomy":"product_tag","embeddable":true,"href":"https:\/\/frvape.com\/sl\/wp-json\/wp\/v2\/product_tag?post=1782"}],"curies":[{"name":"wp","href":"https:\/\/api.w.org\/{rel}","templated":true}]}}