{"id":2199,"date":"2025-10-12T03:04:37","date_gmt":"2025-10-12T03:04:37","guid":{"rendered":"https:\/\/frvape.com\/product\/aivono-aim-fatpro-22000-disposable-vape-up-to-22000-puffs-with-direct-lung-design\/"},"modified":"2025-12-16T09:37:01","modified_gmt":"2025-12-16T09:37:01","slug":"aivono-aim-fatpro-22000-vape-za-enkratno-uporabo-do-22-000-vdihov-z-neposredno-zasnovo-pljuc","status":"publish","type":"product","link":"https:\/\/frvape.com\/sl\/product\/aivono-aim-fatpro-22000-vape-za-enkratno-uporabo-do-22-000-vdihov-z-neposredno-zasnovo-pljuc\/","title":{"rendered":"Aivono Aim Fatpro 22000 Vape za enkratno uporabo - do 22.000 vdihov z neposredno zasnovo plju\u010d"},"content":{"rendered":"<h3>Pregled izdelka<\/h3>\n<p>Odkrijte najve\u010dje udobje in u\u017eitek z <strong>Aivono Aim Fatpro 22000 vape za enkratno uporabo<\/strong>. Naprava je zasnovana za mo\u010d in vzdr\u017eljivost ter zagotavlja do <strong>22.000 vpihov<\/strong> za neprekinjeno vapiranje, zaradi \u010desar je najbolj\u0161a izbira za navdu\u0161ence nad oblaki in ljubitelje vodnih kadi.<br \/>Z <strong>robustna 600 mAh baterija iz \u010distega kobalta<\/strong> in . <strong>hitro polnjenje Type-C<\/strong>, zagotavlja zanesljivo ponovno uporabo, medtem ko <strong>DTL (neposredni plju\u010dni)<\/strong> Zasnova ustvarja velike oblake pare za potopitev, podobno kot pri vodni \u017eganju.<\/p>\n<h3>Klju\u010dne lastnosti<\/h3>\n<p><strong>Visoko \u0161tevilo puffov:<\/strong> Ta vape zagotavlja neprimerljivo <strong>22.000 vdihov na napravo<\/strong>, kar presega standardne mo\u017enosti za enkratno uporabo.<br \/>Njegova spletna stran <strong>izjemna vzdr\u017eljivost<\/strong> je prilagojen zahtevnim uporabnikom, saj ne zahteva pogostega polnjenja ali polnjenja.<br \/><strong>Neposredna zasnova plju\u010d (DTL):<\/strong> Optimizirano za <strong>vdihavanje v plju\u010da<\/strong> za ustvarjanje velikih oblakov pare, je ta funkcija idealna za uporabnike, ki i\u0161\u010dejo globoko zadovoljstvo, podobno tistemu pri kadilnici.<br \/><strong>Okusi, ki jih je navdihnila vodna \u017eganica:<\/strong> Do\u017eivite bogate, aromati\u010dne okuse, ki posnemajo tradicionalne ob\u010dutke pri kadilnici.<br \/>Napredna tehnologija okusa zagotavlja, da vsak izdih zagotavlja enakomerno, gladko paro, prilagojeno <strong>navdu\u0161enci nad vodno \u017eganjekuho<\/strong>.<br \/><strong>Delovanje brez olja:<\/strong> Tudi z iz\u010drpanimi <strong>ravni e-teko\u010dine<\/strong>, naprava \u0161e naprej deluje nemoteno.<br \/>Ta inovacija prepre\u010duje nepri\u010dakovane prekinitve, \u010deprav je priporo\u010dljivo pravo\u010dasno polnjenje, da se za\u0161\u010diti <strong>jedro razpr\u0161ilnika<\/strong> in podalj\u0161ajte \u017eivljenjsko dobo naprave.<br \/><strong>Precej\u0161nja zmogljivost e-teko\u010dine:<\/strong> Z velikodu\u0161no <strong>28ml e-teko\u010dina kapaciteta<\/strong>zmanj\u0161uje pogostost polnjenja.<br \/>Ta velika prostornina omogo\u010da na tiso\u010de vdihov, ne da bi pri tem ogro\u017eala <strong>kakovost hlapov<\/strong>.<br \/><strong>Zanesljiva zmogljivost baterije:<\/strong> U\u017eivajte v stalni mo\u010di integriranega <strong>baterija s \u010distim kobaltovim jedrom<\/strong>.<br \/>Spletna stran <strong>Kapaciteta 600 mAh<\/strong> omogo\u010da u\u010dinkovito polnjenje prek sodobnega <strong>Vrata Type-C<\/strong> za hitro polnjenje v katerem koli okolju.<br \/><strong>Tehnologija mre\u017easte tuljave:<\/strong> Spletna stran <strong>0,6\u03a9 odpornostna mre\u017ena tuljava<\/strong> zagotavlja vrhunsko proizvodnjo pare z ve\u010djo jasnostjo okusa.<br \/>Deluje u\u010dinkovito in ohranja <strong>bogat okus doslednost<\/strong> tudi pri visokem \u0161tevilu izpuhov.<\/p>\n<h3>Napredna funkcionalnost<\/h3>\n<p>Izkusite uporabniku prijazne inovacije z integriranim <strong>digitalni prikazovalnik<\/strong> ki jasno ka\u017ee. <strong>preostalo napajanje baterije<\/strong> in . <strong>ravni e-teko\u010dine<\/strong>.<br \/><strong>Lahka prenosljivost<\/strong> je klju\u010dna prednost pri samo <strong>96 g neto te\u017ee<\/strong>, kar omogo\u010da enostavno vapiranje na poti.<br \/>Poleg tega so nikotini, ki jih je mogo\u010de prilagoditi osebnim \u017eeljam, z mo\u017enostmi za <strong>0%, 2%, 3% ali 5% vsebnost nikotinske soli<\/strong> da bo ustrezal va\u0161i toleranci.<\/p>\n<h3>Razpolo\u017eljivi okusi<\/h3>\n<p><strong>Seznam okusov:<\/strong> Razi\u0161\u010dite <strong>okusi, podobni \u0161lagerju<\/strong> z bogato izbiro za vsak okus:<br \/><strong>Bujni led<\/strong><br \/><strong>Lucidne sanje<\/strong><br \/><strong>Dva jabolka<\/strong><br \/><strong>Grozdje Min<\/strong><br \/><strong>\u010ce\u0161nja malina<\/strong><br \/><strong>Jagodni led<\/strong><br \/><strong>Ledena breskev<\/strong><br \/><strong>Ljubezen 66<\/strong><br \/><strong>Jagodni pun\u010d<\/strong><br \/><strong>Borovni\u010dev \u017eve\u010dilni gumi<\/strong><br \/>Vsak <strong>mo\u017enost okusa<\/strong> posnema tradicionalno globino vodne pipe, hkrati pa zagotavlja gladko in intenzivno paro.<\/p>\n<h3>Specifikacije izdelka<\/h3>\n<p><strong>Osnovne specifikacije:<\/strong> \u0160tevilo puffov: <strong>22.000 puhov DTL<\/strong><br \/>Kapaciteta e-teko\u010dine: <strong>28 ml<\/strong><br \/>Tehnologija baterije: <strong>18250 \u010dista kobaltova baterija<\/strong> s spletno stranjo . <strong>Kapaciteta 600 mAh<\/strong> (za ponovno polnjenje)<br \/>Polnjenje: <strong>Vrata Type-C<\/strong> podprta<br \/>Ogrevalna \u017eica: <strong>0,6\u03a9 mre\u017ena tuljava<\/strong> za optimalno hlajenje<br \/>Dimenzije naprave: <strong>32 \u00d7 126 mm<\/strong><br \/>Enotna te\u017ea: <strong>96g<\/strong><br \/>Mo\u017enosti nikotinske soli: <strong>0%, 2%, 3%, 5%<\/strong><br \/>Osnovne funkcije: <strong>Vdihavanje v plju\u010da<\/strong>, digitalni prikazovalnik baterije in olja, <strong>simulacija okusa vodne pipe<\/strong><br \/>Podrobnosti o pakiranju: Velikost majhne \u0161katle (<strong>40 \u00d7 40 \u00d7 140 mm<\/strong>), velikost velikega polja (<strong>83 \u00d7 140 \u00d7 120 mm<\/strong>), standardna \u0161katla ima <strong>200 kosov v \u0161katli<\/strong>s celotnimi dimenzijami \u0161katle (<strong>68,5 \u00d7 38 \u00d7 24 cm<\/strong>) in te\u017eo (<strong>20 kg<\/strong>) za ravnanje z razsutimi snovmi.<br \/>Podpora OEM\/ODM: Podpora OEM: Popolne mo\u017enosti prilagajanja za stranke na debelo.<\/p>\n<h3>Vrednost in kakovost<\/h3>\n<p>Spletna stran <strong>Aivono Aim Fatpro 22000<\/strong> zagotavlja <strong>izjemna vrednost<\/strong> z uravnote\u017eenjem vrhunskih funkcij in cenovne dostopnosti.<br \/>Njegove konkuren\u010dne cene so primerne za cenovno ozave\u0161\u010dene vaperje, ki \u017eelijo dolgoro\u010dno var\u010devati.<br \/>Podprto s strani <strong>zagotavljanje visoke kakovosti<\/strong>, vsaka naprava izpolnjuje stroge proizvodne standarde za zanesljivost.<br \/>Na\u0161 <strong>posebna podpora strankam<\/strong> zagotavlja nemoteno nakupno izku\u0161njo in <strong>hitra dostava<\/strong> mo\u017enosti, ki podjetjem zagotavljajo pravo\u010dasno obnovo zalog.<br \/>Idealen je za veleprodajna partnerstva, saj podpira skalabilne <strong>Prilagajanje OEM\/ODM<\/strong>.<\/p>","protected":false},"excerpt":{"rendered":"<p>Spletna stran <strong>Aivono Aim Fatpro 22000<\/strong> ponuja impresivno <strong>22.000 vpihov<\/strong> v priro\u010dnem <strong>vape za enkratno uporabo<\/strong>, ki vklju\u010duje <strong>Oblikovanje DTL<\/strong> in avtenti\u010dni <strong>okusi vodne pipe<\/strong> za \u0161e bolj\u0161o izku\u0161njo vapinga.<br \/>U\u017eivajte v dolgotrajnem delovanju z <strong>28ml e-teko\u010dina kapaciteta<\/strong> in za ve\u010dkratno uporabo <strong>Polnjenje tipa C<\/strong> v razli\u010dnih jakostih nikotina.<\/p>","protected":false},"featured_media":2193,"comment_status":"open","ping_status":"closed","template":"","meta":[],"product_brand":[165],"product_cat":[951],"product_tag":[1022,1121,321,112,319,320,84],"class_list":{"0":"post-2199","1":"product","2":"type-product","3":"status-publish","4":"has-post-thumbnail","6":"product_brand-aivono","7":"product_cat-aivono","8":"product_tag-000-puffs-vape","9":"product_tag-1121","10":"product_tag-aivono-fatpro-22000","11":"product_tag-disposable-vape","12":"product_tag-dtl-electronic-cigarette","13":"product_tag-hookah-flavor-vape","14":"product_tag-rechargeable-vape-pen","16":"first","17":"instock","18":"sale","19":"shipping-taxable","20":"purchasable","21":"product-type-variable"},"jetpack_sharing_enabled":true,"tiered_pricing_type":"fixed","tiered_pricing_fixed_rules":[],"tiered_pricing_product_settings":{"layout":"default","base_unit_name":{"singular":null,"plural":null},"default_variation":null},"tiered_pricing_minimum_quantity":null,"tiered_pricing_roles_data":[],"tiered_pricing_percentage_rules":[],"tiered_pricing_maximum_quantity":null,"tiered_pricing_quantity_step":null,"_links":{"self":[{"href":"https:\/\/frvape.com\/sl\/wp-json\/wp\/v2\/product\/2199","targetHints":{"allow":["GET"]}}],"collection":[{"href":"https:\/\/frvape.com\/sl\/wp-json\/wp\/v2\/product"}],"about":[{"href":"https:\/\/frvape.com\/sl\/wp-json\/wp\/v2\/types\/product"}],"replies":[{"embeddable":true,"href":"https:\/\/frvape.com\/sl\/wp-json\/wp\/v2\/comments?post=2199"}],"wp:featuredmedia":[{"embeddable":true,"href":"https:\/\/frvape.com\/sl\/wp-json\/wp\/v2\/media\/2193"}],"wp:attachment":[{"href":"https:\/\/frvape.com\/sl\/wp-json\/wp\/v2\/media?parent=2199"}],"wp:term":[{"taxonomy":"product_brand","embeddable":true,"href":"https:\/\/frvape.com\/sl\/wp-json\/wp\/v2\/product_brand?post=2199"},{"taxonomy":"product_cat","embeddable":true,"href":"https:\/\/frvape.com\/sl\/wp-json\/wp\/v2\/product_cat?post=2199"},{"taxonomy":"product_tag","embeddable":true,"href":"https:\/\/frvape.com\/sl\/wp-json\/wp\/v2\/product_tag?post=2199"}],"curies":[{"name":"wp","href":"https:\/\/api.w.org\/{rel}","templated":true}]}}