{"id":2697,"date":"2025-10-12T03:54:42","date_gmt":"2025-10-12T03:54:42","guid":{"rendered":"https:\/\/frvape.com\/product\/razz-bar-40000-puff-disposable-vape-rechargeable-dual-flavor-device\/"},"modified":"2025-12-16T08:45:39","modified_gmt":"2025-12-16T08:45:39","slug":"razz-bar-40000-puff-enkratno-vape-polnilna-naprava-z-dvojnim-okusom","status":"publish","type":"product","link":"https:\/\/frvape.com\/sl\/product\/razz-bar-40000-puff-enkratno-vape-polnilna-naprava-z-dvojnim-okusom\/","title":{"rendered":"Razz Bar 40000 Puff Vape za enkratno uporabo - polnilna naprava z dvojnim okusom"},"content":{"rendered":"<h3>Neprekosljiva vzdr\u017eljivost pri uparjanju<\/h3>\n<p>Prelomni <strong>Razz Bar 40000 puff<\/strong> vape za enkratno uporabo na novo opredeljuje dolgo \u017eivljenjsko dobo naprav za enkratno uporabo. Ta revolucionarni izdelek, ki je zasnovan z veliko zmogljivostjo e-soksa, vendar ohranja \u017eepu prijazno prenosljivost, zagotavlja 40.000 zadovoljujo\u010dih vdihov na enoto - kar je do 400% bolj\u0161e od standardnih izdelkov za enkratno uporabo. Kljub izjemni zmogljivosti na\u0161a ergonomska zasnova zagotavlja udobno vsakodnevno no\u0161enje, ne da bi bila prostorna.<\/p>\n<h3>Napredna inovacija z dvojnim okusom<\/h3>\n<p>Do\u017eivite popolnost okusa z na\u0161im pionirskim <strong>mre\u017easta tuljava dvojni rezervoar<\/strong> sistem. Ta najsodobnej\u0161a tehnologija lo\u010duje dva razli\u010dna <strong>e-teko\u010dina<\/strong> v izoliranih komorah, ki se izmeni\u010dno aktivirajo pri vsakem izpihu in ustvarjajo \u017eivahne kombinacije okusov. Visoko zmogljive mre\u017easte tuljave razpr\u0161ijo e-suk pri optimalnih temperaturah, pri \u010demer se spro\u0161\u010dajo jasni okusi in bogata para brez primere, hkrati pa se odpravijo suhi udarci.<\/p>\n<h3>Mo\u010d, ki se ohranja<\/h3>\n<p>Nikoli ve\u010d se ne soo\u010dajte z razo\u010daranjem zaradi izpraznjene baterije! Na\u0161a integrirana <strong>650 mAh za ponovno polnjenje<\/strong> litijeva baterija zagotavlja enakomerno dovajanje energije v celotnem obdobju 40.000 izpuhov. Priro\u010dna <strong>Type-C<\/strong> Hitra polnilna vrata USB omogo\u010dajo popolno polnjenje v manj kot 60 minutah, kar zagotavlja pravo udobje za mobilni na\u010din \u017eivljenja.<\/p>\n<h3>Izvrstne zbirke okusov<\/h3>\n<p>Prepustite se na\u0161i vrhunski izbiri 10 kombinacij dveh okusov, ki so bile izbrane za prefinjene brbon\u010dice:<\/p>\n<p>Me\u0161ano jagodi\u010devje \/ lubenica z ledom<br \/>Borovni\u010dev led \/ Ljubezen 66<br \/>Blue Razz Ice \/ Jagodni lubeni\u010dni \u017eve\u010dilni gumi<br \/>Lemon Lime \/ Lush Ice<br \/>Jagodni led \/ me\u0161ano jagodi\u010devje<br \/>Jagodna lubenica \/ grozdni led<br \/>Led z breskvami \/ led z borovnicami<br \/>Led z lubenico \/ led s kolo<br \/>Jagoda Banana \/ Red Bull Ice<br \/>jagoda kivi \/ borovnica kisla malina<\/p>\n<h3>Specifikacije Premium<\/h3>\n<p>Vsak <strong>Bar Razz 40000<\/strong> je natan\u010dno zasnovan z: 40.000 enakomernih puhov; visokozmogljiva zmogljivost 650 mAh <strong>akumulatorska baterija<\/strong>; za\u0161\u010ditena lastnina <strong>mre\u017easta tuljava<\/strong> sistem z dvema rezervoarjema; univerzalno polnjenje tipa C; kompaktno ohi\u0161je z veliko zmogljivostjo; ve\u010d nikotinskih mo\u010di (2% in 5%) za individualno zadovoljstvo; pakiranje v masovno \u0161katlo (200 enot\/\u0161katlo) za komercialne stranke.<\/p>\n<h3>Zavezanost k odli\u010dnosti<\/h3>\n<p>Kot inovatorji od leta 2017, <strong>Razz bar vape<\/strong> posve\u010da svoje strokovno znanje izdelavi vrhunskih <strong>elektronska cigareta<\/strong> izku\u0161nje za izpopolnjene odrasle vaperje. Z na\u0161imi izdelki zdru\u017eujemo vrhunske okuse z neprimerljivim udobjem. <strong>vape za enkratno uporabo<\/strong> tehnologijo, ki zagotavlja \u017eepu prijazne re\u0161itve, ne da bi ogrozila gostoto oblaka ali pristnost okusa. Na\u0161 natan\u010den proizvodni proces zagotavlja, da vsaka naprava izpolnjuje stroge standarde kakovosti.<\/p>\n<h3>Filozofija oblikovanja, usmerjenega k uporabniku<\/h3>\n<p>Spletna stran <strong>Bar Razz 40K<\/strong> s svojim intuitivnim mehanizmom za vaping brez te\u017eav - preprosto vdihnite in takoj u\u017eivajte v bogati pari. Konstrukcija, odporna na pu\u0161\u010danje, in optimiziran pretok zraka zagotavljata nemoteno delovanje v vseh pogojih. Ta mojstrovina je kot nala\u0161\u010d za novince in izku\u0161ene navdu\u0161ence nad vapingom, saj odpravlja menjavo tuljav, polnjenje in tehni\u010dne zaplete, hkrati pa zagotavlja vrhunsko zadovoljstvo.<\/p>\n<p>Z na\u0161im premi\u0161ljeno zasnovanim izdelkom popestrite vsak trenutek vapinga. Z integracijo <strong>akumulatorski<\/strong> funkcionalnost v obliki za enkratno uporabo, smo ustvarili najbolj ekonomi\u010dno in ekolo\u0161ko uravnote\u017eeno re\u0161itev na trgu. Spletna stran <strong>40000 puh<\/strong> zmogljivost dramati\u010dno zmanj\u0161a menjavo naprav, medtem ko je zaradi dostopne cene luksuzni vaping resni\u010dno demokrati\u010den.<\/p>","protected":false},"excerpt":{"rendered":"<p>Izkusite dolgotrajno vapiranje z <strong>Razz Bar 40000 Puff<\/strong> vape za enkratno uporabo. Vsebuje <strong>akumulatorski<\/strong> Baterija 650 mAh, inovativna <strong>mre\u017easta tuljava dvojni rezervoar<\/strong>in 10 mamljivih mo\u017enosti z dvojnim okusom.<br \/>U\u017eivajte v vrhunskih puhih v prenosni obliki z <strong>Type-C<\/strong> polnjenje.<\/p>","protected":false},"featured_media":2692,"comment_status":"open","ping_status":"closed","template":"","meta":[],"product_brand":[70],"product_cat":[893],"product_tag":[363,365,364,77,362,75],"class_list":{"0":"post-2697","1":"product","2":"type-product","3":"status-publish","4":"has-post-thumbnail","6":"product_brand-razzbar","7":"product_cat-razzbar","8":"product_tag-40000-puff-vape","9":"product_tag-650mah-vape","10":"product_tag-dual-flavor-vape-kit","11":"product_tag-mesh-coil-vape","12":"product_tag-razz-bar-40000-puff","13":"product_tag-rechargeable-disposable-vape","15":"first","16":"instock","17":"sale","18":"shipping-taxable","19":"purchasable","20":"product-type-variable"},"jetpack_sharing_enabled":true,"tiered_pricing_type":"fixed","tiered_pricing_fixed_rules":[],"tiered_pricing_product_settings":{"layout":"default","base_unit_name":{"singular":null,"plural":null},"default_variation":null},"tiered_pricing_minimum_quantity":null,"tiered_pricing_roles_data":[],"tiered_pricing_percentage_rules":[],"tiered_pricing_maximum_quantity":null,"tiered_pricing_quantity_step":null,"_links":{"self":[{"href":"https:\/\/frvape.com\/sl\/wp-json\/wp\/v2\/product\/2697","targetHints":{"allow":["GET"]}}],"collection":[{"href":"https:\/\/frvape.com\/sl\/wp-json\/wp\/v2\/product"}],"about":[{"href":"https:\/\/frvape.com\/sl\/wp-json\/wp\/v2\/types\/product"}],"replies":[{"embeddable":true,"href":"https:\/\/frvape.com\/sl\/wp-json\/wp\/v2\/comments?post=2697"}],"wp:featuredmedia":[{"embeddable":true,"href":"https:\/\/frvape.com\/sl\/wp-json\/wp\/v2\/media\/2692"}],"wp:attachment":[{"href":"https:\/\/frvape.com\/sl\/wp-json\/wp\/v2\/media?parent=2697"}],"wp:term":[{"taxonomy":"product_brand","embeddable":true,"href":"https:\/\/frvape.com\/sl\/wp-json\/wp\/v2\/product_brand?post=2697"},{"taxonomy":"product_cat","embeddable":true,"href":"https:\/\/frvape.com\/sl\/wp-json\/wp\/v2\/product_cat?post=2697"},{"taxonomy":"product_tag","embeddable":true,"href":"https:\/\/frvape.com\/sl\/wp-json\/wp\/v2\/product_tag?post=2697"}],"curies":[{"name":"wp","href":"https:\/\/api.w.org\/{rel}","templated":true}]}}