{"id":3082,"date":"2025-10-12T04:30:40","date_gmt":"2025-10-12T04:30:40","guid":{"rendered":"https:\/\/frvape.com\/product\/uwin-crystal-twins-40000-disposable-vape-long-lasting-rechargeable\/"},"modified":"2025-11-04T01:53:24","modified_gmt":"2025-11-04T01:53:24","slug":"uwin-kristalni-dvojcki-40000-enkratno-vape-dolgotrajno-polnjenje","status":"publish","type":"product","link":"https:\/\/frvape.com\/sl\/product\/uwin-kristalni-dvojcki-40000-enkratno-vape-dolgotrajno-polnjenje\/","title":{"rendered":"Uwin Crystal Twins 40000 Vape za enkratno uporabo | Dolgotrajen in polnilni"},"content":{"rendered":"<h3>Predstavljamo Uwin Crystal Twins 40000 Vape za enkratno uporabo<\/h3>\n<p>Vstopite v svet vrhunskega vapinga z <strong>Uwin Crystal Twins 40000<\/strong>, ki je zasnovan tako, da zagotavlja <strong>40.000 vpihov<\/strong> \u010distega u\u017eitka. Ta inovativna naprava zagotavlja podalj\u0161ano in bogato izku\u0161njo okusa ob vsakem vdihu ter zdru\u017euje vizualno presenetljiv kovinski sijaj in gladek akrilni zaklju\u010dek za resni\u010dno prefinjeno \u010dutno potovanje. Njen <strong>akumulatorski<\/strong> prek vhoda Type-C zagotavlja dolgotrajno delovanje, zato je kot nala\u0161\u010d za navdu\u0161ence nad vsakodnevnim vapingom, ki i\u0161\u010dejo zadovoljstvo.<\/p>\n<h3>Neprimerljiva zmogljivost in specifikacije<\/h3>\n<p>Spletna stran <strong>Uwin Crystal Twins 40000<\/strong> je zasnovan z najsodobnej\u0161o tehnologijo, ki izbolj\u0161a va\u0161 u\u017eitek pri vapanju. Klju\u010dne specifikacije vklju\u010dujejo veliko \u0161tevilo izpuhov <strong>40,000<\/strong>, kar zagotavlja ve\u010dtedensko u\u017eivanje brez stalnih zamenjav. Naprava ima precej\u0161njo <strong>32 ml<\/strong> kapaciteto e-teko\u010dine in ima zmogljivo <strong>850 mAh baterija<\/strong> z optimizacijo kobalta za u\u010dinkovito in hitro polnjenje. Z naprednim <strong>mre\u017easta tuljava<\/strong> zagotavlja intenzivno konsistenco okusa v vsakem puhu in priro\u010den <strong>indikator mo\u010di olja<\/strong> da bi prepre\u010dili iztekanje. Idealen je za nove uporabnike in vaperje, saj podpira ve\u010d nikotinskih mo\u010di za prilagojene izku\u0161nje.<\/p>\n<h3>Vsestranski okusi za vsako prilo\u017enost za vaping<\/h3>\n<p><p>Izbolj\u0161ajte svoje trenutke vapinga z na\u0161o raznoliko ponudbo <strong>20 privla\u010dnih okusov<\/strong>, pakiran v obliki z dvema okusoma, ki se brez te\u017eav prilagaja va\u0161emu razpolo\u017eenju. Vsak okus ponuja edinstveno me\u0161anico bogastva in gladkosti, ne glede na to, ali si \u017eelite sadnih u\u017eitkov ali ledenih ob\u010dutkov. Razi\u0161\u010dite na\u0161o obse\u017eno ponudbo <strong>sestava okusov<\/strong>:<\/p>\n<p><strong>Borovnice na ledu<\/strong><br \/><strong>Kivi Pasijonka Guava<\/strong><br \/><strong>Grozdni led<\/strong><br \/><strong>Jagoda malina \u010de\u0161nja<\/strong><br \/><strong>jagoda kivi<\/strong><br \/><strong>Gospod Modri<\/strong><br \/><strong>Breskev Mango Ananas<\/strong><br \/><strong>Cherry Ice<\/strong><br \/><strong>Lemon Lime<\/strong><br \/><strong>Ljubezen 66 (sladoled iz pasijonke in melone)<\/strong><br \/><strong>Jagoda Banana<\/strong><br \/><strong>Dva jabolka<\/strong><br \/><strong>Kivi Pasijonka Guava<\/strong><br \/><strong>Led iz lubenice<\/strong><br \/><strong>Borovnica malina<\/strong><br \/><strong>Red Bull<\/strong><br \/><strong>Jagodna lubenica<\/strong><br \/><strong>Me\u0161ano jagodi\u010devje<\/strong><br \/><strong>Borovnica malina<\/strong><br \/><strong>Poletni breskov led<\/strong><\/p>\n<p>S temi <strong>ekskluzivne mo\u017enosti<\/strong>, lahko preklapljate med sve\u017eimi sadnimi napitki, pikantnimi notami in hladilnimi u\u010dinki ledu za neskon\u010dne u\u017eitke.<\/p>\n<\/p>\n<h3>Priro\u010dna embala\u017ea in integracija \u017eivljenjskega sloga<\/h3>\n<p>Zasnovan je za prakti\u010dnost in preprosto uporabo. <strong>Uwin Crystal Twins 40000<\/strong> je na voljo v vsestranski embala\u017ei: v vsaki \u0161katli je 10 naprav, v vsaki \u0161katli pa 200 kosov. Ta <strong>vape za enkratno uporabo<\/strong> tehta 22,5 kg na \u0161katlo, z optimiziranimi dimenzijami \u0161katle v CM za u\u010dinkovito skladi\u0161\u010denje in prevoz. Njegova <strong>akumulatorski<\/strong> funkcija ga odlikuje, saj vam omogo\u010da, da ohranite <strong>40.000 puff<\/strong> z doslednim polnjenjem tipa C. Privo\u0161\u010dite si brezskrbno izku\u0161njo vapinga, ki se brez te\u017eav prilega vsakemu \u017eivljenjskemu slogu, od mirnih ve\u010derov do aktivnih pustolov\u0161\u010din.<\/p>\n<h3>Zakaj izbrati Uwin Crystal Twins?<\/h3>\n<p>Ta izjemna naprava zdru\u017euje slog in vsebino ter ponuja vzdr\u017eljiv, <strong>mre\u017easta tuljava<\/strong>-izbolj\u0161ano delovanje za brezhibno kakovost pare. Uporabniki poro\u010dajo o ve\u010djem zadovoljstvu z <strong>izbira nikotina<\/strong> od 0% do 5%, kar ustreza tako tistim, ki ne u\u017eivajo nikotina, kot tistim, ki i\u0161\u010dejo mo\u010dne u\u010dinke. Spletna stran <strong>indikator mo\u010di olja<\/strong> funkcija zagotavlja, da nikoli ne boste uganili, kdaj je \u010das za zamenjavo. Poleg tega je bogata izbira okusov in dolga \u017eivljenjska doba <strong>puhasto \u017eivljenje<\/strong> zagotavlja vrednost in navdu\u0161enje pri vsaki uporabi.<\/p>\n<p>Spremenite svojo rutino vapiranja z <strong>Uwin Crystal Twins 40000<\/strong> - kjer se napredna tehnologija sre\u010da z eleganco. Odkrijte, zakaj je najbolj\u0161a izbira med <strong>vape za enkratno uporabo<\/strong> navdu\u0161ence danes.<\/p>","protected":false},"excerpt":{"rendered":"<p>Izku\u0161nje <strong>40.000 vpihov<\/strong> \u010distega u\u017eitka z <strong>Uwin Crystal Twins 40000<\/strong>z gladkim kovinskim sijajem in gladkim akrilnim dotikom.<\/p>\n<p>U\u017eivajte v vsestranskem dvojnem <strong>okusi<\/strong> za vsako razpolo\u017eenje, izbiro nikotina 0%\/2%\/3%\/5% in <strong>akumulatorski<\/strong> oblikovanje.<\/p>","protected":false},"featured_media":3076,"comment_status":"open","ping_status":"closed","template":"","meta":[],"product_brand":[404],"product_cat":[1017,850],"product_tag":[389,112,372,229,407,155],"class_list":{"0":"post-3082","1":"product","2":"type-product","3":"status-publish","4":"has-post-thumbnail","6":"product_brand-uwin","7":"product_cat-crystal-vapes","8":"product_cat-uwin","9":"product_tag-40000-puffs-vape","10":"product_tag-disposable-vape","11":"product_tag-mesh-coil","12":"product_tag-rechargeable-electronic-cigarette","13":"product_tag-uwin-crystal-twins","14":"product_tag-vape-flavors","16":"first","17":"instock","18":"sale","19":"shipping-taxable","20":"purchasable","21":"product-type-variable"},"jetpack_sharing_enabled":true,"tiered_pricing_type":"fixed","tiered_pricing_fixed_rules":[],"tiered_pricing_product_settings":{"layout":"default","base_unit_name":{"singular":null,"plural":null},"default_variation":null},"tiered_pricing_minimum_quantity":null,"tiered_pricing_roles_data":[],"tiered_pricing_percentage_rules":[],"tiered_pricing_maximum_quantity":null,"tiered_pricing_quantity_step":null,"_links":{"self":[{"href":"https:\/\/frvape.com\/sl\/wp-json\/wp\/v2\/product\/3082","targetHints":{"allow":["GET"]}}],"collection":[{"href":"https:\/\/frvape.com\/sl\/wp-json\/wp\/v2\/product"}],"about":[{"href":"https:\/\/frvape.com\/sl\/wp-json\/wp\/v2\/types\/product"}],"replies":[{"embeddable":true,"href":"https:\/\/frvape.com\/sl\/wp-json\/wp\/v2\/comments?post=3082"}],"wp:featuredmedia":[{"embeddable":true,"href":"https:\/\/frvape.com\/sl\/wp-json\/wp\/v2\/media\/3076"}],"wp:attachment":[{"href":"https:\/\/frvape.com\/sl\/wp-json\/wp\/v2\/media?parent=3082"}],"wp:term":[{"taxonomy":"product_brand","embeddable":true,"href":"https:\/\/frvape.com\/sl\/wp-json\/wp\/v2\/product_brand?post=3082"},{"taxonomy":"product_cat","embeddable":true,"href":"https:\/\/frvape.com\/sl\/wp-json\/wp\/v2\/product_cat?post=3082"},{"taxonomy":"product_tag","embeddable":true,"href":"https:\/\/frvape.com\/sl\/wp-json\/wp\/v2\/product_tag?post=3082"}],"curies":[{"name":"wp","href":"https:\/\/api.w.org\/{rel}","templated":true}]}}