{"id":3604,"date":"2025-10-12T05:04:17","date_gmt":"2025-10-12T05:04:17","guid":{"rendered":"https:\/\/frvape.com\/product\/fizzy-luxury-15000-disposable-vape-pen-15000-puffs-nicotine-2-5-salt\/"},"modified":"2025-11-26T03:57:39","modified_gmt":"2025-11-26T03:57:39","slug":"fizzy-razkosje-15000-enkratno-vape-pero-15000-puffs-nikotin-2-5-sol","status":"publish","type":"product","link":"https:\/\/frvape.com\/sl\/product\/fizzy-razkosje-15000-enkratno-vape-pero-15000-puffs-nikotin-2-5-sol\/","title":{"rendered":"Fizzy Luxury 15000 Vape Pen za enkratno uporabo - 15000 puffov, nikotin 2%\/5% Sol"},"content":{"rendered":"<h3>Izku\u0161nje vrhunskega vapinga<\/h3>\n<p>Spletna stran <strong>Fizzy Luxury 15000<\/strong> Pero za vape za enkratno uporabo s svojo prefinjeno zasnovo in vrhunsko tehnologijo na novo opredeljuje razvajanje. <strong>Izdelano iz vrhunskih kovinskih materialov<\/strong>, ta naprava zagotavlja dolgo \u017eivljenjsko dobo in razko\u0161en ob\u010dutek, zato je idealna tako za trgovce na drobno kot za zahtevne vaperje. S spletno stranjo <strong>mo\u010d nikotina je na voljo v 2% ali 5% soli<\/strong>, ustreza vsem \u017eeljam in ponuja gladek, zadovoljiv zadetek, ki zadovolji tako novince kot izku\u0161ene uporabnike. Vgrajeni <strong>Zaslon LCD<\/strong> omogo\u010da spremljanje baterije in e-su\u0161ice v realnem \u010dasu, medtem ko napredna <strong>mre\u017easta tuljava<\/strong> (upornost 1,0\u03a9) izbolj\u0161a jasnost okusa in proizvodnjo pare. Poganja ga <strong>Baterija za ponovno polnjenje 650 mAh<\/strong> (polnjenje tipa C) zdru\u017euje vzdr\u017eljivost in ekolo\u0161ko prijaznost ter odpravlja potrebo po nenehni zamenjavi in spodbuja stro\u0161kovno u\u010dinkovitost.<\/p>\n<h3>Klju\u010dne funkcije in inovacije<\/h3>\n<p><strong>Fizzy Luxury 15000 Puffs za enkratno uporabo Vape Pen<\/strong> s svojimi izjemnimi lastnostmi postavlja nova merila v industriji vapinga. Velikodu\u0161na <strong>22 ml olja, ki ga je mogo\u010de ponovno napolniti<\/strong> zagotavlja dalj\u0161o uporabo brez pogostega polnjenja, saj podpira do <strong>15000 vpihov<\/strong> na enoto. Njegova <strong>zasnova za ponovno polnjenje<\/strong> prek priro\u010dnega vhoda tipa C omogo\u010da hitro vklopitev in tako zmanj\u0161a \u010das izpada. Inovativni <strong>tehnologija mre\u017enih tuljav<\/strong> zagotavlja bogatej\u0161o paro in intenzivno dostavo okusa, tako da je vsak poteg razko\u0161en trenutek. Prakti\u010dna luknja za vrvico pove\u010duje prenosljivost in omogo\u010da enostavno prena\u0161anje med vsakodnevnimi dejavnostmi. Veleprodajne mo\u017enosti vklju\u010dujejo <strong>240 enot na \u0161katlo<\/strong>, ki je idealen za trgovce na drobno, ki \u017eelijo dobavo v velikih koli\u010dinah na trgih, kot so Nizozemska, Nem\u010dija, Belgija in \u0160panija.<\/p>\n<h3>Razpolo\u017eljive mo\u017enosti okusov<\/h3>\n<p>Prepustite se na\u0161i \u0161iroki paleti 15 skrbno izdelanih okusov, ki ustrezajo vsakemu okusu. Vsaka mo\u017enost zagotavlja sve\u017eo, po\u017eivljajo\u010do izku\u0161njo in izpopolnjuje umetnost vapinga.<br \/>\nKivi Pasijonka Guava<br \/>\nGrozdje<br \/>\nJagoda Banana<br \/>\nLemon Lime<br \/>\nPomaran\u010da Mango lubenica<br \/>\nFizzy Cherry<br \/>\nBorovnice<br \/>\nBorovnica malina<br \/>\nRoza limonada<br \/>\nMalinova limonada<br \/>\njagoda kivi granatno jabolko<br \/>\nKislo jabolko<br \/>\nJagoda<br \/>\nRed Bull<br \/>\nPeach<\/p>\n<h3>Tehni\u010dne specifikacije<\/h3>\n<p>Zasnovan za vrhunsko zmogljivost, je <strong>Fizzy Luxury 15000<\/strong> ima robustno <strong>Baterija za ponovno polnjenje 650 mAh<\/strong> s polnjenjem tipa C za hitro o\u017eivitev. Na spletni strani <strong>sistem mre\u017enih tuljav<\/strong> (1,0\u03a9) pove\u010duje gostoto pare in natan\u010dnost okusa, medtem ko <strong>22 ml prostornine za teko\u010dino<\/strong> in . <strong>zasnova za ponovno polnjenje z oljem<\/strong> podalj\u0161a \u017eivljenjsko dobo izdelka ter zmanj\u0161a koli\u010dino odpadkov in stro\u0161kov. S spletno stranjo <strong>240 enot na \u0161katlo<\/strong> za veleprodajo, razpolo\u017eljivost zajema <strong>15 o\u010darljivih okusov<\/strong>, kar zagotavlja vsestranskost zaloge. Celotne dimenzije in materiali zagotavljajo elegantno in trpe\u017eno izdelavo, ki se odlikuje po prenosljivosti in vzdr\u017eljivosti.<\/p>\n<h3>Idealna ponudba vrednosti<\/h3>\n<p>Izberite <strong>Fizzy Luxury 15000 Vape Pen za enkratno uporabo<\/strong> zaradi kombinacije elegance in funkcionalnosti. Njegova <strong>razko\u0161na privla\u010dnost<\/strong> privablja potro\u0161nike vi\u0161jega cenovnega razreda, medtem ko funkcije, kot je <strong>akumulatorska baterija<\/strong> in . <strong>mre\u017easta tuljava<\/strong> je pametna nalo\u017eba za osebno in komercialno uporabo. Trgovci na drobno imajo koristi od konkuren\u010dnih <strong>prilo\u017enosti za prodajo na debelo<\/strong>, s \u0161katlami, oblikovanimi za u\u010dinkovito skladi\u0161\u010denje. Za vaperje je raz\u0161irjena <strong>\u0161tevilo puhlic 15000<\/strong> pomeni neprekosljivo udobje, ki zmanj\u0161uje te\u017eave z nenehnimi zamenjavami. Ta izdelek ne izbolj\u0161a le va\u0161ega potovanja z vapingom, temve\u010d s svojimi elementi za ve\u010dkratno uporabo podpira tudi trajnostne prakse in postavlja nove standarde v industriji.<\/p>","protected":false},"excerpt":{"rendered":"<p>Predstavitev premije <strong>Fizzy Luxury 15000<\/strong> vape pero za enkratno uporabo, ki zagotavlja do <strong>15000 vpihov<\/strong> s spletno stranjo . <strong>mo\u017enosti nikotinske soli 2% ali 5%<\/strong>. Ta <strong>naprava za ponovno polnjenje<\/strong> ima zaslon LCD, <strong>tehnologija mre\u017enih tuljav<\/strong>in 15 osve\u017eujo\u010dih okusov za neprekosljiv u\u017eitek. <strong>luksuzno do\u017eivetje vapinga<\/strong>.<\/p>","protected":false},"featured_media":3598,"comment_status":"open","ping_status":"closed","template":"","meta":[],"product_brand":[124],"product_cat":[868],"product_tag":[429,437,439,77,438,84],"class_list":{"0":"post-3604","1":"product","2":"type-product","3":"status-publish","4":"has-post-thumbnail","6":"product_brand-fizzy","7":"product_cat-fizzy","8":"product_tag-15000-puffs-disposable-vape","9":"product_tag-fizzy-luxury-15000","10":"product_tag-luxury-disposable-vape","11":"product_tag-mesh-coil-vape","12":"product_tag-nicotine-2-5","13":"product_tag-rechargeable-vape-pen","15":"first","16":"instock","17":"sale","18":"shipping-taxable","19":"purchasable","20":"product-type-variable"},"jetpack_sharing_enabled":true,"tiered_pricing_type":"fixed","tiered_pricing_fixed_rules":[],"tiered_pricing_product_settings":{"layout":"default","base_unit_name":{"singular":null,"plural":null},"default_variation":null},"tiered_pricing_minimum_quantity":null,"tiered_pricing_roles_data":[],"tiered_pricing_percentage_rules":[],"tiered_pricing_maximum_quantity":null,"tiered_pricing_quantity_step":null,"_links":{"self":[{"href":"https:\/\/frvape.com\/sl\/wp-json\/wp\/v2\/product\/3604","targetHints":{"allow":["GET"]}}],"collection":[{"href":"https:\/\/frvape.com\/sl\/wp-json\/wp\/v2\/product"}],"about":[{"href":"https:\/\/frvape.com\/sl\/wp-json\/wp\/v2\/types\/product"}],"replies":[{"embeddable":true,"href":"https:\/\/frvape.com\/sl\/wp-json\/wp\/v2\/comments?post=3604"}],"wp:featuredmedia":[{"embeddable":true,"href":"https:\/\/frvape.com\/sl\/wp-json\/wp\/v2\/media\/3598"}],"wp:attachment":[{"href":"https:\/\/frvape.com\/sl\/wp-json\/wp\/v2\/media?parent=3604"}],"wp:term":[{"taxonomy":"product_brand","embeddable":true,"href":"https:\/\/frvape.com\/sl\/wp-json\/wp\/v2\/product_brand?post=3604"},{"taxonomy":"product_cat","embeddable":true,"href":"https:\/\/frvape.com\/sl\/wp-json\/wp\/v2\/product_cat?post=3604"},{"taxonomy":"product_tag","embeddable":true,"href":"https:\/\/frvape.com\/sl\/wp-json\/wp\/v2\/product_tag?post=3604"}],"curies":[{"name":"wp","href":"https:\/\/api.w.org\/{rel}","templated":true}]}}