{"id":3720,"date":"2025-10-12T05:11:31","date_gmt":"2025-10-12T05:11:31","guid":{"rendered":"https:\/\/frvape.com\/product\/bang-smart-screen-15000-disposable-vape-with-15000-puffs-rechargeable\/"},"modified":"2025-11-25T03:17:11","modified_gmt":"2025-11-25T03:17:11","slug":"bang-pametni-zaslon-15000-vape-za-enkratno-uporabo-s-15000-puffi-polnilnimi-baterijami","status":"publish","type":"product","link":"https:\/\/frvape.com\/sl\/product\/bang-pametni-zaslon-15000-vape-za-enkratno-uporabo-s-15000-puffi-polnilnimi-baterijami\/","title":{"rendered":"Bang Smart Screen 15000 Vape za enkratno uporabo s 15000 Puffs za polnjenje"},"content":{"rendered":"<h3>Predstavljamo Bang Smart Screen 15000 Vape za enkratno uporabo<\/h3>\n<p>Odkrijte prihodnost inovacij na podro\u010dju vapinga z na\u0161imi najsodobnej\u0161imi <strong>Bang Smart Screen 15000<\/strong> vape za enkratno uporabo. Ta naprava je zasnovana za vrhunsko udobje in zmogljivost ter zdru\u017euje visokokakovostno in\u017eenirstvo z uporabniku prijaznimi funkcijami, ki zagotavljajo izjemno izku\u0161njo. Kot vodilni svetovni proizvajalec <strong>industrija elektronskih cigaret<\/strong>, smo ponosni na to, da ustvarjamo izdelke, ki na novo opredeljujejo standarde in omogo\u010dajo potro\u0161nikom, da u\u017eivajo v bolj zdravi alternativi tradicionalnemu tobaku. S poslanstvom, ki je osredoto\u010deno na inovacije, je na\u0161 cilj zagotoviti brezhibno in prijetno vapiranje, ki izpolnjuje potrebe uporabnikov po vsem svetu, ob podpori vrhunskih storitev za stranke in trajnostnih proizvodnih praks.<\/p>\n<h3>Klju\u010dne funkcije in specifikacije<\/h3>\n<p>Bang Smart Screen 15000 odlikujejo impresivne specifikacije, ki zagotavljajo vrhunsko zmogljivost. Pona\u0161a se z zmogljivim <strong>Baterija 650 mAh<\/strong>, kar zagotavlja dalj\u0161o uporabo brez stalnega polnjenja. Naprava ima velik prostor za <strong>25,0 ml e-teko\u010dine<\/strong>in s tem omogo\u010dil neverjetno <strong>15000 vpihov<\/strong> na enoto za neprimerljivo dalj\u0161o \u017eivljenjsko dobo. Opremljen z visoko u\u010dinkovitim <strong>1,2\u03a9 mre\u017ena tuljava<\/strong>, zagotavlja bogato, dosledno proizvodnjo pare in izbolj\u0161a intenzivnost okusa. Ta <strong>vape za enkratno uporabo<\/strong> je zasnovan za enostavno prena\u0161anje, saj je kompaktne velikosti 90*47 mm, kar je idealno za navdu\u0161ence nad vapingom na poti. Polnjenje je enostavno in hitro prek vgrajenega <strong>Polnjenje tipa C<\/strong> pristani\u0161\u010de, kar odpravlja izpade. Poleg tega je z zmernim <strong>5% koncentracija nikotina<\/strong>, ponuja zadovoljiv u\u010dinek v grlu, ki posnema tradicionalne cigarete, hkrati pa zmanj\u0161uje \u0161kodljive u\u010dinke.<\/p>\n<h3>Razi\u0161\u010dite na\u0161e izvrstne izbire 12 okusov<\/h3>\n<p>Potopite se v svet mamljivih okusov z na\u0161o izbrano zbirko 12 raznolikih okusov e-teko\u010din, ki so prepojeni z <strong>5% mo\u010d nikotina<\/strong> za uravnote\u017eeno izku\u0161njo vapinga. Vsak okus je izdelan iz vrhunskih sestavin za gladek in osve\u017eujo\u010d ob\u010dutek:<\/p>\n<p><strong>Berry BLAST, breskev Berry, breskev freeze, jagoda lubenica, tropsko sadje, bujni led, grozdje freeze, modra zamrznitev, jagoda li\u010di, hladna meta, modra \u010de\u0161nja limona, kislo jabolko borovnica.<\/strong><\/p>\n<p>Ta \u0161iroka ponudba zagotavlja, da bo vsak okus na\u0161el nekaj zase, od sladkih, sadnih me\u0161anic do ledeno osve\u017eilnih not, zato je Bang Smart Screen 15000 vsestranska izbira za vsakodnevno u\u017eivanje.<\/p>\n<h3>Zavezanost k inovacijam in podpori strankam<\/h3>\n<p>V osnovi smo specializirani za raziskave, razvoj in globalno distribucijo <strong>vape za enkratno uporabo<\/strong> izdelkov, s katerimi \u017eeli revolucionarno spremeniti podro\u010dje vapinga. Zaradi na\u0161e predanosti nenehnim inovacijam smo postali prvovrstni proizvajalec, ki z zanesljivo in visokokakovostno ponudbo, ki sega od osnovnih do vrhunskih re\u0161itev za vaping, privablja mno\u017ei\u010dno zvestobo potro\u0161nikov. Z osredoto\u010danjem na <strong>OEM in ODM<\/strong> zmogljivosti, pozdravljamo naro\u010dila po meri in sodelovanje - vabljeni, da kadar koli obi\u0161\u010dete na\u0161o tovarno in si iz prve roke ogledate na\u0161 proizvodni proces. Zagotavljamo celovit sistem storitev za stranke, da bi zagotovili nemoteno in u\u010dinkovito partnerstvo, pri \u010demer ne dajemo prednosti le izjemnemu oblikovanju in kakovosti, temve\u010d tudi prvovrstni podpori za doseganje rezultatov, ki so koristni za vse zainteresirane strani po vsem svetu. Pridru\u017eite se nam pri raziskovanju bolj zdravih in sre\u010dnih alternativ tobaku z na\u0161imi nenehno razvijajo\u010dimi se <strong>tehnologija uparjanja<\/strong>.<\/p>","protected":false},"excerpt":{"rendered":"<p>Izkusite vrhunsko vaping z <strong>Bang Smart Screen 15000<\/strong> vape za enkratno uporabo, ki vsebuje <strong>15000 vpihov<\/strong> in . <strong>akumulatorski<\/strong> Zmogljivost tipa C.<br \/>U\u017eivajte v <strong>12 razli\u010dnih okusov<\/strong> s spletno stranjo . <strong>5% mo\u010d nikotina<\/strong> za dolgotrajno zadovoljstvo.<\/p>","protected":false},"featured_media":3715,"comment_status":"open","ping_status":"closed","template":"","meta":[],"product_brand":[107],"product_cat":[1072],"product_tag":[280,446,445,112,372,229],"class_list":{"0":"post-3720","1":"product","2":"type-product","3":"status-publish","4":"has-post-thumbnail","6":"product_brand-bang","7":"product_cat-bang","8":"product_tag-15000-puffs","9":"product_tag-5-nicotine","10":"product_tag-bang-smart-screen-15000","11":"product_tag-disposable-vape","12":"product_tag-mesh-coil","13":"product_tag-rechargeable-electronic-cigarette","15":"first","16":"instock","17":"sale","18":"shipping-taxable","19":"purchasable","20":"product-type-variable"},"jetpack_sharing_enabled":true,"tiered_pricing_type":"fixed","tiered_pricing_fixed_rules":[],"tiered_pricing_product_settings":{"layout":"default","base_unit_name":{"singular":null,"plural":null},"default_variation":null},"tiered_pricing_minimum_quantity":null,"tiered_pricing_roles_data":[],"tiered_pricing_percentage_rules":[],"tiered_pricing_maximum_quantity":null,"tiered_pricing_quantity_step":null,"_links":{"self":[{"href":"https:\/\/frvape.com\/sl\/wp-json\/wp\/v2\/product\/3720","targetHints":{"allow":["GET"]}}],"collection":[{"href":"https:\/\/frvape.com\/sl\/wp-json\/wp\/v2\/product"}],"about":[{"href":"https:\/\/frvape.com\/sl\/wp-json\/wp\/v2\/types\/product"}],"replies":[{"embeddable":true,"href":"https:\/\/frvape.com\/sl\/wp-json\/wp\/v2\/comments?post=3720"}],"wp:featuredmedia":[{"embeddable":true,"href":"https:\/\/frvape.com\/sl\/wp-json\/wp\/v2\/media\/3715"}],"wp:attachment":[{"href":"https:\/\/frvape.com\/sl\/wp-json\/wp\/v2\/media?parent=3720"}],"wp:term":[{"taxonomy":"product_brand","embeddable":true,"href":"https:\/\/frvape.com\/sl\/wp-json\/wp\/v2\/product_brand?post=3720"},{"taxonomy":"product_cat","embeddable":true,"href":"https:\/\/frvape.com\/sl\/wp-json\/wp\/v2\/product_cat?post=3720"},{"taxonomy":"product_tag","embeddable":true,"href":"https:\/\/frvape.com\/sl\/wp-json\/wp\/v2\/product_tag?post=3720"}],"curies":[{"name":"wp","href":"https:\/\/api.w.org\/{rel}","templated":true}]}}