{"id":3775,"date":"2025-10-12T05:25:04","date_gmt":"2025-10-12T05:25:04","guid":{"rendered":"https:\/\/frvape.com\/product\/elfbox-crystal-bar-600-disposable-vape-pen-600-puffs-nicotine-options-wholesale\/"},"modified":"2025-11-03T05:34:02","modified_gmt":"2025-11-03T05:34:02","slug":"elfbox-kristalna-palica-600-enkratno-vape-pero-600-puffs-nikotinske-moznosti-na-debelo","status":"publish","type":"product","link":"https:\/\/frvape.com\/sl\/product\/elfbox-kristalna-palica-600-enkratno-vape-pero-600-puffs-nikotinske-moznosti-na-debelo\/","title":{"rendered":"Elfbox Crystal Bar 600 Vape Pen za enkratno uporabo - 600 Puffs | Nikotinske mo\u017enosti | Trgovina na debelo"},"content":{"rendered":"<h3>Odkrijte Elfbox Crystal Bar 600 za enkratno uporabo<\/h3>\n<p>Do\u017eivite vrhunec <strong>odli\u010dnost vapinga<\/strong> z <strong>Elfbox Crystal Bar 600<\/strong>, premija <strong>vape pero za enkratno uporabo<\/strong> zasnovan za neprekosljivo udobje in zadovoljstvo. Ta elegantna naprava, izdelana za prodajo na debelo, zdru\u017euje vrhunsko tehnologijo in elegantno estetiko ter ponuja lahkotno, a zmogljivo alternativo tako za obi\u010dajne uporabnike kot za navdu\u0161ence. Njena kompaktna velikost se odli\u010dno prilega vsakemu \u017eepu, hkrati pa zagotavlja robustno delovanje, ki na novo opredeljuje vaping na poti.<\/p>\n<h3>Nepremagljive funkcije za vrhunsko uparjanje<\/h3>\n<p>Spletna stran <strong>Elfbox Crystal Bar 600<\/strong> se pona\u0161a z <strong>500 mAh vgrajena baterija<\/strong> ki zagotavlja dalj\u0161o uporabo in <strong>u\u010dinkovit prenos energije<\/strong>. Predhodno napolnjen z <strong>2ml premium e-teko\u010dine<\/strong>, zagotavlja pribli\u017eno <strong>600 slastnih oblo\u017eenih kruhkov<\/strong> na napravo. U\u017eivajte v prilagodljivem <strong>vsebnost nikotina<\/strong> (0%, 2% ali 5%) po va\u0161ih \u017eeljah, tako da je vsaka seansa popolnoma prilagojena. Spletna stran <strong>1,6ohm jedro<\/strong> zagotavlja stalno kakovost pare, zaradi svoje narave za enkratno uporabo pa ne potrebuje nerednega polnjenja ali polnjenja - preprosto uporabljajte in u\u017eivajte.<\/p>\n<h3>Premium izbor okusov<\/h3>\n<p>Prepustite se na\u0161im <strong>niz okusov, ki navdu\u0161uje<\/strong> ustvarjen za vznemirjenje \u010dutov. Vsaka mo\u017enost ima optimalno intenzivnost okusa brez trikov:<\/p>\n<p><strong>Cherry Blossom Grape<\/strong><br \/><strong>lubenica Bubble Gum<\/strong><br \/><strong>Ledena breskev<\/strong><br \/><strong>Jagoda Banana<\/strong><br \/><strong>Oran\u017ena vodka<\/strong><br \/><strong>Banana Ice<\/strong><br \/><strong>Modri razz<\/strong><br \/><strong>Mint Ice<\/strong><br \/><strong>Ananas Lemon<\/strong><br \/><strong>Kivi kisla sliva<\/strong><\/p>\n<h3>Podrobne specifikacije<\/h3>\n<p><strong>Tehni\u010dne podrobnosti<\/strong> ki ta vape odlikujejo od drugih:<br \/>Puffs: <strong>600 kup\u010dkov<\/strong><br \/>Jedro: <strong>1,6ohm<\/strong><br \/>Kapaciteta e-teko\u010dine: <strong>2 ml<\/strong><br \/>Nikotinske mo\u017enosti: <strong>0%\/2%\/5%<\/strong><br \/>Baterija: <strong>500 mAh<\/strong><br \/>Te\u017ea naprave: <strong>38g<\/strong><br \/>Dimenzije: <strong>25 \u00d7 25 \u00d7 126 mm<\/strong><br \/>Velikost \u0161katle: <strong>575 \u00d7 280 \u00d7 275 mm<\/strong><br \/>Pakiranje: <strong>10 kosov v \u0161katli, 400 kosov v \u0161katli<\/strong><br \/>Bruto te\u017ea: <strong>17,52 KG<\/strong><\/p>\n<h3>Zasnovan za najve\u010dje udobje<\/h3>\n<p>Samo tehtanje <strong>38 gramov<\/strong> in velikostjo <strong>25 \u00d7 25 \u00d7 126 mm<\/strong>, je <strong>Elfbox Crystal Bar 600<\/strong> se brez te\u017eav vklju\u010di v vsakdanje \u017eivljenje. Mehanizem za vle\u010denje ne potrebuje nobenih gumbov - potegnite in u\u017eivajte v takoj\u0161nji, gladki pari. Odli\u010den za potovanja, delo ali sprostitev. <strong>naprava za enkratno uporabo<\/strong> v celoti odpravlja vzdr\u017eevanje, hkrati pa ohranja <strong>izjemna doslednost delovanja<\/strong> od prvega do zadnjega izpuha. Robustna kartu\u0161a prepre\u010duje uhajanje in zagotavlja u\u017eivanje brez nereda kjer koli.<\/p>\n<h3>Odli\u010dnost na podro\u010dju trgovine na debelo<\/h3>\n<p>Idealno za <strong>vape na debelo<\/strong> partnerstev, na\u0161a ponudba v ve\u010djih koli\u010dinah vklju\u010duje <strong>400 enot na \u0161katlo<\/strong> (10 v \u0161katli), pri \u010demer so \u0161katle dimenzionirane na <strong>575 \u00d7 280 \u00d7 275 mm<\/strong> in tehtanje <strong>17,52 KG<\/strong>. Trgovci na drobno imajo koristi od nemotene logistike zaradi optimiziranega pakiranja in dosledne kakovosti vseh serij. Spletna stran <strong>Elfbox Crystal Bar 600<\/strong> portfelj zdru\u017euje <strong>veliko povpra\u0161evanje strank<\/strong>, zanesljivo proizvodnjo in vsestranskimi mo\u017enostmi okusov, ki vam zagotavljajo uspeh pri nadaljnji prodaji.<\/p>\n<h3>Zakaj izbrati Elfbox Crystal Bar 600?<\/h3>\n<p>Izbolj\u0161ajte svoje potovanje z vapingom s skrbno zasnovanim ravnovesjem med <strong>raz\u0161irjeno \u0161tevilo izpuhov<\/strong> in kompaktno prenosljivost. Ne glede na to, ali i\u0161\u010dete sadne ob\u010dutke, kot so <strong>lubenica Bubble Gum<\/strong> ali ledene osve\u017eilne pija\u010de, kot so <strong>Mint Ice<\/strong>, vsaka mo\u017enost zagotavlja laboratorijsko izbolj\u0161ane okuse. Do\u017eivite <strong>neprimerljivo udobje<\/strong> z varnostnimi standardi in visokokakovostnimi sestavinami. Za posamezne uporabnike je izbolj\u0161evalec \u017eivljenjskega sloga, za podjetja pa dobi\u010dkonosna opora v <strong>trg vape za enkratno uporabo<\/strong>. Vstopite v sijaj - vsak puh spremenite v popolnost.<\/p>","protected":false},"excerpt":{"rendered":"<p><strong>Elfbox Crystal Bar 600<\/strong> <strong>vape pero za enkratno uporabo<\/strong> zagotavlja 600 bogatih vdihov z ve\u010d nikotinskimi mo\u017enostmi. Izkusite brezskrbno vapiranje z elegantno zasnovo in razli\u010dnimi okusi, kot so <strong>Modri razz<\/strong> in . <strong>Ledena breskev<\/strong>. Pripravljen za prodajo na debelo za naro\u010dila v razsutem stanju.<\/p>","protected":false},"featured_media":3769,"comment_status":"open","ping_status":"closed","template":"","meta":[],"product_brand":[206],"product_cat":[1017,207],"product_tag":[459,112,458,460,461,116],"class_list":{"0":"post-3775","1":"product","2":"type-product","3":"status-publish","4":"has-post-thumbnail","6":"product_brand-elfbox","7":"product_cat-crystal-vapes","8":"product_cat-elfbox-vape","9":"product_tag-600-puffs-vape","10":"product_tag-disposable-vape","11":"product_tag-elfbox-crystal-bar-600","12":"product_tag-nicotine-disposable","13":"product_tag-prefilled-vape-pen","14":"product_tag-vape-wholesale","16":"first","17":"instock","18":"sale","19":"shipping-taxable","20":"purchasable","21":"product-type-variable"},"jetpack_sharing_enabled":true,"tiered_pricing_type":"fixed","tiered_pricing_fixed_rules":[],"tiered_pricing_product_settings":{"layout":"default","base_unit_name":{"singular":null,"plural":null},"default_variation":null},"tiered_pricing_minimum_quantity":null,"tiered_pricing_roles_data":[],"tiered_pricing_percentage_rules":[],"tiered_pricing_maximum_quantity":null,"tiered_pricing_quantity_step":null,"_links":{"self":[{"href":"https:\/\/frvape.com\/sl\/wp-json\/wp\/v2\/product\/3775","targetHints":{"allow":["GET"]}}],"collection":[{"href":"https:\/\/frvape.com\/sl\/wp-json\/wp\/v2\/product"}],"about":[{"href":"https:\/\/frvape.com\/sl\/wp-json\/wp\/v2\/types\/product"}],"replies":[{"embeddable":true,"href":"https:\/\/frvape.com\/sl\/wp-json\/wp\/v2\/comments?post=3775"}],"wp:featuredmedia":[{"embeddable":true,"href":"https:\/\/frvape.com\/sl\/wp-json\/wp\/v2\/media\/3769"}],"wp:attachment":[{"href":"https:\/\/frvape.com\/sl\/wp-json\/wp\/v2\/media?parent=3775"}],"wp:term":[{"taxonomy":"product_brand","embeddable":true,"href":"https:\/\/frvape.com\/sl\/wp-json\/wp\/v2\/product_brand?post=3775"},{"taxonomy":"product_cat","embeddable":true,"href":"https:\/\/frvape.com\/sl\/wp-json\/wp\/v2\/product_cat?post=3775"},{"taxonomy":"product_tag","embeddable":true,"href":"https:\/\/frvape.com\/sl\/wp-json\/wp\/v2\/product_tag?post=3775"}],"curies":[{"name":"wp","href":"https:\/\/api.w.org\/{rel}","templated":true}]}}