{"id":4003,"date":"2025-10-12T05:44:48","date_gmt":"2025-10-12T05:44:48","guid":{"rendered":"https:\/\/frvape.com\/product\/uzy-tornado-20000-puffs-disposable-vape-28ml-e-liquid-rechargeable\/"},"modified":"2025-11-04T01:54:07","modified_gmt":"2025-11-04T01:54:07","slug":"uzy-tornado-20000-puffs-enkratno-vape-28ml-e-tekocina-za-ponovno-polnjenje","status":"publish","type":"product","link":"https:\/\/frvape.com\/sl\/product\/uzy-tornado-20000-puffs-enkratno-vape-28ml-e-tekocina-za-ponovno-polnjenje\/","title":{"rendered":"Uzy Tornado 20000 Puffs Vape za enkratno uporabo - 28ML E-teko\u010dina in polnjenje"},"content":{"rendered":"<h3>Najve\u010dja mo\u010d za uparjanje<\/h3>\n<p>Predstavitev <strong>Uzy Tornado 20000 puffs Vape<\/strong> - kjer se vrhunska tehnologija sre\u010da z izjemno vzdr\u017eljivostjo. Ta vrhunska naprava za enkratno uporabo, zasnovana za vaperje, ki no\u010dejo sklepati kompromisov, zdru\u017euje ogromno zmogljivost in inteligentno zasnovo ter zagotavlja najbolj zadovoljujo\u010do izku\u0161njo v industriji. S svojo brez primere <strong>20.000 vpihov<\/strong> Tornado 20000 predstavlja vrhunec inovacij na podro\u010dju vapinga za enkratno uporabo.<\/p>\n<h3>Neprekosljive tehni\u010dne specifikacije<\/h3>\n<p>Tornado 20000, ki prevladuje na trgu za enkratno uporabo, ima vgrajeno <strong>850 mAh akumulatorska baterija<\/strong> ki se odli\u010dno ujema z njeno ogromno <strong>28ml vnaprej napolnjen rezervoar za e-teko\u010dino<\/strong>. To strate\u0161ko zdru\u017eevanje odpravlja skrbi zaradi stalnega polnjenja in hkrati zagotavlja dalj\u0161e seanse vapinga. Zmogljivost hitrega polnjenja tipa C zagotavlja, da nikoli ne boste prizemljeni - petnajstminutno polnjenje zagotavlja ve\u010d ur doslednega delovanja z okusom.<\/p>\n<h3>Prilagojen nadzor nad nikotinom<\/h3>\n<p>Prilagajanje dosega nove vi\u0161ave s \u0161tirimi natan\u010dnimi <strong>mo\u017enosti za jakost nikotina<\/strong>: 0% za ljubitelje okusa, 2% za zmerne uporabnike, 3% za uravnote\u017eeno zadovoljstvo in zadovoljivo koncentracijo nikotinske soli 5%. Tornado se prilagodi va\u0161im individualnim potrebam, ne glede na to, ali prehajate s tradicionalnih cigaret ali raziskujete oblake vape.<\/p>\n<h3>Revolucija okusov: 16 izvrstnih mo\u017enosti<\/h3>\n<p>Potopite se v na\u0161 strokovno izdelan spekter okusov, ki je zasnovan za najve\u010dji u\u017eitek:<\/p>\n<p>Borovnica malina<br \/>Jagodna lubenica<br \/>Grozdni led<br \/>MR Blue<br \/>Breskev Mango Ananas<br \/>jagoda kivi<br \/>Jagodni Red Bull<br \/>Mango Freeze<br \/>Modra limonada Razz<br \/>Kivi Pasijonka Guava<br \/>Me\u0161ano jagodi\u010devje<br \/>Borovnice na ledu<br \/>Ledena breskev<br \/>Trojni mangov led<br \/>Led iz lubenice<\/p>\n<h3>Napredna tehnologija jedra<\/h3>\n<p>Izkusite inteligentno dinamiko zra\u010dnega toka in optimizacijo parne poti, ki pove\u010data ekstrakcijo okusa pri vsakem potegu. Uzy Tornado ima prefinjen sistem mre\u017easte tuljave, ki zagotavlja enakomerno uparjanje e-teko\u010dine in odpravlja suhe udarce. V kombinaciji z natan\u010dnim brisanjem bomba\u017ea in in\u017eeniringom, odpornim na pu\u0161\u010danje, na\u0161a tehnologija zagotavlja doslednost \u010distega okusa do zadnjega pokuri\u0161\u010da.<\/p>\n<h3>Inteligentno upravljanje napajanja<\/h3>\n<p>Tornado 20000 vklju\u010duje pametna vezja, ki presegajo standardne izdelke za enkratno uporabo. Za\u0161\u010ditni sistemi za baterije prepre\u010dujejo prekomerno polnjenje, spremljanje toka v realnem \u010dasu pa podalj\u0161uje \u017eivljenjsko dobo tuljav. Ko naprava dose\u017ee svojo naravno kon\u010dno to\u010dko, inteligentni izklopni sistem samodejno onemogo\u010di delovanje - to je dokaz na\u0161e zavezanosti k varnosti in zagotavljanju kakovosti delovanja.<\/p>\n<h3>Ergonomska odli\u010dnost<\/h3>\n<p>Tornado je kljub svoji ogromni zmogljivosti izjemno prenosen zaradi premi\u0161ljene ergonomije. Natan\u010dno oblikovan ustnik zagotavlja naravno poravnavo pretoka zraka, medtem ko teksturirano ohi\u0161je zagotavlja samozavesten oprijem. LED indikatorji napajanja zagotavljajo jasno stanje baterije na prvi pogled in zdru\u017eujejo funkcijo z intuitivnim upravljanjem.<\/p>\n<h3>Prednost podalj\u0161anega \u017eivljenjskega cikla<\/h3>\n<p>Za razliko od standardnih 3000-7000 izpihov za enkratno uporabo, ki jih je treba nenehno dopolnjevati, ponuja Tornado 20000 trajno vrednost in manj\u0161i vpliv na okolje. Z zdru\u017eitvijo ve\u010d naprav v eno vzdr\u017eljivo enoto z mo\u017enostjo ponovnega polnjenja smo revolucionarno spremenili ekonomiko enkratnih naprav in hkrati zmanj\u0161ali nastajanje odpadkov.<\/p>\n<h3>Popolno prilagajanje risbe<\/h3>\n<p>Naprava Tornado 20000 je opremljena z odzivnim mehanizmom za zaznavanje pritiska, ki se prilagaja va\u0161emu na\u010dinu vdihavanja. Lahki potegi iz ust v plju\u010da zagotavljajo sve\u017ee zadovoljstvo za nekdanje kadilce, medtem ko globlji vdihi v plju\u010da ustvarijo velike oblake z okusom, ki so kot nala\u0161\u010d za lovce na paro. Z na\u0161im patentiranim vezjem za stabilizacijo napetosti se ohranja enakomerna proizvodnja ne glede na tehniko.<\/p>\n<h3>Premium aroma gradnja<\/h3>\n<p>Poleg raznolikosti so na\u0161i okusi izdelani v laboratorijih s certifikatom ISO, ki uporabljajo \u017eivilske sestavine in nikotin farmacevtske kakovosti. Vsak profil okusa je podvr\u017een obse\u017enim ciklom testiranja, ki zagotavljajo uravnote\u017eene note od prve aktivacije do zadnjega pokuri\u0161\u010da - ne glede na to, ali imate raje so\u010dne sadne me\u0161anice ali ledene mentolne ob\u010dutke.<\/p>\n<h3>Zaklju\u010dek: Na novo opredeljena epoha enkratne uporabe<\/h3>\n<p>Spletna stran <strong>Uzy Tornado 20000 puffs Vape<\/strong> predstavlja nov standard za enkratno vaping prevlado. S svojo ogromno prostornino 28 ml, prilagodljivimi nikotinskimi mo\u017enostmi in inovativno konstrukcijo odpravlja ponavljajo\u010de se frustracije obi\u010dajnih naprav. Z zdru\u017eitvijo napredne tehnologije za enkratno uporabo in dolgoro\u010dnega udobja smo ustvarili napravo, ki zadovolji tako intenzivne vaperje kot tudi poznavalce okusov.<\/p>\n<p>Nadgradite svoje potovanje z Uzy Tornado 20000 - kje <strong>20.000 vpihov<\/strong> pomeni tedne neprimerljive svobode pri vapingu brez vzdr\u017eevanja. Odkrijte pravo svobodo za enkratno uporabo \u0161e danes.<\/p>","protected":false},"excerpt":{"rendered":"<p>Do\u017eivite <strong>Uzy Tornado 20000<\/strong> vape za enkratno uporabo z ogromno <strong>28ml e-teko\u010dine<\/strong> zmogljivost in <strong>850 mAh akumulatorska baterija<\/strong> z zmogljivostjo do 20.000 vpihov.<br \/>Izbirate lahko med 16 okusi in izberete <strong>0%\/2%\/3%\/5% ravni nikotina<\/strong> za zadovoljstvo po meri.<\/p>","protected":false},"featured_media":3997,"comment_status":"open","ping_status":"closed","template":"","meta":[],"product_brand":[237],"product_cat":[1016,846],"product_tag":[480,481,482,103,271,479],"class_list":{"0":"post-4003","1":"product","2":"type-product","3":"status-publish","4":"has-post-thumbnail","6":"product_brand-uzy","7":"product_cat-big-puffs-vapes","8":"product_cat-uzy","9":"product_tag-20000-puffs-disposable-vape","10":"product_tag-28ml-vape-device","11":"product_tag-nicotine-strength-vape","12":"product_tag-rechargeable-e-cigarette","13":"product_tag-type-c-vape","14":"product_tag-uzy-tornado-20000","16":"first","17":"instock","18":"sale","19":"shipping-taxable","20":"purchasable","21":"product-type-variable"},"jetpack_sharing_enabled":true,"tiered_pricing_type":"fixed","tiered_pricing_fixed_rules":[],"tiered_pricing_product_settings":{"layout":"default","base_unit_name":{"singular":null,"plural":null},"default_variation":null},"tiered_pricing_minimum_quantity":null,"tiered_pricing_roles_data":[],"tiered_pricing_percentage_rules":[],"tiered_pricing_maximum_quantity":null,"tiered_pricing_quantity_step":null,"_links":{"self":[{"href":"https:\/\/frvape.com\/sl\/wp-json\/wp\/v2\/product\/4003","targetHints":{"allow":["GET"]}}],"collection":[{"href":"https:\/\/frvape.com\/sl\/wp-json\/wp\/v2\/product"}],"about":[{"href":"https:\/\/frvape.com\/sl\/wp-json\/wp\/v2\/types\/product"}],"replies":[{"embeddable":true,"href":"https:\/\/frvape.com\/sl\/wp-json\/wp\/v2\/comments?post=4003"}],"wp:featuredmedia":[{"embeddable":true,"href":"https:\/\/frvape.com\/sl\/wp-json\/wp\/v2\/media\/3997"}],"wp:attachment":[{"href":"https:\/\/frvape.com\/sl\/wp-json\/wp\/v2\/media?parent=4003"}],"wp:term":[{"taxonomy":"product_brand","embeddable":true,"href":"https:\/\/frvape.com\/sl\/wp-json\/wp\/v2\/product_brand?post=4003"},{"taxonomy":"product_cat","embeddable":true,"href":"https:\/\/frvape.com\/sl\/wp-json\/wp\/v2\/product_cat?post=4003"},{"taxonomy":"product_tag","embeddable":true,"href":"https:\/\/frvape.com\/sl\/wp-json\/wp\/v2\/product_tag?post=4003"}],"curies":[{"name":"wp","href":"https:\/\/api.w.org\/{rel}","templated":true}]}}