{"id":4211,"date":"2025-10-12T05:57:58","date_gmt":"2025-10-12T05:57:58","guid":{"rendered":"https:\/\/frvape.com\/product\/doloda-db-7000-7000-puffs-disposable-vape-with-airflow-control-8-flavors\/"},"modified":"2025-10-12T05:58:06","modified_gmt":"2025-10-12T05:58:06","slug":"doloda-db-7000-7000-puffs-enkratno-vape-z-nadzorom-zracnega-toka-8-okusov","status":"publish","type":"product","link":"https:\/\/frvape.com\/sl\/product\/doloda-db-7000-7000-puffs-enkratno-vape-z-nadzorom-zracnega-toka-8-okusov\/","title":{"rendered":"Doloda Db 7000: 7000 Puffs za enkratno uporabo z nadzorom zra\u010dnega toka in 8 okusov"},"content":{"rendered":"<h3>Revolucionarna dolgotrajna izku\u0161nja uparjanja<\/h3>\n<p>Spletna stran <strong>Doloda Db 7000<\/strong> na novo opredeljuje udobje pri vapingu za enkratno uporabo z izjemnim <strong>Zmogljivost 7000 puffov<\/strong>. Ta naprava je zasnovana za tiste, ki i\u0161\u010dejo vzdr\u017eljivost, saj odpravlja nenehne zamenjave, hkrati pa zagotavlja stalno zmogljivost. Za razliko od obi\u010dajnih pripomo\u010dkov za enkratno uporabo je na\u0161a integrirana <strong>500 mAh akumulatorska baterija<\/strong> podpira raz\u0161irjeno uporabo prek <strong>Polnjenje tipa C<\/strong>, s \u010dimer boste zagotovili, da boste izkoristili vsak izdih iz velikodu\u0161ne <strong>14ML vnaprej napolnjenega e-teko\u010dina<\/strong> rezervoar.<\/p>\n<h3>Natan\u010den nadzor in vrhunski okusi<\/h3>\n<p>Prilagodite svoje seje z naprednimi <strong>nadzor pretoka zraka<\/strong> tehnologija, ki omogo\u010da lahek prehod med tesnim potegom, podobnim cigareti, in zra\u010dnim vdihom, ki preganja oblake. Na\u0161 <strong>formula nikotinske soli<\/strong> (mo\u017enosti 0%\/2%\/3%\/5%) zagotavlja hitro zadovoljstvo in bolj gladke udarce v grlu. Prepustite se 8 strokovno izdelanim okusom:<\/p>\n<p><strong>Gumijasti medvedek<\/strong> | <strong>Bujni led<\/strong> | <strong>Pina Colada<\/strong> | <strong>Jagoda Banana<\/strong><br \/><strong>Dvojna jabolka<\/strong> | <strong>Blue Razz Ice<\/strong> | <strong>Grozdni led<\/strong> | <strong>Jagodna lubenica<\/strong><\/p>\n<h3>Neprimerljive tehni\u010dne specifikacije<\/h3>\n<p>Vsak <strong>Doloda Db 7000<\/strong> v uporabniku prijazno napravo vgrajuje prefinjeno in\u017eenirsko re\u0161itev: <strong>7000 vpihov<\/strong> na enoto - <strong>14ML solni nikotin e-teko\u010dina<\/strong> - <strong>Baterija za polnjenje 500 mAh<\/strong> - Patentirano <strong>nadzor pretoka zraka<\/strong> klicanje - izjemno hitro <strong>Ponovno polnjenje tipa C<\/strong> port - Kompaktna embala\u017ea za prikaz 10 naprav. Optimiziran sistem tuljav prepre\u010duje suhe zadetke, hkrati pa pove\u010duje celovitost okusa v vseh 8 razli\u010dicah.<\/p>\n<h3>Zakaj vaperji izberejo Doloda Db 7000<\/h3>\n<p>Ta e-cigareta za enkratno uporabo, ki je najbolj\u0161a re\u0161itev \"vzemi in pojdi\", ne potrebuje NI\u010c vzdr\u017eevanja - brez polnjenja, menjave tuljav ali zapletenih nastavitev. Izjemna <strong>\u0161tevilo puhlic<\/strong> zato je idealen za popotnike, celodnevne vaperje in tiste, ki opu\u0161\u010dajo kajenje. Vsak poteg zagotavlja bogato, nasi\u010deno paro z zna\u010dilnim <strong>nikotinska sol<\/strong> gladkost, ergonomski ustnik pa zagotavlja udobne dalj\u0161e seanse. \u0160e danes kupite na\u0161e skrbno preizku\u0161ene okuse.<\/p>\n<h3>Zasnovan za zanesljivost<\/h3>\n<p>Izdelan je iz medicinskih materialov PCTG in z ve\u010d varnostnimi za\u0161\u010ditami (prepre\u010devanje prevelikega polnjenja\/izpraznitve, za\u0161\u010dita pred kratkim stikom). <strong>Doloda Db 7000<\/strong> zagotavlja brezskrbno delovanje. Inteligentni sistem upravljanja baterije ohranja enakomerno mo\u010d do zadnjega napiha. To zanesljivost zdru\u017eite z neverjetnim <strong>Dolgo\u017eivost 7000 izpuhov<\/strong>in dobili boste izdelek za enkratno uporabo, ki je bolj\u0161i od konkuren\u010dnih, hkrati pa zmanj\u0161uje koli\u010dino okoljskih odpadkov. Izkusite preprostost vapinga, ki je izpopolnjena.<\/p>","protected":false},"excerpt":{"rendered":"<p>Spletna stran <strong>Doloda Db 7000<\/strong> vape za enkratno uporabo zagotavlja vodilni v panogi <strong>7000 vpihov<\/strong> brez vzdr\u017eevanja. Na spletni strani . <strong>nastavljiv nadzor pretoka zraka<\/strong>, vgrajeno <strong>500 mAh akumulatorska baterija<\/strong>in <strong>8 vrhunskih okusov<\/strong> pri vsebnosti nikotina 2%\/3%\/5%. Odli\u010dno za dalj\u0161e vapiranje brez polnjenja ali te\u017eav.<\/p>","protected":false},"featured_media":4205,"comment_status":"open","ping_status":"closed","template":"","meta":[],"product_brand":[224],"product_cat":[225],"product_tag":[494,495,493,285,103,172],"class_list":{"0":"post-4211","1":"product","2":"type-product","3":"status-publish","4":"has-post-thumbnail","6":"product_brand-doloda","7":"product_cat-doloda-vape","8":"product_tag-7000-puffs-disposable-vape","9":"product_tag-airflow-control-vape","10":"product_tag-doloda-db-7000","11":"product_tag-nicotine-salt-vape","12":"product_tag-rechargeable-e-cigarette","13":"product_tag-type-c-vape-pen","15":"first","16":"instock","17":"sale","18":"shipping-taxable","19":"purchasable","20":"product-type-variable"},"jetpack_sharing_enabled":true,"tiered_pricing_type":"fixed","tiered_pricing_fixed_rules":[],"tiered_pricing_product_settings":{"layout":"default","base_unit_name":{"singular":null,"plural":null},"default_variation":null},"tiered_pricing_minimum_quantity":null,"tiered_pricing_roles_data":[],"tiered_pricing_percentage_rules":[],"tiered_pricing_maximum_quantity":null,"tiered_pricing_quantity_step":null,"_links":{"self":[{"href":"https:\/\/frvape.com\/sl\/wp-json\/wp\/v2\/product\/4211","targetHints":{"allow":["GET"]}}],"collection":[{"href":"https:\/\/frvape.com\/sl\/wp-json\/wp\/v2\/product"}],"about":[{"href":"https:\/\/frvape.com\/sl\/wp-json\/wp\/v2\/types\/product"}],"replies":[{"embeddable":true,"href":"https:\/\/frvape.com\/sl\/wp-json\/wp\/v2\/comments?post=4211"}],"wp:featuredmedia":[{"embeddable":true,"href":"https:\/\/frvape.com\/sl\/wp-json\/wp\/v2\/media\/4205"}],"wp:attachment":[{"href":"https:\/\/frvape.com\/sl\/wp-json\/wp\/v2\/media?parent=4211"}],"wp:term":[{"taxonomy":"product_brand","embeddable":true,"href":"https:\/\/frvape.com\/sl\/wp-json\/wp\/v2\/product_brand?post=4211"},{"taxonomy":"product_cat","embeddable":true,"href":"https:\/\/frvape.com\/sl\/wp-json\/wp\/v2\/product_cat?post=4211"},{"taxonomy":"product_tag","embeddable":true,"href":"https:\/\/frvape.com\/sl\/wp-json\/wp\/v2\/product_tag?post=4211"}],"curies":[{"name":"wp","href":"https:\/\/api.w.org\/{rel}","templated":true}]}}