{"id":4607,"date":"2025-10-12T06:22:39","date_gmt":"2025-10-12T06:22:39","guid":{"rendered":"https:\/\/frvape.com\/product\/razz-bar-10000-puffs-disposable-vape-oil-refillable-with-mesh-coil\/"},"modified":"2025-11-24T09:11:06","modified_gmt":"2025-11-24T09:11:06","slug":"razz-bar-10000-puffs-enkratno-vape-olje-za-ponovno-polnjenje-z-mrezasto-tuljavo","status":"publish","type":"product","link":"https:\/\/frvape.com\/sl\/product\/razz-bar-10000-puffs-enkratno-vape-olje-za-ponovno-polnjenje-z-mrezasto-tuljavo\/","title":{"rendered":"Razz Bar 10000 Puffs Vape za enkratno uporabo - olje za ponovno polnjenje z mre\u017easto tuljavo"},"content":{"rendered":"<h3>Uvod<\/h3>\n<p>Spletna stran <strong>Bar Razz 10000<\/strong> na novo opredeljuje udobje na trgu vapinga za enkratno uporabo in je zasnovan za odrasle vaperje, ki i\u0161\u010dejo vrhunsko tehnologijo in izjemen okus.<br \/>Ta e-cigareta z neverjetnimi 10.000 vdihi in zasnovo za ponovno polnjenje zagotavlja brezhibno in dolgotrajno izku\u0161njo v \u017eepu prijazni napravi.<\/p>\n<h3>Specifikacije izdelka<\/h3>\n<p>Odkrijte mo\u010d inovacij s temi bistvenimi funkcijami:<br \/>- <strong>Puffs<\/strong>: Pribli\u017eno 10.000 izpuhov za dalj\u0161e seanse vapinga.<br \/>- <strong>Zmogljivost<\/strong>: 20 ml, s pomo\u010djo <strong>olje, ki ga je mogo\u010de ponovno napolniti<\/strong> sistem, da bi zmanj\u0161ali koli\u010dino odpadkov in pove\u010dali vrednost.<br \/>- <strong>Pakiranje<\/strong>: 200 enot v \u0161katli, idealno za nakupe v razsutem stanju.<br \/>- <strong>Okusi<\/strong>: Izbirate lahko med 16 razli\u010dnimi okusi, ki ustrezajo va\u0161im \u017eeljam.<br \/>- <strong>Baterija<\/strong>: 650 mAh <strong>akumulatorski<\/strong> prek USB Type-C, kar zagotavlja hitro in zanesljivo napajanje.<br \/>- <strong>Tehnologija tuljave<\/strong>: Visoko zmogljiv <strong>mre\u017easta tuljava<\/strong> za bogatej\u0161o paro in dosledno dostavo okusa.<br \/>- <strong>Ravni nikotina<\/strong>: Na voljo sta mo\u010di 2% ali 5%, ki ustrezata razli\u010dnim \u017eeljam.<\/p>\n<h3>Zbirka okusov<\/h3>\n<p>Prepustite se simfoniji okusov, ki popestrijo va\u0161e potovanje z vapingom.<br \/>Spletna stran <strong>Bar Razz 10000<\/strong> je vnaprej napolnjen z razli\u010dnimi 16 okusi, od katerih je vsak ustvarjen za ledeni, sadni ali klasi\u010dni izbruh.<br \/>Celoten seznam okusov:<br \/>Ledena breskev<br \/>Borovni\u010dev led<br \/>jagoda kivi<br \/>Led iz lubenice<br \/>Mamba<br \/>Breskev Mango Ananas<br \/>Kivi Pasijonka Guava<br \/>Cola Ice<br \/>Red Bull Ice<br \/>Jagodni led<br \/>Bujni led<br \/>Borovnica \u010ce\u0161nja Brusnica<br \/>Modra limonada Razz<br \/>Me\u0161ano jagodi\u010devje<br \/>Gumijasti medvedek<br \/>Cherry Ice<br \/>S to bogato izbiro lahko vsak vaper odkrije svojo popolno izbiro.<\/p>\n<h3>Vrhunska zmogljivost uparjanja<\/h3>\n<p>Izkusite neprimerljivo kakovost z <strong>mre\u017easta tuljava<\/strong> Tehnologija, zasnovana tako, da pri vsakem potegu proizvaja gosto paro z okusom.<br \/>Spletna stran <strong>akumulatorski<\/strong> Baterija s kapaciteto 650 mAh in vrata USB tipa C omogo\u010dajo hitro polnjenje, kar omogo\u010da neprekinjeno uporabo brez prekinitev.<br \/>Poleg tega je <strong>olje, ki ga je mogo\u010de ponovno napolniti<\/strong> zmogljivost pomeni, da lahko vape napolnite na poti, kar je okolju prijaznej\u0161e. <strong>vape za enkratno uporabo<\/strong> izbira.<\/p>\n<h3>O baru Razz<\/h3>\n<p>Ponosno ustanovljena leta 2017, <strong>Bar Razz<\/strong> je vodilna sila na podro\u010dju <strong>e-cigareta<\/strong> industrija, specializirana za najsodobnej\u0161e re\u0161itve za enkratno uporabo.<br \/>Z na\u0161o strokovno tovarno in predanimi ekipami, vklju\u010dno z in\u017eenirji, tr\u017eniki, oblikovalci in prodajnimi strokovnjaki, smo zgradili lastno blagovno znamko, da bi zagotovili inovativne izdelke za uparjanje, ki izpolnjujejo zahteve svetovnih potro\u0161nikov.<br \/>Vsak <strong>Bar Razz<\/strong> naprava je podvr\u017eena strogim postopkom nadzora kakovosti, kot so IQC, IPQC in FQC, kar zagotavlja varnost in zanesljivost.<br \/>Zagotavljamo odli\u010dnost, ki jo potrjujejo mednarodni standardi, kot sta CE in RoHS.<br \/>Kot del na\u0161e zaveze ponujamo zanesljive storitve OEM in ODM, ki jih podpira na\u0161 ugled zvestobe strank na svetovnem trgu.<\/p>\n<h3>Zakaj izbrati Razz Bar 10000?<\/h3>\n<p>Sprejmite neproblemati\u010den \u017eivljenjski slog s tem visokim puhalom <strong>vape za enkratno uporabo<\/strong> ki so konkuren\u010dni pripomo\u010dkom za ve\u010dkratno uporabo.<br \/>Velika prostornina 20 ml in <strong>akumulatorski<\/strong> funkcija zmanj\u0161uje pogoste zamenjave, medtem ko napredna <strong>mre\u017easta tuljava<\/strong> pove\u010da intenzivnost okusa z gladkim in zadovoljivim potegom.<br \/>Razz Bar 10000 je idealen za vaperje vseh stopenj in zdru\u017euje priro\u010dnost, zmogljivost in \u0161tevilne okuse, ki izbolj\u0161ajo va\u0161o rutino.<\/p>","protected":false},"excerpt":{"rendered":"<p>Odkrijte <strong>Bar Razz 10000<\/strong>, premija <strong>vape za enkratno uporabo<\/strong> z velikim 20-mililitrskim ohi\u0161jem omogo\u010da do 10.000 vdihov. <strong>olje, ki ga je mogo\u010de ponovno napolniti<\/strong> zmogljivosti.<br \/>Vklju\u010duje <strong>akumulatorski<\/strong> Baterija 650 mAh, napredna <strong>mre\u017easta tuljava<\/strong>in 16 vznemirljivih okusov za gladko in zadovoljivo izku\u0161njo.<\/p>","protected":false},"featured_media":4601,"comment_status":"open","ping_status":"closed","template":"","meta":[],"product_brand":[70],"product_cat":[893],"product_tag":[517,112,372,515,514,516],"class_list":{"0":"post-4607","1":"product","2":"type-product","3":"status-publish","4":"has-post-thumbnail","6":"product_brand-razzbar","7":"product_cat-razzbar","8":"product_tag-10000-puffs","9":"product_tag-disposable-vape","10":"product_tag-mesh-coil","11":"product_tag-oil-refillable","12":"product_tag-razz-bar-10000","13":"product_tag-rechargeable","15":"first","16":"instock","17":"sale","18":"shipping-taxable","19":"purchasable","20":"product-type-variable"},"jetpack_sharing_enabled":true,"tiered_pricing_type":"fixed","tiered_pricing_fixed_rules":[],"tiered_pricing_product_settings":{"layout":"default","base_unit_name":{"singular":null,"plural":null},"default_variation":null},"tiered_pricing_minimum_quantity":null,"tiered_pricing_roles_data":[],"tiered_pricing_percentage_rules":[],"tiered_pricing_maximum_quantity":null,"tiered_pricing_quantity_step":null,"_links":{"self":[{"href":"https:\/\/frvape.com\/sl\/wp-json\/wp\/v2\/product\/4607","targetHints":{"allow":["GET"]}}],"collection":[{"href":"https:\/\/frvape.com\/sl\/wp-json\/wp\/v2\/product"}],"about":[{"href":"https:\/\/frvape.com\/sl\/wp-json\/wp\/v2\/types\/product"}],"replies":[{"embeddable":true,"href":"https:\/\/frvape.com\/sl\/wp-json\/wp\/v2\/comments?post=4607"}],"wp:featuredmedia":[{"embeddable":true,"href":"https:\/\/frvape.com\/sl\/wp-json\/wp\/v2\/media\/4601"}],"wp:attachment":[{"href":"https:\/\/frvape.com\/sl\/wp-json\/wp\/v2\/media?parent=4607"}],"wp:term":[{"taxonomy":"product_brand","embeddable":true,"href":"https:\/\/frvape.com\/sl\/wp-json\/wp\/v2\/product_brand?post=4607"},{"taxonomy":"product_cat","embeddable":true,"href":"https:\/\/frvape.com\/sl\/wp-json\/wp\/v2\/product_cat?post=4607"},{"taxonomy":"product_tag","embeddable":true,"href":"https:\/\/frvape.com\/sl\/wp-json\/wp\/v2\/product_tag?post=4607"}],"curies":[{"name":"wp","href":"https:\/\/api.w.org\/{rel}","templated":true}]}}