{"id":5046,"date":"2025-10-12T06:52:34","date_gmt":"2025-10-12T06:52:34","guid":{"rendered":"https:\/\/frvape.com\/product\/waspe-20000-disposable-vape-with-dual-mesh-coil-and-rechargeable-battery\/"},"modified":"2025-11-26T08:59:47","modified_gmt":"2025-11-26T08:59:47","slug":"waspe-20000-vape-za-enkratno-uporabo-z-dvojno-mrezno-tuljavo-in-akumulatorsko-baterijo","status":"publish","type":"product","link":"https:\/\/frvape.com\/sl\/product\/waspe-20000-vape-za-enkratno-uporabo-z-dvojno-mrezno-tuljavo-in-akumulatorsko-baterijo\/","title":{"rendered":"WASPE 20000 Vape za enkratno uporabo z dvojno mre\u017easto tuljavo in akumulatorsko baterijo"},"content":{"rendered":"<h3>Pregled<\/h3>\n<p>Spletna stran <strong>WASPE 20000 PUFFS \u0161katla z dvojno mre\u017eo<\/strong> na novo opredeljuje vrhunsko vaping za enkratno uporabo in ponuja neprimerljivo izku\u0161njo razko\u0161ja in zmogljivosti. Kot najsodobnej\u0161i <strong>vape za enkratno uporabo<\/strong>zdru\u017euje elegantno obliko z naprednimi <strong>tehnologija dvojne mre\u017easte tuljave<\/strong> za zagotavljanje optimalne proizvodnje pare in bogatega okusa. Z intuitivnim <strong>Prikazovalnik LED<\/strong> za spremljanje v realnem \u010dasu, je ta naprava namenjena vaperjem, ki i\u0161\u010dejo slog in vsebino. Z veliko zmogljivostjo 20000 izpuhov in vsestranskim <strong>mo\u017enosti za nikotin<\/strong> od 0% do 5%, WASPE 20000 ustreza razli\u010dnim \u017eeljam, ne glede na to, ali ste za\u010detnik ali navdu\u0161enec, ki si prizadeva za dolgotrajno in brezskrbno vaping potovanje.<\/p>\n<h3>Specifikacije izdelka<\/h3>\n<p>1. Puffi: <strong>20000 puffov<\/strong><br \/>\n2. Dvojna mre\u017ena tuljava: <strong>1ohm<\/strong> + <strong>1ohm<\/strong><br \/>\n3. E-teko\u010dina: <strong>24 ml<\/strong><br \/>\n4. Nikotin: <strong>0%<\/strong>\/<strong>2%<\/strong>\/<strong>3%<\/strong>\/<strong>5%<\/strong><br \/>\n5. Baterija: <strong>900 mAh<\/strong> <strong>akumulatorska baterija<\/strong><br \/>\n6. Polnilna baterija: <strong>Type-C<\/strong> vrata za hitro in priro\u010dno polnjenje<br \/>\n7. LED zaslon: vgrajen za enostavno spremljanje uporabe in stanja baterije.<br \/>\n8. Te\u017ea izdelka: <strong>98g<\/strong> na kos<br \/>\n9. Velikost izdelka: <strong>52 mm<\/strong> \u00d7 <strong>33 mm<\/strong> \u00d7 <strong>107 mm<\/strong><br \/>\n10. Velikost \u0161katle: <strong>545 mm<\/strong> \u00d7 <strong>335 mm<\/strong> \u00d7 <strong>235 mm<\/strong><br \/>\n11. KOLI\u010cINA: <strong>200 kosov v \u0161katli<\/strong>, zapakiran kot <strong>10 kosov v \u0161katli<\/strong><br \/>\n12. G.W.: Pribli\u017eno <strong>21 kg<\/strong> na \u0161katlo<\/p>\n<h3>Glavne zna\u010dilnosti in prednosti<\/h3>\n<p>Izkusite brezhibno vapiranje z <strong>WASPE 20000<\/strong> zahvaljujo\u010d inovativnemu <strong>dvojna mre\u017ena tuljava<\/strong> ki izbolj\u0161a porazdelitev toplote in intenzivnost okusa pri vsakem vdihu. Spletna stran <strong>robustna baterija s kapaciteto 900 mAh<\/strong> omogo\u010da dalj\u0161o uporabo in se u\u010dinkovito polni prek vgrajenega <strong>Type-C<\/strong> in tako poskrbite, da nikoli ne ostanete brez elektrike. Ta <strong>vape za enkratno uporabo<\/strong> je kot nala\u0161\u010d za nakupe v velikih koli\u010dinah, saj je v vsaki \u0161katli 200 kosov, kar je idealno za osebno u\u017eivanje ali komercialno distribucijo. Na spletni strani . <strong>24ml e-teko\u010dina kapaciteta<\/strong> zagotavlja dolgotrajno vaping seanso, kar zmanj\u0161uje potrebo po pogostih zamenjavah, naprava pa je zaradi svoje lahke in ergonomske izdelave zelo prenosna. Zasnovana je za zanesljivost in z me\u0161anico vzdr\u017eljivosti, udobja in napredne tehnologije izbolj\u0161a va\u0161o rutino.<\/p>\n<h3>Mo\u017enosti okusa<\/h3>\n<p>Prepustite se raznovrstni ponudbi <strong>okusni okusi<\/strong> prilagojene vsakemu okusu. Vsaka mo\u017enost ponuja edinstven profil okusa, ki je ustvarjen za ve\u010dje zadovoljstvo pri vapingu. U\u017eivajte v teh vrhunskih e-teko\u010dinah <strong>okusi<\/strong>: Jagoda malina \u010de\u0161nja<br \/>\nDvojni jabol\u010dni led<br \/>\nBorovni\u010dev led<br \/>\nBorovni\u010deva malinova limonada<br \/>\nJagodna lubenica<br \/>\nlubenica Bubblegum<br \/>\nBujni led<br \/>\njagoda kivi<br \/>\nMe\u0161ano jagodi\u010devje<br \/>\nGrozdni led<br \/>\nKivi Pasijonka Guava<br \/>\nLedena breskev<\/p>\n<h3>Podrobna izvedba<\/h3>\n<p>Spletna stran <strong>WASPE 20000<\/strong> se odlikuje z veliko zmogljivostjo <strong>\u0161tevilo puhlic<\/strong>zato je cenovno u\u010dinkovita izbira, ki pove\u010duje vrednost za vaperje. Konfiguracija z dvojno mre\u017eo, ki deluje pri <strong>1ohm + 1ohm<\/strong>zagotavlja dosleden nadzor temperature in goste oblake pare brez nevarnosti suhih zadetkov. Ne glede na to, ali imate raje nikotin za zadetek v grlu ali gladko izku\u0161njo brez nikotina, ta naprava zagotavlja prilagodljivo zadovoljstvo. Spletna stran <strong>Prikazovalnik LED<\/strong> vas v realnem \u010dasu obve\u0161\u010da s podatki o \u017eivljenjski dobi baterije in porabi glasnosti ter dodaja pridih sodobne prefinjenosti. Okoljsko ozave\u0161\u010deni uporabniki cenijo <strong>akumulatorski<\/strong> funkcijo, kar zmanj\u0161uje koli\u010dino odpadkov v primerjavi z nadomestnimi izdelki za enkratno uporabo. Za vrhunski vape, ki zdru\u017euje zmogljivost, raznolikost in uporabniku prijazno obliko, je WASPE 20000 PUFFS Dual Mesh Box va\u0161a najbolj\u0161a izbira.<\/p>\n<h3>Zakaj izbrati WASPE 20000?<\/h3>\n<p>Ta izjemen <strong>vape za enkratno uporabo<\/strong> ponuja dolgotrajno re\u0161itev s svojo <strong>ogromen 20000 puh<\/strong> \u017eivljenjska doba, idealna za dalj\u0161a potovanja ali vsakodnevno uporabo. Njegova kompaktna velikost in <strong>lahek 98g<\/strong> je enostaven za prena\u0161anje, a je hkrati tudi zelo zmogljiv z <strong>mo\u010dna proizvodnja pare<\/strong> iz dvojnih tuljav. Za trgovce na drobno je priro\u010dno pakiranje z <strong>200 kosov v \u0161katli<\/strong> poenostavlja upravljanje zalog in prodajo. Vaperji lahko raziskujejo <strong>bogata me\u0161anica okusov<\/strong>, od sadnih do ledenih, tako da vsakdo najde nekaj zase. Zanesljivost <strong>Baterija s kapaciteto 900 mAh<\/strong> pomeni manj prekinitev in hiter <strong>Type-C<\/strong> Sistem za polnjenje zagotavlja, da ste vedno pripravljeni za vapiranje. Nadgradite model WASPE 20000 in si privo\u0161\u010dite \u0161e ve\u010d razko\u0161ja, inovacij in u\u017eitka.<\/p>","protected":false},"excerpt":{"rendered":"<p>Predstavitev <strong>WASPE 20000<\/strong> vape za enkratno uporabo, ki ima <strong>impresivna zmogljivost 20000 izpihov<\/strong> in . <strong>vrhunska tehnologija dvojne mre\u017easte tuljave<\/strong> za vrhunski okus in hlape. Izbirate lahko med ve\u010d <strong>vsebnost nikotina<\/strong> (0% do 5%) in u\u017eivajte v elegantnem dizajnu z <strong>prikazovalnik LCD v realnem \u010dasu<\/strong>. Poganja ga <strong>akumulatorska baterija<\/strong> prek vhoda Type-C zagotavlja dolgotrajno zmogljivost in udobje za luksuzno vaping.<\/p>","protected":false},"featured_media":5040,"comment_status":"open","ping_status":"closed","template":"","meta":[],"product_brand":[332],"product_cat":[1016,1068],"product_tag":[512,112,244,541,342,540],"class_list":{"0":"post-5046","1":"product","2":"type-product","3":"status-publish","4":"has-post-thumbnail","6":"product_brand-waspe","7":"product_cat-big-puffs-vapes","8":"product_cat-waspe","9":"product_tag-20000-puffs","10":"product_tag-disposable-vape","11":"product_tag-dual-mesh-coil","12":"product_tag-flavored-e-cig","13":"product_tag-rechargeable-battery","14":"product_tag-waspe-20000","16":"first","17":"instock","18":"sale","19":"shipping-taxable","20":"purchasable","21":"product-type-variable"},"jetpack_sharing_enabled":true,"tiered_pricing_type":"fixed","tiered_pricing_fixed_rules":[],"tiered_pricing_product_settings":{"layout":"default","base_unit_name":{"singular":null,"plural":null},"default_variation":null},"tiered_pricing_minimum_quantity":null,"tiered_pricing_roles_data":[],"tiered_pricing_percentage_rules":[],"tiered_pricing_maximum_quantity":null,"tiered_pricing_quantity_step":null,"_links":{"self":[{"href":"https:\/\/frvape.com\/sl\/wp-json\/wp\/v2\/product\/5046","targetHints":{"allow":["GET"]}}],"collection":[{"href":"https:\/\/frvape.com\/sl\/wp-json\/wp\/v2\/product"}],"about":[{"href":"https:\/\/frvape.com\/sl\/wp-json\/wp\/v2\/types\/product"}],"replies":[{"embeddable":true,"href":"https:\/\/frvape.com\/sl\/wp-json\/wp\/v2\/comments?post=5046"}],"wp:featuredmedia":[{"embeddable":true,"href":"https:\/\/frvape.com\/sl\/wp-json\/wp\/v2\/media\/5040"}],"wp:attachment":[{"href":"https:\/\/frvape.com\/sl\/wp-json\/wp\/v2\/media?parent=5046"}],"wp:term":[{"taxonomy":"product_brand","embeddable":true,"href":"https:\/\/frvape.com\/sl\/wp-json\/wp\/v2\/product_brand?post=5046"},{"taxonomy":"product_cat","embeddable":true,"href":"https:\/\/frvape.com\/sl\/wp-json\/wp\/v2\/product_cat?post=5046"},{"taxonomy":"product_tag","embeddable":true,"href":"https:\/\/frvape.com\/sl\/wp-json\/wp\/v2\/product_tag?post=5046"}],"curies":[{"name":"wp","href":"https:\/\/api.w.org\/{rel}","templated":true}]}}