{"id":5423,"date":"2025-10-12T07:34:55","date_gmt":"2025-10-12T07:34:55","guid":{"rendered":"https:\/\/frvape.com\/product\/uzy-bang-digital-15000-puffs-disposable-vape-high-performance-long-lasting\/"},"modified":"2025-11-04T01:54:06","modified_gmt":"2025-11-04T01:54:06","slug":"uzy-bang-digitalni-15000-puffs-enkratno-vape-visoke-zmogljivosti-dolgotrajno","status":"publish","type":"product","link":"https:\/\/frvape.com\/sl\/product\/uzy-bang-digitalni-15000-puffs-enkratno-vape-visoke-zmogljivosti-dolgotrajno\/","title":{"rendered":"UZY Bang Digital 15000 Puffs Vape za enkratno uporabo - visoka zmogljivost in dolga \u017eivljenjska doba"},"content":{"rendered":"<h3>Predstavljamo UZY Bang Digital 15000 Puffs Vape<\/h3>\n<p>Do\u017eivite vrhunsko <strong>udobje in zmogljivost<\/strong> z <strong>UZY Bang Digital 15000 puffs Vape<\/strong>, vrhunska naprava, zasnovana za zahtevne uporabnike, ki zahtevajo najbolj\u0161o tehnologijo za vaping. Izdelana je tako, da je <strong>lahki<\/strong>, <strong>zmogljiv<\/strong>in <strong>napredni<\/strong>ta vape ponuja edinstveno izku\u0161njo, prilagojeno va\u0161im \u017eeljam.<\/p>\n<h3>Napredna tehnologija baterij in jedra<\/h3>\n<p>Opremljen z vgrajenim <strong>850 mAh akumulatorska baterija<\/strong> in <strong>Vhodna vrata tipa C<\/strong>, ta naprava zagotavlja <strong>dolgotrajna uporaba<\/strong>, ki zagotavlja do <strong>15000 vpihov<\/strong> pred polnjenjem. Poslovite se od pogostih prekinitev napajanja in u\u017eivajte v nemotenem vapanju na poti.<\/p>\n<h3>U\u010dinkovita in dosledna dobava energije<\/h3>\n<p>S spletno stranjo <strong>u\u010dinkovito in dosledno dovajanje energije<\/strong>, UZY Bang Digital zagotavlja zanesljivo proizvodnjo pare in bogat okus z vsakim potegom. To zagotavlja zadovoljivo in prijetno izku\u0161njo, ki je popolna za nove in izku\u0161ene vaperje.<\/p>\n<h3>Velika kapaciteta e-teko\u010dine<\/h3>\n<p>Pona\u0161a se z velikodu\u0161no <strong>20 ml vnaprej napolnjenega e-sijaja<\/strong>, ta vape <strong>odpravlja potrebo po<\/strong> za pogosto polnjenje. Najljub\u0161e okuse lahko u\u017eivate dlje \u010dasa, zato je idealen za vsakodnevno uporabo brez kompromisov.<\/p>\n<h3>Prilagodljive ravni nikotina<\/h3>\n<p>Zasnovan za personalizacijo, je <strong>UZY Bang Digital ponuja nastavljivo jakost nikotina<\/strong> vklju\u010dno s spletno stranjo . <strong>0%<\/strong>, <strong>2%<\/strong>, <strong>3%<\/strong>in <strong>5% mo\u017enosti za solni nikotin<\/strong>. Ta naprava se prilagodi va\u0161im potrebam, ne glede na to, ali imate raje gladko izku\u0161njo brez nikotina ali mo\u010dnej\u0161i udarec.<\/p>\n<h3>Funkcija zaslona LED<\/h3>\n<p>Integrirani <strong>Prikazovalnik LED<\/strong> vas obve\u0161\u010da o bistvenih kazalnikih, kot so <strong>\u017eivljenjska doba baterije<\/strong> in . <strong>ravni e-soksa<\/strong>in tako zagotovite nadzor nad svojim potovanjem z vapingom.<\/p>\n<h3>Vznemirljive mo\u017enosti okusov<\/h3>\n<p>Potopite se v svet okusov z na\u0161o raznoliko ponudbo <strong>okusi e-sokov<\/strong>, izdelane za izjemno zadovoljstvo:<br \/>MR Blue<br \/>Borovnica malina<br \/>Borovnice na ledu<br \/>Grozdni led<br \/>Rde\u010di energijski led<br \/>Ledena breskev<br \/>Kivi pasijonka<br \/>Trojni mangov led<br \/>Breskev Mango Ananas<br \/>Jagodna lubenica<br \/>jagoda kivi<br \/>Led iz lubenice<br \/>Vsak okus zagotavlja osve\u017eilno gladko in prijetno izku\u0161njo vapinga.<\/p>\n<h3>Zaklju\u010dek<\/h3>\n<p>Izbolj\u0161ajte svoje potovanje z vapingom z <strong>UZY Bang Digital 15000 puffs Vape<\/strong>. Ta naprava zdru\u017euje <strong>najsodobnej\u0161a tehnologija<\/strong>, <strong>uporabniku prijazno prilagajanje<\/strong>in vrhunsko zmogljivost za vrhunsko izku\u0161njo. Potopite se v vsak puh, saj veste, da je zasnovan tako, da presega pri\u010dakovanja in poskrbi, da bodo va\u0161e seanse potekale brez te\u017eav.<\/p>","protected":false},"excerpt":{"rendered":"<p>Izku\u0161nje <strong>visoko zmogljivo vapiranje<\/strong> z napravo UZY Bang Digital 15000. Vsebuje a <strong>dolgotrajna 850 mAh baterija<\/strong>, <strong>15000 vpihov<\/strong>in <strong>20 ml vnaprej napolnjene teko\u010dine<\/strong>.<br \/>U\u017eivajte v <strong>ve\u010d ravni nikotina<\/strong> vklju\u010dno z 0%, 2%, 3%, 5% in razli\u010dnimi sve\u017eimi okusi e-sokov.<\/p>","protected":false},"featured_media":5417,"comment_status":"open","ping_status":"closed","template":"","meta":[],"product_brand":[237],"product_cat":[846],"product_tag":[564,112,350,562,563,561],"class_list":{"0":"post-5423","1":"product","2":"type-product","3":"status-publish","4":"has-post-thumbnail","6":"product_brand-uzy","7":"product_cat-uzy","8":"product_tag-custom-nicotine","9":"product_tag-disposable-vape","10":"product_tag-electronic-cigarette","11":"product_tag-long-lasting-battery","12":"product_tag-pre-filled-pod","13":"product_tag-uzy-bang-digital-15000-puffs","15":"first","16":"instock","17":"sale","18":"shipping-taxable","19":"purchasable","20":"product-type-variable"},"jetpack_sharing_enabled":true,"tiered_pricing_type":"fixed","tiered_pricing_fixed_rules":[],"tiered_pricing_product_settings":{"layout":"default","base_unit_name":{"singular":null,"plural":null},"default_variation":null},"tiered_pricing_minimum_quantity":null,"tiered_pricing_roles_data":[],"tiered_pricing_percentage_rules":[],"tiered_pricing_maximum_quantity":null,"tiered_pricing_quantity_step":null,"_links":{"self":[{"href":"https:\/\/frvape.com\/sl\/wp-json\/wp\/v2\/product\/5423","targetHints":{"allow":["GET"]}}],"collection":[{"href":"https:\/\/frvape.com\/sl\/wp-json\/wp\/v2\/product"}],"about":[{"href":"https:\/\/frvape.com\/sl\/wp-json\/wp\/v2\/types\/product"}],"replies":[{"embeddable":true,"href":"https:\/\/frvape.com\/sl\/wp-json\/wp\/v2\/comments?post=5423"}],"wp:featuredmedia":[{"embeddable":true,"href":"https:\/\/frvape.com\/sl\/wp-json\/wp\/v2\/media\/5417"}],"wp:attachment":[{"href":"https:\/\/frvape.com\/sl\/wp-json\/wp\/v2\/media?parent=5423"}],"wp:term":[{"taxonomy":"product_brand","embeddable":true,"href":"https:\/\/frvape.com\/sl\/wp-json\/wp\/v2\/product_brand?post=5423"},{"taxonomy":"product_cat","embeddable":true,"href":"https:\/\/frvape.com\/sl\/wp-json\/wp\/v2\/product_cat?post=5423"},{"taxonomy":"product_tag","embeddable":true,"href":"https:\/\/frvape.com\/sl\/wp-json\/wp\/v2\/product_tag?post=5423"}],"curies":[{"name":"wp","href":"https:\/\/api.w.org\/{rel}","templated":true}]}}