{"id":5850,"date":"2025-10-12T08:30:00","date_gmt":"2025-10-12T08:30:00","guid":{"rendered":"https:\/\/frvape.com\/product\/jnr-media-max-40000-disposable-vape-5-nic-40000-puffs-hd-screen-smart-features\/"},"modified":"2025-12-16T08:45:25","modified_gmt":"2025-12-16T08:45:25","slug":"jnr-media-max-40000-enkratno-vape-5-nic-40000-puffs-hd-zaslon-pametne-funkcije","status":"publish","type":"product","link":"https:\/\/frvape.com\/sl\/product\/jnr-media-max-40000-enkratno-vape-5-nic-40000-puffs-hd-zaslon-pametne-funkcije\/","title":{"rendered":"Jnr Media Max 40000 Vape za enkratno uporabo - 5% Nic, 40000 Puffs, HD zaslon in pametne funkcije"},"content":{"rendered":"<h3>Revolucionarna izku\u0161nja vapinga<\/h3>\n<p>JNR\u00ae MediaMax na novo opredeljuje vaping za enkratno uporabo s prebojno tehnologijo, ki premika meje okusov in prebuja va\u0161e \u010dute. Njegova prevelika <strong>2,4-pal\u010dni zaslon HD<\/strong> zagotavlja osupljive vizualne u\u010dinke, medtem ko<strong> Povezljivost Bluetooth<\/strong> omogo\u010da upravljanje z aplikacijami za pametne telefone za resni\u010dno interaktivno izku\u0161njo. U\u017eivajte v prilagodljivih sejah z <strong>dvojni na\u010dini izhodne mo\u010di<\/strong>: V navadnem na\u010dinu za dalj\u0161e 40000 vpihov ali v pulznem na\u010dinu za intenzivnih 20000 vpihov.<\/p>\n<h3>Funkcije pametne tehnologije<\/h3>\n<p>To ni le vape - to je ve\u010dnamenska pametna naprava! Z napravo lahko neposredno kli\u010dete in sprejemate klice, po\u0161iljate besedilna sporo\u010dila in celo aktivirate <strong>oddaljena kamera<\/strong> za prostoro\u010dno fotografiranje. Nikoli ve\u010d ne izgubite opreme z inovativnim <strong>Poi\u0161\u010dite svoj telefon\/kamero<\/strong> funkcija, ki takoj poi\u0161\u010de seznanjene naprave.<\/p>\n<h3>Neprekosljive specifikacije zmogljivosti<\/h3>\n<p>Mo\u010dan vir <strong>1000 mAh baterija<\/strong> zagotavlja dolgotrajno uporabo, medtem ko masivna <strong>21 ml e-teko\u010dine<\/strong> zagotavlja enakomeren okus. Na\u0161 <strong>dvojna mre\u017ena tuljava<\/strong> sistem uporablja tradicionalno tehnologijo dvojnega razpr\u0161ilnika za podvojitev proizvodnje pare in izbolj\u0161anje ekstrakcije okusa. Prilagodite upor pri vle\u010denju z nastavkom <strong>nastavljiv pretok zraka<\/strong> nadzorujte, da ustvarite popolno gostoto oblakov.<\/p>\n<h3>10 mo\u017enosti eksplozivnih okusov<\/h3>\n<p>Izbirate lahko med na\u0161imi vrhunskimi okusi nikotinske soli za e-teko\u010dine, ki so izbrani za najve\u010dje zadovoljstvo:<br \/>Led iz lubenice<br \/>Jagodni led<br \/>Kisli jabol\u010dni led<br \/>Blue Razz Ice<br \/>Jagoda Banana<br \/>\u010ce\u0161nja Jagoda Malina<br \/>Borovnica lubenica<br \/>Menjalnica Miami<br \/>Fcuking Fab<br \/>Breskev mango lubenica<\/p>\n<h3>Premium oblikovanje in funkcionalnost<\/h3>\n<p>Naprava z dimenzijami 69 \u00d7 32 \u00d7 116 mm je v prefinjeni oksidaciji s peskanjem in zdru\u017euje ergonomsko zasnovo z vrhunsko estetiko. Spletna stran <strong>tehnologija dvojne tuljave<\/strong> se odlikuje z ohranjanjem okusa in ustvarja bogatej\u0161e oblake pare z niansiranimi profili okusov za vrhunska senzori\u010dna do\u017eivetja. Vsaka podrobnost je zasnovana za odli\u010dnost - od mehanizma za v\u017eig, ki se aktivira z vle\u010denjem, do vrhunskega ob\u010dutka v ustih.<\/p>\n<h3>Pregled tehni\u010dnih specifikacij<\/h3>\n<p><strong>Prikaz<\/strong>: 2,4\u2033 zaslon HD<br \/><strong>Povezljivost<\/strong>: Nadzor aplikacije Bluetooth<br \/><strong>Na\u010dini Puff<\/strong>: Obi\u010dajni (40000 oblog), pulzni (20000 oblog)<br \/><strong>Sistem tuljav<\/strong>: Tehnologija dvojne mre\u017ee<br \/><strong>Zmogljivost rezervoarja<\/strong>: 21 ml z 5% nikotina<br \/><strong>Baterija<\/strong>: Vgrajena 1000 mAh<br \/><strong>Dimenzije<\/strong>: 69 \u00d7 32 \u00d7 116 mm<br \/><strong>Zna\u010dilnosti<\/strong>: Funkcija klicanja, po\u0161iljanje besedilnih sporo\u010dil, oddaljena kamera, iskalnik naprav<\/p>","protected":false},"excerpt":{"rendered":"<p>Izkusite revolucionarno <strong>Jnr Media Max 40000<\/strong> vape za enkratno uporabo z velikim <strong>2,4-pal\u010dni zaslon HD<\/strong> in pametno povezljivostjo.<br \/>U\u017eivajte do <strong>40000 puffov<\/strong> s spletno stranjo . <strong>5% nikotin<\/strong>, <strong>nastavljiv pretok zraka<\/strong>in izbirate med 10 eksplozivnimi okusi za popolno zadovoljstvo.<\/p>","protected":false},"featured_media":5844,"comment_status":"open","ping_status":"closed","template":"","meta":[],"product_brand":[88],"product_cat":[1016,1089],"product_tag":[389,112,595,426,593,594],"class_list":{"0":"post-5850","1":"product","2":"type-product","3":"status-publish","4":"has-post-thumbnail","6":"product_brand-jnr","7":"product_cat-big-puffs-vapes","8":"product_cat-jnr","9":"product_tag-40000-puffs-vape","10":"product_tag-disposable-vape","11":"product_tag-dual-coil-vape","12":"product_tag-hd-screen-vape","13":"product_tag-jnr-media-max-40000","14":"product_tag-smart-vape","16":"first","17":"instock","18":"sale","19":"shipping-taxable","20":"purchasable","21":"product-type-variable"},"jetpack_sharing_enabled":true,"tiered_pricing_type":"fixed","tiered_pricing_fixed_rules":[],"tiered_pricing_product_settings":{"layout":"default","base_unit_name":{"singular":null,"plural":null},"default_variation":null},"tiered_pricing_minimum_quantity":null,"tiered_pricing_roles_data":[],"tiered_pricing_percentage_rules":[],"tiered_pricing_maximum_quantity":null,"tiered_pricing_quantity_step":null,"_links":{"self":[{"href":"https:\/\/frvape.com\/sl\/wp-json\/wp\/v2\/product\/5850","targetHints":{"allow":["GET"]}}],"collection":[{"href":"https:\/\/frvape.com\/sl\/wp-json\/wp\/v2\/product"}],"about":[{"href":"https:\/\/frvape.com\/sl\/wp-json\/wp\/v2\/types\/product"}],"replies":[{"embeddable":true,"href":"https:\/\/frvape.com\/sl\/wp-json\/wp\/v2\/comments?post=5850"}],"wp:featuredmedia":[{"embeddable":true,"href":"https:\/\/frvape.com\/sl\/wp-json\/wp\/v2\/media\/5844"}],"wp:attachment":[{"href":"https:\/\/frvape.com\/sl\/wp-json\/wp\/v2\/media?parent=5850"}],"wp:term":[{"taxonomy":"product_brand","embeddable":true,"href":"https:\/\/frvape.com\/sl\/wp-json\/wp\/v2\/product_brand?post=5850"},{"taxonomy":"product_cat","embeddable":true,"href":"https:\/\/frvape.com\/sl\/wp-json\/wp\/v2\/product_cat?post=5850"},{"taxonomy":"product_tag","embeddable":true,"href":"https:\/\/frvape.com\/sl\/wp-json\/wp\/v2\/product_tag?post=5850"}],"curies":[{"name":"wp","href":"https:\/\/api.w.org\/{rel}","templated":true}]}}