{"id":5905,"date":"2025-10-12T08:41:16","date_gmt":"2025-10-12T08:41:16","guid":{"rendered":"https:\/\/frvape.com\/product\/bang-32000-disposable-vape-up-to-32000-puffs-high-capacity-12-flavors\/"},"modified":"2025-12-16T09:56:59","modified_gmt":"2025-12-16T09:56:59","slug":"bang-32000-za-enkratno-uporabo-vape-do-32000-puffov-visoka-zmogljivost-12-okusov","status":"publish","type":"product","link":"https:\/\/frvape.com\/sl\/product\/bang-32000-za-enkratno-uporabo-vape-do-32000-puffov-visoka-zmogljivost-12-okusov\/","title":{"rendered":"Bang 32000 Vape za enkratno uporabo - do 32.000 vdihov, visoka zmogljivost, 12 okusov"},"content":{"rendered":"<h3>Predstavljamo Bang 32000<\/h3>\n<p>Bang 32K za enkratno uporabo postavlja nove standarde z osupljivo <strong>32.000 vpihov<\/strong> v eni sami napravi, zasnovani za izjemno vzdr\u017eljivost in zmogljivost. Ta <strong>vape z visoko zmogljivostjo<\/strong> zdru\u017euje najsodobnej\u0161o tehnologijo in uporabniku prijazne funkcije ter tako zagotavlja neprimerljivo izku\u0161njo tako za za\u010detnike kot za izku\u0161ene vaperje. S svojo elegantno obliko in naprednimi sestavnimi deli odpravlja te\u017eave s polnjenjem in zamenjavami tuljav ter se osredoto\u010da na popoln u\u017eitek in udobje pri vapanju.<\/p>\n<h3>Napredne specifikacije in funkcije<\/h3>\n<p>Opremljen z dvojnim <strong>0,5\u03a9 mre\u017ene tuljave<\/strong>, Bang 32000 zagotavlja vrhunsko skladnost okusa in gosto proizvodnjo pare, ki izbolj\u0161a vsak poteg. . <strong>ogrevanje z mre\u017eo<\/strong> Sistem optimizira uparjanje e-teko\u010dine, kar pove\u010duje okus in zmanj\u0161uje koli\u010dino odpadkov. To zmogljivost poganja robusten <strong>Baterija za ponovno polnjenje 650 mAh<\/strong>, v paru z <strong>Vrata za polnjenje tipa C<\/strong> za hitro in u\u010dinkovito polnjenje - med vapingom ni ve\u010d zastojev.<\/p>\n<p>Naprava ima nastavljive nastavitve mo\u010di, s katerimi lahko prilagodite intenzivnost udarca svojim \u017eeljam, in intuitiven zaslon, ki prikazuje raven olja in baterije za spremljanje v realnem \u010dasu. Mo\u010d nikotina je od <strong>0% do 5%<\/strong>, ki ustrezajo razli\u010dnim \u017eeljam, ne glede na to, ali i\u0161\u010dete zadovoljiv nikotinski u\u010dinek ali alternative brez nikotina. Ta vsestranskost zagotavlja, da se Bang 32K prilagodi va\u0161emu \u017eivljenjskemu slogu in zagotavlja dolgotrajno <strong>\u017eivljenjska doba<\/strong> ki \u010dim bolj zmanj\u0161uje vpliv na okolje. Njegova ergonomska zgradba je idealna za uporabo na poti, saj se udobno dr\u017ei v roki, medtem ko konstrukcija, ki ne pu\u0161\u010da, pove\u010duje zanesljivost pri vsakodnevnem vapingu.<\/p>\n<h3>Raznolik izbor okusov<\/h3>\n<p>U\u017eivajte v vznemirljivosti 12 vrhunskih okusov za vape, ki so vsaki\u010d strokovno zme\u0161ani za sve\u017eino in raznolikost. Razi\u0161\u010dite na\u0161 seznam in poi\u0161\u010dite svojo popolno izbiro:<\/p>\n<ul>\n<li><strong>Borovnica malina<\/strong><\/li>\n<li><strong>jagoda kivi<\/strong><\/li>\n<li><strong>lubenica \u010ce\u0161nja<\/strong><\/li>\n<li><strong>Led iz lubenice<\/strong><\/li>\n<li><strong>Jagodna lubenica<\/strong><\/li>\n<li><strong>Ledena breskev<\/strong><\/li>\n<li><strong>Borovni\u010dev led<\/strong><\/li>\n<li><strong>Red Bull<\/strong><\/li>\n<li><strong>breskev mango<\/strong><\/li>\n<li><strong>LUBENI\u010cNI \u017dVE\u010cILNI GUMI<\/strong><\/li>\n<li><strong>Grozdni led<\/strong><\/li>\n<li><strong>Me\u0161ano sadje<\/strong><\/li>\n<\/ul>\n<p>Vsak okus je oblikovan tako, da zagotavlja \u017eivahno izku\u0161njo okusa, kar zagotavlja, da je vsak izpuh po\u017eivljajo\u010d in edinstven.<\/p>\n<h3>Zakaj Bang 32000 izstopa<\/h3>\n<p>Izkoristite prednosti tega <strong>visoko zmogljiv vape<\/strong>: njegova velika <strong>zmogljivost e-teko\u010dine<\/strong> in . <strong>\u017eivljenjska doba<\/strong> zmanj\u0161ujejo potrebo po pogostih zamenjavah, zato so okolju prijaznej\u0161i in stro\u0161kovno u\u010dinkovitej\u0161i. Spletna stran <strong>mre\u017ene tuljave<\/strong> zagotavljajo dosledne, intenzivne okuse brez za\u017eiganja, medtem ko nastavljive nastavitve in zaslon zagotavljajo enostaven nadzor nad va\u0161im potovanjem z vapiranjem. Bang 32000 je idealen za potovanja ali vsakodnevno uporabo in z inovacijami, ki dajejo prednost zadovoljstvu uporabnikov, na novo opredeljuje vaping za enkratno uporabo.<\/p>\n<p>Za resni\u010dno sve\u017eo izku\u0161njo ga pove\u017eite s svojim najljub\u0161im okusom z na\u0161ega obse\u017enega seznama in povzdignite svoje vapiranje na novo raven. Bang 32K ni le naprava, temve\u010d so to va\u0161a vrata do trajnega u\u017eitka in udobja v svetu vapinga. \u0160e danes investirajte v kakovost in odkrijte, zakaj je to najbolj\u0161a izbira za zanesljivo in aromati\u010dno vapiranje na zahtevo.<\/p>","protected":false},"excerpt":{"rendered":"<p>Spletna stran <strong>Bang 32000<\/strong> vape za enkratno uporabo zagotavlja do <strong>32.000 vpihov<\/strong> z <strong>zasnova z visoko zmogljivostjo<\/strong> in . <strong>0,5\u03a9 dvojne mre\u017ene tuljave<\/strong> za bogat okus in hlape. Ponuja stopnje nikotina od <strong>0% do 5%<\/strong>, je opremljen z <strong>32ml e-teko\u010dine<\/strong> in . <strong>Baterija 650 mAh<\/strong>.<br \/>U\u017eivajte v ve\u010d kot 12 osve\u017eilnih <strong>okusi vape<\/strong> za vrhunsko izku\u0161njo vapinga.<\/p>","protected":false},"featured_media":5897,"comment_status":"open","ping_status":"closed","template":"","meta":[],"product_brand":[107],"product_cat":[1072],"product_tag":[601,600,112,346,77,155],"class_list":{"0":"post-5905","1":"product","2":"type-product","3":"status-publish","4":"has-post-thumbnail","6":"product_brand-bang","7":"product_cat-bang","8":"product_tag-32000-puffs","9":"product_tag-bang-32000","10":"product_tag-disposable-vape","11":"product_tag-high-capacity-vape","12":"product_tag-mesh-coil-vape","13":"product_tag-vape-flavors","15":"first","16":"instock","17":"sale","18":"shipping-taxable","19":"purchasable","20":"product-type-variable"},"jetpack_sharing_enabled":true,"tiered_pricing_type":"fixed","tiered_pricing_fixed_rules":[],"tiered_pricing_product_settings":{"layout":"default","base_unit_name":{"singular":null,"plural":null},"default_variation":null},"tiered_pricing_minimum_quantity":null,"tiered_pricing_roles_data":[],"tiered_pricing_percentage_rules":[],"tiered_pricing_maximum_quantity":null,"tiered_pricing_quantity_step":null,"_links":{"self":[{"href":"https:\/\/frvape.com\/sl\/wp-json\/wp\/v2\/product\/5905","targetHints":{"allow":["GET"]}}],"collection":[{"href":"https:\/\/frvape.com\/sl\/wp-json\/wp\/v2\/product"}],"about":[{"href":"https:\/\/frvape.com\/sl\/wp-json\/wp\/v2\/types\/product"}],"replies":[{"embeddable":true,"href":"https:\/\/frvape.com\/sl\/wp-json\/wp\/v2\/comments?post=5905"}],"wp:featuredmedia":[{"embeddable":true,"href":"https:\/\/frvape.com\/sl\/wp-json\/wp\/v2\/media\/5897"}],"wp:attachment":[{"href":"https:\/\/frvape.com\/sl\/wp-json\/wp\/v2\/media?parent=5905"}],"wp:term":[{"taxonomy":"product_brand","embeddable":true,"href":"https:\/\/frvape.com\/sl\/wp-json\/wp\/v2\/product_brand?post=5905"},{"taxonomy":"product_cat","embeddable":true,"href":"https:\/\/frvape.com\/sl\/wp-json\/wp\/v2\/product_cat?post=5905"},{"taxonomy":"product_tag","embeddable":true,"href":"https:\/\/frvape.com\/sl\/wp-json\/wp\/v2\/product_tag?post=5905"}],"curies":[{"name":"wp","href":"https:\/\/api.w.org\/{rel}","templated":true}]}}