{"id":6178,"date":"2025-10-12T09:08:21","date_gmt":"2025-10-12T09:08:21","guid":{"rendered":"https:\/\/frvape.com\/product\/bang-box-30000-disposable-vape-30000-puffs-rechargeable-12-flavors\/"},"modified":"2025-11-04T01:44:21","modified_gmt":"2025-11-04T01:44:21","slug":"bang-box-30000-enkratno-vape-30000-puffs-polnilno-12-okusov","status":"publish","type":"product","link":"https:\/\/frvape.com\/sl\/product\/bang-box-30000-enkratno-vape-30000-puffs-polnilno-12-okusov\/","title":{"rendered":"Bang Box 30000 Vape za enkratno uporabo - 30.000 Puffs, polnjenje, 12 okusov"},"content":{"rendered":"<h3>Bang Box 30000 Puffs za enkratno uporabo Vape Pen<\/h3>\n<p>Dobrodo\u0161li v prihodnosti vapinga z <strong>Bang Box 30000<\/strong> vape pero za enkratno uporabo. Ta izjemna naprava na novo opredeljuje udobje in zadovoljstvo ter zagotavlja izku\u0161njo brez primere, ki je idealna za vse uporabnike. Bang Box je zasnovan z mislijo na inovativnost in prenosnost, zato je popoln tako za za\u010detnike kot za izku\u0161ene vaperje, saj ponuja dolgotrajno delovanje brez te\u017eav z vzdr\u017eevanjem ali polnjenjem. Pripravite se na zanesljivo in aromati\u010dno vapiranje kadar koli in kjer koli.<\/p>\n<h3>Klju\u010dne lastnosti<\/h3>\n<p>Bang Box 30000 je dokaz najsodobnej\u0161e tehnologije uparjanja, saj se pona\u0161a z izjemnim <strong>35ml e-teko\u010dine<\/strong> in robustno <strong>850 mAh akumulatorska baterija<\/strong>. Njegova napredna <strong>dvojna mre\u017ena tuljava<\/strong> zagotavlja bogato aromo in gladko ter enakomerno vle\u010denje. Ne glede na to, ali se spro\u0161\u010date doma ali se dru\u017eite s prijatelji, ta naprava zagotavlja zanesljivo delovanje, ki se kon\u010da z do <strong>30.000 vpihov<\/strong>. U\u017eivajte v uporabniku prijazni izku\u0161nji z enostavnim <strong>aktiviranje pri vdihavanju<\/strong> ki odpravlja zapletene nastavitve.<\/p>\n<p>Izjemna posebnost je intuitivna <strong>Zaslon SMART<\/strong>, ki v realnem \u010dasu spremlja \u017eivljenjsko dobo baterije in zagotavlja, da ste vedno pripravljeni. Ta funkcija pove\u010da splo\u0161no udobje, saj omogo\u010da nemoteno vapiranje pri vsakodnevni uporabi ali potovalnih dogodiv\u0161\u010dinah. Spletna stran . <strong>nastavljiv pretok zraka<\/strong> omogo\u010da prilagojeno nastavitev po va\u0161ih \u017eeljah, elegantna in ergonomska zasnova pa se udobno prilega roki in se zlahka spravi v \u017eep. Tehta le <strong>100g<\/strong>je lahek in prenosen, zato je idealen za zaseden \u017eivljenjski slog.<\/p>\n<h3>Specifikacije<\/h3>\n<p>Bang Box 30000 je zasnovan za optimalno delovanje in vklju\u010duje <strong>Odpornost 1,0\u03a9<\/strong> za u\u010dinkovito proizvodnjo pare in <strong>Vrata za polnjenje tipa C<\/strong> za hitro polnjenje. Podpira <strong>12 okusov<\/strong> da bodo va\u0161e seje vznemirljive, in je napolnjen z velikodu\u0161no <strong>36ml premium e-teko\u010dine<\/strong>. Ravni nikotina je mogo\u010de prilagoditi pri <strong>0%, 2%, 3% in 5%<\/strong>, kar omogo\u010da prilagodljivost za vse \u017eelje in zagotavlja prilagojeno nikotinsko izku\u0161njo brez kompromisov.<\/p>\n<h3>Razpolo\u017eljivi okusi<\/h3>\n<p>Privo\u0161\u010dite si \u0161iroko paleto okusov, ki bodo ustrezali vsakemu va\u0161emu razpolo\u017eenju. Na\u0161a bogata ponudba okusov vklju\u010duje:<br \/><strong>Trojni jagodi\u010devje<\/strong>,<br \/><strong>Malina temno iskrivo<\/strong>,<br \/><strong>Borovnica Granberry \u010ce\u0161nja<\/strong>,<br \/><strong>Borovnica malina<\/strong>,<br \/><strong>Melona<\/strong>,<br \/><strong>lubenica \u010ce\u0161nja<\/strong>,<br \/><strong>jagoda grozdje<\/strong>,<br \/><strong>Sve\u017ea meta<\/strong>,<br \/><strong>Mint Blue Razz<\/strong>,<br \/><strong>Borovni\u010dev led<\/strong>,<br \/><strong>Jagodna lubenica<\/strong>in<br \/><strong>jagoda kivi<\/strong>. Vse mo\u017enosti imajo uravnote\u017eene in \u017eivahne note, ki so kot nala\u0161\u010d za vsakodnevno u\u017eivanje.<\/p>\n<h3>Neprimerljive prednosti<\/h3>\n<p>Bang Box 30000 je zasnovan za najve\u010dje zadovoljstvo s svojimi <strong>veliko \u0161tevilo puhlic<\/strong> tako se izognete pogostemu polnjenju. Tako je njegova uporabnost veliko ve\u010dja kot pri standardnih izdelkih za enkratno uporabo, kar vam prihrani \u010das in denar. Spletna stran <strong>polnilna narava<\/strong> naprave zmanj\u0161uje koli\u010dino odpadkov in zagotavlja okolju prijaznej\u0161e vapiranje. Dodatne prednosti vklju\u010dujejo izbolj\u0161ano proizvodnjo pare zaradi <strong>dvojne mre\u017easte tuljave<\/strong>in <strong>ergonomski ob\u010dutek<\/strong> zaradi \u010desar ga je pri dalj\u0161i uporabi u\u017eitek dr\u017eati v rokah. Kot nala\u0161\u010d za veleprodajo, saj trgovcem na drobno omogo\u010da, da imajo na zalogi vrhunski izdelek, ki izpolnjuje razli\u010dne zahteve potro\u0161nikov.<\/p>\n<h3>Zakaj izbrati Bang Box?<\/h3>\n<p>Odlo\u010dite se za Bang Box 30000, ki bo va\u0161o pot vapinga popestril s profesionalno zmogljivostjo. Njegova stran <strong>lahka izdelava<\/strong> zato ga lahko brez te\u017eav vzamete s seboj kamor koli - na potovanja, dru\u017eabne dogodke ali vo\u017enjo na delo. Vsestranskost v <strong>vsebnost nikotina<\/strong> zagotavlja, da je namenjen vsem, od tistih, ki \u017eelijo opustiti kajenje z nadzorovanim vnosom, do navdu\u0161encev, ki i\u0161\u010dejo \u010disti okus. Poleg tega je <strong>Tehnologija SMART<\/strong> zagotavlja varnost in enostavnost ter prepre\u010duje nepri\u010dakovane zaustavitve. Na nenehno razvijajo\u010dem se trgu vapinga ta izdelek izstopa kot vodilni po inovativnosti, zanesljivosti in privla\u010dnosti za mno\u017eice.<\/p>","protected":false},"excerpt":{"rendered":"<p>Odkrijte vape za enkratno uporabo Bang Box 30000, ki vsebuje <strong>do 30.000 vpihov<\/strong> in mo\u010dan <strong>akumulatorska baterija<\/strong>.<br \/>Izbirate lahko med <strong>12 razli\u010dnih okusov<\/strong> in . <strong>0%, 2%, 3% ali 5% nikotina<\/strong> za vrhunsko izku\u0161njo vapinga.<br \/>U\u017eivajte v gladkem vle\u010denju z <strong>nastavljiv pretok zraka<\/strong> in <strong>kompaktna zasnova<\/strong> kot nala\u0161\u010d za uporabo na poti.<\/p>","protected":false},"featured_media":6172,"comment_status":"open","ping_status":"closed","template":"","meta":[],"product_brand":[108],"product_cat":[995],"product_tag":[111,112,222,154,103,617],"class_list":{"0":"post-6178","1":"product","2":"type-product","3":"status-publish","4":"has-post-thumbnail","6":"product_brand-bangbox","7":"product_cat-bangbox","8":"product_tag-bang-box-30000","9":"product_tag-disposable-vape","10":"product_tag-e-liquid-flavors","11":"product_tag-high-puff-vape","12":"product_tag-rechargeable-e-cigarette","13":"product_tag-vape-nicotine-options","15":"first","16":"instock","17":"sale","18":"shipping-taxable","19":"purchasable","20":"product-type-variable"},"jetpack_sharing_enabled":true,"tiered_pricing_type":"fixed","tiered_pricing_fixed_rules":[],"tiered_pricing_product_settings":{"layout":"default","base_unit_name":{"singular":null,"plural":null},"default_variation":null},"tiered_pricing_minimum_quantity":null,"tiered_pricing_roles_data":[],"tiered_pricing_percentage_rules":[],"tiered_pricing_maximum_quantity":null,"tiered_pricing_quantity_step":null,"_links":{"self":[{"href":"https:\/\/frvape.com\/sl\/wp-json\/wp\/v2\/product\/6178","targetHints":{"allow":["GET"]}}],"collection":[{"href":"https:\/\/frvape.com\/sl\/wp-json\/wp\/v2\/product"}],"about":[{"href":"https:\/\/frvape.com\/sl\/wp-json\/wp\/v2\/types\/product"}],"replies":[{"embeddable":true,"href":"https:\/\/frvape.com\/sl\/wp-json\/wp\/v2\/comments?post=6178"}],"wp:featuredmedia":[{"embeddable":true,"href":"https:\/\/frvape.com\/sl\/wp-json\/wp\/v2\/media\/6172"}],"wp:attachment":[{"href":"https:\/\/frvape.com\/sl\/wp-json\/wp\/v2\/media?parent=6178"}],"wp:term":[{"taxonomy":"product_brand","embeddable":true,"href":"https:\/\/frvape.com\/sl\/wp-json\/wp\/v2\/product_brand?post=6178"},{"taxonomy":"product_cat","embeddable":true,"href":"https:\/\/frvape.com\/sl\/wp-json\/wp\/v2\/product_cat?post=6178"},{"taxonomy":"product_tag","embeddable":true,"href":"https:\/\/frvape.com\/sl\/wp-json\/wp\/v2\/product_tag?post=6178"}],"curies":[{"name":"wp","href":"https:\/\/api.w.org\/{rel}","templated":true}]}}