{"id":6237,"date":"2025-10-12T09:11:58","date_gmt":"2025-10-12T09:11:58","guid":{"rendered":"https:\/\/frvape.com\/product\/elfbox-14000-puffs-rechargeable-disposable-vape-with-mesh-coil-25ml-e-liquid\/"},"modified":"2025-10-12T09:12:07","modified_gmt":"2025-10-12T09:12:07","slug":"elfbox-14000-puffs-polnilno-enkratno-vape-z-mrezasto-tuljavo-25ml-e-liquid","status":"publish","type":"product","link":"https:\/\/frvape.com\/sl\/product\/elfbox-14000-puffs-polnilno-enkratno-vape-z-mrezasto-tuljavo-25ml-e-liquid\/","title":{"rendered":"Elfbox 14000 Puffs polnjenje za enkratno uporabo Vape z mre\u017easto tuljavo in 25 ml E-teko\u010dine"},"content":{"rendered":"<h3>ELF BOX 14.000 puffov: Puffi: revolucionarna sprememba pri vapingu za enkratno uporabo<\/h3>\n<p>Spletna stran <strong>Elfbox 14000<\/strong> na novo opredeljuje vrhunsko vaping z izjemno zmogljivostjo 14.000 izpuhov. Zasnovan za najve\u010dje zadovoljstvo, ta <strong>polnjenje za enkratno uporabo vape<\/strong> ima ogromno <strong>25ml rezervoar za e-teko\u010dino<\/strong> in integrirano <strong>Baterija s kapaciteto 600 mAh<\/strong> ki vzdr\u017ei dalj\u0161e seje. Hitro polnjenje s tipom C odpravlja izpade, medtem ko najsodobnej\u0161i <strong>Mesh tuljava 1.0ohm<\/strong> zagotavlja neprimerljivo intenzivnost okusa pri vsakem potegu.<\/p>\n<h3>Neprimerljiva zmogljivost in prilagajanje<\/h3>\n<p>Prilagodite svojo izku\u0161njo s prilagodljivimi <strong>jakosti nikotina: 0%, 2%, 3% ali 5%<\/strong>. Trpe\u017ena konstrukcija iz osebnega ra\u010dunalnika je odporna na vsakodnevno uporabo, dinami\u010dna <strong>RGB osvetlitev<\/strong> sistem slu\u017ei tudi kot indikator baterije. Vsaka naprava vklju\u010duje priro\u010dno vrvico za prena\u0161anje, ki jo podpira <strong>1-letna garancija<\/strong> za zagotavljanje zanesljivosti.<\/p>\n<h3>Izku\u0161nja okusa, ki navdu\u0161uje<\/h3>\n<p>Prepustite se na\u0161emu skrbno izdelanemu spektru okusov:<br \/><strong>Red Bull<\/strong> - Navdu\u0161enje nad energijsko pija\u010do<br \/><strong>Grozdni led<\/strong> - So\u010dne jagode z ledenim zaklju\u010dkom<br \/><strong>breskev mango<\/strong> - Fuzija tropskega ko\u0161\u010di\u010dastega sadja<br \/><strong>Cherry Soda<\/strong> - \u0160ume\u010da \u010de\u0161njeva penina<br \/><strong>Mint Ice<\/strong> - Arkti\u010dno sve\u017ea poprova meta<br \/><strong>Dvojno jabolko<\/strong> - Hrustljava me\u0161anica dveh jabolk<br \/><strong>Jagodna lubenica<\/strong> - Poletna jagodna me\u0161anica<br \/><strong>Jagodni led<\/strong> - Ohlajen jagodni izbruh<br \/><strong>Blue Razz Ice<\/strong> - Trpka modra malina ohladi<br \/><strong>Bujni led<\/strong> - Sve\u017eina lubenice z mentolom<\/p>\n<h3>Specifikacije Premium<\/h3>\n<p>- Puffs: <strong>14,000<\/strong><br \/>- Jedro: <strong>Mesh tuljava 1.0ohm<\/strong><br \/>- E-teko\u010dina: <strong>25 ml<\/strong><br \/>- Nikotin: <strong>0%\/2%\/3%\/5%<\/strong><br \/>- Baterija: <strong>600 mAh za polnjenje<\/strong><br \/>- Polnjenje: <strong>USB tipa C<\/strong><br \/>- Lastnosti: <strong>RGB osvetlitev + povodec<\/strong><br \/>- Velikost: 35x36x133,5 mm | Te\u017ea: 100 g<\/p>\n<h3>U\u010dinkovitost v razsutem stanju<\/h3>\n<p>Optimizirano za distribucijo na debelo:<br \/>- <strong>10 naprav v notranji \u0161katli<\/strong><br \/>- <strong>200 enot na glavno \u0161katlo<\/strong><br \/>- Dimenzije \u0161katle: 400x385x295mm<br \/>- Bruto te\u017ea: <strong>20,7 kg<\/strong><\/p>\n<h3>Najbolj\u0161i spremljevalec za uparjanje<\/h3>\n<p>Z <strong>Elfbox 14000<\/strong>, u\u017eivajte v neprekinjenih sejah, ki jih poganja visokozmogljiva tehnika. Spletna stran <strong>Tehnologija mre\u017easte tuljave<\/strong> omogo\u010da ve\u010dplastne okuse, ergonomska oblika pa se odli\u010dno prilega roki. Ne glede na to, ali vam je ljub\u0161e u\u017eivanje brez nikotina ali mo\u010dnej\u0161e zadovoljstvo, ta naprava zagotavlja <strong>izjemna proizvodnja pare<\/strong> in dolgo\u017eivost. Izbolj\u0161ajte svoje potovanje z vapingom z inovativnim pristopom Elfboxa k odli\u010dnosti za enkratno uporabo.<\/p>","protected":false},"excerpt":{"rendered":"<p>Do\u017eivite <strong>Elfbox 14000<\/strong> vape za enkratno uporabo z ogromno <strong>25 ml e-sijaja<\/strong> in . <strong>14.000 oblivov<\/strong>. Vsebuje a <strong>akumulatorska baterija 600 mAh<\/strong> prek vrat Type-C, prilagodljivo <strong>jakosti nikotina (0%-5%)<\/strong>in <strong>Tehnologija mre\u017easte tuljave<\/strong> za bogat okus. Vklju\u010duje \u017eivahne <strong>RGB osvetlitev<\/strong> in vrvico.<\/p>","protected":false},"featured_media":6231,"comment_status":"open","ping_status":"closed","template":"","meta":[],"product_brand":[206],"product_cat":[207],"product_tag":[619,618,400,620,75,621],"class_list":{"0":"post-6237","1":"product","2":"type-product","3":"status-publish","4":"has-post-thumbnail","6":"product_brand-elfbox","7":"product_cat-elfbox-vape","8":"product_tag-14000-puffs-vape","9":"product_tag-elfbox-14000","10":"product_tag-long-lasting-vape","11":"product_tag-mesh-coil-elfbox","12":"product_tag-rechargeable-disposable-vape","13":"product_tag-vape-bulk-wholesale","15":"first","16":"instock","17":"sale","18":"shipping-taxable","19":"purchasable","20":"product-type-variable"},"jetpack_sharing_enabled":true,"tiered_pricing_type":"fixed","tiered_pricing_fixed_rules":[],"tiered_pricing_product_settings":{"layout":"default","base_unit_name":{"singular":null,"plural":null},"default_variation":null},"tiered_pricing_minimum_quantity":null,"tiered_pricing_roles_data":[],"tiered_pricing_percentage_rules":[],"tiered_pricing_maximum_quantity":null,"tiered_pricing_quantity_step":null,"_links":{"self":[{"href":"https:\/\/frvape.com\/sl\/wp-json\/wp\/v2\/product\/6237","targetHints":{"allow":["GET"]}}],"collection":[{"href":"https:\/\/frvape.com\/sl\/wp-json\/wp\/v2\/product"}],"about":[{"href":"https:\/\/frvape.com\/sl\/wp-json\/wp\/v2\/types\/product"}],"replies":[{"embeddable":true,"href":"https:\/\/frvape.com\/sl\/wp-json\/wp\/v2\/comments?post=6237"}],"wp:featuredmedia":[{"embeddable":true,"href":"https:\/\/frvape.com\/sl\/wp-json\/wp\/v2\/media\/6231"}],"wp:attachment":[{"href":"https:\/\/frvape.com\/sl\/wp-json\/wp\/v2\/media?parent=6237"}],"wp:term":[{"taxonomy":"product_brand","embeddable":true,"href":"https:\/\/frvape.com\/sl\/wp-json\/wp\/v2\/product_brand?post=6237"},{"taxonomy":"product_cat","embeddable":true,"href":"https:\/\/frvape.com\/sl\/wp-json\/wp\/v2\/product_cat?post=6237"},{"taxonomy":"product_tag","embeddable":true,"href":"https:\/\/frvape.com\/sl\/wp-json\/wp\/v2\/product_tag?post=6237"}],"curies":[{"name":"wp","href":"https:\/\/api.w.org\/{rel}","templated":true}]}}