{"id":6767,"date":"2025-10-13T01:51:54","date_gmt":"2025-10-13T01:51:54","guid":{"rendered":"https:\/\/frvape.com\/product\/waspe-15000-disposable-vape-15000-puffs-22ml-e-liquid-nicotine-options\/"},"modified":"2025-11-26T08:44:59","modified_gmt":"2025-11-26T08:44:59","slug":"waspe-15000-enkratno-vape-15000-puffs-22ml-e-tekocine-nikotinske-moznosti","status":"publish","type":"product","link":"https:\/\/frvape.com\/sl\/product\/waspe-15000-enkratno-vape-15000-puffs-22ml-e-tekocine-nikotinske-moznosti\/","title":{"rendered":"Waspe 15000 Vape za enkratno uporabo | 15000 Puffs | 22ml E-teko\u010dina | Nikotinske mo\u017enosti"},"content":{"rendered":"<p>Do\u017eivite vrhunec odli\u010dnosti vapinga z modelom <strong>Waspe 15000 PUFFS<\/strong> naprava za enkratno uporabo, skrbno izdelana za izbolj\u0161anje va\u0161ega potovanja z vapingom. Ta vrhunska ponudba z naprednimi funkcijami in prefinjenim svetle\u010dim se valovitim dizajnom izstopa v svetu vaping naprav za enkratno uporabo. Potopite se v intenziven okus in zadovoljstvo z na\u0161im vrhuncem inovacij na podro\u010dju vapinga.<\/p>\n<p>Opremljen z <strong>Pametno prepre\u010devanje suhih udarcev<\/strong> tehnologijo in izpopolnjeno mre\u017easto tuljavo za bolj\u0161i okus, je <strong>Waspe 15000 PUFFS<\/strong> zagotavlja dosledno gladko izku\u0161njo vapinga. Obse\u017eno ohi\u0161je <strong>22ml rezervoar za e-teko\u010dino<\/strong> omogo\u010da dalj\u0161e vaping seanse brez pogostega polnjenja, medtem ko zmogljiva <strong>850 mAh akumulatorska baterija<\/strong> zagotavlja dolgotrajno delovanje. Ta naprava je opremljena z elegantnim zaslonom LED in sodobno estetiko ter brez te\u017eav zdru\u017euje vrhunsko zmogljivost s slogom.<\/p>\n<h3>Klju\u010dne lastnosti<\/h3>\n<p><strong>Mo\u017enosti nikotina:<\/strong> Prilagodite svojo izku\u0161njo s koncentracijami nikotina 0%, 2%, 3% ali 5% za prilagojeno zadovoljstvo.<br \/>\n<strong>Kapaciteta Puff:<\/strong> U\u017eivajte v izjemnem <strong>15.000 vpihov<\/strong> na napravo za dolgotrajen u\u017eitek pri vapanju.<br \/>\n<strong>Velika kapaciteta e-teko\u010dine:<\/strong> <strong>22 ml<\/strong> rezervoar bistveno zmanj\u0161a pogostost polnjenja.<br \/>\n<strong>Zaslon LCD:<\/strong> Spremljanje v realnem \u010dasu prek jasnega zaslona LED za meritve baterije in porabe.<br \/>\n<strong>Baterija za ponovno polnjenje:<\/strong> Ima zna\u010dilnosti an <strong>850 mAh<\/strong> baterijo z <strong>Polnjenje tipa C<\/strong> za priro\u010dna dodatna pooblastila.<br \/>\n<strong>Napredna tehnologija tuljave:<\/strong> <strong>1ohm mre\u017easta tuljava<\/strong> pove\u010da gostoto pare in intenzivnost okusa.<br \/>\n<strong>Pakiranje v razsutem stanju:<\/strong> Idealno za prodajo na debelo - vsak karton vsebuje 200 naprav.<\/p>\n<h3>Tehni\u010dne specifikacije<\/h3>\n<ul>\n<li>Puffs: <strong>15.000 puffov<\/strong><\/li>\n<li>Navijalka: <strong>Dvojna mre\u017easta tuljava (1ohm)<\/strong><\/li>\n<li>Kapaciteta e-teko\u010dine: <strong>22 ml<\/strong><\/li>\n<li>Mo\u017enosti nikotina: <strong>0% \/ 2% \/ 3% \/ 5%<\/strong><\/li>\n<li>Baterija: <strong>850 mAh za polnjenje<\/strong><\/li>\n<li>Priklju\u010dek za polnjenje: <strong>Type-C<\/strong><\/li>\n<li>Zaslon: <strong>Zaslon LED<\/strong><\/li>\n<li>Dimenzije: <strong>35 x 34 x 149 mm<\/strong><\/li>\n<li>Te\u017ea: <strong>103g<\/strong><\/li>\n<\/ul>\n<h3>Razveseljiva paleta okusov<\/h3>\n<p>Odkrijte svoj popoln okus v na\u0161i vrhunski ponudbi okusov:<\/p>\n<ul>\n<li><strong>Borovni\u010dev led<\/strong><\/li>\n<li><strong>Cherry Ice<\/strong><\/li>\n<li><strong>Blue Razz Lemon<\/strong><\/li>\n<li><strong>Jagoda Mango<\/strong><\/li>\n<li><strong>Oran\u017ena soda<\/strong><\/li>\n<li><strong>Ledena breskev<\/strong><\/li>\n<li><strong>Aloe grozdje<\/strong><\/li>\n<li><strong>Dvojno jabolko<\/strong><\/li>\n<li><strong>Led iz lubenice<\/strong><\/li>\n<li><strong>Me\u0161ano jagodi\u010devje<\/strong><\/li>\n<li><strong>jagoda kivi<\/strong><\/li>\n<li><strong>Jagodna lubenica<\/strong><\/li>\n<\/ul>\n<p>&nbsp;<\/p>\n<p>Ne glede na to, ali ste za\u010detnik ali poznavalec vapinga, je <strong>Waspe 15000<\/strong> zagotavlja neprimerljivo udobje in zanesljivost. Vsaka naprava zdru\u017euje najsodobnej\u0161o tehnologijo uparjanja z elegantno prenosljivostjo, ki je kot nala\u0161\u010d za celodnevno uporabo. Zaradi mo\u017enosti pakiranja v razsutem stanju je to izjemna izbira za distributerje in trgovce na drobno.<\/p>\n<p>S tem vodilnim vapom za enkratno uporabo \u0161e danes izbolj\u0161ajte svojo pot vapinga. Ponuja izjemno vzdr\u017eljivost, prilagodljive ravni nikotina in impresivno zmogljivost. <strong>15.000-piha\u010dev<\/strong> \u017eivljenjska doba - <strong>Waspe 15000<\/strong> na novo opredeljuje odli\u010dnost vapinga za enkratno uporabo z vrhunskim in\u017eeniringom in senzacionalno dostavo okusa.<\/p>","protected":false},"excerpt":{"rendered":"<p>Izkusite vrhunsko vaping z <strong>Waspe 15000<\/strong> ponudba vape za enkratno uporabo <strong>15.000 vpihov<\/strong>, <strong>22ml e-teko\u010dine<\/strong> zmogljivost in <strong>0%\/2%\/3%\/5% nicotine<\/strong> mo\u017enosti. Ima akumulatorsko baterijo <strong>850 mAh baterija<\/strong> in napredne <strong>tehnologija mre\u017enih tuljav<\/strong> za intenziven okus.<\/p>","protected":false},"featured_media":6762,"comment_status":"open","ping_status":"closed","template":"","meta":[],"product_brand":[332],"product_cat":[1068],"product_tag":[280,112,77,115,657,658],"class_list":{"0":"post-6767","1":"product","2":"type-product","3":"status-publish","4":"has-post-thumbnail","6":"product_brand-waspe","7":"product_cat-waspe","8":"product_tag-15000-puffs","9":"product_tag-disposable-vape","10":"product_tag-mesh-coil-vape","11":"product_tag-rechargeable-vape","12":"product_tag-waspe-15000","13":"product_tag-wholesale-vape","15":"first","16":"instock","17":"sale","18":"shipping-taxable","19":"purchasable","20":"product-type-variable"},"jetpack_sharing_enabled":true,"tiered_pricing_type":"fixed","tiered_pricing_fixed_rules":[],"tiered_pricing_product_settings":{"layout":"default","base_unit_name":{"singular":null,"plural":null},"default_variation":null},"tiered_pricing_minimum_quantity":null,"tiered_pricing_roles_data":[],"tiered_pricing_percentage_rules":[],"tiered_pricing_maximum_quantity":null,"tiered_pricing_quantity_step":null,"_links":{"self":[{"href":"https:\/\/frvape.com\/sl\/wp-json\/wp\/v2\/product\/6767","targetHints":{"allow":["GET"]}}],"collection":[{"href":"https:\/\/frvape.com\/sl\/wp-json\/wp\/v2\/product"}],"about":[{"href":"https:\/\/frvape.com\/sl\/wp-json\/wp\/v2\/types\/product"}],"replies":[{"embeddable":true,"href":"https:\/\/frvape.com\/sl\/wp-json\/wp\/v2\/comments?post=6767"}],"wp:featuredmedia":[{"embeddable":true,"href":"https:\/\/frvape.com\/sl\/wp-json\/wp\/v2\/media\/6762"}],"wp:attachment":[{"href":"https:\/\/frvape.com\/sl\/wp-json\/wp\/v2\/media?parent=6767"}],"wp:term":[{"taxonomy":"product_brand","embeddable":true,"href":"https:\/\/frvape.com\/sl\/wp-json\/wp\/v2\/product_brand?post=6767"},{"taxonomy":"product_cat","embeddable":true,"href":"https:\/\/frvape.com\/sl\/wp-json\/wp\/v2\/product_cat?post=6767"},{"taxonomy":"product_tag","embeddable":true,"href":"https:\/\/frvape.com\/sl\/wp-json\/wp\/v2\/product_tag?post=6767"}],"curies":[{"name":"wp","href":"https:\/\/api.w.org\/{rel}","templated":true}]}}