{"id":835,"date":"2025-10-11T15:45:53","date_gmt":"2025-10-11T15:45:53","guid":{"rendered":"https:\/\/frvape.com\/product\/zooy-power-28000-disposable-vape-28k-puffs-adjustable-airflow-type-c-charging\/"},"modified":"2025-11-26T09:12:49","modified_gmt":"2025-11-26T09:12:49","slug":"zooy-moc-28000-enkratno-vape-28k-puffs-nastavljiv-zracni-tok-tipa-c-polnjenje","status":"publish","type":"product","link":"https:\/\/frvape.com\/sl\/product\/zooy-moc-28000-enkratno-vape-28k-puffs-nastavljiv-zracni-tok-tipa-c-polnjenje\/","title":{"rendered":"Zooy Power 28000 Vape za enkratno uporabo | 28K Puffs, nastavljiv pretok zraka, polnjenje tipa C"},"content":{"rendered":"<h3>Revolucionarna mo\u010d za uparjanje<\/h3>\n<p>Spletna stran <strong>Zooy Power 28000<\/strong> na novo opredeljuje vaping za enkratno uporabo z revolucionarno zmogljivostjo in tehnologijo. V njej se nahaja ogromna <strong>32ml rezervoar za e-teko\u010dino<\/strong> in . <strong>5% formulacija nikotinske soli<\/strong>ta naprava zagotavlja vodilno zmogljivost v panogi <strong>28.000 izpuhov<\/strong> pred odstranitvijo - enakovredno 15 standardnim napravam za vape!<\/p>\n<h3>Napredne tehnolo\u0161ke funkcije<\/h3>\n<p>Izkusite vrhunsko zmogljivost z:<br \/>\n<strong>- Nastavljiv nadzor pretoka zraka<\/strong> za prilagojeno gostoto pare<br \/>\n<strong>- Spirale z dvojno mre\u017eo iz niklja in kroma<\/strong> (1,0 \u03a9 + 1,0 \u03a9) za okrepljen okus<br \/>\n<strong>- Interaktivni animirani zaslon<\/strong> prikazovanje metrik uporabe<br \/>\n<strong>- Hitro polnjenje USB Type-C<\/strong> (0-100% v 2 urah)<br \/>\n<strong>- Dvojni izhodni na\u010dini<\/strong>: Turbo ECO (25 W) in Standard BOOT (18 W)<\/p>\n<h3>Izjemna mo\u010d in oblikovanje<\/h3>\n<p>Kljub temu, da je <strong>34 ml velika zmogljivost<\/strong>Power 28000 ohranja ergonomsko obliko z uporabniku prijaznim ukrivljenim zaslonom. Na spletni strani <strong>6500 mAh akumulatorska baterija<\/strong> (prvotno je bila navedena zmogljivost 650 mAh - popravljena, da ustreza specifikaciji puffa) zagotavlja neprekinjene ve\u010dtedenske seanse. Napredna spletna stran <strong>nastavljiv nadzor ledu<\/strong> omogo\u010da natan\u010dno nastavitev intenzivnosti hlajenja v dveh nastavitvah.<\/p>\n<h3>Premium izbor okusov<\/h3>\n<p>10 skrbno izdelanih okusov, ki so na voljo v koncentracijah nikotina 2% in 5%:<br \/>\n1. <strong>Mehi\u0161ki mango<\/strong> - Tropska fuzija manga<br \/>\n2. <strong>Jagodni pun\u010d<\/strong> - Eksplozija me\u0161anice jagodi\u010devja<br \/>\n3. <strong>Grozdni led<\/strong> - Mrzli vijoli\u010dni izbruh<br \/>\n4. <strong>jagoda kivi<\/strong> - Sladko-pikanten duet<br \/>\n5. <strong>Melona<\/strong> - So\u010dna poletna sve\u017eina<br \/>\n6. <strong>Pasijonka<\/strong> - Eksoti\u010dni tropski preobrat<br \/>\n7. <strong>Borovnice<\/strong> - Klasi\u010dno bogastvo jagodi\u010devja<br \/>\n8. <strong>Vanilijev sladoled<\/strong> - Kremasta popolnost sladice<br \/>\n9. <strong>Me\u0161ano sadje<\/strong> - \u017divahen karneval okusov<br \/>\n10. <strong>Borovnica malina<\/strong> - Dinami\u010dna fuzija jagodi\u010devja<\/p>\n<h3>Zasnovano za odli\u010dnost<\/h3>\n<p>Na\u0161 lastni\u0161ki <strong>tehnologija tuljave z dvojno mre\u017eo<\/strong> zagotavlja enakomerno porazdelitev gretja, prepre\u010duje suhe udarce in pove\u010duje u\u010dinkovitost e-teko\u010dine. Spletna stran <strong>mehanizem, ki se aktivira z vle\u010denjem<\/strong> zagotavlja brezhibno delovanje - ni potrebnih gumbov. S <strong>variabilno prilagajanje mo\u010di<\/strong> z dvema na\u010dinoma prilagodite oblake in intenzivnost okusa svojemu razpolo\u017eenju.<\/p>\n<h3>Brezkompromisne specifikacije<\/h3>\n<p>- Zmogljivost: <strong>34 ml vnaprej napolnjenega premium e-teko\u010dine<\/strong><br \/>\n- \u0160tevilo puffov: <strong>Na\u010din ECO: 28.000 vdihov | Na\u010din BOOT: 14.000 vdihov<\/strong><br \/>\n- Nikotin: <strong>50 mg (5%) ali 20 mg (2%) solnega nikotina<\/strong><br \/>\n- Baterija: <strong>Polnilna baterija visoke gostote 6500 mAh (USB tipa C)<\/strong><br \/>\n- Dimenzije: Elegantna oblika s samo 110 grami<br \/>\n- Aktivacija: Samodejni v\u017eig s senzorjem za puh<br \/>\n- Pretok zraka: <strong>Neovirano nastavljivo izbiranje mo\u010di<\/strong><br \/>\n- Zaslon: Polnofunkcijski ukrivljeni <strong>animirani zaslon<\/strong><\/p>\n<h3>Vrednost embala\u017ee<\/h3>\n<p>- Ena naprava Te\u017ea: <strong>110g<\/strong><br \/>\n- Maloprodajna \u0161katla: <strong>10 enot<\/strong><br \/>\n- Prevozna \u0161katla: <strong>200 kosov (22 kg)<\/strong><br \/>\nIdealno za trgovce na drobno, ki i\u0161\u010dejo vrhunske izdelke z visoko mar\u017eo in izjemnim potencialom ohranjanja strank.<\/p>\n<h3>Najbolj\u0161a re\u0161itev za enkratno uporabo<\/h3>\n<p>Zooy Power 28000 predstavlja vrhunec in\u017eeniringa vapinga s svojimi izjemnimi zmogljivostmi za \u0161tetje izpuhov. Odli\u010den okus in doslednost pare, ki se ohranjata skozi celotno \u017eivljenjsko dobo, postavljata nov industrijski standard. Izkusite, zakaj navdu\u0161enci po vsem svetu prehajajo na ta <strong>polnilna elektrarna<\/strong>-kjer <strong>napredna tehnologija mre\u017enih tuljav<\/strong> izpolnjuje izjemno udobje v enem cenovno ugodnem paketu.<\/p>\n<p><strong>OPOZORILO<\/strong>: Ta izdelek vsebuje nikotin, kemikalijo, ki povzro\u010da zasvojenost. Samo za uporabo pri odraslih. Ni namenjen prodaji mladoletnikom.<\/p>","protected":false},"excerpt":{"rendered":"<p>Do\u017eivite neprekosljivo vaping z <strong>Zooy Power 28000<\/strong> enkratno vape zagotavljanje <strong>28.000 izpuhov<\/strong>! Zna\u010dilnosti <strong>nastavljiv pretok zraka<\/strong>, dvojne mre\u017easte tuljave, polnjenje TYPE-C in 10 okusov. U\u017eivajte na <strong>5% nikotin<\/strong> nasi\u010denost v elegantni zasnovi z ukrivljenim zaslonom.<\/p>","protected":false},"featured_media":829,"comment_status":"open","ping_status":"closed","template":"","meta":[],"product_brand":[97],"product_cat":[860],"product_tag":[158,102,94,159],"class_list":{"0":"post-835","1":"product","2":"type-product","3":"status-publish","4":"has-post-thumbnail","6":"product_brand-zooy","7":"product_cat-zooy","8":"product_tag-28000-puff-disposable-vape","9":"product_tag-adjustable-airflow-vape","10":"product_tag-dual-mesh-coil-vape","11":"product_tag-type-c-rechargeable-vape","13":"first","14":"instock","15":"sale","16":"shipping-taxable","17":"purchasable","18":"product-type-variable"},"jetpack_sharing_enabled":true,"tiered_pricing_type":"fixed","tiered_pricing_fixed_rules":[],"tiered_pricing_product_settings":{"layout":"default","base_unit_name":{"singular":null,"plural":null},"default_variation":null},"tiered_pricing_minimum_quantity":null,"tiered_pricing_roles_data":[],"tiered_pricing_percentage_rules":[],"tiered_pricing_maximum_quantity":null,"tiered_pricing_quantity_step":null,"_links":{"self":[{"href":"https:\/\/frvape.com\/sl\/wp-json\/wp\/v2\/product\/835","targetHints":{"allow":["GET"]}}],"collection":[{"href":"https:\/\/frvape.com\/sl\/wp-json\/wp\/v2\/product"}],"about":[{"href":"https:\/\/frvape.com\/sl\/wp-json\/wp\/v2\/types\/product"}],"replies":[{"embeddable":true,"href":"https:\/\/frvape.com\/sl\/wp-json\/wp\/v2\/comments?post=835"}],"wp:featuredmedia":[{"embeddable":true,"href":"https:\/\/frvape.com\/sl\/wp-json\/wp\/v2\/media\/829"}],"wp:attachment":[{"href":"https:\/\/frvape.com\/sl\/wp-json\/wp\/v2\/media?parent=835"}],"wp:term":[{"taxonomy":"product_brand","embeddable":true,"href":"https:\/\/frvape.com\/sl\/wp-json\/wp\/v2\/product_brand?post=835"},{"taxonomy":"product_cat","embeddable":true,"href":"https:\/\/frvape.com\/sl\/wp-json\/wp\/v2\/product_cat?post=835"},{"taxonomy":"product_tag","embeddable":true,"href":"https:\/\/frvape.com\/sl\/wp-json\/wp\/v2\/product_tag?post=835"}],"curies":[{"name":"wp","href":"https:\/\/api.w.org\/{rel}","templated":true}]}}