{"id":9688,"date":"2025-10-31T16:01:45","date_gmt":"2025-10-31T16:01:45","guid":{"rendered":"https:\/\/frvape.com\/product\/mr-goodie-shisha-dual-mode-disposable-vape-30k-50k-puffs-with-mega-display\/"},"modified":"2025-12-16T08:28:34","modified_gmt":"2025-12-16T08:28:34","slug":"mr-goodie-shisha-dvojni-nacin-za-enkratno-uporabo-vape-30k-50k-puffs-z-mega-zaslonom","status":"publish","type":"product","link":"https:\/\/frvape.com\/sl\/product\/mr-goodie-shisha-dvojni-nacin-za-enkratno-uporabo-vape-30k-50k-puffs-z-mega-zaslonom\/","title":{"rendered":"Mr.Goodie SHISHA Dual-Mode Vape za enkratno uporabo - 30K\/50K Puffs z Mega zaslonom"},"content":{"rendered":"<h3>Vrhunska izku\u0161nja vapinga v dveh na\u010dinih<\/h3>\n<p>Spletna stran <strong>Gospod Goodie SHISHA<\/strong> na novo opredeljuje udobje in prilagajanje za vaperje, ki i\u0161\u010dejo vsestranskost. Izbirate lahko med <strong>Na\u010din DTL<\/strong> (tuljava 0,50\u03a9, 22 W) za 30.000 oblak usmerjenih puhov ali <strong>Na\u010din MTL<\/strong> (1,00\u03a9 tuljava, 12 W) za 50.000 zadovoljujo\u010dih nikotinskih puhov s soljo - za vse \u017eelje vapinga.<\/p>\n<h3>Napredne tehni\u010dne specifikacije<\/h3>\n<p>Poganja ga robusten <strong>1.100 mAh akumulatorska baterija<\/strong> in vnaprej napolnjeni z ekspanzivnimi <strong>Kapaciteta 40ml e-teko\u010dine<\/strong>, u\u017eivajte v dalj\u0161ih sejah brez prekinitev. Spletna stran <strong>mega zaslon<\/strong> v realnem \u010dasu spremlja \u017eivljenjsko dobo baterije, raven e-teko\u010dine in \u0161tevec izpuhov. Natan\u010dno prilagodite vsak vdih <strong>nastavljiv nadzor pretoka zraka<\/strong> in hitro <strong>Polnjenje tipa C<\/strong>.<\/p>\n<h3>Bogat izbor okusov<\/h3>\n<p>Na voljo v 12 \u017eivahnih solnih nikotinskih razli\u010dicah:<br \/>\n&#8211; <strong>Ljubezen 66<\/strong><br \/>\n&#8211; <strong>Brusnica P. Limona<\/strong><br \/>\n&#8211; <strong>Zme\u0161ajte sadje<\/strong><br \/>\n&#8211; <strong>Grozdna meta<\/strong><br \/>\n&#8211; <strong>Borovnica Lemon Mint<\/strong><br \/>\n&#8211; <strong>lubenica Bubble Gum<\/strong><br \/>\n&#8211; <strong>Cola Gummy<\/strong><br \/>\n&#8211; <strong>Dvojno jabolko<\/strong><br \/>\n&#8211; <strong>\u017dve\u010dilni gumi z zmajskim sadjem<\/strong><br \/>\n&#8211; <strong>Modri razz<\/strong><br \/>\n&#8211; <strong>Medeni melonin led<\/strong><br \/>\n&#8211; <strong>jagoda Lemon<\/strong><\/p>\n<h3>Zakaj izbrati SHISHA?<\/h3>\n<p>Ta vape za enkratno uporabo zdru\u017euje popolno prilagodljivost in izjemno zmogljivost. <strong>3mg\/6mg soli nikotina<\/strong> zagotavlja gladke udarce v grlo tako za za\u010detnike kot za navdu\u0161ence. Z inovativnim delovanjem dvojne tuljave, elegantno ergonomijo in tehnologijo za zaklepanje okusa, <strong>Gospod Goodie SHISHA<\/strong> je dokon\u010dna re\u0161itev za vaping z visokim izkoristkom za celodnevno zadovoljstvo. Odli\u010dnost okusa je na novo opredeljena z mo\u010dno proizvodnjo pare in vrhunskim in\u017eeniringom.<\/p>","protected":false},"excerpt":{"rendered":"<p><strong>Gospod Goodie SHISHA<\/strong> zagotavlja visoko zmogljivo vaping v dveh na\u010dinih s 30K <strong>DTL puhlice<\/strong> ali 50K <strong>MTL puhlice<\/strong>. Lastnosti <strong>nastavljiv pretok zraka<\/strong>, <strong>mega zaslon<\/strong>, zmogljivost 40 ml in polnjenje tipa C.<\/p>","protected":false},"featured_media":9682,"comment_status":"open","ping_status":"closed","template":"","meta":[],"product_brand":[769],"product_cat":[873],"product_tag":[1022,1021,102,799,800,798,159],"class_list":{"0":"post-9688","1":"product","2":"type-product","3":"status-publish","4":"has-post-thumbnail","6":"product_brand-mr-goodie","7":"product_cat-mr-goodie","8":"product_tag-000-puffs-vape","9":"product_tag-1021","10":"product_tag-adjustable-airflow-vape","11":"product_tag-dual-mode-disposable-vape","12":"product_tag-mega-display-vape","13":"product_tag-mr-goodie-shisha","14":"product_tag-type-c-rechargeable-vape","16":"first","17":"instock","18":"sale","19":"shipping-taxable","20":"purchasable","21":"product-type-variable"},"jetpack_sharing_enabled":true,"tiered_pricing_type":"fixed","tiered_pricing_fixed_rules":[],"tiered_pricing_product_settings":{"layout":"default","base_unit_name":{"singular":null,"plural":null},"default_variation":null},"tiered_pricing_minimum_quantity":null,"tiered_pricing_roles_data":[],"tiered_pricing_percentage_rules":[],"tiered_pricing_maximum_quantity":null,"tiered_pricing_quantity_step":null,"_links":{"self":[{"href":"https:\/\/frvape.com\/sl\/wp-json\/wp\/v2\/product\/9688","targetHints":{"allow":["GET"]}}],"collection":[{"href":"https:\/\/frvape.com\/sl\/wp-json\/wp\/v2\/product"}],"about":[{"href":"https:\/\/frvape.com\/sl\/wp-json\/wp\/v2\/types\/product"}],"replies":[{"embeddable":true,"href":"https:\/\/frvape.com\/sl\/wp-json\/wp\/v2\/comments?post=9688"}],"wp:featuredmedia":[{"embeddable":true,"href":"https:\/\/frvape.com\/sl\/wp-json\/wp\/v2\/media\/9682"}],"wp:attachment":[{"href":"https:\/\/frvape.com\/sl\/wp-json\/wp\/v2\/media?parent=9688"}],"wp:term":[{"taxonomy":"product_brand","embeddable":true,"href":"https:\/\/frvape.com\/sl\/wp-json\/wp\/v2\/product_brand?post=9688"},{"taxonomy":"product_cat","embeddable":true,"href":"https:\/\/frvape.com\/sl\/wp-json\/wp\/v2\/product_cat?post=9688"},{"taxonomy":"product_tag","embeddable":true,"href":"https:\/\/frvape.com\/sl\/wp-json\/wp\/v2\/product_tag?post=9688"}],"curies":[{"name":"wp","href":"https:\/\/api.w.org\/{rel}","templated":true}]}}