{"id":9799,"date":"2025-10-31T16:13:10","date_gmt":"2025-10-31T16:13:10","guid":{"rendered":"https:\/\/frvape.com\/product\/vopk-triple-60000-puffs-disposable-vape-with-triple-flavor-led-display\/"},"modified":"2025-11-04T01:55:39","modified_gmt":"2025-11-04T01:55:39","slug":"vopk-trojni-60000-puffs-enkratno-vape-s-trojnim-okusom-led-zaslona","status":"publish","type":"product","link":"https:\/\/frvape.com\/sl\/product\/vopk-trojni-60000-puffs-enkratno-vape-s-trojnim-okusom-led-zaslona\/","title":{"rendered":"VOPK Triple 60000 Puffs Vape za enkratno uporabo s trojnim okusom in LED zaslonom"},"content":{"rendered":"<h3>Najve\u010dja inovacija za uparjanje<\/h3>\n<p>Spletna stran <strong>VOPK Triple 60000 Puffs<\/strong> preoblikuje kategorijo vape za enkratno uporabo s svojo rekordno <strong>zmogljivost 60.000 izpihov<\/strong> in edinstvene <strong>sistem trojnega rezervoarja za okus<\/strong>. Ta elegantna naprava je idealna za ljubitelje okusov, saj omogo\u010da lahkotno menjavanje med tremi razli\u010dnimi me\u0161anicami e-teko\u010din, tako da bodo va\u0161e vaping seanse ob vsakem preklopu vznemirljive in sve\u017ee.<\/p>\n<h3>Napredna odli\u010dnost pri uparjanju<\/h3>\n<p>Zasnovan s tremi <strong>visoko zmogljive tuljave z mre\u017eo 0,9\u03a9<\/strong>, VOPK Triple 60000 zagotavlja dosledno bogato in gladko paro pri vsakem potegu. Njegova ogromna <strong>54 ml e-teko\u010dine<\/strong> drasti\u010dno zmanj\u0161a potrebo po polnjenju, medtem ko natan\u010dne tuljave zagotavljajo maksimalno proizvodnjo oblaka in celovitost okusa od za\u010detka do konca.<\/p>\n<h3>Uporabniku prijazna tehnologija<\/h3>\n<p>Poganja ga dolgotrajna <strong>Baterija za ponovno polnjenje 650 mAh<\/strong>, ta vape ponuja <strong>Hitro polnjenje tipa C<\/strong> da bi zmanj\u0161ali prekinitve in podalj\u0161ali u\u017eivanje v vapingu. Vgrajeni <strong>Prikazovalnik LED<\/strong> v realnem \u010dasu spremlja \u017eivljenjsko dobo baterije in raven e-teko\u010dine ter vam omogo\u010da popoln nadzor. Na voljo v <strong>2% mo\u010d nikotina<\/strong> odli\u010dno se ujema z 10 izvrstnimi kombinacijami trojnih okusov za neprimerljivo vsestranskost.<\/p>\n<h3>Kombinacije okusov<\/h3>\n<p>Prepustite se tem ekskluzivnim me\u0161anicam treh okusov:<br \/>Arbuzni sladoled in trojni melonin sladoled ter jagodni sladoled<br \/>Sour Mango Ananas in Red Bull Jagoda in \u010drni ribez Led<br \/>Jagoda lubenica in borovnica malina in limona limeta<br \/>Grozdni led in jagodni kivi in lubenica Red Bull<br \/>Dvojni jabol\u010dni led in tropsko sadje ter jagoda lubenica Bubblegum<br \/>Gumijasti medvedek in jagoda Vanilla Coke &amp; Blueberry Cotton Candy<br \/>Kivi Passion Fruit &amp; jagoda Cherry &amp; Love 66<br \/>Breskev Berry &amp; Blue Razz Ice &amp; Watermelon Peach Mango<br \/>Banana ananas &amp; Red Bull Ice &amp; Strawberry Mango<br \/>Jagoda banana in malina lubenica in ananas kokos<\/p>\n<h3>Zanesljiva gradnja in trajnost<\/h3>\n<p>Tehtanje le <strong>130g<\/strong> s kompaktnimi dimenzijami <strong>47 x 47 x 116 mm<\/strong>VOPK Triple 60000 je prenosen, vendar zmogljiv. Njegova ekolo\u0161ko ozave\u0161\u010dena zasnova vklju\u010duje trpe\u017eno embala\u017eo za po\u0161iljke v razsutem stanju, kar zagotavlja zanesljivost pri vsaki uporabi.<\/p>","protected":false},"excerpt":{"rendered":"<p>Do\u017eivite <strong>VOPK Triple 60000 Puffs<\/strong> vape za enkratno uporabo z revolucionarnim <strong>Sistem trojnega okusa 3 v 1<\/strong> in do <strong>60.000 vpihov<\/strong> na napravo. U\u017eivajte v nemoteni dostavi pare z <strong>mre\u017ene tuljave<\/strong>, a <strong>54 ml e-teko\u010dine<\/strong>in <strong>akumulatorska baterija<\/strong> s polnjenjem tipa C za dalj\u0161e seje.<\/p>","protected":false},"featured_media":9793,"comment_status":"open","ping_status":"closed","template":"","meta":[],"product_brand":[787],"product_cat":[890],"product_tag":[795,112,77,115,810,808],"class_list":{"0":"post-9799","1":"product","2":"type-product","3":"status-publish","4":"has-post-thumbnail","6":"product_brand-vopk","7":"product_cat-vopk","8":"product_tag-60000-puffs","9":"product_tag-disposable-vape","10":"product_tag-mesh-coil-vape","11":"product_tag-rechargeable-vape","12":"product_tag-triple-flavor-vape","13":"product_tag-vopk-triple-60000","15":"first","16":"instock","17":"sale","18":"shipping-taxable","19":"purchasable","20":"product-type-variable"},"jetpack_sharing_enabled":true,"tiered_pricing_type":"fixed","tiered_pricing_fixed_rules":[],"tiered_pricing_product_settings":{"layout":"default","base_unit_name":{"singular":null,"plural":null},"default_variation":null},"tiered_pricing_minimum_quantity":null,"tiered_pricing_roles_data":[],"tiered_pricing_percentage_rules":[],"tiered_pricing_maximum_quantity":null,"tiered_pricing_quantity_step":null,"_links":{"self":[{"href":"https:\/\/frvape.com\/sl\/wp-json\/wp\/v2\/product\/9799","targetHints":{"allow":["GET"]}}],"collection":[{"href":"https:\/\/frvape.com\/sl\/wp-json\/wp\/v2\/product"}],"about":[{"href":"https:\/\/frvape.com\/sl\/wp-json\/wp\/v2\/types\/product"}],"replies":[{"embeddable":true,"href":"https:\/\/frvape.com\/sl\/wp-json\/wp\/v2\/comments?post=9799"}],"wp:featuredmedia":[{"embeddable":true,"href":"https:\/\/frvape.com\/sl\/wp-json\/wp\/v2\/media\/9793"}],"wp:attachment":[{"href":"https:\/\/frvape.com\/sl\/wp-json\/wp\/v2\/media?parent=9799"}],"wp:term":[{"taxonomy":"product_brand","embeddable":true,"href":"https:\/\/frvape.com\/sl\/wp-json\/wp\/v2\/product_brand?post=9799"},{"taxonomy":"product_cat","embeddable":true,"href":"https:\/\/frvape.com\/sl\/wp-json\/wp\/v2\/product_cat?post=9799"},{"taxonomy":"product_tag","embeddable":true,"href":"https:\/\/frvape.com\/sl\/wp-json\/wp\/v2\/product_tag?post=9799"}],"curies":[{"name":"wp","href":"https:\/\/api.w.org\/{rel}","templated":true}]}}