{"id":6833,"date":"2025-10-13T02:15:51","date_gmt":"2025-10-13T02:15:51","guid":{"rendered":"https:\/\/frvape.com\/?page_id=6833"},"modified":"2025-10-13T06:28:40","modified_gmt":"2025-10-13T06:28:40","slug":"om-oss","status":"publish","type":"page","link":"https:\/\/frvape.com\/sv\/om-oss\/","title":{"rendered":"Om oss"},"content":{"rendered":"<div data-elementor-type=\"wp-page\" data-elementor-id=\"6833\" class=\"elementor elementor-6833\">\n\t\t\t\t<div class=\"elementor-element elementor-element-572db281 e-flex e-con-boxed e-con e-parent\" data-id=\"572db281\" data-element_type=\"container\">\n\t\t\t\t\t<div class=\"e-con-inner\">\n\t\t\t\t<div class=\"elementor-element elementor-element-21637a1a elementor-widget elementor-widget-text-editor\" data-id=\"21637a1a\" data-element_type=\"widget\" data-widget_type=\"text-editor.default\">\n\t\t\t\t\t\t\t\t\t<div style=\"width: 755px; max-width: 1570px; color: #232323; font-family: Lato, sans-serif;\">\n<h3 style=\"color: #0a0a0a; width: 755px;\">Bulkk\u00f6p av eng\u00e5ngsvapor online fr\u00e5n FR VAPE<\/h3>\n<\/div>\n<p dir=\"auto\" style=\"color: #232323; font-family: Lato, sans-serif;\">V\u00e4lkommen till<a href=\"https:\/\/frvape.com\/sv\/\"><span style=\"color: #00aae7;\"> FR vape<\/span><\/a>, din fr\u00e4msta onlinedestination f\u00f6r <span style=\"color: #00ccff;\">FR<a style=\"background-color: rgba(255, 255, 255, 0); color: #00ccff;\" href=\"https:\/\/frvape.com\/sv\/\">\u00a0Vapes<\/a><\/span>. Med en rik historia som str\u00e4cker sig \u00f6ver 5 \u00e5r i branschen \u00e4r vi stolta \u00f6ver att erbjuda ett varierat utbud av toppm\u00e4rken som Bang King, Al Fakher Vape, Vapeme, Waspe, RandM Tornado, Bang Box och mer.<\/p>\n<p dir=\"auto\" style=\"color: #232323; font-family: Lato, sans-serif;\">P\u00e5 FR vapes st\u00e5r vi som en ledstj\u00e4rna f\u00f6r excellens i v\u00e4rlden av elektronisk vaping. V\u00e5ra produkter har n\u00e5tt m\u00e5nga l\u00e4nder \u00f6ver hela v\u00e4rlden, ett bevis p\u00e5 v\u00e5rt engagemang f\u00f6r kvalitet och kundn\u00f6jdhet. Som erfarna proffs inom distribution av e-cigaretter tillgodoser vi b\u00e5de detaljhandelns och grossistf\u00f6retagens behov och ser till att v\u00e5ra kunder f\u00e5r de b\u00e4sta produkterna och tj\u00e4nsterna p\u00e5 marknaden.<\/p>\n<p dir=\"auto\" style=\"color: #232323; font-family: Lato, sans-serif;\">V\u00e5r webbplats,<a href=\"https:\/\/frvape.com\/sv\/\"> FR vape.com,<\/a> fungerar som ett nav f\u00f6r b\u00e5de entusiaster och nyb\u00f6rjare och erbjuder en s\u00f6ml\u00f6s shoppingupplevelse och ett stort urval av\u00a0<a style=\"background-color: rgba(255, 255, 255, 0); color: #1e73be;\" href=\"https:\/\/frvape.com\/sv\/\">e-cigarett f\u00f6r eng\u00e5ngsbruk<\/a>\u00a0alternativ. Oavsett om du s\u00f6ker de senaste innovationerna eller tidl\u00f6sa klassiker, \u00e4r FR vape din p\u00e5litliga partner i vapingv\u00e4rlden.<\/p>\n<p dir=\"auto\" style=\"color: #232323; font-family: Lato, sans-serif;\">F\u00f6lj med oss p\u00e5 denna resa n\u00e4r vi forts\u00e4tter att omdefiniera standarderna f\u00f6r excellens inom\u00a0<a style=\"background-color: rgba(255, 255, 255, 0); color: #1e73be;\" href=\"https:\/\/frvape.com\/sv\/\">eng\u00e5ngsvapen<\/a>\u00a0industri. Upplev skillnaden med Aiviouvapes - d\u00e4r kvalitet, variation och kundn\u00f6jdhet sammanstr\u00e5lar s\u00f6ml\u00f6st.<\/p>\n<p>\u00a0<\/p>\n<p style=\"color: #232323; font-family: Lato, sans-serif;\"><span style=\"font-weight: bolder;\">WhatsApp:<\/span> +86 133 6063 1532<\/p>\t\t\t\t\t\t\t\t<\/div>\n\t\t\t\t\t<\/div>\n\t\t\t\t<\/div>\n\t\t\t\t<\/div>","protected":false},"excerpt":{"rendered":"<p>Bulk Buy Disposable Vapes Online from FR VAPE Welcome to FR vape, your premier online destination for FR\u00a0vapes. With a rich history spanning over 5 years in the industry, we take pride in offering a diverse range of top-tier brands such as Bang King, Al Fakher Vape, Vapeme, Waspe, RandM Tornado, Bang Box, and more. [&#8230;]","protected":false},"author":1,"featured_media":0,"parent":0,"menu_order":0,"comment_status":"closed","ping_status":"closed","template":"","meta":{"footnotes":""},"class_list":["post-6833","page","type-page","status-publish","hentry"],"jetpack_sharing_enabled":true,"_links":{"self":[{"href":"https:\/\/frvape.com\/sv\/wp-json\/wp\/v2\/pages\/6833","targetHints":{"allow":["GET"]}}],"collection":[{"href":"https:\/\/frvape.com\/sv\/wp-json\/wp\/v2\/pages"}],"about":[{"href":"https:\/\/frvape.com\/sv\/wp-json\/wp\/v2\/types\/page"}],"author":[{"embeddable":true,"href":"https:\/\/frvape.com\/sv\/wp-json\/wp\/v2\/users\/1"}],"replies":[{"embeddable":true,"href":"https:\/\/frvape.com\/sv\/wp-json\/wp\/v2\/comments?post=6833"}],"version-history":[{"count":12,"href":"https:\/\/frvape.com\/sv\/wp-json\/wp\/v2\/pages\/6833\/revisions"}],"predecessor-version":[{"id":7106,"href":"https:\/\/frvape.com\/sv\/wp-json\/wp\/v2\/pages\/6833\/revisions\/7106"}],"wp:attachment":[{"href":"https:\/\/frvape.com\/sv\/wp-json\/wp\/v2\/media?parent=6833"}],"curies":[{"name":"wp","href":"https:\/\/api.w.org\/{rel}","templated":true}]}}