{"id":7116,"date":"2025-10-13T06:39:27","date_gmt":"2025-10-13T06:39:27","guid":{"rendered":"https:\/\/frvape.com\/?page_id=7116"},"modified":"2025-10-13T13:25:09","modified_gmt":"2025-10-13T13:25:09","slug":"betalningsmetod","status":"publish","type":"page","link":"https:\/\/frvape.com\/sv\/betalningsmetod\/","title":{"rendered":"Betalningsmetod"},"content":{"rendered":"<div data-elementor-type=\"wp-page\" data-elementor-id=\"7116\" class=\"elementor elementor-7116\">\n\t\t\t\t<div class=\"elementor-element elementor-element-4b918af7 e-flex e-con-boxed e-con e-parent\" data-id=\"4b918af7\" data-element_type=\"container\">\n\t\t\t\t\t<div class=\"e-con-inner\">\n\t\t\t\t<div class=\"elementor-element elementor-element-6fa399fd elementor-widget elementor-widget-text-editor\" data-id=\"6fa399fd\" data-element_type=\"widget\" data-widget_type=\"text-editor.default\">\n\t\t\t\t\t\t\t\t\t\t\t\t\t\t\t\t\t<\/div>\n\t\t\t\t\t<\/div>\n\t\t\t\t<\/div>\n\t\t<div class=\"elementor-element elementor-element-c79ae13 e-flex e-con-boxed e-con e-parent\" data-id=\"c79ae13\" data-element_type=\"container\">\n\t\t\t\t\t<div class=\"e-con-inner\">\n\t\t\t\t<div class=\"elementor-element elementor-element-26fd760 elementor-widget elementor-widget-text-editor\" data-id=\"26fd760\" data-element_type=\"widget\" data-widget_type=\"text-editor.default\">\n\t\t\t\t\t\t\t\t\t<header style=\"color: rgb(35, 35, 35); font-family: Lato, sans-serif;\"><h1 style=\"color: rgb(10, 10, 10); width: 1540px;\">Betalningsmetod<\/h1><div style=\"width: 30px;\"><\/div><\/header><div style=\"color: rgb(35, 35, 35); font-family: Lato, sans-serif;\"><div style=\"max-width: 1570px;\"><div style=\"width: 785px;\"><div style=\"width: 755px;\"><p>V\u00e4lkommen till FR<span style=\"font-weight: bolder;\">Vape<\/span>&nbsp;- din p\u00e5litliga globala destination f\u00f6r h\u00f6gkvalitativa eng\u00e5ngsprodukter f\u00f6r vape. Med frakt \u00f6ver hela v\u00e4rlden \u00e4r vi engagerade i att betj\u00e4na kunder \u00f6ver hela v\u00e4rlden.<\/p><p><span style=\"font-weight: bolder;\">P\u00e5 FRVape prioriterar vi bekv\u00e4mlighet och s\u00e4kerhet f\u00f6r att f\u00f6rb\u00e4ttra din shoppingresa. Vi erbjuder en m\u00e4ngd olika betalningsalternativ f\u00f6r att tillgodose dina behov:<\/span><\/p><p>1. **PayPal**: Du kan betala s\u00e4kert och enkelt med PayPal p\u00e5 v\u00e5r plattform.&nbsp;<span style=\"font-weight: bolder;\">(20% MOMS)<\/span><\/p><p>2. **Kreditkort**: Vi accepterar alla st\u00f6rre kreditkort, vilket garanterar en enkel och p\u00e5litlig betalningsupplevelse.&nbsp;<span style=\"font-weight: bolder;\">(20% MOMS)<\/span><\/p><p>3. **Bank\u00f6verf\u00f6ring**: F\u00f6r dem som f\u00f6redrar traditionella metoder st\u00f6der vi bank\u00f6verf\u00f6ringar som ett s\u00e4kert alternativ.&nbsp;<span style=\"font-weight: bolder;\">(INGEN MOMS)<\/span><\/p><p>4. **Kryptovaluta**: Omfamna modern finansiering med v\u00e5rt betalningsalternativ f\u00f6r kryptovaluta.&nbsp;<span style=\"font-weight: bolder;\">(INGEN MOMS)<\/span><\/p><p>5. **Wise Transfer**: Dra nytta av kostnadseffektiva och effektiva betalningar med hj\u00e4lp av Wise Transfer.&nbsp;<span style=\"font-weight: bolder;\">(INGEN MOMS)<\/span><\/p><p>Om du har n\u00e5gra fr\u00e5gor eller specifika betalnings\u00f6nskem\u00e5l, v\u00e4nligen kontakta v\u00e5r kundtj\u00e4nst. Vi \u00e4r h\u00e4r f\u00f6r att se till att din upplevelse med FR<span style=\"font-weight: bolder;\">Vape<\/span>&nbsp;\u00e4r smidig, s\u00e4ker och tillfredsst\u00e4llande.<\/p><p><span style=\"font-weight: bolder;\">Tack f\u00f6r att du litar p\u00e5 AiviouVape som din k\u00e4lla f\u00f6r kvalitetsprodukter f\u00f6r eng\u00e5ngsbruk.<\/span><\/p><\/div><\/div><\/div><\/div>\t\t\t\t\t\t\t\t<\/div>\n\t\t\t\t\t<\/div>\n\t\t\t\t<\/div>\n\t\t\t\t<\/div>","protected":false},"excerpt":{"rendered":"<p>Payment Method Welcome to&nbsp;FRVape&nbsp;\u2013 your trusted global destination for top-quality disposable vape products. With worldwide shipping, we\u2019re committed to serving customers around the globe. At FRVape, we prioritize convenience and security to enhance your shopping journey. We offer a variety of payment options to meet your needs: 1. **PayPal**: Enjoy secure and easy payments with [&#8230;]","protected":false},"author":1,"featured_media":0,"parent":0,"menu_order":0,"comment_status":"closed","ping_status":"closed","template":"","meta":{"footnotes":""},"class_list":["post-7116","page","type-page","status-publish","hentry"],"jetpack_sharing_enabled":true,"_links":{"self":[{"href":"https:\/\/frvape.com\/sv\/wp-json\/wp\/v2\/pages\/7116","targetHints":{"allow":["GET"]}}],"collection":[{"href":"https:\/\/frvape.com\/sv\/wp-json\/wp\/v2\/pages"}],"about":[{"href":"https:\/\/frvape.com\/sv\/wp-json\/wp\/v2\/types\/page"}],"author":[{"embeddable":true,"href":"https:\/\/frvape.com\/sv\/wp-json\/wp\/v2\/users\/1"}],"replies":[{"embeddable":true,"href":"https:\/\/frvape.com\/sv\/wp-json\/wp\/v2\/comments?post=7116"}],"version-history":[{"count":5,"href":"https:\/\/frvape.com\/sv\/wp-json\/wp\/v2\/pages\/7116\/revisions"}],"predecessor-version":[{"id":7123,"href":"https:\/\/frvape.com\/sv\/wp-json\/wp\/v2\/pages\/7116\/revisions\/7123"}],"wp:attachment":[{"href":"https:\/\/frvape.com\/sv\/wp-json\/wp\/v2\/media?parent=7116"}],"curies":[{"name":"wp","href":"https:\/\/api.w.org\/{rel}","templated":true}]}}