{"id":7167,"date":"2025-10-13T07:12:26","date_gmt":"2025-10-13T07:12:26","guid":{"rendered":"https:\/\/frvape.com\/?page_id=7167"},"modified":"2025-10-13T07:13:43","modified_gmt":"2025-10-13T07:13:43","slug":"leveranspolicy","status":"publish","type":"page","link":"https:\/\/frvape.com\/sv\/leveranspolicy\/","title":{"rendered":"Fraktpolicy"},"content":{"rendered":"<div data-elementor-type=\"wp-page\" data-elementor-id=\"7167\" class=\"elementor elementor-7167\">\n\t\t\t\t<div class=\"elementor-element elementor-element-60995797 e-flex e-con-boxed e-con e-parent\" data-id=\"60995797\" data-element_type=\"container\">\n\t\t\t\t\t<div class=\"e-con-inner\">\n\t\t\t\t<div class=\"elementor-element elementor-element-2b1c4b14 elementor-widget elementor-widget-text-editor\" data-id=\"2b1c4b14\" data-element_type=\"widget\" data-widget_type=\"text-editor.default\">\n\t\t\t\t\t\t\t\t\t\t\t\t\t\t\t\t\t<\/div>\n\t\t\t\t\t<\/div>\n\t\t\t\t<\/div>\n\t\t<div class=\"elementor-element elementor-element-90603f5 e-flex e-con-boxed e-con e-parent\" data-id=\"90603f5\" data-element_type=\"container\">\n\t\t\t\t\t<div class=\"e-con-inner\">\n\t\t\t\t<div class=\"elementor-element elementor-element-9aec96a elementor-widget elementor-widget-text-editor\" data-id=\"9aec96a\" data-element_type=\"widget\" data-widget_type=\"text-editor.default\">\n\t\t\t\t\t\t\t\t\t<h3 data-start=\"77\" data-end=\"100\"><strong data-start=\"81\" data-end=\"100\">Fraktpolicy<\/strong><\/h3>\n<p data-start=\"102\" data-end=\"289\">P\u00e5 FR Vape \u00e4r vi fast beslutna att leverera dina vapingprodukter snabbt och s\u00e4kert. L\u00e4s v\u00e5r leveranspolicy f\u00f6r mer information om hur vi hanterar frakt, leveranstider och mer.<\/p>\n<hr data-start=\"291\" data-end=\"294\" \/>\n<h4 data-start=\"296\" data-end=\"320\"><strong data-start=\"301\" data-end=\"320\">Bearbetningstid<\/strong><\/h4>\n<ul data-start=\"322\" data-end=\"725\">\n<li data-start=\"322\" data-end=\"505\">\n<p data-start=\"324\" data-end=\"505\"><strong data-start=\"324\" data-end=\"345\">Orderhantering:<\/strong> Alla best\u00e4llningar behandlas inom <strong data-start=\"378\" data-end=\"399\">1-2 arbetsdagar<\/strong> (m\u00e5ndag till fredag). Best\u00e4llningar som g\u00f6rs p\u00e5 helger eller allm\u00e4nna helgdagar kommer att behandlas n\u00e4sta arbetsdag.<\/p>\n<\/li>\n<li data-start=\"509\" data-end=\"725\">\n<p data-start=\"511\" data-end=\"725\"><strong data-start=\"511\" data-end=\"534\">Orderbekr\u00e4ftelse:<\/strong> N\u00e4r din best\u00e4llning \u00e4r lagd kommer du att f\u00e5 ett <strong data-start=\"582\" data-end=\"604\">Orderbekr\u00e4ftelse<\/strong> e-post. N\u00e4r din best\u00e4llning har behandlats och skickats f\u00e5r du ett <strong data-start=\"671\" data-end=\"696\">Leveransbekr\u00e4ftelse<\/strong> e-post med sp\u00e5rningsinformation.<\/p>\n<\/li>\n<\/ul>\n<hr data-start=\"727\" data-end=\"730\" \/>\n<h4 data-start=\"732\" data-end=\"773\"><strong data-start=\"737\" data-end=\"773\">Leveransmetoder och leveranstid<\/strong><\/h4>\n<p data-start=\"775\" data-end=\"946\">Vi erbjuder en m\u00e4ngd olika leveransmetoder f\u00f6r att s\u00e4kerst\u00e4lla b\u00e4sta m\u00f6jliga leveransupplevelse. Leveranstiderna varierar beroende p\u00e5 din plats och det leveransalternativ som valts i kassan.<\/p>\n<ul data-start=\"948\" data-end=\"1410\">\n<li data-start=\"948\" data-end=\"1089\">\n<p data-start=\"950\" data-end=\"1089\"><strong data-start=\"950\" data-end=\"999\">Standardfrakt (gratis f\u00f6r best\u00e4llningar \u00f6ver $50):<\/strong><br data-start=\"999\" data-end=\"1002\" \/>Ber\u00e4knad leverans: <strong data-start=\"1024\" data-end=\"1045\">3-7 arbetsdagar<\/strong><br data-start=\"1045\" data-end=\"1048\" \/>Tillg\u00e4nglig f\u00f6r alla inhemska best\u00e4llningar i USA.<\/p>\n<\/li>\n<li data-start=\"1093\" data-end=\"1222\">\n<p data-start=\"1095\" data-end=\"1222\"><strong data-start=\"1095\" data-end=\"1118\">Expedierad leverans:<\/strong><br data-start=\"1118\" data-end=\"1121\" \/>Ber\u00e4knad leverans: <strong data-start=\"1143\" data-end=\"1164\">2-3 arbetsdagar<\/strong><br data-start=\"1164\" data-end=\"1167\" \/>Tillg\u00e4nglig f\u00f6r inhemska best\u00e4llningar. Ytterligare avgifter tillkommer.<\/p>\n<\/li>\n<li data-start=\"1224\" data-end=\"1410\">\n<p data-start=\"1226\" data-end=\"1410\"><strong data-start=\"1226\" data-end=\"1253\">Internationell frakt:<\/strong><br data-start=\"1253\" data-end=\"1256\" \/>Vi skickar \u00e4ven internationellt. Leveranstiderna f\u00f6r internationella best\u00e4llningar beror p\u00e5 var du befinner dig, men i allm\u00e4nhet anl\u00e4nder de inom <strong data-start=\"1387\" data-end=\"1409\">7-21 arbetsdagar<\/strong>.<\/p>\n<\/li>\n<\/ul>\n<hr data-start=\"1412\" data-end=\"1415\" \/>\n<h4 data-start=\"1417\" data-end=\"1440\"><strong data-start=\"1422\" data-end=\"1440\">Fraktkostnader<\/strong><\/h4>\n<ul data-start=\"1442\" data-end=\"1705\">\n<li data-start=\"1442\" data-end=\"1572\">\n<p data-start=\"1444\" data-end=\"1473\"><strong data-start=\"1444\" data-end=\"1471\">Inrikes USA Frakt:<\/strong><\/p>\n<ul data-start=\"1476\" data-end=\"1572\">\n<li data-start=\"1476\" data-end=\"1535\">\n<p data-start=\"1478\" data-end=\"1535\">Standardfrakt: <strong data-start=\"1497\" data-end=\"1506\">$5.99<\/strong> (Gratis f\u00f6r best\u00e4llningar \u00f6ver $50)<\/p>\n<\/li>\n<li data-start=\"1538\" data-end=\"1572\">\n<p data-start=\"1540\" data-end=\"1572\">Expedierad leverans: <strong data-start=\"1560\" data-end=\"1570\">$15.99<\/strong><\/p>\n<\/li>\n<\/ul>\n<\/li>\n<li data-start=\"1573\" data-end=\"1705\">\n<p data-start=\"1575\" data-end=\"1604\"><strong data-start=\"1575\" data-end=\"1602\">Internationell frakt:<\/strong><\/p>\n<ul data-start=\"1607\" data-end=\"1705\">\n<li data-start=\"1607\" data-end=\"1705\">\n<p data-start=\"1609\" data-end=\"1705\">Priserna varierar beroende p\u00e5 plats och best\u00e4llningens vikt. Du kan se fraktkostnaden i kassan.<\/p>\n<\/li>\n<\/ul>\n<\/li>\n<\/ul>\n<hr data-start=\"1707\" data-end=\"1710\" \/>\n<h4 data-start=\"1712\" data-end=\"1740\"><strong data-start=\"1717\" data-end=\"1740\">Sp\u00e5ra din best\u00e4llning<\/strong><\/h4>\n<p data-start=\"1742\" data-end=\"1931\">N\u00e4r din best\u00e4llning har skickats kommer du att f\u00e5 ett <strong data-start=\"1798\" data-end=\"1817\">Sp\u00e5rningsnummer<\/strong> via e-post. Du kan f\u00f6lja din order via transport\u00f6rens webbplats eller p\u00e5 v\u00e5r <strong data-start=\"1905\" data-end=\"1925\">Sp\u00e5ra din best\u00e4llning<\/strong> sida.<\/p>\n<hr data-start=\"1933\" data-end=\"1936\" \/>\n<h4 data-start=\"1938\" data-end=\"1968\"><strong data-start=\"1943\" data-end=\"1968\">Begr\u00e4nsningar f\u00f6r frakt<\/strong><\/h4>\n<ul data-start=\"1970\" data-end=\"2391\">\n<li data-start=\"1970\" data-end=\"2174\">\n<p data-start=\"1972\" data-end=\"2174\"><strong data-start=\"1972\" data-end=\"1997\">Begr\u00e4nsade platser:<\/strong> P\u00e5 grund av lokala best\u00e4mmelser kan vi inte leverera till vissa platser. V\u00e4nligen kontrollera listan \u00f6ver begr\u00e4nsade platser p\u00e5 v\u00e5r <strong data-start=\"2121\" data-end=\"2137\">Vanliga fr\u00e5gor om frakt<\/strong> sidan eller kontakta oss f\u00f6r mer information.<\/p>\n<\/li>\n<li data-start=\"2178\" data-end=\"2391\">\n<p data-start=\"2180\" data-end=\"2391\"><strong data-start=\"2180\" data-end=\"2201\">\u00c5ldersverifiering:<\/strong> Alla best\u00e4llningar kr\u00e4ver <strong data-start=\"2221\" data-end=\"2241\">\u00e5ldersverifiering<\/strong> vid leverans. Du m\u00e5ste vara 21 \u00e5r eller \u00e4ldre f\u00f6r att k\u00f6pa vapingprodukter fr\u00e5n FR Vape. V\u00e4nligen se till att n\u00e5gon \u00f6ver 21 \u00e5r \u00e4r tillg\u00e4nglig f\u00f6r att kvittera leveransen.<\/p>\n<\/li>\n<\/ul>\n<hr data-start=\"2393\" data-end=\"2396\" \/>\n<h4 data-start=\"2398\" data-end=\"2431\"><strong data-start=\"2403\" data-end=\"2431\">Borttappade eller skadade paket<\/strong><\/h4>\n<ul data-start=\"2433\" data-end=\"2842\">\n<li data-start=\"2433\" data-end=\"2645\">\n<p data-start=\"2435\" data-end=\"2645\"><strong data-start=\"2435\" data-end=\"2453\">Borttappade paket:<\/strong> Om ditt paket \u00e4r markerat som levererat men du inte har f\u00e5tt det, v\u00e4nligen kontakta v\u00e5rt supportteam omedelbart p\u00e5 <strong data-start=\"2570\" data-end=\"2592\"><a class=\"decorated-link cursor-pointer\" rel=\"noopener\" data-start=\"2572\" data-end=\"2590\">support@frvape.com<\/a><\/strong>. Vi kommer att arbeta med transport\u00f6ren f\u00f6r att l\u00f6sa problemet.<\/p>\n<\/li>\n<li data-start=\"2649\" data-end=\"2842\">\n<p data-start=\"2651\" data-end=\"2842\"><strong data-start=\"2651\" data-end=\"2669\">Skadade f\u00f6rem\u00e5l:<\/strong> Om du f\u00e5r en skadad vara, v\u00e4nligen kontakta oss inom <strong data-start=\"2726\" data-end=\"2736\">7 dagar<\/strong> efter att du mottagit ditt paket. Bifoga foton p\u00e5 skadan s\u00e5 ordnar vi med en ers\u00e4ttning eller \u00e5terbetalning.<\/p>\n<\/li>\n<\/ul>\n<hr data-start=\"2844\" data-end=\"2847\" \/>\n<h4 data-start=\"2849\" data-end=\"2877\"><strong data-start=\"2854\" data-end=\"2877\">Returer &amp; byten<\/strong><\/h4>\n<p data-start=\"2879\" data-end=\"3002\">V\u00e4nligen se v\u00e5r <strong data-start=\"2899\" data-end=\"2927\">Policy f\u00f6r retur och byte<\/strong> f\u00f6r information om hur du returnerar eller byter varor som k\u00f6pts fr\u00e5n FR Vape.<\/p>\t\t\t\t\t\t\t\t<\/div>\n\t\t\t\t\t<\/div>\n\t\t\t\t<\/div>\n\t\t\t\t<\/div>","protected":false},"excerpt":{"rendered":"<p>Shipping Policy At FR Vape, we are committed to delivering your vaping products quickly and securely. Please read our shipping policy for more details on how we handle shipping, delivery times, and more. Processing Time Order Processing: All orders are processed within 1\u20132 business days (Monday to Friday). Orders placed on weekends or public holidays [&#8230;]","protected":false},"author":1,"featured_media":0,"parent":0,"menu_order":0,"comment_status":"closed","ping_status":"closed","template":"","meta":{"footnotes":""},"class_list":["post-7167","page","type-page","status-publish","hentry"],"jetpack_sharing_enabled":true,"_links":{"self":[{"href":"https:\/\/frvape.com\/sv\/wp-json\/wp\/v2\/pages\/7167","targetHints":{"allow":["GET"]}}],"collection":[{"href":"https:\/\/frvape.com\/sv\/wp-json\/wp\/v2\/pages"}],"about":[{"href":"https:\/\/frvape.com\/sv\/wp-json\/wp\/v2\/types\/page"}],"author":[{"embeddable":true,"href":"https:\/\/frvape.com\/sv\/wp-json\/wp\/v2\/users\/1"}],"replies":[{"embeddable":true,"href":"https:\/\/frvape.com\/sv\/wp-json\/wp\/v2\/comments?post=7167"}],"version-history":[{"count":4,"href":"https:\/\/frvape.com\/sv\/wp-json\/wp\/v2\/pages\/7167\/revisions"}],"predecessor-version":[{"id":7171,"href":"https:\/\/frvape.com\/sv\/wp-json\/wp\/v2\/pages\/7167\/revisions\/7171"}],"wp:attachment":[{"href":"https:\/\/frvape.com\/sv\/wp-json\/wp\/v2\/media?parent=7167"}],"curies":[{"name":"wp","href":"https:\/\/api.w.org\/{rel}","templated":true}]}}