{"id":7192,"date":"2025-10-13T07:24:22","date_gmt":"2025-10-13T07:24:22","guid":{"rendered":"https:\/\/frvape.com\/?page_id=7192"},"modified":"2025-10-13T07:26:23","modified_gmt":"2025-10-13T07:26:23","slug":"integritetspolicy","status":"publish","type":"page","link":"https:\/\/frvape.com\/sv\/integritetspolicy\/","title":{"rendered":"Integritetspolicy"},"content":{"rendered":"<div data-elementor-type=\"wp-page\" data-elementor-id=\"7192\" class=\"elementor elementor-7192\">\n\t\t\t\t<div class=\"elementor-element elementor-element-67c4d8f e-flex e-con-boxed e-con e-parent\" data-id=\"67c4d8f\" data-element_type=\"container\">\n\t\t\t\t\t<div class=\"e-con-inner\">\n\t\t\t\t<div class=\"elementor-element elementor-element-3f772469 elementor-widget elementor-widget-text-editor\" data-id=\"3f772469\" data-element_type=\"widget\" data-widget_type=\"text-editor.default\">\n\t\t\t\t\t\t\t\t\t\t\t\t\t\t\t\t\t<\/div>\n\t\t\t\t\t<\/div>\n\t\t\t\t<\/div>\n\t\t<div class=\"elementor-element elementor-element-0da027a e-flex e-con-boxed e-con e-parent\" data-id=\"0da027a\" data-element_type=\"container\">\n\t\t\t\t\t<div class=\"e-con-inner\">\n\t\t\t\t<div class=\"elementor-element elementor-element-db2b48d elementor-widget elementor-widget-text-editor\" data-id=\"db2b48d\" data-element_type=\"widget\" data-widget_type=\"text-editor.default\">\n\t\t\t\t\t\t\t\t\t<h3 data-start=\"76\" data-end=\"98\"><strong data-start=\"80\" data-end=\"98\">Integritetspolicy<\/strong><\/h3>\n<p data-start=\"100\" data-end=\"328\">Vid <strong data-start=\"103\" data-end=\"114\">FR Vape<\/strong>Din integritet \u00e4r viktig f\u00f6r oss. Denna sekretesspolicy beskriver den information vi samlar in, hur vi anv\u00e4nder den och hur vi skyddar dina personuppgifter. Genom att anv\u00e4nda v\u00e5r webbplats samtycker du till villkoren i denna integritetspolicy.<\/p>\n<hr data-start=\"330\" data-end=\"333\" \/>\n<h4 data-start=\"335\" data-end=\"369\"><strong data-start=\"340\" data-end=\"369\">1. Information som vi samlar in<\/strong><\/h4>\n<p data-start=\"371\" data-end=\"447\">Vi samlar in flera olika typer av information f\u00f6r att kunna tillhandah\u00e5lla och f\u00f6rb\u00e4ttra v\u00e5ra tj\u00e4nster:<\/p>\n<ul data-start=\"449\" data-end=\"1127\">\n<li data-start=\"449\" data-end=\"642\">\n<p data-start=\"451\" data-end=\"642\"><strong data-start=\"451\" data-end=\"476\">Personlig information:<\/strong> N\u00e4r du g\u00f6r ett k\u00f6p eller skapar ett konto samlar vi in personuppgifter som ditt namn, e-postadress, leveransadress, telefonnummer och betalningsinformation.<\/p>\n<\/li>\n<li data-start=\"646\" data-end=\"882\">\n<p data-start=\"648\" data-end=\"882\"><strong data-start=\"648\" data-end=\"677\">Icke-personlig information:<\/strong> Vi kan samla in icke-personlig information som din IP-adress, typ av webbl\u00e4sare, operativsystem, bes\u00f6kta sidor och tid som spenderas p\u00e5 v\u00e5r webbplats. Detta hj\u00e4lper oss att analysera trender och f\u00f6rb\u00e4ttra anv\u00e4ndarupplevelsen.<\/p>\n<\/li>\n<li data-start=\"884\" data-end=\"1127\">\n<p data-start=\"886\" data-end=\"1127\"><strong data-start=\"886\" data-end=\"898\">Kakor:<\/strong> Vi anv\u00e4nder cookies f\u00f6r att f\u00f6rb\u00e4ttra din shoppingupplevelse och f\u00f6r att samla in anonyma uppgifter om hur bes\u00f6kare anv\u00e4nder v\u00e5r webbplats. Du kan styra inst\u00e4llningarna f\u00f6r cookies via din webbl\u00e4sare, men vissa funktioner p\u00e5 webbplatsen kanske inte fungerar om cookies \u00e4r inaktiverade.<\/p>\n<\/li>\n<\/ul>\n<hr data-start=\"1129\" data-end=\"1132\" \/>\n<h4 data-start=\"1134\" data-end=\"1173\"><strong data-start=\"1139\" data-end=\"1173\">2. Hur vi anv\u00e4nder din information<\/strong><\/h4>\n<p data-start=\"1175\" data-end=\"1231\">Vi anv\u00e4nder den information vi samlar in p\u00e5 f\u00f6ljande s\u00e4tt:<\/p>\n<ul data-start=\"1233\" data-end=\"1879\">\n<li data-start=\"1233\" data-end=\"1378\">\n<p data-start=\"1235\" data-end=\"1378\"><strong data-start=\"1235\" data-end=\"1257\">F\u00f6r att behandla best\u00e4llningar:<\/strong> Dina personuppgifter anv\u00e4nds f\u00f6r att behandla och fullg\u00f6ra dina best\u00e4llningar, inklusive fakturering, frakt och kundservice.<\/p>\n<\/li>\n<li data-start=\"1380\" data-end=\"1515\">\n<p data-start=\"1382\" data-end=\"1515\"><strong data-start=\"1382\" data-end=\"1410\">F\u00f6r att f\u00f6rb\u00e4ttra v\u00e5ra tj\u00e4nster:<\/strong> Vi analyserar din anv\u00e4ndning av v\u00e5r webbplats f\u00f6r att f\u00f6rst\u00e5 dina preferenser och f\u00f6rb\u00e4ttra v\u00e5ra produkter och tj\u00e4nster.<\/p>\n<\/li>\n<li data-start=\"1517\" data-end=\"1740\">\n<p data-start=\"1519\" data-end=\"1740\"><strong data-start=\"1519\" data-end=\"1547\">F\u00f6r att kommunicera med dig:<\/strong> Vi kan skicka dig uppdateringar om dina best\u00e4llningar, kampanjerbjudanden och annan viktig information. Du kan n\u00e4r som helst v\u00e4lja bort marknadsf\u00f6ringsmeddelanden genom att klicka p\u00e5 l\u00e4nken \"avsluta prenumeration\" i e-postmeddelandet.<\/p>\n<\/li>\n<li data-start=\"1742\" data-end=\"1879\">\n<p data-start=\"1744\" data-end=\"1879\"><strong data-start=\"1744\" data-end=\"1765\">F\u00f6r att f\u00f6rhindra bedr\u00e4geri:<\/strong> Vi kan anv\u00e4nda din information f\u00f6r att uppt\u00e4cka och f\u00f6rhindra bedr\u00e4gliga transaktioner och f\u00f6r att s\u00e4kerst\u00e4lla s\u00e4kerheten p\u00e5 v\u00e5r webbplats.<\/p>\n<\/li>\n<\/ul>\n<hr data-start=\"1881\" data-end=\"1884\" \/>\n<h4 data-start=\"1886\" data-end=\"1913\"><strong data-start=\"1891\" data-end=\"1913\">3. Skydd av personuppgifter<\/strong><\/h4>\n<p data-start=\"1915\" data-end=\"2269\">Vi tar s\u00e4kerheten f\u00f6r din personliga information p\u00e5 allvar. Vi vidtar l\u00e4mpliga tekniska och organisatoriska \u00e5tg\u00e4rder f\u00f6r att skydda dina uppgifter fr\u00e5n obeh\u00f6rig \u00e5tkomst, \u00e4ndring eller utl\u00e4mnande. Observera dock att ingen metod f\u00f6r \u00f6verf\u00f6ring via internet eller elektronisk lagring \u00e4r helt s\u00e4ker, och vi kan inte garantera absolut s\u00e4kerhet.<\/p>\n<hr data-start=\"2271\" data-end=\"2274\" \/>\n<h4 data-start=\"2276\" data-end=\"2312\"><strong data-start=\"2281\" data-end=\"2312\">4. Delning av din information<\/strong><\/h4>\n<p data-start=\"2314\" data-end=\"2452\">Vi s\u00e4ljer, hyr ut eller byter inte dina personuppgifter till tredje part. Vi kan dock dela med oss av dina uppgifter under f\u00f6ljande omst\u00e4ndigheter:<\/p>\n<ul data-start=\"2454\" data-end=\"3176\">\n<li data-start=\"2454\" data-end=\"2783\">\n<p data-start=\"2456\" data-end=\"2783\"><strong data-start=\"2456\" data-end=\"2478\">Tj\u00e4nsteleverant\u00f6rer:<\/strong> Vi kan dela din information med betrodda tredjepartsleverant\u00f6rer som hj\u00e4lper oss att behandla betalningar, fullf\u00f6lja best\u00e4llningar, leverera produkter och analysera webbplatsanv\u00e4ndning. Dessa tj\u00e4nsteleverant\u00f6rer \u00e4r skyldiga att h\u00e5lla din information konfidentiell och endast anv\u00e4nda den f\u00f6r de \u00e4ndam\u00e5l som vi har godk\u00e4nt.<\/p>\n<\/li>\n<li data-start=\"2787\" data-end=\"2958\">\n<p data-start=\"2789\" data-end=\"2958\"><strong data-start=\"2789\" data-end=\"2812\">R\u00e4ttsliga krav:<\/strong> Vi kan l\u00e4mna ut dina personuppgifter om vi \u00e4r skyldiga att g\u00f6ra det enligt lag eller som svar p\u00e5 giltiga juridiska f\u00f6rfr\u00e5gningar (t.ex. en st\u00e4mning eller ett domstolsbeslut).<\/p>\n<\/li>\n<li data-start=\"2960\" data-end=\"3176\">\n<p data-start=\"2962\" data-end=\"3176\"><strong data-start=\"2962\" data-end=\"2985\">\u00d6verf\u00f6ring av verksamhet:<\/strong> I h\u00e4ndelse av en fusion, ett f\u00f6rv\u00e4rv eller en f\u00f6rs\u00e4ljning av tillg\u00e5ngar kan dina personuppgifter komma att \u00f6verf\u00f6ras som en del av transaktionen. Vi kommer att meddela dig om detta intr\u00e4ffar och beskriva dina alternativ.<\/p>\n<\/li>\n<\/ul>\n<hr data-start=\"3178\" data-end=\"3181\" \/>\n<h4 data-start=\"3183\" data-end=\"3218\"><strong data-start=\"3188\" data-end=\"3218\">5. Dina r\u00e4ttigheter och valm\u00f6jligheter<\/strong><\/h4>\n<p data-start=\"3220\" data-end=\"3286\">Du har f\u00f6ljande r\u00e4ttigheter avseende din personliga information:<\/p>\n<ul data-start=\"3288\" data-end=\"3988\">\n<li data-start=\"3288\" data-end=\"3371\">\n<p data-start=\"3290\" data-end=\"3371\"><strong data-start=\"3290\" data-end=\"3301\">Tillg\u00e5ng:<\/strong> Du kan beg\u00e4ra att f\u00e5 tillg\u00e5ng till de personuppgifter vi har om dig.<\/p>\n<\/li>\n<li data-start=\"3375\" data-end=\"3484\">\n<p data-start=\"3377\" data-end=\"3484\"><strong data-start=\"3377\" data-end=\"3392\">R\u00e4ttelse:<\/strong> Om din information \u00e4r felaktig eller f\u00f6r\u00e5ldrad kan du beg\u00e4ra att vi uppdaterar eller korrigerar den.<\/p>\n<\/li>\n<li data-start=\"3486\" data-end=\"3665\">\n<p data-start=\"3488\" data-end=\"3665\"><strong data-start=\"3488\" data-end=\"3501\">Radering:<\/strong> Du kan beg\u00e4ra att vi raderar dina personuppgifter, med f\u00f6rbeh\u00e5ll f\u00f6r vissa undantag (t.ex. n\u00e4r vi \u00e4r skyldiga att beh\u00e5lla dem av juridiska eller bokf\u00f6ringsm\u00e4ssiga sk\u00e4l).<\/p>\n<\/li>\n<li data-start=\"3667\" data-end=\"3808\">\n<p data-start=\"3669\" data-end=\"3808\"><strong data-start=\"3669\" data-end=\"3681\">Opt-out:<\/strong> Du kan v\u00e4lja att inte ta emot e-postmeddelanden med marknadsf\u00f6ring genom att klicka p\u00e5 l\u00e4nken \"avsluta prenumeration\" i alla marknadsf\u00f6ringsmeddelanden som du f\u00e5r fr\u00e5n oss.<\/p>\n<\/li>\n<li data-start=\"3810\" data-end=\"3988\">\n<p data-start=\"3812\" data-end=\"3988\"><strong data-start=\"3812\" data-end=\"3829\">Sp\u00e5ra inte:<\/strong> Vissa webbl\u00e4sare har en \"Do Not Track\"-funktion som g\u00f6r att du kan v\u00e4lja bort sp\u00e5rning fr\u00e5n webbplatser. F\u00f6r n\u00e4rvarande svarar vi inte p\u00e5 \"Do Not Track\"-signaler.<\/p>\n<\/li>\n<\/ul>\n<p data-start=\"3990\" data-end=\"4067\">F\u00f6r att ut\u00f6va n\u00e5gon av dessa r\u00e4ttigheter, v\u00e4nligen kontakta oss p\u00e5 <strong data-start=\"4044\" data-end=\"4066\"><a class=\"decorated-link cursor-pointer\" rel=\"noopener\" data-start=\"4046\" data-end=\"4064\">support@frvape.com<\/a><\/strong>.<\/p>\n<hr data-start=\"4069\" data-end=\"4072\" \/>\n<h4 data-start=\"4074\" data-end=\"4104\"><strong data-start=\"4079\" data-end=\"4104\">6. Barns integritet<\/strong><\/h4>\n<p data-start=\"4106\" data-end=\"4353\">V\u00e5r webbplats \u00e4r inte avsedd f\u00f6r barn under 21 \u00e5r, och vi samlar inte medvetet in personuppgifter fr\u00e5n barn. Om vi f\u00e5r reda p\u00e5 att vi har samlat in personuppgifter fr\u00e5n ett barn under 21 \u00e5r kommer vi att radera dem s\u00e5 snart som m\u00f6jligt.<\/p>\n<hr data-start=\"4355\" data-end=\"4358\" \/>\n<h4 data-start=\"4360\" data-end=\"4389\"><strong data-start=\"4365\" data-end=\"4389\">7. L\u00e4nkar till tredje part<\/strong><\/h4>\n<p data-start=\"4391\" data-end=\"4636\">V\u00e5r webbplats kan inneh\u00e5lla l\u00e4nkar till tredje parts webbplatser, tj\u00e4nster eller produkter. Vi ansvarar inte f\u00f6r dessa tredje parters sekretesspolicyer och vi uppmanar dig att l\u00e4sa deras sekretesspolicyer innan du l\u00e4mnar n\u00e5gra personuppgifter.<\/p>\n<hr data-start=\"4638\" data-end=\"4641\" \/>\n<h4 data-start=\"4643\" data-end=\"4685\"><strong data-start=\"4648\" data-end=\"4685\">8. \u00c4ndringar av denna integritetspolicy<\/strong><\/h4>\n<p data-start=\"4687\" data-end=\"4933\">Vi kan komma att uppdatera denna integritetspolicy fr\u00e5n tid till annan. N\u00e4r vi g\u00f6r \u00e4ndringar kommer vi att uppdatera datumet \"Senast uppdaterad\" h\u00f6gst upp p\u00e5 denna sida. Vi uppmuntrar dig att l\u00e4sa igenom denna policy regelbundet f\u00f6r att h\u00e5lla dig informerad om hur vi skyddar din information.<\/p>\n<hr data-start=\"4935\" data-end=\"4938\" \/>\n<h4 data-start=\"4940\" data-end=\"4962\"><strong data-start=\"4945\" data-end=\"4962\">9. Kontakta oss<\/strong><\/h4>\n<p data-start=\"4964\" data-end=\"5047\">Om du har n\u00e5gra fr\u00e5gor eller funderingar kring denna integritetspolicy \u00e4r du v\u00e4lkommen att kontakta oss:<\/p>\n<ul data-start=\"5049\" data-end=\"5153\">\n<li data-start=\"5083\" data-end=\"5112\">\n<p data-start=\"5085\" data-end=\"5112\"><strong data-start=\"5085\" data-end=\"5095\">Telefon:<\/strong> +86 133 6063 1532<\/p>\n<\/li>\n<li data-start=\"5113\" data-end=\"5153\">\n<p data-start=\"5115\" data-end=\"5153\"><strong data-start=\"5115\" data-end=\"5127\">Adress:<\/strong><span style=\"color: #333333; font-size: 14.4px;\">Rum 312, No. 23, Wusha Xinle Road, Chang'an Town, Dongguan<\/span><\/p>\n<\/li>\n<\/ul>\t\t\t\t\t\t\t\t<\/div>\n\t\t\t\t\t<\/div>\n\t\t\t\t<\/div>\n\t\t\t\t<\/div>","protected":false},"excerpt":{"rendered":"<p>Privacy Policy At FR Vape, your privacy is important to us. This Privacy Policy outlines the information we collect, how we use it, and how we protect your personal data. By using our website, you agree to the terms of this Privacy Policy. 1. Information We Collect We collect several types of information to provide [&#8230;]","protected":false},"author":1,"featured_media":0,"parent":0,"menu_order":0,"comment_status":"closed","ping_status":"closed","template":"","meta":{"footnotes":""},"class_list":["post-7192","page","type-page","status-publish","hentry"],"jetpack_sharing_enabled":true,"_links":{"self":[{"href":"https:\/\/frvape.com\/sv\/wp-json\/wp\/v2\/pages\/7192","targetHints":{"allow":["GET"]}}],"collection":[{"href":"https:\/\/frvape.com\/sv\/wp-json\/wp\/v2\/pages"}],"about":[{"href":"https:\/\/frvape.com\/sv\/wp-json\/wp\/v2\/types\/page"}],"author":[{"embeddable":true,"href":"https:\/\/frvape.com\/sv\/wp-json\/wp\/v2\/users\/1"}],"replies":[{"embeddable":true,"href":"https:\/\/frvape.com\/sv\/wp-json\/wp\/v2\/comments?post=7192"}],"version-history":[{"count":4,"href":"https:\/\/frvape.com\/sv\/wp-json\/wp\/v2\/pages\/7192\/revisions"}],"predecessor-version":[{"id":7203,"href":"https:\/\/frvape.com\/sv\/wp-json\/wp\/v2\/pages\/7192\/revisions\/7203"}],"wp:attachment":[{"href":"https:\/\/frvape.com\/sv\/wp-json\/wp\/v2\/media?parent=7192"}],"curies":[{"name":"wp","href":"https:\/\/api.w.org\/{rel}","templated":true}]}}