{"id":7241,"date":"2025-10-13T07:43:59","date_gmt":"2025-10-13T07:43:59","guid":{"rendered":"https:\/\/frvape.com\/?page_id=7241"},"modified":"2025-10-13T07:46:25","modified_gmt":"2025-10-13T07:46:25","slug":"kop-vapes-med-kreditkort","status":"publish","type":"page","link":"https:\/\/frvape.com\/sv\/kop-vapes-med-kreditkort\/","title":{"rendered":"K\u00f6p vapes med kreditkort"},"content":{"rendered":"<div data-elementor-type=\"wp-page\" data-elementor-id=\"7241\" class=\"elementor elementor-7241\">\n\t\t\t\t<div class=\"elementor-element elementor-element-47de13bb e-flex e-con-boxed e-con e-parent\" data-id=\"47de13bb\" data-element_type=\"container\">\n\t\t\t\t\t<div class=\"e-con-inner\">\n\t\t\t\t<div class=\"elementor-element elementor-element-74ffe578 elementor-widget elementor-widget-text-editor\" data-id=\"74ffe578\" data-element_type=\"widget\" data-widget_type=\"text-editor.default\">\n\t\t\t\t\t\t\t\t\t\t\t\t\t\t\t\t\t<\/div>\n\t\t\t\t\t<\/div>\n\t\t\t\t<\/div>\n\t\t<div class=\"elementor-element elementor-element-16b46b0 e-flex e-con-boxed e-con e-parent\" data-id=\"16b46b0\" data-element_type=\"container\">\n\t\t\t\t\t<div class=\"e-con-inner\">\n\t\t\t\t<div class=\"elementor-element elementor-element-92ee1b7 elementor-widget elementor-widget-text-editor\" data-id=\"92ee1b7\" data-element_type=\"widget\" data-widget_type=\"text-editor.default\">\n\t\t\t\t\t\t\t\t\t<h3 data-start=\"87\" data-end=\"132\"><strong data-start=\"91\" data-end=\"132\">K\u00f6p Vapes med kreditkort p\u00e5 FR Vape<\/strong><\/h3>\n<p data-start=\"134\" data-end=\"381\">Vid <strong data-start=\"137\" data-end=\"148\">FR Vape<\/strong>erbjuder vi ett s\u00e4kert och enkelt s\u00e4tt att k\u00f6pa dina favoritprodukter f\u00f6r vaping med hj\u00e4lp av din <strong data-start=\"234\" data-end=\"249\">Kreditkort<\/strong>. Oavsett om du handlar e-v\u00e4tskor, mods eller tillbeh\u00f6r garanterar kreditkortsbetalningar en smidig och snabb transaktionsupplevelse.<\/p>\n<hr data-start=\"383\" data-end=\"386\" \/>\n<h4 data-start=\"388\" data-end=\"433\"><strong data-start=\"393\" data-end=\"433\">Hur man k\u00f6per Vapes med ett kreditkort:<\/strong><\/h4>\n<ol data-start=\"435\" data-end=\"1591\">\n<li data-start=\"435\" data-end=\"580\">\n<p data-start=\"438\" data-end=\"580\"><strong data-start=\"438\" data-end=\"462\">Bl\u00e4ddra bland v\u00e5ra produkter:<\/strong><br data-start=\"462\" data-end=\"465\" \/>B\u00f6rja med att utforska v\u00e5rt breda urval av vapes, e-v\u00e4tskor och tillbeh\u00f6r. L\u00e4gg till \u00f6nskade varor i din kundvagn.<\/p>\n<\/li>\n<li data-start=\"582\" data-end=\"762\">\n<p data-start=\"585\" data-end=\"762\"><strong data-start=\"585\" data-end=\"606\">Granska din kundvagn:<\/strong><br data-start=\"606\" data-end=\"609\" \/>N\u00e4r du \u00e4r klar klickar du p\u00e5 <strong data-start=\"644\" data-end=\"652\">Vagn<\/strong> ikonen h\u00f6gst upp p\u00e5 sidan f\u00f6r att granska de objekt du har lagt till. Kontrollera att allt \u00e4r korrekt innan du forts\u00e4tter.<\/p>\n<\/li>\n<li data-start=\"764\" data-end=\"876\">\n<p data-start=\"767\" data-end=\"876\"><strong data-start=\"767\" data-end=\"791\">Forts\u00e4tt till kassan:<\/strong><br data-start=\"791\" data-end=\"794\" \/>N\u00e4r du har bekr\u00e4ftat din varukorg klickar du p\u00e5 <strong data-start=\"834\" data-end=\"846\">Checka ut<\/strong> f\u00f6r att p\u00e5b\u00f6rja betalningsprocessen.<\/p>\n<\/li>\n<li data-start=\"878\" data-end=\"1036\">\n<p data-start=\"881\" data-end=\"1036\"><strong data-start=\"881\" data-end=\"919\">V\u00e4lj betalningsalternativ f\u00f6r kreditkort:<\/strong><br data-start=\"919\" data-end=\"922\" \/>I kassan kommer du att uppmanas att v\u00e4lja din betalningsmetod. V\u00e4lj <strong data-start=\"997\" data-end=\"1012\">Kreditkort<\/strong> som ditt betalningsalternativ.<\/p>\n<\/li>\n<li data-start=\"1038\" data-end=\"1246\">\n<p data-start=\"1041\" data-end=\"1143\"><strong data-start=\"1041\" data-end=\"1076\">Ange dina kreditkortsuppgifter:<\/strong><br data-start=\"1076\" data-end=\"1079\" \/>Du kommer att bli ombedd att ange dina kreditkortsuppgifter, inklusive:<\/p>\n<ul data-start=\"1147\" data-end=\"1246\">\n<li data-start=\"1147\" data-end=\"1164\">\n<p data-start=\"1149\" data-end=\"1164\"><strong data-start=\"1149\" data-end=\"1164\">Kortnummer<\/strong><\/p>\n<\/li>\n<li data-start=\"1168\" data-end=\"1189\">\n<p data-start=\"1170\" data-end=\"1189\"><strong data-start=\"1170\" data-end=\"1189\">Utg\u00e5ngsdatum<\/strong><\/p>\n<\/li>\n<li data-start=\"1193\" data-end=\"1246\">\n<p data-start=\"1195\" data-end=\"1246\"><strong data-start=\"1195\" data-end=\"1246\">CVV\/CVC (3-siffrig kod p\u00e5 baksidan av ditt kort)<\/strong><\/p>\n<\/li>\n<\/ul>\n<\/li>\n<li data-start=\"1248\" data-end=\"1365\">\n<p data-start=\"1251\" data-end=\"1365\"><strong data-start=\"1251\" data-end=\"1277\">Slutf\u00f6r din betalning:<\/strong><br data-start=\"1277\" data-end=\"1280\" \/>N\u00e4r du har angett dina uppgifter klickar du p\u00e5 <strong data-start=\"1320\" data-end=\"1331\">Betala nu<\/strong> f\u00f6r att behandla din betalning p\u00e5 ett s\u00e4kert s\u00e4tt.<\/p>\n<\/li>\n<li data-start=\"1367\" data-end=\"1591\">\n<p data-start=\"1370\" data-end=\"1591\"><strong data-start=\"1370\" data-end=\"1393\">Orderbekr\u00e4ftelse:<\/strong><br data-start=\"1393\" data-end=\"1396\" \/>N\u00e4r du har slutf\u00f6rt din betalning kommer du att f\u00e5 ett <strong data-start=\"1450\" data-end=\"1472\">Orderbekr\u00e4ftelse<\/strong> e-post. Vi b\u00f6rjar behandla din best\u00e4llning och du f\u00e5r ett leveransmeddelande n\u00e4r dina varor \u00e4r p\u00e5 v\u00e4g.<\/p>\n<\/li>\n<\/ol>\n<hr data-start=\"1593\" data-end=\"1596\" \/>\n<h4 data-start=\"1598\" data-end=\"1640\"><strong data-start=\"1603\" data-end=\"1640\">Varf\u00f6r anv\u00e4nda ett kreditkort hos FR Vape?<\/strong><\/h4>\n<ul data-start=\"1642\" data-end=\"2063\">\n<li data-start=\"1642\" data-end=\"1785\">\n<p data-start=\"1644\" data-end=\"1785\"><strong data-start=\"1644\" data-end=\"1664\">S\u00e4kra betalningar:<\/strong> Vi anv\u00e4nder krypterade anslutningar f\u00f6r att s\u00e4kerst\u00e4lla att din kreditkortsinformation h\u00e5lls s\u00e4ker och privat under betalningsprocessen.<\/p>\n<\/li>\n<li data-start=\"1786\" data-end=\"1910\">\n<p data-start=\"1788\" data-end=\"1910\"><strong data-start=\"1788\" data-end=\"1810\">Snabba transaktioner:<\/strong> Kreditkortsbetalningar behandlas snabbt, vilket inneb\u00e4r att din best\u00e4llning kan genomf\u00f6ras och skickas snabbare.<\/p>\n<\/li>\n<li data-start=\"1911\" data-end=\"2063\">\n<p data-start=\"1913\" data-end=\"2063\"><strong data-start=\"1913\" data-end=\"1933\">Accepteras i stor utstr\u00e4ckning:<\/strong> De flesta kunder har redan ett kreditkort, vilket g\u00f6r det till ett av de enklaste och mest l\u00e4ttillg\u00e4ngliga s\u00e4tten att betala f\u00f6r dina vapingprodukter.<\/p>\n<\/li>\n<\/ul>\n<hr data-start=\"2065\" data-end=\"2068\" \/>\n<h4 data-start=\"2070\" data-end=\"2101\"><strong data-start=\"2075\" data-end=\"2101\">Accepterade kreditkort:<\/strong><\/h4>\n<p data-start=\"2103\" data-end=\"2146\">Vi accepterar f\u00f6ljande st\u00f6rre kreditkort:<\/p>\n<ul data-start=\"2148\" data-end=\"2213\">\n<li data-start=\"2148\" data-end=\"2158\">\n<p data-start=\"2150\" data-end=\"2158\"><strong data-start=\"2150\" data-end=\"2158\">Visum<\/strong><\/p>\n<\/li>\n<li data-start=\"2159\" data-end=\"2175\">\n<p data-start=\"2161\" data-end=\"2175\"><strong data-start=\"2161\" data-end=\"2175\">MasterCard<\/strong><\/p>\n<\/li>\n<li data-start=\"2176\" data-end=\"2198\">\n<p data-start=\"2178\" data-end=\"2198\"><strong data-start=\"2178\" data-end=\"2198\">American Express<\/strong><\/p>\n<\/li>\n<li data-start=\"2199\" data-end=\"2213\">\n<p data-start=\"2201\" data-end=\"2213\"><strong data-start=\"2201\" data-end=\"2213\">Uppt\u00e4ck<\/strong><\/p>\n<\/li>\n<\/ul>\n<hr data-start=\"2215\" data-end=\"2218\" \/>\n<h4 data-start=\"2220\" data-end=\"2245\"><strong data-start=\"2225\" data-end=\"2245\">Viktiga anm\u00e4rkningar:<\/strong><\/h4>\n<ul data-start=\"2247\" data-end=\"2768\">\n<li data-start=\"2247\" data-end=\"2422\">\n<p data-start=\"2249\" data-end=\"2422\"><strong data-start=\"2249\" data-end=\"2273\">Faktureringsinformation:<\/strong> Se till att de faktureringsuppgifter du anger st\u00e4mmer \u00f6verens med de uppgifter som \u00e4r kopplade till ditt kreditkort f\u00f6r att undvika problem med betalningshanteringen.<\/p>\n<\/li>\n<li data-start=\"2423\" data-end=\"2590\">\n<p data-start=\"2425\" data-end=\"2590\"><strong data-start=\"2425\" data-end=\"2445\">S\u00e4kerhetskontroller:<\/strong> F\u00f6r att f\u00f6rhindra bedr\u00e4gerier kan vi utf\u00f6ra ytterligare s\u00e4kerhetskontroller under betalningsprocessen. F\u00f6lj eventuella anvisningar fr\u00e5n din bank eller kortutgivare.<\/p>\n<\/li>\n<li data-start=\"2591\" data-end=\"2768\">\n<p data-start=\"2593\" data-end=\"2768\"><strong data-start=\"2593\" data-end=\"2606\">Valuta:<\/strong> Alla betalningar behandlas i <strong data-start=\"2637\" data-end=\"2644\">USD<\/strong> (Amerikanska dollar). Om du g\u00f6r ett k\u00f6p utanf\u00f6r USA kan din kortutgivare konvertera beloppet till din lokala valuta.<\/p>\n<\/li>\n<\/ul>\n<hr data-start=\"2770\" data-end=\"2773\" \/>\n<h4 data-start=\"2775\" data-end=\"2800\"><strong data-start=\"2780\" data-end=\"2800\">Beh\u00f6ver du hj\u00e4lp?<\/strong><\/h4>\n<p data-start=\"2802\" data-end=\"2960\">Om du st\u00f6ter p\u00e5 n\u00e5gra problem n\u00e4r du betalar med ditt kreditkort eller beh\u00f6ver hj\u00e4lp med n\u00e5gon aspekt av ditt k\u00f6p, finns v\u00e5rt kundtj\u00e4nstteam h\u00e4r f\u00f6r att hj\u00e4lpa dig:<\/p>\n<ul data-start=\"2962\" data-end=\"3090\">\n<li data-start=\"2996\" data-end=\"3025\">\n<p data-start=\"2998\" data-end=\"3025\"><strong data-start=\"2998\" data-end=\"3008\">Telefon:<\/strong> +86 133 6063 1532<\/p>\n<\/li>\n<\/ul>\t\t\t\t\t\t\t\t<\/div>\n\t\t\t\t\t<\/div>\n\t\t\t\t<\/div>\n\t\t\t\t<\/div>","protected":false},"excerpt":{"rendered":"<p>Buy Vapes with Credit Card at FR Vape At FR Vape, we offer a secure and easy way to purchase your favorite vaping products using your credit card. Whether you&#8217;re shopping for e-liquids, mods, or accessories, credit card payments ensure a smooth and fast transaction experience. How to Buy Vapes with a Credit Card: Browse [&#8230;]","protected":false},"author":1,"featured_media":0,"parent":0,"menu_order":0,"comment_status":"closed","ping_status":"closed","template":"","meta":{"footnotes":""},"class_list":["post-7241","page","type-page","status-publish","hentry"],"jetpack_sharing_enabled":true,"_links":{"self":[{"href":"https:\/\/frvape.com\/sv\/wp-json\/wp\/v2\/pages\/7241","targetHints":{"allow":["GET"]}}],"collection":[{"href":"https:\/\/frvape.com\/sv\/wp-json\/wp\/v2\/pages"}],"about":[{"href":"https:\/\/frvape.com\/sv\/wp-json\/wp\/v2\/types\/page"}],"author":[{"embeddable":true,"href":"https:\/\/frvape.com\/sv\/wp-json\/wp\/v2\/users\/1"}],"replies":[{"embeddable":true,"href":"https:\/\/frvape.com\/sv\/wp-json\/wp\/v2\/comments?post=7241"}],"version-history":[{"count":4,"href":"https:\/\/frvape.com\/sv\/wp-json\/wp\/v2\/pages\/7241\/revisions"}],"predecessor-version":[{"id":7253,"href":"https:\/\/frvape.com\/sv\/wp-json\/wp\/v2\/pages\/7241\/revisions\/7253"}],"wp:attachment":[{"href":"https:\/\/frvape.com\/sv\/wp-json\/wp\/v2\/media?parent=7241"}],"curies":[{"name":"wp","href":"https:\/\/api.w.org\/{rel}","templated":true}]}}