{"id":1009,"date":"2025-10-11T16:06:17","date_gmt":"2025-10-11T16:06:17","guid":{"rendered":"https:\/\/frvape.com\/product\/zooy-rainbow-16000-disposable-vape-26ml-16000-puffs-device-with-12-flavors\/"},"modified":"2025-11-26T09:12:49","modified_gmt":"2025-11-26T09:12:49","slug":"zooy-regnbage-16000-engangs-vape-26ml-16000-puffar-enhet-med-12-smaker","status":"publish","type":"product","link":"https:\/\/frvape.com\/sv\/product\/zooy-regnbage-16000-engangs-vape-26ml-16000-puffar-enhet-med-12-smaker\/","title":{"rendered":"Zooy Rainbow 16000 eng\u00e5ngsvape - 26 ml 16000 puffar enhet med 12 smaker"},"content":{"rendered":"<h3>Revolutionera din vapingupplevelse<\/h3>\n<p>I takt med att h\u00e4lsomedvetenheten \u00f6kar och efterfr\u00e5gan p\u00e5 traditionella cigaretter minskar <strong>Zooy Regnb\u00e5ge 16000<\/strong> framtr\u00e4der som den b\u00e4sta vapingl\u00f6sningen f\u00f6r moderna entusiaster. Denna banbrytande eng\u00e5ngsenhet levererar o\u00f6vertr\u00e4ffad prestanda med sin extraordin\u00e4ra <strong>16.000 puffars kapacitet<\/strong> och gener\u00f6st f\u00f6rfylld <strong>26 ml e-v\u00e4tska<\/strong> reservoar.<\/p>\n<h3>Snygg, b\u00e4rbar design<\/h3>\n<p>Den <strong>Zooy Regnb\u00e5ge 16000<\/strong> har en ergonomiskt str\u00f6mlinjeformad design som passar perfekt i din hand. P\u00e5 bara <strong>80g<\/strong> Tack vare sin l\u00e5ga vikt och kompakta m\u00e5tt glider den enkelt ner i fickor eller v\u00e4skor, vilket g\u00f6r den till den perfekta f\u00f6ljeslagaren n\u00e4r du \u00e4r p\u00e5 spr\u00e5ng. Dess moderna estetik kombinerar minimalistisk elegans med funktionell sofistikering.<\/p>\n<h3>Premium E-v\u00e4tsketeknik<\/h3>\n<p>Sk\u00e4m bort dig med intensiv smak med v\u00e5r premium <strong>20 mg\/50 mg nikotinsaltformuleringar<\/strong>. Till skillnad fr\u00e5n vanliga enheter som kr\u00e4ver frekventa byten av spolar, ger Zooys optimerade skorstenssystem konsekvent rik \u00e5ngproduktion fr\u00e5n f\u00f6rsta till sista blosset. F\u00f6rfylld med premium e-juice f\u00f6r att s\u00e4kerst\u00e4lla problemfri njutning.<\/p>\n<h3>12 uppiggande smakalternativ<\/h3>\n<p>Tillfredsst\u00e4ll varje beg\u00e4r med v\u00e5r m\u00e5ngsidiga smakportf\u00f6lj:<\/p>\n<p>- <strong>Bl\u00e5 Razz K\u00f6rsb\u00e4r<\/strong> - Syrliga b\u00e4r med inslag av s\u00f6ta k\u00f6rsb\u00e4r<br \/>\n- <strong>Jordgubbar Bananer<\/strong> - Kr\u00e4mig banan m\u00f6ter mogna jordgubbar<br \/>\n- <strong>Jordgubbar Vattenmelon<\/strong> - Saftig blandning av vattenmelon och jordgubbar<br \/>\n- <strong>Persika Mango Vattenmelon<\/strong> - Tropisk trio-explosion<br \/>\n- <strong>Vattenmelon-is<\/strong> - F\u00f6rfriskning med kyld melon<br \/>\n- <strong>Blandade b\u00e4r<\/strong> - Skogsb\u00e4r medley<br \/>\n- <strong>Citron Persika<\/strong> - Citruszest m\u00f6ter s\u00f6tma fr\u00e5n stenfrukt<br \/>\n- <strong>Jordgubb Kiwi<\/strong> - Syrlig-s\u00f6t tropisk kombination<br \/>\n- <strong>Svart drake is<\/strong> - Mystisk blandning med isig finish<br \/>\n- <strong>Jordgubbar Hallon K\u00f6rsb\u00e4r<\/strong> - Trippel b\u00e4rgl\u00e4dje<br \/>\n- <strong>Zooy Bull<\/strong> - Energidryckinspirerat kraftverk<br \/>\n- <strong>Bl\u00e5b\u00e4r Hallon<\/strong> - Perfekt b\u00e4rharmoni<\/p>\n<h3>Kraftfull nikotintillf\u00f6rsel<\/h3>\n<p>Upplev omedelbar tillfredsst\u00e4llelse med <strong>5% nikotinsalt<\/strong> koncentration (50 mg). V\u00e5rt avancerade inhalationsaktiverade system ger en kraftig nikotineffekt inom n\u00e5gra sekunder, vilket ger den viktiga lugnande k\u00e4nslan n\u00e4r det beh\u00f6vs. Idealisk f\u00f6r f\u00f6re detta r\u00f6kare som vill ha en kraftig effekt i halsen och snabb lindring av r\u00f6ksuget.<\/p>\n<h3>Tekniska specifikationer f\u00f6r Smart<\/h3>\n<p>- Rekordbrytande <strong>16.000 puffars kapacitet<br \/>\n- 26 ml f\u00f6rfylld premium salt nikotin e-juice<br \/>\n- Uppladdningsbart batteri p\u00e5 650 mAh<br \/>\n- Inbyggd smart sk\u00e4rm<\/strong> (puffr\u00e4knare &amp; batteriindikator)<br \/>\n- Snabb <strong>Typ-C USB-laddning<\/strong><br \/>\n- Kompakt 80 grams l\u00e4ttviktskonstruktion<br \/>\n- Alternativ med dubbla nikotiner: <strong>20 mg eller 50 mg<\/p>\n<h3>Avancerad funktionalitet<\/h3>\n<p>Den integrerade <strong>Smart display<\/strong> s\u00e4tter nya standarder f\u00f6r eng\u00e5ngsvapor. \u00d6vervaka omedelbart din \u00e5terst\u00e5ende batteritid och f\u00f6lj utvecklingen av antalet puffar - allt via ett intuitivt LED-gr\u00e4nssnitt. I kombination med <strong>650mAh uppladdningsbart batteri<\/strong> och <strong>Typ C snabbladdning<\/strong>f\u00e5r du l\u00e4ngre anv\u00e4ndningstid mellan laddningarna.<\/p>\n<h3>Varf\u00f6r v\u00e4lja Zooy Rainbow 16000?<\/h3>\n<p>Till skillnad fr\u00e5n konventionella eng\u00e5ngsartiklar som erbjuder 5.000-7.000 puffar \u00e4r v\u00e5r <strong>16.000 puffteknik<\/strong> ger mer \u00e4n dubbelt s\u00e5 l\u00e5ng livsl\u00e4ngd. Den massiva <strong>26 ml kapacitet f\u00f6r e-juice<\/strong> eliminerar st\u00e4ndiga \u00e5terk\u00f6p, samtidigt som premiumingredienserna garanterar en j\u00e4mn smakintegritet under hela enhetens livsl\u00e4ngd. Det h\u00e4r \u00e4r inte bara ett evolution\u00e4rt steg, utan en revolution inom vapingekonomi och bekv\u00e4mlighet.<\/p>\n<h3>Milj\u00f6h\u00e4nsyn<\/h3>\n<p>\u00c4ven om <strong>Zooy Regnb\u00e5ge 16000<\/strong> \u00e4r tekniskt sett en eng\u00e5ngsartikel, men dess f\u00f6rl\u00e4ngda livsl\u00e4ngd inneb\u00e4r avsev\u00e4rt minskat avfall j\u00e4mf\u00f6rt med vanliga eng\u00e5ngsartiklar. Den <strong>uppladdningsbart batteri<\/strong> g\u00f6r att den f\u00f6rfyllda e-v\u00e4tskan kan utnyttjas fullt ut, vilket \u00e4r i linje med milj\u00f6medvetna konsumtionsprinciper.<\/p>\n<h3>Garanterad ultimat tillfredsst\u00e4llelse<\/h3>\n<p>Konstruerad f\u00f6r kr\u00e4sna vapers, \u00e4r den <strong>Zooy Regnb\u00e5ge 16000<\/strong> ger en kompromissl\u00f6s upplevelse som kombinerar <strong>f\u00f6rl\u00e4ngd livsl\u00e4ngd<\/strong>, <strong>nikotintillfredsst\u00e4llelse<\/strong> och <strong>smakrikedom<\/strong>. Dess <strong>intelligent display-system<\/strong> och <strong>kapacitet f\u00f6r snabbladdning<\/strong> representerar en topprestation inom vape-designteknik - prova den idag och uppt\u00e4ck varf\u00f6r tusentals v\u00e4ljer Zooy som sin fr\u00e4msta vapingl\u00f6sning.<\/p>","protected":false},"excerpt":{"rendered":"<p>Uppt\u00e4ck de <strong>Zooy Regnb\u00e5ge 16000<\/strong> eng\u00e5ngsvapen med en<strong> massiv 26mL e-juice<\/strong> kapacitet och o\u00f6vertr\u00e4ffad <strong>16.000 antal puffar<\/strong>. Njut av <strong>h\u00f6g 50 mg nikotinsalt<\/strong> tillfredsst\u00e4llelse med <strong>12 exotiska smaker<\/strong> i en kompakt enhet med typ C-laddning och smart display. Perfekt f\u00f6r vaping hela dagen.<\/p>","protected":false},"featured_media":1003,"comment_status":"open","ping_status":"closed","template":"","meta":[],"product_brand":[97],"product_cat":[860],"product_tag":[193,194,196,195,103],"class_list":{"0":"post-1009","1":"product","2":"type-product","3":"status-publish","4":"has-post-thumbnail","6":"product_brand-zooy","7":"product_cat-zooy","8":"product_tag-16000-puff-disposable-vape","9":"product_tag-50mg-nicotine-salt-vape","10":"product_tag-built-in-display-vape","11":"product_tag-fruit-flavored-vape","12":"product_tag-rechargeable-e-cigarette","14":"first","15":"instock","16":"sale","17":"shipping-taxable","18":"purchasable","19":"product-type-variable"},"jetpack_sharing_enabled":true,"tiered_pricing_type":"fixed","tiered_pricing_fixed_rules":[],"tiered_pricing_product_settings":{"layout":"default","base_unit_name":{"singular":null,"plural":null},"default_variation":null},"tiered_pricing_minimum_quantity":null,"tiered_pricing_roles_data":[],"tiered_pricing_percentage_rules":[],"tiered_pricing_maximum_quantity":null,"tiered_pricing_quantity_step":null,"_links":{"self":[{"href":"https:\/\/frvape.com\/sv\/wp-json\/wp\/v2\/product\/1009","targetHints":{"allow":["GET"]}}],"collection":[{"href":"https:\/\/frvape.com\/sv\/wp-json\/wp\/v2\/product"}],"about":[{"href":"https:\/\/frvape.com\/sv\/wp-json\/wp\/v2\/types\/product"}],"replies":[{"embeddable":true,"href":"https:\/\/frvape.com\/sv\/wp-json\/wp\/v2\/comments?post=1009"}],"wp:featuredmedia":[{"embeddable":true,"href":"https:\/\/frvape.com\/sv\/wp-json\/wp\/v2\/media\/1003"}],"wp:attachment":[{"href":"https:\/\/frvape.com\/sv\/wp-json\/wp\/v2\/media?parent=1009"}],"wp:term":[{"taxonomy":"product_brand","embeddable":true,"href":"https:\/\/frvape.com\/sv\/wp-json\/wp\/v2\/product_brand?post=1009"},{"taxonomy":"product_cat","embeddable":true,"href":"https:\/\/frvape.com\/sv\/wp-json\/wp\/v2\/product_cat?post=1009"},{"taxonomy":"product_tag","embeddable":true,"href":"https:\/\/frvape.com\/sv\/wp-json\/wp\/v2\/product_tag?post=1009"}],"curies":[{"name":"wp","href":"https:\/\/api.w.org\/{rel}","templated":true}]}}