{"id":11301,"date":"2025-11-02T04:43:47","date_gmt":"2025-11-02T04:43:47","guid":{"rendered":"https:\/\/frvape.com\/product\/fumot-leopard-40000-disposable-vape-with-led-screen-40000-puffs\/"},"modified":"2026-04-02T15:25:21","modified_gmt":"2026-04-02T15:25:21","slug":"fumot-leopard-40000-engangsvape-med-led-skarm-40000-puffar","status":"publish","type":"product","link":"https:\/\/frvape.com\/sv\/product\/fumot-leopard-40000-engangsvape-med-led-skarm-40000-puffar\/","title":{"rendered":"Fumot Leopard 40000 eng\u00e5ngsvape med LED-sk\u00e4rm | 40 000 puffar"},"content":{"rendered":"<p>Fumot Leopard 40000 <strong>uppladdningsbar eng\u00e5ngsvape<\/strong> representerar n\u00e4sta generation inom vapingteknik, konstruerad f\u00f6r l\u00e5ng livsl\u00e4ngd och premiumtillfredsst\u00e4llelse. Med sin <strong>h\u00f6gpresterande batteri<\/strong> och dubbel mesh-spole garanterar den j\u00e4mn \u00e5ngproduktion och exceptionell smakintensitet, vilket g\u00f6r den idealisk f\u00f6r <strong>grossistleverant\u00f6rer<\/strong> och distribut\u00f6rer.<\/p>\n<h3>Viktiga funktioner<\/h3>\n<p>Detta <strong>eng\u00e5ngsvapen<\/strong> har en <strong>700mAh uppladdningsbart batteri<\/strong>, st\u00f6djande <strong>snabb Typ-C-laddning<\/strong> f\u00f6r minimal stillest\u00e5ndstid. Den digitala <strong>LED-sk\u00e4rm<\/strong> ger sp\u00e5rning i realtid av <strong>antal puffar<\/strong>, effektniv\u00e5 och batteristatus, vilket ger anv\u00e4ndarna o\u00f6vertr\u00e4ffad kontroll. Tillg\u00e4nglig i m\u00e5ngsidiga <strong>nikotinstyrkor<\/strong> 0%, 2%, 3% och 5% passar alla smaker, fr\u00e5n nikotinfria anv\u00e4ndare till de som \u00f6nskar en starkare smakupplevelse.<\/p>\n<h3>Smakalternativ<\/h3>\n<p>V\u00e4lj bland ett omfattande sortiment av 25 dj\u00e4rva och <strong>uppfriskande smaker<\/strong>, perfekt f\u00f6r <strong>eng\u00e5ngsvapen<\/strong> entusiaster:<br \/>\n<strong>Bl\u00e5b\u00e4rsis<\/strong><br \/>\n<strong>Bl\u00e5b\u00e4r Hallon<\/strong><br \/>\n<strong>Vattenmelon Bubblegum<\/strong><br \/>\n<strong>Vattenmelon-is<\/strong><br \/>\n<strong>K\u00f6rsb\u00e4rsvattenmelon Frys<\/strong><br \/>\n<strong>Gr\u00f6nt \u00e4pple Persika<\/strong><br \/>\n<strong>Jordgubbar Bananer<\/strong><br \/>\n<strong>Dr Blue<\/strong><br \/>\n<strong>Passionsfrukt Kiwi<\/strong><br \/>\n<strong>Jordgubbsis<\/strong><br \/>\n<strong>Jordgubbar Vattenmelon<\/strong><br \/>\n<strong>Bj\u00f6rnb\u00e4r R\u00f6d Hallon<\/strong><br \/>\n<strong>Rosa lemonad<\/strong><br \/>\n<strong>Svart drake is<\/strong><br \/>\n<strong>Bl\u00e5 Razz K\u00f6rsb\u00e4r<\/strong><br \/>\n<strong>Persika B\u00e4r<\/strong><br \/>\n<strong>Ny Bl\u00e5 K\u00f6rsb\u00e4r Tranb\u00e4r<\/strong><br \/>\n<strong>Peachy Mango Ananas<\/strong><br \/>\n<strong>Bl\u00e5b\u00e4r K\u00f6rsb\u00e4r Tranb\u00e4r<\/strong><br \/>\n<strong>K\u00f6rsb\u00e4rsis<\/strong><br \/>\n<strong>Kiwi Passionsfrukt Guava<\/strong><br \/>\n<strong>Blue Razz Gummibj\u00f6rn<\/strong><br \/>\n<strong>Mango Passionsfrukt<\/strong><br \/>\n<strong>Bl\u00e5b\u00e4r Granat\u00e4pple-is<\/strong><br \/>\n<strong>Blandade b\u00e4r<\/strong><\/p>\n<h3>Tekniska specifikationer<\/h3>\n<p>Leverera <strong>40.000 puffar<\/strong>Fumot Leopard 40000 \u00e4r utrustad med en <strong>h\u00e5llbar spole med dubbla n\u00e4t<\/strong> f\u00f6r j\u00e4mn prestanda. F\u00f6rpackningen inneh\u00e5ller <strong>160 enheter per kartong<\/strong> med en vikt p\u00e5 ~20,1 kg och <strong>kompakt design<\/strong> f\u00f6r smidig frakt och f\u00f6rvaring. Denna <strong>milj\u00f6v\u00e4nlig<\/strong> L\u00f6sningserbjudanden <strong>h\u00f6g volymeffektivitet<\/strong>.<\/p>\n<h3>F\u00f6rdelar f\u00f6r \u00e5terf\u00f6rs\u00e4ljare<\/h3>\n<p>Som <strong>grossist vape leverant\u00f6r<\/strong>-fokuserad produkt, den <strong>Fumot Leopard<\/strong> utm\u00e4rker sig genom sina konkurrenskraftiga priser direkt fr\u00e5n fabrik och <strong>l\u00e5ng livsl\u00e4ngd<\/strong>. Dess kombination av <strong>exceptionell smakvariation<\/strong>, <strong>Uppladdningsbarhet<\/strong>, och <strong>visning i realtid<\/strong> lyfter upp den f\u00f6r <strong>Europeiska \u00e5terf\u00f6rs\u00e4ljare<\/strong> s\u00f6ker p\u00e5litligt lager. Best\u00e4ll <strong>avancerad 40K puff-enhet<\/strong> f\u00f6r att \u00f6ka ditt f\u00f6retag med premium, h\u00f6gt efterfr\u00e5gade vapes.<\/p>","protected":false},"excerpt":{"rendered":"<p>Uppt\u00e4ck Fumot Leopard 40000, en <strong>uppladdningsbar eng\u00e5ngsvape<\/strong> leverans <strong>40.000 puffar<\/strong> med en kraftfull <strong>spole med dubbla n\u00e4t<\/strong> och <strong>digital LED-sk\u00e4rm<\/strong>.<br \/>\nNjut av \u00f6ver 25 <strong>isiga och fruktiga smaker<\/strong>, <strong>snabb Typ-C-laddning<\/strong>och anpassningsbar <strong>nikotinstyrkor<\/strong><\/p>","protected":false},"featured_media":11295,"comment_status":"open","ping_status":"closed","template":"","meta":[],"product_brand":[186],"product_cat":[885],"product_tag":[1022,1020,904,903,513,75,155],"class_list":{"0":"post-11301","1":"product","2":"type-product","3":"status-publish","4":"has-post-thumbnail","6":"product_brand-fumot","7":"product_cat-fumot","8":"product_tag-000-puffs-vape","9":"product_tag-1020","10":"product_tag-disposable-vape-wholsale","11":"product_tag-fumot-leopard-40000","12":"product_tag-led-screen-vape","13":"product_tag-rechargeable-disposable-vape","14":"product_tag-vape-flavors","16":"first","17":"instock","18":"sale","19":"shipping-taxable","20":"purchasable","21":"product-type-variable"},"jetpack_sharing_enabled":true,"tiered_pricing_type":"fixed","tiered_pricing_fixed_rules":[],"tiered_pricing_product_settings":{"layout":"default","base_unit_name":{"singular":null,"plural":null},"default_variation":null},"tiered_pricing_minimum_quantity":null,"tiered_pricing_roles_data":[],"tiered_pricing_percentage_rules":[],"tiered_pricing_maximum_quantity":null,"tiered_pricing_quantity_step":null,"_links":{"self":[{"href":"https:\/\/frvape.com\/sv\/wp-json\/wp\/v2\/product\/11301","targetHints":{"allow":["GET"]}}],"collection":[{"href":"https:\/\/frvape.com\/sv\/wp-json\/wp\/v2\/product"}],"about":[{"href":"https:\/\/frvape.com\/sv\/wp-json\/wp\/v2\/types\/product"}],"replies":[{"embeddable":true,"href":"https:\/\/frvape.com\/sv\/wp-json\/wp\/v2\/comments?post=11301"}],"wp:featuredmedia":[{"embeddable":true,"href":"https:\/\/frvape.com\/sv\/wp-json\/wp\/v2\/media\/11295"}],"wp:attachment":[{"href":"https:\/\/frvape.com\/sv\/wp-json\/wp\/v2\/media?parent=11301"}],"wp:term":[{"taxonomy":"product_brand","embeddable":true,"href":"https:\/\/frvape.com\/sv\/wp-json\/wp\/v2\/product_brand?post=11301"},{"taxonomy":"product_cat","embeddable":true,"href":"https:\/\/frvape.com\/sv\/wp-json\/wp\/v2\/product_cat?post=11301"},{"taxonomy":"product_tag","embeddable":true,"href":"https:\/\/frvape.com\/sv\/wp-json\/wp\/v2\/product_tag?post=11301"}],"curies":[{"name":"wp","href":"https:\/\/api.w.org\/{rel}","templated":true}]}}