{"id":11421,"date":"2025-11-02T04:58:31","date_gmt":"2025-11-02T04:58:31","guid":{"rendered":"https:\/\/frvape.com\/product\/vapsolo-quads-80k-disposable-vape-4-in-1-flavors-performance\/"},"modified":"2026-04-08T09:22:12","modified_gmt":"2026-04-08T09:22:12","slug":"vapsolo-quads-80k-engangs-vape-4-i-1-smaker-prestanda","status":"publish","type":"product","link":"https:\/\/frvape.com\/sv\/product\/vapsolo-quads-80k-engangs-vape-4-i-1-smaker-prestanda\/","title":{"rendered":"Vapsolo Quads 80K eng\u00e5ngsvape - 4-i-1-smaker Prestanda"},"content":{"rendered":"<p>Den <strong>Vapsolo Quads 80.000 puffar<\/strong> eng\u00e5ngsvape \u00e4r utformad f\u00f6r vapers som s\u00f6ker kraft, livsl\u00e4ngd och olika smaker. Dess unika 4-i-1-design med fyra separata tankar s\u00e4kerst\u00e4ller att du kan njuta av flera smaker i en kompakt enhet, vilket eliminerar behovet av att b\u00e4ra extra prylar.<\/p>\n<h3>Viktiga funktioner<\/h3>\n<p><strong>Smak\u00e4mnen<\/strong>: 4-i-1-system med fyra oberoende tankar f\u00f6r o\u00e4ndlig njutning<br \/>\n<strong>Display<\/strong>: Omfattande display f\u00f6r e-v\u00e4tska och str\u00f6m f\u00f6r \u00f6vervakning i realtid<br \/>\n<strong>Spole<\/strong>: Fyrhjuling <strong>n\u00e4tspolar<\/strong> med 10\u03a9 motst\u00e5nd, ger riklig \u00e5nga och mjuka dragningar<br \/>\n<strong>Batteri<\/strong>: L\u00e5ngvarig <strong>650mAh uppladdningsbart batteri<\/strong> med snabbladdning av typ C<br \/>\n<strong>Nikotin<\/strong>: Tillval finns i 2% eller 5% f\u00f6r skr\u00e4ddarsydd styrka<br \/>\nPartihandelsv\u00e4nligt: 200 st per kartong, 10 kartonger per l\u00e5da; Kartongvikt 27,6 kg; M\u00e5tt 515 \u00d7 510 \u00d7 290 mm<\/p>\n<h3>Tillg\u00e4ngliga smaker<\/h3>\n<section class=\"text-token-text-primary w-full focus:outline-none [--shadow-height:45px] has-data-writing-block:pointer-events-none has-data-writing-block:-mt-(--shadow-height) has-data-writing-block:pt-(--shadow-height) [&amp;:has([data-writing-block])&gt;*]:pointer-events-auto scroll-mt-(--header-height)\" dir=\"auto\" data-turn-id=\"63baa051-fa97-451f-80b7-1d899aac150e\" data-testid=\"conversation-turn-19\" data-scroll-anchor=\"false\" data-turn=\"user\"><\/section>\n<section class=\"text-token-text-primary w-full focus:outline-none [--shadow-height:45px] has-data-writing-block:pointer-events-none has-data-writing-block:-mt-(--shadow-height) has-data-writing-block:pt-(--shadow-height) [&amp;:has([data-writing-block])&gt;*]:pointer-events-auto scroll-mt-[calc(var(--header-height)+min(200px,max(70px,20svh)))]\" dir=\"auto\" data-turn-id=\"request-WEB:14a09b9e-cc24-4acf-acf1-28d9d9d73bfc-9\" data-testid=\"conversation-turn-20\" data-scroll-anchor=\"false\" data-turn=\"assistant\">\n<div class=\"text-base my-auto mx-auto [--thread-content-margin:var(--thread-content-margin-xs,calc(var(--spacing)*4))] @w-sm\/main:[--thread-content-margin:var(--thread-content-margin-sm,calc(var(--spacing)*6))] @w-lg\/main:[--thread-content-margin:var(--thread-content-margin-lg,calc(var(--spacing)*16))] px-(--thread-content-margin)\">\n<div class=\"[--thread-content-max-width:40rem] @w-lg\/main:[--thread-content-max-width:48rem] mx-auto max-w-(--thread-content-max-width) flex-1 group\/turn-messages focus-visible:outline-hidden relative flex w-full min-w-0 flex-col agent-turn\">\n<div class=\"flex max-w-full flex-col gap-4 grow\">\n<div class=\"min-h-8 text-message relative flex w-full flex-col items-end gap-2 text-start break-words whitespace-normal outline-none keyboard-focused:focus-ring [.text-message+&amp;]:mt-1\" dir=\"auto\" data-message-author-role=\"assistant\" data-message-id=\"8f5eb6cb-6fa5-41d6-810b-c6918c334cd1\" data-message-model-slug=\"gpt-5-3\">\n<div class=\"flex w-full flex-col gap-1 empty:hidden\">\n<div class=\"markdown prose dark:prose-invert w-full wrap-break-word dark markdown-new-styling\">\n<ol data-start=\"0\" data-end=\"744\" data-is-last-node=\"\" data-is-only-node=\"\">\n<li data-section-id=\"4x59z7\" data-start=\"0\" data-end=\"77\">Lemon Lime &amp; Watermelon Ice &amp; Black Ice Dragon Fruit Strawberry &amp; Love66<\/li>\n<li data-section-id=\"1c1lxn4\" data-start=\"78\" data-end=\"155\">Vanilla Cola &amp; Lemon Peach &amp; Strawberry Raspberry Cherry Ice &amp; Grape Ice<\/li>\n<li data-section-id=\"pbnlxs\" data-start=\"156\" data-end=\"226\">Grape Burst &amp; Lychee Ice &amp; Peach Berry &amp; Kiwi Passion Fruit Guava<\/li>\n<li data-section-id=\"1cplanz\" data-start=\"227\" data-end=\"296\">Watermelon Ice &amp; Strawberry Mango &amp; Blueberry Ice &amp; Fizzy Cherry<\/li>\n<li data-section-id=\"18g7fzc\" data-start=\"297\" data-end=\"378\">Strawberry Watermelon &amp; Cherry Cola &amp; Juicy Peach Ice &amp; Grapefruit Refresher<\/li>\n<li data-section-id=\"vh9v1a\" data-start=\"379\" data-end=\"449\">Lemon Lime &amp; Strawberry Ice &amp; Raspberry Watermelon &amp; Fizzy Cherry<\/li>\n<li data-section-id=\"17ybmo1\" data-start=\"450\" data-end=\"529\">Pink Lemonade &amp; Kiwi Passion Fruit Guava &amp; Peach Berry &amp; Strawberry Banana<\/li>\n<li data-section-id=\"giu0cf\" data-start=\"530\" data-end=\"612\">Strawberry Mango &amp; Blue Razz Lemonade &amp; Vanilla Ice Cream &amp; Sour Triple Berry<\/li>\n<li data-section-id=\"17b219k\" data-start=\"613\" data-end=\"696\">Mixed Berry &amp; Cherry Lemon &amp; Strawberry Kiwi &amp; Strawberry Watermelon Bubblegum<\/li>\n<li data-section-id=\"aec1bt\" data-start=\"697\" data-end=\"744\" data-is-last-node=\"\">Mojito &amp; Monster Mango &amp; Lady Killer &amp; Pink<\/li>\n<\/ol>\n<\/div>\n<\/div>\n<\/div>\n<\/div>\n<\/div>\n<\/div>\n<\/section>\n<h3>Varf\u00f6r v\u00e4lja Vapsolo Quads 80K?<\/h3>\n<p>V\u00e4lj den <strong>Vapsolo Quads 80K<\/strong> f\u00f6r sin innovativa kombination av variation och prestanda. Perfekt f\u00f6r distribut\u00f6rer, \u00e5terf\u00f6rs\u00e4ljare och <strong>anv\u00e4ndare av e-cigaretter<\/strong>Den erbjuder problemfri vaping med tillf\u00f6rlitlig mesh coil-teknik och en l\u00e4ttl\u00e4st display. Denna enhet garanterar en <strong>l\u00e5ngvarig upplevelse<\/strong> upp till 80.000 puffar, vilket g\u00f6r den idealisk f\u00f6r personligt bruk eller bulkf\u00f6rs\u00e4ljning.<\/p>","protected":false},"excerpt":{"rendered":"<p>Upplev den ultimata <strong>Vapsolo Quads 80.000 puffar<\/strong> eng\u00e5ngsvapen med <strong>fyra oberoende tankar<\/strong> f\u00f6r o\u00f6vertr\u00e4ffad smakvariation.<br \/>\nNjut av mjuka tr\u00e4ffar fr\u00e5n avancerade <strong>n\u00e4tspolar<\/strong> och f\u00f6lja upp anv\u00e4ndningen via den inbyggda <strong>kraftvisning<\/strong> f\u00f6r enkelhetens skull.<\/p>","protected":false},"featured_media":16067,"comment_status":"open","ping_status":"closed","template":"","meta":[],"product_brand":[408],"product_cat":[863,1016],"product_tag":[913,112,372,103,912,658],"class_list":{"0":"post-11421","1":"product","2":"type-product","3":"status-publish","4":"has-post-thumbnail","6":"product_brand-vapsolo","7":"product_cat-vapsolo","8":"product_cat-big-puffs-vapes","9":"product_tag-4-flavors-vape","10":"product_tag-disposable-vape","11":"product_tag-mesh-coil","12":"product_tag-rechargeable-e-cigarette","13":"product_tag-vapsolo-quads-80k","14":"product_tag-wholesale-vape","16":"first","17":"instock","18":"shipping-taxable","19":"product-type-variable"},"jetpack_sharing_enabled":true,"tiered_pricing_type":"fixed","tiered_pricing_fixed_rules":[],"tiered_pricing_product_settings":{"layout":"default","base_unit_name":{"singular":null,"plural":null},"default_variation":null},"tiered_pricing_minimum_quantity":null,"tiered_pricing_roles_data":[],"tiered_pricing_percentage_rules":[],"tiered_pricing_maximum_quantity":null,"tiered_pricing_quantity_step":null,"_links":{"self":[{"href":"https:\/\/frvape.com\/sv\/wp-json\/wp\/v2\/product\/11421","targetHints":{"allow":["GET"]}}],"collection":[{"href":"https:\/\/frvape.com\/sv\/wp-json\/wp\/v2\/product"}],"about":[{"href":"https:\/\/frvape.com\/sv\/wp-json\/wp\/v2\/types\/product"}],"replies":[{"embeddable":true,"href":"https:\/\/frvape.com\/sv\/wp-json\/wp\/v2\/comments?post=11421"}],"wp:featuredmedia":[{"embeddable":true,"href":"https:\/\/frvape.com\/sv\/wp-json\/wp\/v2\/media\/16067"}],"wp:attachment":[{"href":"https:\/\/frvape.com\/sv\/wp-json\/wp\/v2\/media?parent=11421"}],"wp:term":[{"taxonomy":"product_brand","embeddable":true,"href":"https:\/\/frvape.com\/sv\/wp-json\/wp\/v2\/product_brand?post=11421"},{"taxonomy":"product_cat","embeddable":true,"href":"https:\/\/frvape.com\/sv\/wp-json\/wp\/v2\/product_cat?post=11421"},{"taxonomy":"product_tag","embeddable":true,"href":"https:\/\/frvape.com\/sv\/wp-json\/wp\/v2\/product_tag?post=11421"}],"curies":[{"name":"wp","href":"https:\/\/api.w.org\/{rel}","templated":true}]}}