{"id":1241,"date":"2025-10-12T00:44:20","date_gmt":"2025-10-12T00:44:20","guid":{"rendered":"https:\/\/frvape.com\/product\/bang-36000-ice-blending-disposable-vape-adjustable-ice-level-36000-puffs-nicotine-options\/"},"modified":"2025-11-26T09:19:58","modified_gmt":"2025-11-26T09:19:58","slug":"bang-36000-isblandning-engangs-vape-justerbar-isniva-36000-puffar-nikotinalternativ","status":"publish","type":"product","link":"https:\/\/frvape.com\/sv\/product\/bang-36000-isblandning-engangs-vape-justerbar-isniva-36000-puffar-nikotinalternativ\/","title":{"rendered":"Bang 36000 Ice Blending eng\u00e5ngsvape - justerbar isniv\u00e5, 36000 puffar, nikotinalternativ"},"content":{"rendered":"<p>Uppt\u00e4ck den revolutionerande <strong>Bang 36000 Ice Blending Eng\u00e5ngs-e-cigarett<\/strong>, utformad f\u00f6r att omdefiniera din vapingresa med o\u00f6vertr\u00e4ffad flexibilitet och livsl\u00e4ngd. Denna banbrytande enhet kombinerar avancerad teknik med anv\u00e4ndarv\u00e4nliga funktioner, vilket garanterar en personlig upplevelse skr\u00e4ddarsydd efter dina preferenser. Oavsett om du \u00e4r en molnj\u00e4gare eller en smakentusiast, levererar denna vape p\u00e5 alla niv\u00e5er och erbjuder justerbar kylning, massiva puffantal och olika nikotinalternativ f\u00f6r ultimat tillfredsst\u00e4llelse.<br \/>Designad f\u00f6r b\u00e4rbarhet och tillf\u00f6rlitlighet, \u00e4r <strong>Bang 36000 Blandning av is<\/strong> sticker ut p\u00e5 marknaden med sin snygga design och robusta konstruktion. Inga fler p\u00e5fyllningar eller komplicerade inst\u00e4llningar - packa bara upp l\u00e5dan och njut av oavbruten vapinglycka.<br \/>Utforska varf\u00f6r den h\u00e4r enheten har blivit en favorit bland vapers v\u00e4rlden \u00f6ver, eftersom den kombinerar bekv\u00e4mlighet med f\u00f6rstklassig prestanda.<\/p>\n<h3>Varf\u00f6r isniv\u00e5n Bang 36000 f\u00f6r\u00e4ndrar spelplanen<\/h3>\n<p>Den <strong>Bang 36000 Blandning av is<\/strong> f\u00f6rvandlar vaping till ett anpassningsbart \u00e4ventyr. Dess <strong>justerbar isniv\u00e5<\/strong> funktionen g\u00f6r att du kan finjustera kylningsintensiteten fr\u00e5n en subtil kyla till en arktisk blast, vilket passar varje hum\u00f6r och \u00f6gonblick. Denna innovation s\u00e4kerst\u00e4ller att din vape aldrig kompromissar med f\u00e4rskheten och levererar en uppfriskande hit med varje bloss.<br \/>Med sin <strong>kraftfullt 850mAh batteri<\/strong>Med den h\u00e4r enheten kan du k\u00f6ra l\u00e4ngre vaping-sessioner utan st\u00e4ndig laddning - perfekt f\u00f6r en livsstil d\u00e4r du \u00e4r p\u00e5 spr\u00e5ng.<br \/>Och att skryta med en <strong>imponerande 36 ml kapacitet f\u00f6r e-v\u00e4tska<\/strong>garanterar den <strong>36000 puffar<\/strong> av ren, rik \u00e5nga. Det betyder att du kommer att njuta av varje \u00f6gonblick innan du ens funderar p\u00e5 att byta ut den.<\/p>\n<h3>Kompletta produktspecifikationer<\/h3>\n<p><strong>PUFFAR: 36000<\/strong><br \/><strong>E-v\u00e4tska: 36ml<\/strong><br \/><strong>Resistans: 1,0 ohm<\/strong><br \/><strong>Batteri: 850 mAh<\/strong><br \/><strong>Laddning: USB-port av typ C<\/strong><br \/><strong>Alternativ f\u00f6r nikotin: 0%, 2%, 3% eller 5%<\/strong><br \/>Dessa specifikationer garanterar exceptionell livsl\u00e4ngd och prestanda: den <strong>1,0 ohm motst\u00e5nd<\/strong> ger en j\u00e4mn och konsekvent \u00e5ngproduktion, medan <strong>Typ C-laddning<\/strong> erbjuder snabba, p\u00e5litliga power-ups. V\u00e4lj din nikotinniv\u00e5 f\u00f6r en skr\u00e4ddarsydd upplevelse, fr\u00e5n noll nikotin f\u00f6r dem som s\u00f6ker ren smak till h\u00f6gre styrkor f\u00f6r en robust halshit.<\/p>\n<h3>Viktiga funktioner som skiljer denna vape fr\u00e5n m\u00e4ngden<\/h3>\n<h3>Justerbar isniv\u00e5 f\u00f6r anpassad kylning<\/h3>\n<p>Med den innovativa <strong>justering av is<\/strong> funktion, du \u00e4r chef \u00f6ver dina vapingvibbar. Skruva upp en subtil svalka eller vrid den till en frostig explosion. Denna o\u00f6vertr\u00e4ffade kontroll l\u00e5ter dig matcha intensiteten efter din smak, s\u00e5 att varje session blir unikt uppfriskande och uppfriskande.<\/p>\n<h3>Kraftfullt batteri f\u00f6r vaping hela dagen<\/h3>\n<p>S\u00e4g adj\u00f6 till str\u00f6mavbrott mitt under sessionen. Den <strong>850 mAh batteri<\/strong> \u00e4r konstruerad f\u00f6r uth\u00e5llighet och klarar flera timmars kontinuerlig anv\u00e4ndning med en enda laddning. Ladda snabbt via typ C - p\u00e5 mindre \u00e4n en timme - och upplev bekymmersfri vaping som h\u00e5ller j\u00e4mna steg med dina mest hektiska dagar.<\/p>\n<h3>Massiv E-v\u00e4tskekapacitet f\u00f6r o\u00e4ndliga puffar<\/h3>\n<p>H\u00e5ller en gener\u00f6s <strong>36 ml e-v\u00e4tska<\/strong>lovar denna enhet en h\u00e4pnadsv\u00e4ckande <strong>36000 puffar<\/strong>. Det \u00e4r veckor av njutning f\u00f6r den genomsnittliga anv\u00e4ndaren, vilket minimerar behovet av p\u00e5fyllning. I kombination med en l\u00e4ckages\u00e4ker design s\u00e4kerst\u00e4ller den att varje droppe premium-e-v\u00e4tska f\u00f6r\u00e5ngas effektivt, vilket ger dig maximalt v\u00e4rde och njutning.<\/p>\n<h3>Anpassade nikotinniv\u00e5er f\u00f6r att passa alla<\/h3>\n<p>Anpassa ditt nikotinintag med l\u00e4tthet: fr\u00e5n en ren, lugnande <strong>0% nikotin<\/strong> f\u00f6r of\u00f6rfalskad smak, till <strong>2%, 3% eller 5%<\/strong> f\u00f6r varierande intensitet av tr\u00e4ff. Denna flexibilitet g\u00f6r att <strong>Bang 36000 Blandning av is<\/strong> perfekt f\u00f6r nyb\u00f6rjare, erfarna vapers och de som \u00f6verg\u00e5r fr\u00e5n traditionell tobak. V\u00e4lj din perfekta balans och njut av konsistens med varje bloss.<\/p>\n<h3>Premium E-v\u00e4tska Smakkollektion<\/h3>\n<p>Dyk ner i en m\u00e4ngd olika <strong>uppiggande smaker<\/strong> skapade f\u00f6r olika paletter. Varje alternativ blandar naturliga essenser med kreativa v\u00e4ndningar, vilket garanterar levande smakupplevelser. H\u00e4r \u00e4r den kompletta smaklistan f\u00f6r e-liquid f\u00f6r <strong>Bang 36000 Blandning av is<\/strong>:<\/p>\n<ul>\n<li>Jordgubbsis<\/li>\n<li>Jordgubb Mango<\/li>\n<li>TRIPLE BERRY<\/li>\n<li>Jordgubbe BANANA<\/li>\n<li>Ananas kokosn\u00f6t<\/li>\n<li>Bl\u00e5b\u00e4rsis<\/li>\n<li>Jordgubbar Vattenmelon<\/li>\n<li>Bl\u00e5b\u00e4r Hallon<\/li>\n<li>Red Bull<\/li>\n<li>LOVE66<\/li>\n<li>Jordgubb Mango<\/li>\n<li>Vattenmelon-is<\/li>\n<\/ul>\n<p>Med smaker som str\u00e4cker sig fr\u00e5n fruktiga klassiker som <strong>Vattenmelon-is<\/strong> till dj\u00e4rva blandningar som <strong>TRIPLE BERRY<\/strong> och energigivande <strong>Red Bull<\/strong>Det finns n\u00e5got f\u00f6r alla. Upplev skiktade noter som f\u00f6rb\u00e4ttrar den justerbara isniv\u00e5n och skapar en multisensorisk vape-resa.<\/p>\n<h3>Varf\u00f6r Bang 36000 Ice Blending sticker ut<\/h3>\n<p>Om du l\u00e4ngtar efter <strong>kontroll<\/strong>, <strong>bekv\u00e4mlighet<\/strong>, och <strong>sort<\/strong>\u00e4r den h\u00e4r enheten din ultimata f\u00f6ljeslagare. Dess anpassningsf\u00f6rm\u00e5ga lyser med isjusteringsfunktionen, medan <strong>36000 puffar kapacitet<\/strong> och robusta konstruktion g\u00f6r den till en l\u00e5ngsiktig investering i njutning. Oavsett om du \u00e4r ute efter kylande sensationer eller intensiva aromer levererar denna vape p\u00e5litligt, vilket g\u00f6r den till ett f\u00f6rstahandsval f\u00f6r vapers globalt.<\/p>\n<h3>Vanliga fr\u00e5gor och svar<\/h3>\n<p><strong>Hur l\u00e4nge r\u00e4cker batteriet?<\/strong><br \/>Den <strong>850 mAh batteri<\/strong> ger de flesta anv\u00e4ndare tillr\u00e4ckligt med str\u00f6m f\u00f6r en hel dags intensiv vaping. Laddningstiderna \u00e4r snabba med typ C-anslutning, i genomsnitt under en timme f\u00f6r en fullst\u00e4ndig uppladdning.<\/p>\n<p><strong>Kan jag justera isniv\u00e5n under anv\u00e4ndning?<\/strong><br \/>Ja! Den <strong>justering av is<\/strong> funktionen \u00e4r intuitiv och tillg\u00e4nglig n\u00e4r som helst. H\u00e5ll bara enhetens knapp intryckt f\u00f6r att v\u00e4xla mellan kylningsniv\u00e5erna, vilket g\u00f6r det m\u00f6jligt att anpassa funktionen i farten utan att avbryta ditt vapingfl\u00f6de.<\/p>\n<p><strong>Vilken nikotinniv\u00e5 ska jag v\u00e4lja?<\/strong><br \/><strong>0% nikotin<\/strong> \u00e4r perfekt om du vill ha livlig smak utan n\u00e5got beroendeframkallande element.<br \/><strong>2% eller 3% nikotin<\/strong> erbjuder en l\u00e4tt, tillfredsst\u00e4llande hit som \u00e4r idealisk f\u00f6r m\u00e5ttliga anv\u00e4ndare.<br \/><strong>5% nikotin<\/strong> ger en kraftfull halshit f\u00f6r dem som beh\u00f6ver en starkare kick f\u00f6r att efterlikna traditionell r\u00f6kning.<\/p>\n<p><strong>\u00c4r den h\u00e4r enheten nyb\u00f6rjarv\u00e4nlig?<\/strong><br \/>Absolut. Som en f\u00f6rfylld eng\u00e5ngsvape kommer den redo att anv\u00e4ndas med <strong>36 ml e-v\u00e4tska<\/strong>. Ingen p\u00e5fyllning, blandning eller komplicerade inst\u00e4llningar - bara inhalera och njut. Enknappsdriften och den tydliga laddningsindikatorn g\u00f6r det enkelt och njutbart f\u00f6r nyb\u00f6rjare att vapinga.<\/p>\n<p><strong>Vilken smak \u00e4r b\u00e4st?<\/strong><br \/>Kylfl\u00e4ktar \u00e4lskar <strong>Vattenmelon-is<\/strong> eller <strong>Jordgubbsis<\/strong> f\u00f6r sina uppfriskande profiler. Om du f\u00f6redrar dj\u00e4rva, rika upplevelser, <strong>TRIPLE BERRY<\/strong> och <strong>LOVE66<\/strong> levererar komplexa, uppfriskande smaker. Med s\u00e5 m\u00e5nga alternativ kan du rotera smakerna f\u00f6r att h\u00e5lla saker sp\u00e4nnande.<\/p>\n<h3>Den slutliga domen<\/h3>\n<p>Den <strong>Bang 36000 Blandning av is<\/strong> \u00e4r konstruerad f\u00f6r att lyfta din vaping med innovativa funktioner och h\u00e5llbar kvalitet. Det \u00e4r inte bara en enhet - det \u00e4r en livsstilsuppgradering som blandar stil, substans och smarthet. Med sin <strong>justerbar isniv\u00e5<\/strong>Tack vare den l\u00e5nga pufftiden och de m\u00e5ngsidiga nikotinvalen utm\u00e4rker den sig p\u00e5 alla omr\u00e5den. V\u00e4lj fr\u00e5n v\u00e5rt livfulla smakutbud idag och l\u00e5s upp ett svalare, l\u00e4ngre och mer personligt vaping\u00e4ventyr.<\/p>","protected":false},"excerpt":{"rendered":"<p>Upplev ultimat vaping med <strong>Bang 36000 Ice Blending eng\u00e5ngsvape<\/strong>. Med en <strong>justerbar isniv\u00e5<\/strong> f\u00f6r anpassad kylning, <strong>36000 puffar<\/strong> fr\u00e5n 36 ml e-v\u00e4tska, och valbara nikotinstyrkor p\u00e5 <strong>0%<\/strong>, <strong>2%<\/strong>, <strong>3%<\/strong>, eller <strong>5%<\/strong>. Perfekt f\u00f6r problemfri njutning hela dagen med en kraftfull <strong>850 mAh batteri<\/strong>.<\/p>","protected":false},"featured_media":1235,"comment_status":"open","ping_status":"closed","template":"","meta":[],"product_brand":[107],"product_cat":[1072,17],"product_tag":[221,220,219,112,222,223],"class_list":{"0":"post-1241","1":"product","2":"type-product","3":"status-publish","4":"has-post-thumbnail","6":"product_brand-bang","7":"product_cat-bang","8":"product_cat-uncategorized","9":"product_tag-36000-puffs","10":"product_tag-adjustable-ice-level","11":"product_tag-bang-36000-ice-blending","12":"product_tag-disposable-vape","13":"product_tag-e-liquid-flavors","14":"product_tag-nicotine-vape","16":"first","17":"instock","18":"sale","19":"shipping-taxable","20":"purchasable","21":"product-type-variable"},"jetpack_sharing_enabled":true,"tiered_pricing_type":"fixed","tiered_pricing_fixed_rules":[],"tiered_pricing_product_settings":{"layout":"default","base_unit_name":{"singular":null,"plural":null},"default_variation":null},"tiered_pricing_minimum_quantity":null,"tiered_pricing_roles_data":[],"tiered_pricing_percentage_rules":[],"tiered_pricing_maximum_quantity":null,"tiered_pricing_quantity_step":null,"_links":{"self":[{"href":"https:\/\/frvape.com\/sv\/wp-json\/wp\/v2\/product\/1241","targetHints":{"allow":["GET"]}}],"collection":[{"href":"https:\/\/frvape.com\/sv\/wp-json\/wp\/v2\/product"}],"about":[{"href":"https:\/\/frvape.com\/sv\/wp-json\/wp\/v2\/types\/product"}],"replies":[{"embeddable":true,"href":"https:\/\/frvape.com\/sv\/wp-json\/wp\/v2\/comments?post=1241"}],"wp:featuredmedia":[{"embeddable":true,"href":"https:\/\/frvape.com\/sv\/wp-json\/wp\/v2\/media\/1235"}],"wp:attachment":[{"href":"https:\/\/frvape.com\/sv\/wp-json\/wp\/v2\/media?parent=1241"}],"wp:term":[{"taxonomy":"product_brand","embeddable":true,"href":"https:\/\/frvape.com\/sv\/wp-json\/wp\/v2\/product_brand?post=1241"},{"taxonomy":"product_cat","embeddable":true,"href":"https:\/\/frvape.com\/sv\/wp-json\/wp\/v2\/product_cat?post=1241"},{"taxonomy":"product_tag","embeddable":true,"href":"https:\/\/frvape.com\/sv\/wp-json\/wp\/v2\/product_tag?post=1241"}],"curies":[{"name":"wp","href":"https:\/\/api.w.org\/{rel}","templated":true}]}}