{"id":1782,"date":"2025-10-12T02:22:24","date_gmt":"2025-10-12T02:22:24","guid":{"rendered":"https:\/\/frvape.com\/product\/elfbox-digital-12000-puffs-disposable-vape-with-customizable-nicotine-digital-display\/"},"modified":"2025-11-02T03:50:44","modified_gmt":"2025-11-02T03:50:44","slug":"elfbox-digital-12000-puffar-engangsvape-med-anpassningsbar-nikotin-digital-display","status":"publish","type":"product","link":"https:\/\/frvape.com\/sv\/product\/elfbox-digital-12000-puffar-engangsvape-med-anpassningsbar-nikotin-digital-display\/","title":{"rendered":"ElfBox Digital 12000 Puffs Eng\u00e5ngs-Vape med anpassningsbart nikotin och digital display"},"content":{"rendered":"<h3>Premium vapingupplevelse<\/h3>\n<p>Den <strong>ELF Box Digital 12000 Puffs<\/strong> omdefinierar vaping med sin eleganta metalldesign och integrerade <strong>Apple teknik<\/strong>och levererar o\u00f6vertr\u00e4ffad h\u00e5llbarhet och elegans f\u00f6r kr\u00e4sna vapers. Den kombinerar lyx med effektivitet och ger en skr\u00e4ddarsydd upplevelse som passar b\u00e5de vanliga anv\u00e4ndare och entusiaster tack vare sina avancerade funktioner.<\/p>\n<h3>Anpassningsbara alternativ f\u00f6r vaping<\/h3>\n<p>Anpassa din vapingresa med <strong>anpassningsbara nikotinniv\u00e5er<\/strong> vid 0%, 2%, 3% eller 5%, vilket s\u00e4kerst\u00e4ller att du uppn\u00e5r den perfekta intensiteten f\u00f6r dina preferenser. Tillsammans med en raffinerad <strong>System f\u00f6r e-juice<\/strong>garanterar denna enhet en j\u00e4mn smak och <strong>j\u00e4mn \u00e5ngproduktion<\/strong>vilket g\u00f6r varje puff enkel och tillfredsst\u00e4llande.<\/p>\n<h3>Avancerade tekniska egenskaper<\/h3>\n<p>Erfarenhet av l\u00e5ngvarig anv\u00e4ndning med <strong>0,8 ohms n\u00e4tspole<\/strong> som optimerar \u00e5ngfl\u00f6det och smaktillf\u00f6rseln, medan <strong>25 ml kapacitet f\u00f6r e-v\u00e4tska<\/strong> klarar tusentals puffar utan kompromisser. Den <strong>uppladdningsbart batteri<\/strong> (13350-500mAh) med Type-C-laddning m\u00f6jligg\u00f6r snabba laddningar och l\u00e5ngvarig prestanda, tillsammans med en <strong>digital display<\/strong> som visar viktig statistik som batteritid och antal puffar f\u00f6r s\u00f6ml\u00f6s \u00f6vervakning.<\/p>\n<h3>M\u00e5ngsidigt urval av smaker<\/h3>\n<p>Sk\u00e4m bort dig med ett sp\u00e4nnande utbud av <strong>smaker av e-v\u00e4tska<\/strong> utformade f\u00f6r att passa alla smaker, fr\u00e5n uppfriskande fruktiga blandningar till iskalla sensationer. De tillg\u00e4ngliga smakalternativen inkluderar:<br \/>Jordgubbsblast<br \/>Bj\u00f6rnb\u00e4rsis<br \/>Persika B\u00e4r<br \/>Blandad frukt<br \/>Persika is<br \/>Jordgubbsis<br \/>Jordgubbar Bananer<br \/>Herr Bl\u00e5<br \/>Jordgubbar Vattenmelon<br \/>Bl\u00e5b\u00e4r Sura Hallon<br \/>Mango is<br \/>Blue Razz Ice<br \/>Cherry Cola<br \/>Kokosn\u00f6t Melon<br \/>Vattenmelon-is<br \/>Vattenmelon Bubblegum<br \/>Grape Ice<br \/>Kiwi Passionsfrukt<br \/>Dubbla \u00e4pplen<br \/>Jordgubb Kiwi Frukt<\/p>\n<h3>Omfattande produktspecifikationer<\/h3>\n<p>1. Puffar: 12.000 puffar<br \/>2. K\u00e4rnan: <strong>Mesh-spole 0,8ohm<\/strong><br \/>3. E-v\u00e4tska: 25ml<br \/>4. Nikotin: <strong>Anpassningsbara nikotinniv\u00e5er<\/strong> av 0%\/2%\/3%\/5%<br \/>5. Batteri: 13350-500mAh<br \/>6. Uppladdningsbar: Typ C<br \/>7. Digital display<br \/>8. Produktens vikt: 82g<br \/>9. Produktstorlek: 30 * 57 * 101 mm<br \/>10. Kartongstorlek: 615 * 223 * 330 mm<br \/>11. ANTAL: 200st\/ctn, 10st\/box<br \/>12. Vikt: 17,7 kg<\/p>\n<h3>Idealisk f\u00f6r alla anv\u00e4ndare<\/h3>\n<p>Med sin <strong>uppladdningsbar design<\/strong> och h\u00e5llbara konstruktion \u00e4r denna vape perfekt f\u00f6r daglig anv\u00e4ndning, medan \u00e5terf\u00f6rs\u00e4ljare kan dra nytta av <strong>bulk grossist<\/strong> m\u00f6jligheter att tillgodose den h\u00f6ga efterfr\u00e5gan. En investering i ELF Box Digital s\u00e4kerst\u00e4ller kundn\u00f6jdhet med fokus p\u00e5 <strong>digital display<\/strong> f\u00f6rb\u00e4ttring och <strong>e-v\u00e4tskesortiment<\/strong>och etablerade den som ett f\u00f6rstklassigt val p\u00e5 marknaden f\u00f6r eng\u00e5ngsvape.<\/p>\n<h3>F\u00f6rb\u00e4ttrat v\u00e4rde och tillf\u00f6rlitlighet<\/h3>\n<p>ELF Box Digital \u00e4r byggd f\u00f6r att h\u00e5lla och kombinerar innovation med praktiska egenskaper och erbjuder en <strong>premiumprodukt<\/strong> som minskar behovet av frekventa byten. Dess kompakta storlek och l\u00e4tta design g\u00f6r den b\u00e4rbar, medan det robusta patron-systemet st\u00f6der oavbruten njutning. F\u00f6rb\u00e4ttra din vapingvana idag med den h\u00e4r enheten f\u00f6r exceptionell smakkonsistens och anv\u00e4ndarcentrerad teknik.<\/p>","protected":false},"excerpt":{"rendered":"<p><strong>ELF Box Digital 12000 puffar eng\u00e5ngsvape<\/strong> erbjuder en f\u00f6rstklassig vapingupplevelse med avancerad <strong>Apple teknik<\/strong>, anpassningsbar <strong>nikotinniv\u00e5er<\/strong> fr\u00e5n 0% till 5%, och en elegant digital display. Njut av upp till 12 000 bloss med hj\u00e4lp av en <strong>uppladdningsbart batteri<\/strong> och en 0,8-ohms mesh-spole f\u00f6r j\u00e4mn \u00e5nga.<\/p>","protected":false},"featured_media":1776,"comment_status":"open","ping_status":"closed","template":"","meta":[],"product_brand":[206],"product_cat":[207],"product_tag":[287,288,112,222,286,103],"class_list":{"0":"post-1782","1":"product","2":"type-product","3":"status-publish","4":"has-post-thumbnail","6":"product_brand-elfbox","7":"product_cat-elfbox-vape","8":"product_tag-customizable-nicotine-vape","9":"product_tag-digital-display-vape","10":"product_tag-disposable-vape","11":"product_tag-e-liquid-flavors","12":"product_tag-elfbox-digital-12000","13":"product_tag-rechargeable-e-cigarette","15":"first","16":"instock","17":"sale","18":"shipping-taxable","19":"purchasable","20":"product-type-variable"},"jetpack_sharing_enabled":true,"tiered_pricing_type":"fixed","tiered_pricing_fixed_rules":[],"tiered_pricing_product_settings":{"layout":"default","base_unit_name":{"singular":null,"plural":null},"default_variation":null},"tiered_pricing_minimum_quantity":null,"tiered_pricing_roles_data":[],"tiered_pricing_percentage_rules":[],"tiered_pricing_maximum_quantity":null,"tiered_pricing_quantity_step":null,"_links":{"self":[{"href":"https:\/\/frvape.com\/sv\/wp-json\/wp\/v2\/product\/1782","targetHints":{"allow":["GET"]}}],"collection":[{"href":"https:\/\/frvape.com\/sv\/wp-json\/wp\/v2\/product"}],"about":[{"href":"https:\/\/frvape.com\/sv\/wp-json\/wp\/v2\/types\/product"}],"replies":[{"embeddable":true,"href":"https:\/\/frvape.com\/sv\/wp-json\/wp\/v2\/comments?post=1782"}],"wp:featuredmedia":[{"embeddable":true,"href":"https:\/\/frvape.com\/sv\/wp-json\/wp\/v2\/media\/1776"}],"wp:attachment":[{"href":"https:\/\/frvape.com\/sv\/wp-json\/wp\/v2\/media?parent=1782"}],"wp:term":[{"taxonomy":"product_brand","embeddable":true,"href":"https:\/\/frvape.com\/sv\/wp-json\/wp\/v2\/product_brand?post=1782"},{"taxonomy":"product_cat","embeddable":true,"href":"https:\/\/frvape.com\/sv\/wp-json\/wp\/v2\/product_cat?post=1782"},{"taxonomy":"product_tag","embeddable":true,"href":"https:\/\/frvape.com\/sv\/wp-json\/wp\/v2\/product_tag?post=1782"}],"curies":[{"name":"wp","href":"https:\/\/api.w.org\/{rel}","templated":true}]}}