{"id":2013,"date":"2025-10-12T02:39:59","date_gmt":"2025-10-12T02:39:59","guid":{"rendered":"https:\/\/frvape.com\/product\/bang-king-50000-disposable-vape-50000-puffs-with-dual-favors-and-adjustable-airflow\/"},"modified":"2025-11-04T01:45:08","modified_gmt":"2025-11-04T01:45:08","slug":"bang-king-50000-engangsvape-50000-puffar-med-dubbla-favoriter-och-justerbart-luftflode","status":"publish","type":"product","link":"https:\/\/frvape.com\/sv\/product\/bang-king-50000-engangsvape-50000-puffar-med-dubbla-favoriter-och-justerbart-luftflode\/","title":{"rendered":"Bang King 50000 eng\u00e5ngsvape - 50 000 puffar med dubbla f\u00e4sten och justerbart luftfl\u00f6de"},"content":{"rendered":"<h3>Vi presenterar Bang King 50000<\/h3>\n<p>Den <strong>Bang King 50000<\/strong> \u00e4r en revolution\u00e4r <strong>eng\u00e5ngsvapen<\/strong> utformad f\u00f6r b\u00e5de enskilda anv\u00e4ndare och <strong>grossist vape<\/strong> \u00e5terf\u00f6rs\u00e4ljare. Med en extraordin\u00e4r <strong>50.000 puffar<\/strong> kapacitet och en rad olika <strong>dubbel smak<\/strong> kombinationer s\u00e4tter den en ny standard inom vapingindustrin. Med avancerade element som en <strong>digital display<\/strong> och <strong>justerbart luftfl\u00f6de<\/strong>erbjuder den anpassning och l\u00e5ng livsl\u00e4ngd, vilket g\u00f6r den till en av de <strong>b\u00e4sta eng\u00e5ngs vape<\/strong> alternativ f\u00f6r 2024.<\/p>\n<h3>Produktfunktioner<\/h3>\n<p><strong>Vapes f\u00f6r eng\u00e5ngsbruk i grossistledet f\u00f6r \u00e5terf\u00f6rs\u00e4ljare:<\/strong> Bang King 50000 \u00e4r idealisk f\u00f6r <strong>grossist vape<\/strong> s\u00e4ljare som str\u00e4var efter att lagra premium eng\u00e5ngsvapes. Med upp till 50.000 puffar och <strong>dubbel smak<\/strong> ger den en ut\u00f6kad vapingupplevelse som tilltalar kunder som s\u00f6ker h\u00f6gpresterande enheter. Det g\u00f6r den perfekt f\u00f6r \u00e5terf\u00f6rs\u00e4ljare eller distribut\u00f6rer som vill erbjuda p\u00e5litliga och njutbara <strong>eng\u00e5ngsvapen<\/strong> produkter som tillgodoser olika preferenser.<\/p>\n<p><strong>B\u00e4sta eng\u00e5ngsvapnet f\u00f6r l\u00e5ngvarig anv\u00e4ndning:<\/strong> Som en av de fr\u00e4msta <strong>b\u00e4sta eng\u00e5ngsmodeller f\u00f6r vape<\/strong>ger den h\u00e4r enheten ett exceptionellt v\u00e4rde med sitt massiva antal puffar. Den innovativa <strong>digital display<\/strong> sp\u00e5rar dina vapingframsteg och ser till att du maximerar varje bloss och njuter av konstant tillfredsst\u00e4llelse. Den \u00e4r konstruerad f\u00f6r uth\u00e5llighet, vilket minskar behovet av frekventa byten och \u00f6kar anv\u00e4ndarv\u00e4nligheten.<\/p>\n<p><strong>Dual Flavor och justerbart luftfl\u00f6de:<\/strong> Upplev en rik och m\u00e5ngfacetterad vapingresa med <strong>dubbel smak<\/strong> funktion, vilket g\u00f6r att du enkelt kan v\u00e4xla mellan tv\u00e5 olika smaker. Den <strong>justerbart luftfl\u00f6de<\/strong> funktionen l\u00e5ter dig finjustera din dragintensitet f\u00f6r en perfekt, personlig tr\u00e4ff varje g\u00e5ng. Denna synergi skapar en av de mest <strong>bra eng\u00e5ngsvapor<\/strong> tillg\u00e4ngliga, vilket ger m\u00e5ngsidighet och kontroll.<\/p>\n<p><strong>Innovativ digital displaysk\u00e4rm:<\/strong> Den inbyggda <strong>digital display<\/strong> h\u00e5ller dig informerad genom att visa uppdateringar i realtid om antal puffar, batteriniv\u00e5 och e-v\u00e4tskekapacitet. Denna smarta \u00f6vervakning f\u00f6rb\u00e4ttrar din upplevelse genom att hj\u00e4lpa dig att hantera anv\u00e4ndningen effektivt, minska avbrotten och s\u00e4kerst\u00e4lla en tillf\u00f6rlitlig <strong>eng\u00e5ngsvapen<\/strong> prestanda.<\/p>\n<h3>Produktens f\u00f6rdelar<\/h3>\n<p><strong>50.000 puffar f\u00f6r maximal livsl\u00e4ngd:<\/strong> Den enorma <strong>50.000 puffar<\/strong> av Bang King 50000 minimerar utbyten och erbjuder otroligt v\u00e4rde. Den st\u00f6der l\u00e5ngvarig anv\u00e4ndning, perfekt f\u00f6r vapers som kr\u00e4ver <strong>b\u00e4sta eng\u00e5ngs vape<\/strong> upplevelse med o\u00f6vertr\u00e4ffad uth\u00e5llighet och kostnadseffektivitet.<\/p>\n<p><strong>Dubbla smaker f\u00f6r anpassning:<\/strong> Med <strong>dubbel smak<\/strong> kan du anpassa din vaping efter dina preferenser, vilket ger en mer dynamisk och njutbar session \u00e4n vanliga enheter med en smak. Denna funktion betonar varf\u00f6r den \u00e4r bland de <strong>bra eng\u00e5ngsvapor<\/strong> f\u00f6r smakentusiaster.<\/p>\n<p><strong>Justerbart luftfl\u00f6de f\u00f6r perfekt drag:<\/strong> Skr\u00e4ddarsy din tr\u00e4ff exakt med hj\u00e4lp av <strong>justerbart luftfl\u00f6de<\/strong>som anpassar sig efter hur h\u00e5rt eller l\u00f6st du vill ha det. Detta s\u00e4kerst\u00e4ller en j\u00e4mn komfort och tillfredsst\u00e4llelse, vilket framh\u00e4ver innovationen i <strong>e-cigarett med dubbla smaker<\/strong> m\u00f6nster.<\/p>\n<p><strong>Smart digital display f\u00f6r enkel \u00f6vervakning:<\/strong> Den <strong>digital display<\/strong> ger exakta avl\u00e4sningar av antalet puffar och batteristatus, vilket f\u00f6renklar enhetshanteringen och minskar ov\u00e4ntade driftstopp. Den h\u00e4r intelligensen g\u00f6r den till en <strong>eng\u00e5ngsvapen<\/strong> f\u00f6r tekniskt kunniga anv\u00e4ndare som s\u00f6ker transparens.<\/p>\n<h3>Tekniska specifikationer<\/h3>\n<p>Bang King 50000 har avancerade specifikationer f\u00f6r att f\u00f6rb\u00e4ttra din vaping: Nikotinstyrkor p\u00e5 0%, 2%, 3% och 5% f\u00f6r skr\u00e4ddarsydd intensitet; en enorm livsl\u00e4ngd p\u00e5 50 000 puffar; 50 ml e-v\u00e4tskekapacitet f\u00f6r l\u00e4ngre sessioner; en h\u00f6gpresterande 1,0 ohm mesh-spole som s\u00e4kerst\u00e4ller j\u00e4mn \u00e5ngproduktion; ett 850mAh uppladdningsbart batteri f\u00f6r tillf\u00f6rlitlighet; en intuitiv digital sk\u00e4rm som visar batteri- och e-v\u00e4tskeniv\u00e5er; fullt justerbart luftfl\u00f6de; 12 olika dubbla smaker att v\u00e4lja mellan; en Type-C USB-port f\u00f6r snabb laddning; och bekv\u00e4m f\u00f6rpackning med 10 enheter per l\u00e5da och 200 enheter per kartong.<\/p>\n<h3>Uts\u00f6kta smakalternativ<\/h3>\n<p>V\u00e4lj bland v\u00e5ra premiumkombinationer med dubbla smaker:<\/p>\n<p>Jordgubb Mango\/Sjordgubb Kiwi<br \/>Red Bull\/jordgubbsbanan<br \/>Vattenmelon Ice\/Bl\u00e5b\u00e4r Mint<br \/>Vattenmelon Is\/Bl\u00e5b\u00e4r K\u00f6rsb\u00e4r<br \/>Jordgubb Mango\/Vattenmelon Bubble Gum<br \/>Bl\u00e5b\u00e4rsglass\/persikoglass<br \/>Bl\u00e5b\u00e4r Hallon\/Mixade b\u00e4r<br \/>Jordgubbsvattenmelon\/Black Dragon Ice<br \/>Jordgubb Vattenmelon\/Kiwi Passionsfrukt Guava<br \/>Bl\u00e5b\u00e4r Hallon\/Grape Ice<br \/>Bl\u00e5b\u00e4rsglass\/persika mango vattenmelon<br \/>Red Bull\/Bl\u00e5b\u00e4r Vattenmelon<\/p>\n<h3>Varf\u00f6r v\u00e4lja Bang King 50000?<\/h3>\n<p>Uppgradera till <strong>Bang King 50000<\/strong> f\u00f6r en elit <strong>eng\u00e5ngsvapen<\/strong> en upplevelse som kombinerar kraft, personalisering och prestanda. Idealisk f\u00f6r <strong>grossist vape<\/strong> och dagliga anv\u00e4ndare, erbjuder den den <strong>b\u00e4sta eng\u00e5ngs vape<\/strong> funktioner i en snygg, anv\u00e4ndarv\u00e4nlig design. Omfamna innovation och smakvariation - best\u00e4ll idag f\u00f6r o\u00f6vertr\u00e4ffad tillfredsst\u00e4llelse.<\/p>","protected":false},"excerpt":{"rendered":"<p>Den <strong>Bang King 50000<\/strong> levererar upp till en imponerande <strong>50.000 puffar<\/strong> med <strong>dubbel smak<\/strong> alternativ, perfekt f\u00f6r <strong>grossist vape<\/strong> f\u00f6retag. Inneh\u00e5ller en <strong>justerbart luftfl\u00f6de<\/strong> och smart <strong>digital display<\/strong> f\u00f6r f\u00f6rb\u00e4ttrad \u00f6vervakning.<br \/>Upplev l\u00e5ngvarig vaping med den h\u00e4r topprankade eng\u00e5ngsenheten.<\/p>","protected":false},"featured_media":2007,"comment_status":"open","ping_status":"closed","template":"","meta":[],"product_brand":[133],"product_cat":[856],"product_tag":[305,307,309,308,306],"class_list":{"0":"post-2013","1":"product","2":"type-product","3":"status-publish","4":"has-post-thumbnail","6":"product_brand-bangking","7":"product_cat-bangking","8":"product_tag-50000-puffs-vape","9":"product_tag-adjustable-airflow-disposable","10":"product_tag-bang-king-vape","11":"product_tag-digital-screen-vape","12":"product_tag-dual-flavor-e-cigarette","14":"first","15":"instock","16":"sale","17":"shipping-taxable","18":"purchasable","19":"product-type-variable"},"jetpack_sharing_enabled":true,"tiered_pricing_type":"fixed","tiered_pricing_fixed_rules":[],"tiered_pricing_product_settings":{"layout":"default","base_unit_name":{"singular":null,"plural":null},"default_variation":null},"tiered_pricing_minimum_quantity":null,"tiered_pricing_roles_data":[],"tiered_pricing_percentage_rules":[],"tiered_pricing_maximum_quantity":null,"tiered_pricing_quantity_step":null,"_links":{"self":[{"href":"https:\/\/frvape.com\/sv\/wp-json\/wp\/v2\/product\/2013","targetHints":{"allow":["GET"]}}],"collection":[{"href":"https:\/\/frvape.com\/sv\/wp-json\/wp\/v2\/product"}],"about":[{"href":"https:\/\/frvape.com\/sv\/wp-json\/wp\/v2\/types\/product"}],"replies":[{"embeddable":true,"href":"https:\/\/frvape.com\/sv\/wp-json\/wp\/v2\/comments?post=2013"}],"wp:featuredmedia":[{"embeddable":true,"href":"https:\/\/frvape.com\/sv\/wp-json\/wp\/v2\/media\/2007"}],"wp:attachment":[{"href":"https:\/\/frvape.com\/sv\/wp-json\/wp\/v2\/media?parent=2013"}],"wp:term":[{"taxonomy":"product_brand","embeddable":true,"href":"https:\/\/frvape.com\/sv\/wp-json\/wp\/v2\/product_brand?post=2013"},{"taxonomy":"product_cat","embeddable":true,"href":"https:\/\/frvape.com\/sv\/wp-json\/wp\/v2\/product_cat?post=2013"},{"taxonomy":"product_tag","embeddable":true,"href":"https:\/\/frvape.com\/sv\/wp-json\/wp\/v2\/product_tag?post=2013"}],"curies":[{"name":"wp","href":"https:\/\/api.w.org\/{rel}","templated":true}]}}