{"id":2199,"date":"2025-10-12T03:04:37","date_gmt":"2025-10-12T03:04:37","guid":{"rendered":"https:\/\/frvape.com\/product\/aivono-aim-fatpro-22000-disposable-vape-up-to-22000-puffs-with-direct-lung-design\/"},"modified":"2025-12-16T09:37:01","modified_gmt":"2025-12-16T09:37:01","slug":"aivono-aim-fatpro-22000-engangs-vape-upp-till-22000-puffar-med-direkt-lungdesign","status":"publish","type":"product","link":"https:\/\/frvape.com\/sv\/product\/aivono-aim-fatpro-22000-engangs-vape-upp-till-22000-puffar-med-direkt-lungdesign\/","title":{"rendered":"Aivono Aim Fatpro 22000 eng\u00e5ngsvape - upp till 22 000 puffar med direkt lungdesign"},"content":{"rendered":"<h3>Produkt\u00f6versikt<\/h3>\n<p>Uppt\u00e4ck den ultimata bekv\u00e4mligheten och njutningen med <strong>Aivono Aim Fatpro 22000 eng\u00e5ngsvapen<\/strong>. Denna enhet \u00e4r konstruerad f\u00f6r kraft och uth\u00e5llighet och levererar upp till <strong>22.000 puffar<\/strong> f\u00f6r oavbrutna vaping-sessioner, vilket g\u00f6r den till ett f\u00f6rstahandsval f\u00f6r cloud-entusiaster och vattenpipsfantaster.<br \/>Med en <strong>robust 600mAh rent koboltbatteri<\/strong> och <strong>snabb Typ-C-laddning<\/strong>s\u00e4kerst\u00e4ller den tillf\u00f6rlitlig \u00e5teranv\u00e4ndning, medan <strong>DTL (direkt lunga)<\/strong> design producerar volumin\u00f6sa \u00e5ngmoln f\u00f6r en vattenpipeliknande uppslukning.<\/p>\n<h3>Viktiga funktioner<\/h3>\n<p><strong>H\u00f6gt antal puffar:<\/strong> Denna vape ger en o\u00f6vertr\u00e4ffad <strong>22.000 puffar per enhet<\/strong>, vilket \u00f6vertr\u00e4ffar vanliga eng\u00e5ngsalternativ.<br \/>Dess <strong>exceptionell uth\u00e5llighet<\/strong> v\u00e4nder sig till tunga anv\u00e4ndare genom att eliminera frekventa p\u00e5fyllningar eller avgifter.<br \/><strong>Direkt design av lungan (DTL):<\/strong> Optimerad f\u00f6r <strong>inandning av lungor<\/strong> f\u00f6r att skapa massiva \u00e5ngmoln \u00e4r den h\u00e4r funktionen idealisk f\u00f6r anv\u00e4ndare som vill ha en djup, vattenpipeliknande tillfredsst\u00e4llelse.<br \/><strong>Smaker inspirerade av vattenpipa:<\/strong> Upplev rika, aromatiska smaker som \u00e5terskapar traditionella vattenpipsk\u00e4nslor.<br \/>Den avancerade smaktekniken s\u00e4kerst\u00e4ller att varje bloss ger j\u00e4mn, mjuk \u00e5nga skr\u00e4ddarsydd f\u00f6r att <strong>vattenpipa entusiaster<\/strong>.<br \/><strong>Oljel\u00f6s drift:<\/strong> \u00c4ven med utmattade <strong>niv\u00e5er av e-juice<\/strong>forts\u00e4tter enheten att fungera smidigt.<br \/>Denna innovation f\u00f6rhindrar ov\u00e4ntade avbrott, \u00e4ven om snabb p\u00e5fyllning rekommenderas f\u00f6r att skydda <strong>atomiserare k\u00e4rna<\/strong> och f\u00f6rl\u00e4nga enhetens livsl\u00e4ngd.<br \/><strong>Betydande kapacitet f\u00f6r E-v\u00e4tska:<\/strong> Med en gener\u00f6s <strong>28 ml kapacitet f\u00f6r e-v\u00e4tska<\/strong>minimerar det p\u00e5fyllningsfrekvensen.<br \/>Denna stora volym klarar tusentals puffar utan att kompromissa med <strong>\u00e5ngans kvalitet<\/strong>.<br \/><strong>Robust batteriprestanda:<\/strong> F\u00e5 j\u00e4mn str\u00f6mf\u00f6rs\u00f6rjning fr\u00e5n den integrerade <strong>batteri med ren koboltk\u00e4rna<\/strong>.<br \/>Den <strong>600 mAh kapacitet<\/strong> m\u00f6jligg\u00f6r effektiv laddning genom den moderna <strong>Typ-C-port<\/strong> f\u00f6r snabba p\u00e5fyllningar i alla milj\u00f6er.<br \/><strong>Teknik f\u00f6r n\u00e4tspole:<\/strong> Den <strong>0,6\u03a9 resistansn\u00e4tspole<\/strong> garanterar \u00f6verl\u00e4gsen \u00e5ngproduktion med f\u00f6rb\u00e4ttrad smakklarhet.<br \/>Den fungerar effektivt f\u00f6r att uppr\u00e4tth\u00e5lla <strong>rik smak konsistens<\/strong> \u00e4ven vid h\u00f6gt antal puffar.<\/p>\n<h3>Avancerad funktionalitet<\/h3>\n<p>Upplev anv\u00e4ndarv\u00e4nliga innovationer med en integrerad <strong>digital display<\/strong> som tydligt visar <strong>\u00e5terst\u00e5ende batterikapacitet<\/strong> och <strong>niv\u00e5er av e-juice<\/strong>.<br \/><strong>L\u00e4ttviktig b\u00e4rbarhet<\/strong> \u00e4r en central f\u00f6rdel p\u00e5 bara <strong>96 g nettovikt<\/strong>vilket g\u00f6r det enkelt att vampa n\u00e4r du \u00e4r p\u00e5 spr\u00e5ng.<br \/>Dessutom tillgodoser anpassningsbara nikotiner personliga preferenser, med alternativ f\u00f6r <strong>0%, 2%, 3% eller 5% nikotinsaltinneh\u00e5ll<\/strong> f\u00f6r att matcha din tolerans.<\/p>\n<h3>Tillg\u00e4ngliga smaker<\/h3>\n<p><strong>Smaklista:<\/strong> Utforska <strong>vattenpipa-liknande smak<\/strong> med ett rikt urval f\u00f6r att passa alla smaker:<br \/><strong>Lush Ice<\/strong><br \/><strong>Lucid dr\u00f6m<\/strong><br \/><strong>Tv\u00e5 \u00e4pplen<\/strong><br \/><strong>Druva Min<\/strong><br \/><strong>K\u00f6rsb\u00e4r Hallon<\/strong><br \/><strong>B\u00e4ris<\/strong><br \/><strong>Persika is<\/strong><br \/><strong>K\u00e4rlek 66<\/strong><br \/><strong>Jordgubbsb\u00e5l<\/strong><br \/><strong>Bl\u00e5b\u00e4rstuggummi<\/strong><br \/>Varje <strong>smakalternativ<\/strong> replikerar traditionellt vattenpipedjup samtidigt som den levererar j\u00e4mn, intensiv \u00e5nga.<\/p>\n<h3>Produktspecifikationer<\/h3>\n<p><strong>Viktiga specifikationer:<\/strong> Antal puffar: <strong>22.000 puffar DTL<\/strong><br \/>E-v\u00e4tska Kapacitet: <strong>28 ml<\/strong><br \/>Batteriteknik: <strong>18250 rent koboltbatteri<\/strong> med <strong>600 mAh kapacitet<\/strong> (uppladdningsbar)<br \/>Laddning: <strong>Typ-C-port<\/strong> st\u00f6ds<br \/>V\u00e4rmetr\u00e5d: <strong>Spole med 0,6\u03a9 maskor<\/strong> f\u00f6r optimal \u00e5nga<br \/>Enhetens m\u00e5tt: <strong>32\u00d7126 mm<\/strong><br \/>Enkel Vikt: <strong>96g<\/strong><br \/>Alternativ f\u00f6r nikotinsalt: <strong>0%, 2%, 3%, 5%<\/strong><br \/>Centrala funktioner: <strong>Inandning i lungan<\/strong>, digital batteri- och oljedisplay, <strong>simulering av vattenpipssmak<\/strong><br \/>F\u00f6rpackningsdetaljer: Liten boxstorlek (<strong>40 \u00d7 40 \u00d7 140 mm<\/strong>), Stor boxstorlek (<strong>83\u00d7140\u00d7120 mm<\/strong>), Standardl\u00e5da rymmer <strong>200 stycken per l\u00e5da<\/strong>, med \u00f6vergripande boxm\u00e5tt (<strong>68,5\u00d738\u00d724 cm<\/strong>) och vikt (<strong>20 kg<\/strong>) f\u00f6r bulkhantering.<br \/>St\u00f6d f\u00f6r OEM\/ODM: Fullst\u00e4ndiga anpassningsalternativ f\u00f6r grossistkunder.<\/p>\n<h3>V\u00e4rde och kvalitet<\/h3>\n<p>Den <strong>Aivono Aim Fatpro 22000<\/strong> Leveranser <strong>exceptionellt v\u00e4rde<\/strong> genom att balansera premiumfunktioner med \u00f6verkomliga priser.<br \/>Den konkurrenskraftiga priss\u00e4ttningen passar budgetmedvetna vapnare som vill spara l\u00e5ngsiktigt.<br \/>St\u00f6dd av <strong>H\u00f6g kvalitetss\u00e4kring<\/strong>Varje enhet f\u00f6ljer strikta produktionsstandarder f\u00f6r tillf\u00f6rlitlighet.<br \/>V\u00e5r <strong>dedikerad kundsupport<\/strong> s\u00e4kerst\u00e4ller en s\u00f6ml\u00f6s k\u00f6pupplevelse, och <strong>snabb leverans<\/strong> alternativ garanterar snabb p\u00e5fyllning f\u00f6r f\u00f6retag.<br \/>Den \u00e4r perfekt f\u00f6r grossistpartnerskap och st\u00f6der skalbara <strong>OEM\/ODM-anpassning<\/strong>.<\/p>","protected":false},"excerpt":{"rendered":"<p>Den <strong>Aivono Aim Fatpro 22000<\/strong> erbjuder en imponerande <strong>22.000 puffar<\/strong> i en bekv\u00e4m <strong>eng\u00e5ngsvapen<\/strong>, med <strong>DTL-design<\/strong> och \u00e4kta <strong>smaker av vattenpipa<\/strong> f\u00f6r en f\u00f6rb\u00e4ttrad vapingresa.<br \/>Njut av l\u00e5ngvarig prestanda med en <strong>28 ml kapacitet f\u00f6r e-v\u00e4tska<\/strong> och \u00e5teranv\u00e4ndbar <strong>Typ C-laddning<\/strong> i flera nikotinstyrkor.<\/p>","protected":false},"featured_media":2193,"comment_status":"open","ping_status":"closed","template":"","meta":[],"product_brand":[165],"product_cat":[951],"product_tag":[1022,1121,321,112,319,320,84],"class_list":{"0":"post-2199","1":"product","2":"type-product","3":"status-publish","4":"has-post-thumbnail","6":"product_brand-aivono","7":"product_cat-aivono","8":"product_tag-000-puffs-vape","9":"product_tag-1121","10":"product_tag-aivono-fatpro-22000","11":"product_tag-disposable-vape","12":"product_tag-dtl-electronic-cigarette","13":"product_tag-hookah-flavor-vape","14":"product_tag-rechargeable-vape-pen","16":"first","17":"instock","18":"sale","19":"shipping-taxable","20":"purchasable","21":"product-type-variable"},"jetpack_sharing_enabled":true,"tiered_pricing_type":"fixed","tiered_pricing_fixed_rules":[],"tiered_pricing_product_settings":{"layout":"default","base_unit_name":{"singular":null,"plural":null},"default_variation":null},"tiered_pricing_minimum_quantity":null,"tiered_pricing_roles_data":[],"tiered_pricing_percentage_rules":[],"tiered_pricing_maximum_quantity":null,"tiered_pricing_quantity_step":null,"_links":{"self":[{"href":"https:\/\/frvape.com\/sv\/wp-json\/wp\/v2\/product\/2199","targetHints":{"allow":["GET"]}}],"collection":[{"href":"https:\/\/frvape.com\/sv\/wp-json\/wp\/v2\/product"}],"about":[{"href":"https:\/\/frvape.com\/sv\/wp-json\/wp\/v2\/types\/product"}],"replies":[{"embeddable":true,"href":"https:\/\/frvape.com\/sv\/wp-json\/wp\/v2\/comments?post=2199"}],"wp:featuredmedia":[{"embeddable":true,"href":"https:\/\/frvape.com\/sv\/wp-json\/wp\/v2\/media\/2193"}],"wp:attachment":[{"href":"https:\/\/frvape.com\/sv\/wp-json\/wp\/v2\/media?parent=2199"}],"wp:term":[{"taxonomy":"product_brand","embeddable":true,"href":"https:\/\/frvape.com\/sv\/wp-json\/wp\/v2\/product_brand?post=2199"},{"taxonomy":"product_cat","embeddable":true,"href":"https:\/\/frvape.com\/sv\/wp-json\/wp\/v2\/product_cat?post=2199"},{"taxonomy":"product_tag","embeddable":true,"href":"https:\/\/frvape.com\/sv\/wp-json\/wp\/v2\/product_tag?post=2199"}],"curies":[{"name":"wp","href":"https:\/\/api.w.org\/{rel}","templated":true}]}}