{"id":2697,"date":"2025-10-12T03:54:42","date_gmt":"2025-10-12T03:54:42","guid":{"rendered":"https:\/\/frvape.com\/product\/razz-bar-40000-puff-disposable-vape-rechargeable-dual-flavor-device\/"},"modified":"2025-12-16T08:45:39","modified_gmt":"2025-12-16T08:45:39","slug":"razz-bar-40000-puff-engangs-vape-uppladdningsbar-enhet-med-dubbla-smaker","status":"publish","type":"product","link":"https:\/\/frvape.com\/sv\/product\/razz-bar-40000-puff-engangs-vape-uppladdningsbar-enhet-med-dubbla-smaker\/","title":{"rendered":"Razz Bar 40000 Puff Eng\u00e5ngs Vape - Uppladdningsbar enhet med dubbla smaker"},"content":{"rendered":"<h3>O\u00f6vertr\u00e4ffad uth\u00e5llighet f\u00f6r vaping<\/h3>\n<p>Den banbrytande <strong>Razz Bar 40000 puff<\/strong> Disposable Vape omdefinierar livsl\u00e4ngden hos eng\u00e5ngsprodukter. Den h\u00e4r revolutionerande produkten har en enorm kapacitet f\u00f6r e-juice, men \u00e4r \u00e4nd\u00e5 l\u00e4tt att b\u00e4ra i fickan och ger 40 000 tillfredsst\u00e4llande bloss per enhet - vilket \u00f6vertr\u00e4ffar vanliga eng\u00e5ngsapparater med upp till 400%. Trots sin extraordin\u00e4ra kapacitet s\u00e4kerst\u00e4ller v\u00e5r ergonomiska design bekv\u00e4m daglig b\u00e4rbarhet utan skrymmande.<\/p>\n<h3>Avancerad innovation med dubbla smaker<\/h3>\n<p>Upplev smakperfektion med v\u00e5r banbrytande <strong>n\u00e4tspole dubbel tank<\/strong> system. Denna banbrytande teknik separerar tv\u00e5 distinkta <strong>e-v\u00e4tska<\/strong> De olika profilerna i isolerade kammare aktiveras v\u00e4xelvis vid varje bloss f\u00f6r att skapa livfulla smakkombinationer. De h\u00f6gpresterande mesh-spolarna atomiserar e-juice vid optimala temperaturer och frig\u00f6r o\u00f6vertr\u00e4ffad smakklarhet och \u00e5ngrikedom samtidigt som de eliminerar torra tr\u00e4ffar.<\/p>\n<h3>Kraft som forts\u00e4tter att g\u00e5<\/h3>\n<p>Aldrig mer frustration \u00f6ver urladdade batterier! V\u00e5r integrerade <strong>650mAh uppladdningsbar<\/strong> litiumbatteri bibeh\u00e5ller en j\u00e4mn str\u00f6mf\u00f6rs\u00f6rjning under hela resan p\u00e5 40 000 puffar. Den bekv\u00e4ma <strong>Typ C<\/strong> USB-snabbladdningsport ger full laddning p\u00e5 mindre \u00e4n 60 minuter, vilket ger verklig bekv\u00e4mlighet f\u00f6r mobila livsstilar.<\/p>\n<h3>Uts\u00f6kta smakupps\u00e4ttningar<\/h3>\n<p>Njut av v\u00e5rt premiumutbud av 10 kombinationer med dubbla smaker som \u00e4r framtagna f\u00f6r sofistikerade gommar:<\/p>\n<p>Blandade b\u00e4r \/ vattenmelonis<br \/>Bl\u00e5b\u00e4rsis \/ Love 66<br \/>Blue Razz Ice \/ Jordgubbsvattenmelon Bubble Gum<br \/>Lemon Lime \/ Lush Ice<br \/>Jordgubbsglass \/ Blandade b\u00e4r<br \/>Jordgubb vattenmelon \/ Druv is<br \/>Persika-is \/ Bl\u00e5b\u00e4rs-is<br \/>Vattenmelon-is \/ Cola-is<br \/>Jordgubbsbanan \/ Red Bull Ice<br \/>Jordgubb Kiwi \/ Bl\u00e5b\u00e4r Surhallon<\/p>\n<h3>Premium-specifikationer<\/h3>\n<p>Varje <strong>Razz Bar 40000<\/strong> kommer precisionsutvecklad med: 40.000 konsekventa puffar kapacitet; H\u00f6g effekt 650mAh <strong>uppladdningsbart batteri<\/strong>; \u00c4gander\u00e4tt <strong>n\u00e4tspole<\/strong> Dual Reservoir System; Universal Type-C-laddning; Kompakt chassi med h\u00f6g kapacitet; Flera nikotinstyrkor (2% &amp; 5%) f\u00f6r personlig tillfredsst\u00e4llelse; Bulkf\u00f6rpackning i kartong (200 enheter\/kartong) f\u00f6r kommersiella kunder.<\/p>\n<h3>Engagemang f\u00f6r excellens<\/h3>\n<p>Som innovat\u00f6rer sedan 2017, <strong>Razz bar vape<\/strong> \u00e4gnar sin expertis \u00e5t att skapa \u00f6verl\u00e4gsna <strong>elektronisk cigarett<\/strong> upplevelser f\u00f6r raffinerade vuxna vapers. Vi blandar premiumsmaker med o\u00f6vertr\u00e4ffad bekv\u00e4mlighet genom v\u00e5ra <strong>eng\u00e5ngsvapen<\/strong> teknik, vilket ger fickv\u00e4nliga l\u00f6sningar utan att kompromissa med molnt\u00e4theten eller den autentiska smaken. V\u00e5r noggranna tillverkningsprocess garanterar att varje enhet uppfyller strikta kvalitetsstandarder.<\/p>\n<h3>Anv\u00e4ndarcentrerad designfilosofi<\/h3>\n<p>Den <strong>Razz Bar 40K<\/strong> exemplifierar problemfri vaping med sin intuitiva dragaktiverade mekanism - andas bara in f\u00f6r att njuta av riklig \u00e5nga direkt. L\u00e4ckages\u00e4ker konstruktion och optimerat luftfl\u00f6de s\u00e4kerst\u00e4ller smidig prestanda under alla f\u00f6rh\u00e5llanden. Detta m\u00e4sterverk \u00e4r perfekt f\u00f6r b\u00e5de nyb\u00f6rjare och erfarna entusiaster och eliminerar coilbyten, p\u00e5fyllningar och tekniska komplikationer samtidigt som det ger en f\u00f6rstklassig upplevelse.<\/p>\n<p>F\u00f6rh\u00f6j varje vaping\u00f6gonblick med v\u00e5r genomt\u00e4nkt designade produkt. Genom att integrera <strong>uppladdningsbar<\/strong> funktionalitet i ett eng\u00e5ngsformat har vi skapat den mest ekonomiskt och ekologiskt balanserade l\u00f6sningen p\u00e5 marknaden. Den <strong>40000 puffar<\/strong> kapacitet minskar dramatiskt oms\u00e4ttningen av enheter samtidigt som den tillg\u00e4ngliga prisniv\u00e5n g\u00f6r lyxvaping verkligt demokratiskt.<\/p>","protected":false},"excerpt":{"rendered":"<p>Upplev l\u00e5ngvarig vaping med den <strong>Razz Bar 40000 Puff<\/strong> eng\u00e5ngsvape. Med en <strong>uppladdningsbar<\/strong> 650mAh batteri, innovativ <strong>n\u00e4tspole dubbel tank<\/strong>och 10 frestande alternativ med dubbla smaker.<br \/>Njut av branschledande puffar i en b\u00e4rbar design med <strong>Typ C<\/strong> laddning.<\/p>","protected":false},"featured_media":2692,"comment_status":"open","ping_status":"closed","template":"","meta":[],"product_brand":[70],"product_cat":[893],"product_tag":[363,365,364,77,362,75],"class_list":{"0":"post-2697","1":"product","2":"type-product","3":"status-publish","4":"has-post-thumbnail","6":"product_brand-razzbar","7":"product_cat-razzbar","8":"product_tag-40000-puff-vape","9":"product_tag-650mah-vape","10":"product_tag-dual-flavor-vape-kit","11":"product_tag-mesh-coil-vape","12":"product_tag-razz-bar-40000-puff","13":"product_tag-rechargeable-disposable-vape","15":"first","16":"instock","17":"sale","18":"shipping-taxable","19":"purchasable","20":"product-type-variable"},"jetpack_sharing_enabled":true,"tiered_pricing_type":"fixed","tiered_pricing_fixed_rules":[],"tiered_pricing_product_settings":{"layout":"default","base_unit_name":{"singular":null,"plural":null},"default_variation":null},"tiered_pricing_minimum_quantity":null,"tiered_pricing_roles_data":[],"tiered_pricing_percentage_rules":[],"tiered_pricing_maximum_quantity":null,"tiered_pricing_quantity_step":null,"_links":{"self":[{"href":"https:\/\/frvape.com\/sv\/wp-json\/wp\/v2\/product\/2697","targetHints":{"allow":["GET"]}}],"collection":[{"href":"https:\/\/frvape.com\/sv\/wp-json\/wp\/v2\/product"}],"about":[{"href":"https:\/\/frvape.com\/sv\/wp-json\/wp\/v2\/types\/product"}],"replies":[{"embeddable":true,"href":"https:\/\/frvape.com\/sv\/wp-json\/wp\/v2\/comments?post=2697"}],"wp:featuredmedia":[{"embeddable":true,"href":"https:\/\/frvape.com\/sv\/wp-json\/wp\/v2\/media\/2692"}],"wp:attachment":[{"href":"https:\/\/frvape.com\/sv\/wp-json\/wp\/v2\/media?parent=2697"}],"wp:term":[{"taxonomy":"product_brand","embeddable":true,"href":"https:\/\/frvape.com\/sv\/wp-json\/wp\/v2\/product_brand?post=2697"},{"taxonomy":"product_cat","embeddable":true,"href":"https:\/\/frvape.com\/sv\/wp-json\/wp\/v2\/product_cat?post=2697"},{"taxonomy":"product_tag","embeddable":true,"href":"https:\/\/frvape.com\/sv\/wp-json\/wp\/v2\/product_tag?post=2697"}],"curies":[{"name":"wp","href":"https:\/\/api.w.org\/{rel}","templated":true}]}}