{"id":2895,"date":"2025-10-12T04:12:08","date_gmt":"2025-10-12T04:12:08","guid":{"rendered":"https:\/\/frvape.com\/product\/zooy-tornado-18000-disposable-vape-high-puff-count-adjustable-airflow-mesh-coil\/"},"modified":"2025-11-04T01:57:08","modified_gmt":"2025-11-04T01:57:08","slug":"zooy-tornado-18000-engangs-vape-hogt-puffantal-justerbart-luftflode-mesh-coil","status":"publish","type":"product","link":"https:\/\/frvape.com\/sv\/product\/zooy-tornado-18000-engangs-vape-hogt-puffantal-justerbart-luftflode-mesh-coil\/","title":{"rendered":"Zooy Tornado 18000 Vape f\u00f6r eng\u00e5ngsbruk: H\u00f6gt antal puffar, justerbart luftfl\u00f6de och n\u00e4tspole"},"content":{"rendered":"<h3>Introduktion till den revolutionerande vapingupplevelsen<\/h3>\n<p>Med sin v\u00e4rldsunika <strong>Justeringsfunktion i 5 niv\u00e5er<\/strong>ZOOY Tornado 18000 \u00e4r en banbrytande eng\u00e5ngsapparat <strong>elektronisk cigarett<\/strong> gadget som s\u00e4tter nya standarder i branschen. Den h\u00e4r enheten \u00e4r perfekt f\u00f6r b\u00e5de nya anv\u00e4ndare och erfarna entusiaster och ger en distinkt, anpassningsbar <strong>Vaping-upplevelse<\/strong> genom innovationer som dual-mode-funktionalitet. Den \u00e4r byggd f\u00f6r l\u00e5ng livsl\u00e4ngd och har en robust <strong>650 mAh<\/strong> kapacitet och cirka <strong>18000 puff<\/strong> cykler, vilket garanterar l\u00e5ngvarig njutning utan kompromisser. Dyk ner i de funktioner som g\u00f6r ZOOY Tornado 18000 till ett m\u00e5ste inom modern vaping.<\/p>\n<h3>O\u00f6vertr\u00e4ffade nyckelspecifikationer och teknik<\/h3>\n<p>ZOOY Tornado 18000 \u00e4r fullpackad med avancerade specifikationer och utm\u00e4rker sig i alla avseenden: Den inneh\u00e5ller <strong>18000 puff<\/strong> kapacitet f\u00f6r ut\u00f6kad anv\u00e4ndning, kompakt <strong>90 g vikt<\/strong> f\u00f6r enkel transport, och flera <strong>nik saltstyrkor<\/strong> alternativ f\u00f6r <strong>20 mg<\/strong> eller <strong>50 mg<\/strong>. I hj\u00e4rtat av dess prestanda finns en banbrytande <strong>n\u00e4tspole<\/strong>vilket ger en j\u00e4mnare uppv\u00e4rmning och rikare \u00e5ngproduktion. Den innovativa <strong>oljespole separerad<\/strong> konstruktion skyddar mot l\u00e4ckage och spill, medan <strong>Uppladdningsbar TYPE-C<\/strong> port m\u00f6jligg\u00f6r snabb och bekv\u00e4m laddning. Till detta kommer <strong>justerbart luftfl\u00f6de<\/strong> system, vilket g\u00f6r att du kan finjustera dragmotst\u00e5ndet f\u00f6r varje bloss, och vibrerande <strong>3 f\u00e4rger LGB-ljus<\/strong> indikatorer f\u00f6r intuitiv anv\u00e4ndning och stil.<\/p>\n<h3>F\u00f6rb\u00e4ttrad anv\u00e4ndarv\u00e4nlighet och design<\/h3>\n<p>Ut\u00f6ver anpassningsm\u00f6jligheter prioriterar ZOOY Tornado 18000 anv\u00e4ndarv\u00e4nlighet och kvalitet. Dess transparenta <strong>Oljetank<\/strong> m\u00f6jligg\u00f6r realtids\u00f6vervakning av v\u00e4tskeniv\u00e5er s\u00e5 att du aldrig ov\u00e4ntat st\u00e5r utan v\u00e4tska. Enheten inneh\u00e5ller en <strong>eyelinerring med dubbla n\u00e4t<\/strong>, s\u00e4kerst\u00e4lla konsekvent <strong>mjuk och behaglig sugf\u00f6rm\u00e5ga<\/strong> fr\u00e5n det f\u00f6rsta till det sista blosset, vilket f\u00f6rb\u00e4ttrar varje atomiseringssession. Tillsammans med en gener\u00f6s <strong>50 mg nikotinsalt<\/strong> kapacitet lovar Tornado 18000 en tillfredsst\u00e4llande upplevelse med varje dragning.<\/p>\n<h3>Uts\u00f6kt smakval f\u00f6r alla smaker<\/h3>\n<p>Det breda utbudet av smaker \u00e4r en viktig h\u00f6jdpunkt i Tornado-serien och f\u00f6rvandlar vaping till en lockande resa. ZOOY erbjuder tio signatursmaker f\u00f6r att tillgodose olika preferenser, var och en levererar uppfriskande utbrott och tillfredsst\u00e4llande nyanser:<\/p>\n<p><strong>Mango Persika<\/strong>: Saftiga persikotoner blandas med tropiska mangosmaker.<br \/><strong>Jordgubb Kiwi<\/strong>: S\u00f6ta jordgubbar i kombination med kryddig kiwi f\u00f6r en livlig fusion.<br \/><strong>Jordgubbar Vattenmelon<\/strong>: F\u00e4rsk, b\u00e4rfylld vattenmelon f\u00f6r en svalkande k\u00e4nsla.<br \/><strong>Grape Ice<\/strong>: Rik druvessens med en isig, mentolfinish f\u00f6r djup tillfredsst\u00e4llelse.<br \/><strong>Cherry Cola<\/strong>: Klassisk r\u00f6kig colaessens sammanfogad med djupa k\u00f6rsb\u00e4rsundertoner.<br \/><strong>Bl\u00e5b\u00e4rsis<\/strong>: Fylliga bl\u00e5b\u00e4r som f\u00f6rst\u00e4rks av en uppfriskande, frostig touch.<br \/><strong>Blandade b\u00e4r<\/strong>: Delikat blandning av syrliga och s\u00f6ta b\u00e4rsmaker f\u00f6r balanserad f\u00f6rfriskning.<br \/><strong>Passionsfrukt Mango<\/strong>: Dj\u00e4rv smak av passionsfrukt sammanv\u00e4vd med len mangos\u00f6tma.<br \/><strong>Vattenmelon-is<\/strong>: Sval, krispig vattenmelon med en frostig kick f\u00f6r en uppfriskande tillflyktsort.<br \/><strong>Jordgubbsglass<\/strong>: Kr\u00e4mig, dessertliknande rikedom med inslag av mogna jordgubbar.<\/p>\n<p>Varje <strong>elektronisk cigarett smak<\/strong> kombineras perfekt med Tornado 18000:s mesh coil-teknik, vilket f\u00f6rst\u00e4rker smakintegriteten f\u00f6r varje vaping-session.<\/p>\n<h3>Varf\u00f6r v\u00e4lja Zooy Tornado 18000?<\/h3>\n<p>Omfamna framtidens vaping med en pryl som \u00f6kar bekv\u00e4mlighet och njutning: Den <strong>justerbart luftfl\u00f6de<\/strong> och <strong>n\u00e4tspole<\/strong> arbetar i harmoni f\u00f6r att ge t\u00e4t, smakfull \u00e5nga konsekvent. Den <strong>Uppladdningsbar TYPE-C<\/strong> s\u00e4kerst\u00e4ller snabb tankning, medan <strong>18000 puff<\/strong> kapacitet minskar behovet av utbyten. Med sin l\u00e4tta vikt <strong>90 g ram<\/strong> och snygga LED-lampor \u00e4r den en perfekt reskamrat. ZOOY Tornado 18000 omdefinierar inte bara <strong>eng\u00e5ngsvapen<\/strong> men tillgodoser ocks\u00e5 alla smakl\u00f6kar med sina varierade smaker, vilket bef\u00e4ster dess status som ett f\u00f6rstklassigt val f\u00f6r personlig tillfredsst\u00e4llelse.<\/p>","protected":false},"excerpt":{"rendered":"<p>Upplev den revolutionerande <strong>Zooy Tornado 18000<\/strong> eng\u00e5ngsvape med upp till <strong>18000 puffar<\/strong>, med en <strong>650 mAh batteri<\/strong>, <strong>justerbart luftfl\u00f6de<\/strong>och en <strong>n\u00e4tspole<\/strong> f\u00f6r f\u00f6rb\u00e4ttrad smakleverans. Perfekt f\u00f6r skr\u00e4ddarsydd vapingtillfredsst\u00e4llelse \u00f6ver stora omr\u00e5den <strong>nik salt<\/strong> alternativ.<\/p>","protected":false},"featured_media":2889,"comment_status":"open","ping_status":"closed","template":"","meta":[],"product_brand":[97],"product_cat":[860],"product_tag":[383,163,112,372,384,382],"class_list":{"0":"post-2895","1":"product","2":"type-product","3":"status-publish","4":"has-post-thumbnail","6":"product_brand-zooy","7":"product_cat-zooy","8":"product_tag-18000-puffs","9":"product_tag-adjustable-airflow","10":"product_tag-disposable-vape","11":"product_tag-mesh-coil","12":"product_tag-type-c-rechargeable","13":"product_tag-zooy-tornado-18000","15":"first","16":"instock","17":"sale","18":"shipping-taxable","19":"purchasable","20":"product-type-variable"},"jetpack_sharing_enabled":true,"tiered_pricing_type":"fixed","tiered_pricing_fixed_rules":[],"tiered_pricing_product_settings":{"layout":"default","base_unit_name":{"singular":null,"plural":null},"default_variation":null},"tiered_pricing_minimum_quantity":null,"tiered_pricing_roles_data":[],"tiered_pricing_percentage_rules":[],"tiered_pricing_maximum_quantity":null,"tiered_pricing_quantity_step":null,"_links":{"self":[{"href":"https:\/\/frvape.com\/sv\/wp-json\/wp\/v2\/product\/2895","targetHints":{"allow":["GET"]}}],"collection":[{"href":"https:\/\/frvape.com\/sv\/wp-json\/wp\/v2\/product"}],"about":[{"href":"https:\/\/frvape.com\/sv\/wp-json\/wp\/v2\/types\/product"}],"replies":[{"embeddable":true,"href":"https:\/\/frvape.com\/sv\/wp-json\/wp\/v2\/comments?post=2895"}],"wp:featuredmedia":[{"embeddable":true,"href":"https:\/\/frvape.com\/sv\/wp-json\/wp\/v2\/media\/2889"}],"wp:attachment":[{"href":"https:\/\/frvape.com\/sv\/wp-json\/wp\/v2\/media?parent=2895"}],"wp:term":[{"taxonomy":"product_brand","embeddable":true,"href":"https:\/\/frvape.com\/sv\/wp-json\/wp\/v2\/product_brand?post=2895"},{"taxonomy":"product_cat","embeddable":true,"href":"https:\/\/frvape.com\/sv\/wp-json\/wp\/v2\/product_cat?post=2895"},{"taxonomy":"product_tag","embeddable":true,"href":"https:\/\/frvape.com\/sv\/wp-json\/wp\/v2\/product_tag?post=2895"}],"curies":[{"name":"wp","href":"https:\/\/api.w.org\/{rel}","templated":true}]}}