{"id":2933,"date":"2025-10-12T04:19:29","date_gmt":"2025-10-12T04:19:29","guid":{"rendered":"https:\/\/frvape.com\/product\/bang-blaze-40000-disposable-vape-40000-puffs-rechargeable-12-flavors\/"},"modified":"2025-12-16T09:52:48","modified_gmt":"2025-12-16T09:52:48","slug":"bang-blaze-40000-engangs-vape-40000-puffar-uppladdningsbar-12-smaker","status":"publish","type":"product","link":"https:\/\/frvape.com\/sv\/product\/bang-blaze-40000-engangs-vape-40000-puffar-uppladdningsbar-12-smaker\/","title":{"rendered":"Bang Blaze 40000 eng\u00e5ngsvape | 40 000 puffar, uppladdningsbar, 12 smaker"},"content":{"rendered":"<h3>Revolutionerande vapingupplevelse f\u00f6r eng\u00e5ngsbruk<\/h3>\n<p>Den <strong>Bang Blaze 40000<\/strong> omdefinierar vaping f\u00f6r eng\u00e5ngsbruk med o\u00f6vertr\u00e4ffad uth\u00e5llighet och smakleverans. Denna eng\u00e5ngsvapenpenna \u00e4r konstruerad f\u00f6r h\u00e5llbarhet och prestanda och levererar en extraordin\u00e4r <strong>40.000 puffar<\/strong> per enhet - vilket vida \u00f6verstiger traditionella eng\u00e5ngsartiklar. Inneh\u00e5ller en gener\u00f6s <strong>40 ml<\/strong> e-v\u00e4tskebeh\u00e5llare, garanterar den oavbruten njutning under l\u00e4ngre perioder utan st\u00e4ndiga byten. Den kompakta men \u00e4nd\u00e5 kraftfulla designen har en integrerad <strong>1000mAh uppladdningsbart batteri<\/strong> med snabb <strong>Typ C-laddning<\/strong>vilket g\u00f6r den b\u00e5de portabel och h\u00e5llbar.<\/p>\n<h3>Anpassningsbara nikotinalternativ<\/h3>\n<p>Bang Blaze 40000 tillgodoser alla anv\u00e4ndares preferenser och erbjuder m\u00e5ngsidiga nikotinkoncentrationer: <strong>0%<\/strong> (nikotinfri), <strong>2%<\/strong>, <strong>3%<\/strong>, och <strong>5%<\/strong>. Detta sortiment rymmer alla fr\u00e5n de som njuter av rent smaksatta moln till vapers som \u00f6verg\u00e5r fr\u00e5n traditionella cigaretter. Den popul\u00e4ra koncentrationen \u00e4r <strong>20 mg nikotin<\/strong>ger en tillfredsst\u00e4llande effekt som kan j\u00e4mf\u00f6ras med konventionell r\u00f6kning. Varje enhet uppr\u00e4tth\u00e5ller konsekvent renhet med nikotinsalter av farmaceutisk kvalitet f\u00f6r mjukare halstr\u00e4ffar och snabb absorption.<\/p>\n<h3>Premium Bygg &amp; Teknik<\/h3>\n<p>Upplev f\u00f6rb\u00e4ttrad smak- och \u00e5ngproduktion med den integrerade <strong>N\u00e4tspole<\/strong> (0,6ohm) som ger rikare smakprofiler och t\u00e4tare moln. Den <strong>p\u00e5fyllningsbar olja<\/strong> systemet fungerar perfekt med nikotinsalter och nikotinv\u00e4tskor med fri bas och erbjuder kostnadseffektiv drift. Den eleganta profilen \u00e4r utformad med modern elegans och kombinerar ergonomisk komfort med estetik och glider l\u00e4tt ner i fickan. Det luftt\u00e4ta kapselsystemet f\u00f6rhindrar l\u00e4ckage och bevarar e-v\u00e4tskans fr\u00e4sch\u00f6r under hela enhetens livsl\u00e4ngd.<\/p>\n<h3>Globala l\u00f6sningar f\u00f6r vaping<\/h3>\n<p>Vi \u00e4r s\u00e4rskilt anpassade f\u00f6r \u00e5terf\u00f6rs\u00e4ljare och konsumenter och erbjuder \u00f6verl\u00e4gsna grossistprogram f\u00f6r elektroniska cigaretter med kostnadseffektiv priss\u00e4ttning och exklusiva rabatterade vape-paket. F\u00f6retag drar nytta av displayl\u00e5dor i bulk (10 enheter per l\u00e5da) f\u00f6r str\u00f6mlinjeformad lagerh\u00e5llning. V\u00e5rt globala logistikn\u00e4tverk garanterar p\u00e5skyndad, <strong>fri frakt<\/strong> med <strong>skattefritt<\/strong> leverans till alla EU-l\u00e4nder. Vape-entusiaster och entrepren\u00f6rer som s\u00f6ker prisv\u00e4rd premiumkvalitet kommer att uppskatta detta exceptionella v\u00e4rdeerbjudande som backas upp av produkttillf\u00f6rlitlighet.<\/p>\n<h3>Uts\u00f6kt smaksamling<\/h3>\n<p>Bang Blaze 40000 har 12 m\u00e4sterligt blandade E-liquid-varianter som \u00e4r utformade f\u00f6r smakk\u00e4nnare. Uppt\u00e4ck v\u00e5rt premiumurval:<br \/>Pina Colada<br \/>Persika is<br \/>Blandad frukt<br \/>Vattenmelon<br \/>Bl\u00e5b\u00e4rsis<br \/>Dubbla \u00e4pplen<br \/>Jordgubbsis<br \/>Vattenmelon Jordgubbe<br \/>K\u00f6rsb\u00e4rsblommande druvor<br \/>Bl\u00e5b\u00e4r Hallon<br \/>Mango Persika<br \/>Red Bull Energi<\/p>\n<p>Bland b\u00e4sts\u00e4ljarna finns den svalkande k\u00e4nslan av <strong>Bl\u00e5b\u00e4rsis<\/strong>, den syrliga s\u00f6tman av <strong>Vattenmelon Jordgubbe<\/strong>och det uppfriskande utbrottet av <strong>Jordgubbsis<\/strong>. Varje eng\u00e5ngsvape erbjuder konsekvent smakintegritet fr\u00e5n f\u00f6rsta till sista blosset, med h\u00f6gkvalitativa ingredienser. Den \u00e4r designad f\u00f6r MTL (Mouth-to-Lung) vaping och ger mjuka drag som \u00e4r perfekt kalibrerade f\u00f6r b\u00e5de molnentusiaster och nikotintillfredsst\u00e4llare.<\/p>","protected":false},"excerpt":{"rendered":"<p><strong>Bang Blaze 40000<\/strong> <strong>eng\u00e5ngsvapen<\/strong> levererar massiva 40.000 puffar med en 40 ml <strong>e-v\u00e4tska<\/strong> kapacitet och 12 exotiska smaker.<br \/>Funktioner a <strong>uppladdningsbar 1000mAh<\/strong> batteri med <strong>Typ C<\/strong> laddning och flera <strong>nikotinstyrkor<\/strong> (0%\/2%\/3%\/5%).<br \/>Perfekt f\u00f6r <strong>vape grossist<\/strong> och personligt bruk med <strong>skattefritt<\/strong> Frakt till EU.<\/p>","protected":false},"featured_media":2928,"comment_status":"open","ping_status":"closed","template":"","meta":[],"product_brand":[385],"product_cat":[881],"product_tag":[389,388,390,112,115,116],"class_list":{"0":"post-2933","1":"product","2":"type-product","3":"status-publish","4":"has-post-thumbnail","6":"product_brand-bangblaze","7":"product_cat-bangblaze","8":"product_tag-40000-puffs-vape","9":"product_tag-bang-blaze-40000","10":"product_tag-discount-vape","11":"product_tag-disposable-vape","12":"product_tag-rechargeable-vape","13":"product_tag-vape-wholesale","15":"first","16":"instock","17":"sale","18":"shipping-taxable","19":"purchasable","20":"product-type-variable"},"jetpack_sharing_enabled":true,"tiered_pricing_type":"fixed","tiered_pricing_fixed_rules":[],"tiered_pricing_product_settings":{"layout":"default","base_unit_name":{"singular":null,"plural":null},"default_variation":null},"tiered_pricing_minimum_quantity":null,"tiered_pricing_roles_data":[],"tiered_pricing_percentage_rules":[],"tiered_pricing_maximum_quantity":null,"tiered_pricing_quantity_step":null,"_links":{"self":[{"href":"https:\/\/frvape.com\/sv\/wp-json\/wp\/v2\/product\/2933","targetHints":{"allow":["GET"]}}],"collection":[{"href":"https:\/\/frvape.com\/sv\/wp-json\/wp\/v2\/product"}],"about":[{"href":"https:\/\/frvape.com\/sv\/wp-json\/wp\/v2\/types\/product"}],"replies":[{"embeddable":true,"href":"https:\/\/frvape.com\/sv\/wp-json\/wp\/v2\/comments?post=2933"}],"wp:featuredmedia":[{"embeddable":true,"href":"https:\/\/frvape.com\/sv\/wp-json\/wp\/v2\/media\/2928"}],"wp:attachment":[{"href":"https:\/\/frvape.com\/sv\/wp-json\/wp\/v2\/media?parent=2933"}],"wp:term":[{"taxonomy":"product_brand","embeddable":true,"href":"https:\/\/frvape.com\/sv\/wp-json\/wp\/v2\/product_brand?post=2933"},{"taxonomy":"product_cat","embeddable":true,"href":"https:\/\/frvape.com\/sv\/wp-json\/wp\/v2\/product_cat?post=2933"},{"taxonomy":"product_tag","embeddable":true,"href":"https:\/\/frvape.com\/sv\/wp-json\/wp\/v2\/product_tag?post=2933"}],"curies":[{"name":"wp","href":"https:\/\/api.w.org\/{rel}","templated":true}]}}