{"id":3082,"date":"2025-10-12T04:30:40","date_gmt":"2025-10-12T04:30:40","guid":{"rendered":"https:\/\/frvape.com\/product\/uwin-crystal-twins-40000-disposable-vape-long-lasting-rechargeable\/"},"modified":"2025-11-04T01:53:24","modified_gmt":"2025-11-04T01:53:24","slug":"uwin-crystal-twins-40000-engangs-vape-langvarig-uppladdningsbar","status":"publish","type":"product","link":"https:\/\/frvape.com\/sv\/product\/uwin-crystal-twins-40000-engangs-vape-langvarig-uppladdningsbar\/","title":{"rendered":"Uwin Crystal Twins 40000 eng\u00e5ngsvape | l\u00e5ngvarig och uppladdningsbar"},"content":{"rendered":"<h3>Vi presenterar Uwin Crystal Twins 40000 eng\u00e5ngsvape<\/h3>\n<p>Kliv in i en v\u00e4rld av f\u00f6rstklassig vaping med <strong>Uwin kristall tvillingar 40000<\/strong>, utformad f\u00f6r att leverera <strong>40.000 puffar<\/strong> av ren njutning. Denna innovativa enhet garanterar en ut\u00f6kad, rik smakupplevelse vid varje inandning och kombinerar en visuellt sl\u00e5ende metallisk glans med en sl\u00e4t akrylfinish f\u00f6r en verkligt raffinerad sensorisk resa. Dess <strong>uppladdningsbar<\/strong> systemet via en typ-C-port ger l\u00e5ngvarig prestanda, vilket g\u00f6r den perfekt f\u00f6r dagliga vapingentusiaster som s\u00f6ker tillfredsst\u00e4llelse.<\/p>\n<h3>O\u00f6vertr\u00e4ffad prestanda och specifikationer<\/h3>\n<p>Den <strong>Uwin kristall tvillingar 40000<\/strong> \u00e4r konstruerad med banbrytande teknik f\u00f6r att f\u00f6rh\u00f6ja ditt vapingn\u00f6je. Viktiga specifikationer inkluderar ett massivt antal puffar p\u00e5 <strong>40,000<\/strong>vilket garanterar flera veckors njutning utan st\u00e4ndiga byten. Enheten h\u00e5ller en betydande <strong>32 ml<\/strong> e-liquid-kapacitet och har en kraftfull <strong>850 mAh batteri<\/strong> med koboltoptimering f\u00f6r effektiv och snabb laddning. Med en avancerad <strong>n\u00e4tspole<\/strong> systemet ger den intensiv smakkonsistens till varje puff, tillsammans med en bekv\u00e4m <strong>indikator f\u00f6r oljekraft<\/strong> f\u00f6r att f\u00f6rhindra att den tar slut. Den \u00e4r idealisk f\u00f6r b\u00e5de nya anv\u00e4ndare och vapers och har st\u00f6d f\u00f6r flera nikotinstyrkor f\u00f6r skr\u00e4ddarsydda upplevelser.<\/p>\n<h3>M\u00e5ngsidiga smaker f\u00f6r varje tillf\u00e4lle<\/h3>\n<p><p>F\u00f6rh\u00f6j dina vapingstunder med v\u00e5rt breda sortiment av <strong>20 lockande smaker<\/strong>De \u00e4r f\u00f6rpackade i en design med dubbla smaker f\u00f6r att enkelt matcha dina hum\u00f6r. Varje smak erbjuder en unik blandning av rikedom och mjukhet, oavsett om du l\u00e4ngtar efter fruktiga l\u00e4ckerheter eller iskalla sensationer. Utforska v\u00e5rt omfattande <strong>smakupps\u00e4ttning<\/strong>:<\/p>\n<p><strong>Bl\u00e5b\u00e4r p\u00e5 is<\/strong><br \/><strong>Kiwi Passionsfrukt Guava<\/strong><br \/><strong>Grape Ice<\/strong><br \/><strong>Jordgubbar Hallon K\u00f6rsb\u00e4r<\/strong><br \/><strong>Jordgubb Kiwi<\/strong><br \/><strong>Herr Bl\u00e5<\/strong><br \/><strong>Persika Mango Ananas<\/strong><br \/><strong>K\u00f6rsb\u00e4rsis<\/strong><br \/><strong>Citron Lime<\/strong><br \/><strong>Love 66 (passionsfrukt-melon-is)<\/strong><br \/><strong>Jordgubbar Bananer<\/strong><br \/><strong>Tv\u00e5 \u00e4pplen<\/strong><br \/><strong>Kiwi Passionsfrukt Guava<\/strong><br \/><strong>Vattenmelon-is<\/strong><br \/><strong>Bl\u00e5b\u00e4r Hallon<\/strong><br \/><strong>Red Bull<\/strong><br \/><strong>Jordgubbar Vattenmelon<\/strong><br \/><strong>Blandade b\u00e4r<\/strong><br \/><strong>Bl\u00e5b\u00e4r Hallon<\/strong><br \/><strong>Sommarpersika-is<\/strong><\/p>\n<p>Med dessa <strong>exklusiva alternativ<\/strong>kan du v\u00e4xla mellan f\u00e4rska fruktinfusioner, syrliga toner och kylande iseffekter f\u00f6r o\u00e4ndlig njutning.<\/p>\n<\/p>\n<h3>Bekv\u00e4m f\u00f6rpackning och integrering av livsstil<\/h3>\n<p>Designad f\u00f6r att vara praktisk och enkel att anv\u00e4nda, \u00e4r <strong>Uwin kristall tvillingar 40000<\/strong> levereras i m\u00e5ngsidiga f\u00f6rpackningsalternativ: varje l\u00e5da inneh\u00e5ller 10 enheter och varje kartong inneh\u00e5ller 200 st. Detta <strong>eng\u00e5ngsvapen<\/strong> v\u00e4ger 22,5 kg per kartong, med optimerade kartongm\u00e5tt i CM f\u00f6r effektiv lagring och transport. Dess <strong>uppladdningsbar<\/strong> funktion g\u00f6r att den skiljer sig fr\u00e5n m\u00e4ngden, s\u00e5 att du kan <strong>40.000 puffar<\/strong> potential genom konsekvent Typ-C-laddning. Omfamna en problemfri vapingupplevelse som passar s\u00f6ml\u00f6st in i alla livsstilar, fr\u00e5n lugna kv\u00e4llar till aktiva \u00e4ventyr.<\/p>\n<h3>Varf\u00f6r v\u00e4lja Uwin Crystal Twins?<\/h3>\n<p>Denna exceptionella enhet blandar stil och substans och erbjuder en h\u00e5llbar, <strong>n\u00e4tspole<\/strong>-f\u00f6rb\u00e4ttrad prestanda f\u00f6r oklanderlig \u00e5ngkvalitet. Anv\u00e4ndarna rapporterar \u00f6kad tillfredsst\u00e4llelse med <strong>val av nikotin<\/strong> som str\u00e4cker sig fr\u00e5n 0% till 5%, vilket tillgodoser b\u00e5de nollnikotinpreferenser och starka hit-s\u00f6kare. De <strong>indikator f\u00f6r oljekraft<\/strong> funktionen g\u00f6r att du aldrig beh\u00f6ver gissa n\u00e4r det \u00e4r dags f\u00f6r en p\u00e5fyllning. Plus, den omfattande smakvariationen och den l\u00e5nga <strong>puffliv<\/strong> garantera v\u00e4rde och sp\u00e4nning i varje anv\u00e4ndning.<\/p>\n<p>F\u00f6r\u00e4ndra din vaping-rutin med <strong>Uwin kristall tvillingar 40000<\/strong> - d\u00e4r avancerad teknik m\u00f6ter elegans. Uppt\u00e4ck varf\u00f6r den \u00e4r ett f\u00f6rstahandsval bland <strong>eng\u00e5ngsvapen<\/strong> entusiaster idag.<\/p>","protected":false},"excerpt":{"rendered":"<p>Erfarenhet <strong>40.000 puffar<\/strong> av ren njutning med <strong>Uwin kristall tvillingar 40000<\/strong>med en elegant metallisk glans och en mjuk akrylk\u00e4nsla.<\/p>\n<p>Njut av m\u00e5ngsidig dubbel <strong>smaker<\/strong> f\u00f6r varje hum\u00f6r, nikotinval fr\u00e5n 0%\/2%\/3%\/5% och en <strong>uppladdningsbar<\/strong> design.<\/p>","protected":false},"featured_media":3076,"comment_status":"open","ping_status":"closed","template":"","meta":[],"product_brand":[404],"product_cat":[1017,850],"product_tag":[389,112,372,229,407,155],"class_list":{"0":"post-3082","1":"product","2":"type-product","3":"status-publish","4":"has-post-thumbnail","6":"product_brand-uwin","7":"product_cat-crystal-vapes","8":"product_cat-uwin","9":"product_tag-40000-puffs-vape","10":"product_tag-disposable-vape","11":"product_tag-mesh-coil","12":"product_tag-rechargeable-electronic-cigarette","13":"product_tag-uwin-crystal-twins","14":"product_tag-vape-flavors","16":"first","17":"instock","18":"sale","19":"shipping-taxable","20":"purchasable","21":"product-type-variable"},"jetpack_sharing_enabled":true,"tiered_pricing_type":"fixed","tiered_pricing_fixed_rules":[],"tiered_pricing_product_settings":{"layout":"default","base_unit_name":{"singular":null,"plural":null},"default_variation":null},"tiered_pricing_minimum_quantity":null,"tiered_pricing_roles_data":[],"tiered_pricing_percentage_rules":[],"tiered_pricing_maximum_quantity":null,"tiered_pricing_quantity_step":null,"_links":{"self":[{"href":"https:\/\/frvape.com\/sv\/wp-json\/wp\/v2\/product\/3082","targetHints":{"allow":["GET"]}}],"collection":[{"href":"https:\/\/frvape.com\/sv\/wp-json\/wp\/v2\/product"}],"about":[{"href":"https:\/\/frvape.com\/sv\/wp-json\/wp\/v2\/types\/product"}],"replies":[{"embeddable":true,"href":"https:\/\/frvape.com\/sv\/wp-json\/wp\/v2\/comments?post=3082"}],"wp:featuredmedia":[{"embeddable":true,"href":"https:\/\/frvape.com\/sv\/wp-json\/wp\/v2\/media\/3076"}],"wp:attachment":[{"href":"https:\/\/frvape.com\/sv\/wp-json\/wp\/v2\/media?parent=3082"}],"wp:term":[{"taxonomy":"product_brand","embeddable":true,"href":"https:\/\/frvape.com\/sv\/wp-json\/wp\/v2\/product_brand?post=3082"},{"taxonomy":"product_cat","embeddable":true,"href":"https:\/\/frvape.com\/sv\/wp-json\/wp\/v2\/product_cat?post=3082"},{"taxonomy":"product_tag","embeddable":true,"href":"https:\/\/frvape.com\/sv\/wp-json\/wp\/v2\/product_tag?post=3082"}],"curies":[{"name":"wp","href":"https:\/\/api.w.org\/{rel}","templated":true}]}}