{"id":3416,"date":"2025-10-12T04:51:17","date_gmt":"2025-10-12T04:51:17","guid":{"rendered":"https:\/\/frvape.com\/product\/aivono-fatman-pro-15000-disposable-vape-15k-puffs-rechargeable-dtl-mesh-coil\/"},"modified":"2025-12-16T08:34:55","modified_gmt":"2025-12-16T08:34:55","slug":"aivono-fatman-pro-15000-engangs-vape-15k-puffs-uppladdningsbar-dtl-mesh-coil","status":"publish","type":"product","link":"https:\/\/frvape.com\/sv\/product\/aivono-fatman-pro-15000-engangs-vape-15k-puffs-uppladdningsbar-dtl-mesh-coil\/","title":{"rendered":"Aivono Fatman Pro 15000 eng\u00e5ngsvape: 15K puffar, uppladdningsbar, DTL Mesh Coil"},"content":{"rendered":"<h3>Premium Vape-upplevelse f\u00f6r eng\u00e5ngsbruk<\/h3>\n<p>Den <strong>Aivono Fatman Pro 15000<\/strong> omdefinierar vapingtekniken f\u00f6r eng\u00e5ngsbruk med sin extraordin\u00e4ra <strong>Kapacitet p\u00e5 15.000 puffar<\/strong> och branschledande specifikationer. Med en banbrytande <strong>Spole med 0,6\u03a9 maskor<\/strong>ger den h\u00e4r enheten o\u00f6vertr\u00e4ffad smakklarhet och t\u00e4t \u00e5ngproduktion f\u00f6r Direct-To-Lung-entusiaster. Med en gener\u00f6s 24 ml e-v\u00e4tskebeh\u00e5llare och justerbar <strong>nikotinstyrkor (0%, 2%, 3%, 5%)<\/strong>Den v\u00e4nder sig till b\u00e5de molnj\u00e4gare och nikotinmedvetna anv\u00e4ndare.<\/p>\n<h3>Spjutspetsteknologi<\/h3>\n<p>Drivs av en h\u00f6gdensitets <strong>18250 rent koboltbatteri<\/strong> (600mAh-kapacitet) garanterar Fatman Pro ut\u00f6kad anv\u00e4ndning mellan laddningarna. Dess <strong>Typ C-laddningsbarhet<\/strong> garanterar snabb kraftp\u00e5fyllning samtidigt som milj\u00f6avfallet minskar. Den integrerade LED-displayen \u00f6vervakar b\u00e5de realtid <strong>Batteritid<\/strong> och <strong>niv\u00e5er av e-juice<\/strong>och eliminerar gissningar om anv\u00e4ndningen. Med en vikt p\u00e5 endast 96 g och 30*126 mm ger den l\u00e4tta designen exceptionell b\u00e4rbarhet utan att ge avkall p\u00e5 prestandans livsl\u00e4ngd.<\/p>\n<h3>Exklusivt urval av smaker<\/h3>\n<p>Sk\u00e4m bort dig med v\u00e5r <strong>portf\u00f6lj med premiumsmaker<\/strong> kurerad f\u00f6r internationella smaker:<br \/><strong>Fast &amp; Furious<\/strong> - Intensiv energiblandning<br \/><strong>Jordgubbar Hallon<\/strong> - B\u00e4rblandning<br \/><strong>Jordgubbsis<\/strong> - Frostade frukter<br \/><strong>Kite Liberator<\/strong> - Tropisk symfoni<br \/><strong>Mango Passion<\/strong> - Exotisk citrusfusion<br \/><strong>Bl\u00e5b\u00e4rsis<\/strong> - Fr\u00e4schhet fr\u00e5n isiga b\u00e4r<br \/><strong>Vattenmelon-is<\/strong> - Kyld sommarfrisk dryck<br \/><strong>K\u00f6rsb\u00e4rs- och vattenmelongel\u00e9<\/strong> - Inspirerad av s\u00f6tt godis<br \/><strong>Guicy persika<\/strong> - Saftig frukttr\u00e4dg\u00e5rdsmognad<br \/><strong>Big Bang frukt<\/strong> - Kosmisk fruktexplosion<\/p>\n<h3>Partihandelsoptimerade specifikationer<\/h3>\n<p>Konstruerad f\u00f6r kommersiell framg\u00e5ng: <strong>15.000 DTL-puffar<\/strong> per enhet \u2502 24ml salt nic-kapacitet \u2502 600mAh uppladdningsbart batteri \u2502 0,6\u03a9 meshk\u00e4rna \u2502 M\u00e5tt: 30\u00d7126mm \u2502 Vikt: 96g \u2502 Rapid <strong>Typ C-laddning<\/strong> \u2502 Smart inandningsaktivering \u2502 Nikotinalternativ: 0%\/2%\/3%\/5%. Effektivitet i bulk: Kompakta leveransprofiler (<strong>200 enheter\/kartong<\/strong>, 83\u00d7140\u00d7120 mm mindre pallar), huvudkartongens m\u00e5tt (425\u00d7420\u00d7290 mm), optimerade 20 kg kartongvikter.<\/p>\n<h3>F\u00f6rdelar med B2B-tillverkning<\/h3>\n<p>Ut\u00f6ka ditt varum\u00e4rke med omfattande <strong>St\u00f6d f\u00f6r OEM\/ODM<\/strong> inklusive: Anpassad smakutveckling \u2502 Egen m\u00e4rkning \u2502 Exklusiv f\u00f6rpackningsutveckling \u2502 Volymbaserad differentierad priss\u00e4ttning \u2502 Marknadsspecifik anpassning till efterlevnad. V\u00e5r konkurrenskraftiga grossiststruktur maximerar dina marginaler samtidigt som <strong>snabb europeisk logistik<\/strong> s\u00e4kerst\u00e4lla snabb leverans till nyckelmarknader som Nederl\u00e4nderna, Tyskland, Belgien och Spanien genom effektiviserade distributionskanaler.<\/p>\n<h3>Byggnation av kommersiell kvalitet<\/h3>\n<p>Varje enhet genomg\u00e5r 17 kvalitetskontrollsteg f\u00f6r att garantera l\u00e4ckages\u00e4kerhet, konsekvent spolprestanda och batteris\u00e4kerhetscertifiering. Unibody-designen motst\u00e5r fallskador medan den dragaktiverade mekanismen s\u00e4kerst\u00e4ller enkel anv\u00e4ndning. Milj\u00f6utm\u00e4rkelser inkluderar \u00e5tervinningsbara material och EU RoHS-kompatibla komponenter. Rigor\u00f6sa h\u00e5llbarhetstester uppr\u00e4tth\u00e5ller smakens styrka och nikotinets stabilitet under lagring och transport.<\/p>\n<h3>Varf\u00f6r \u00e5terf\u00f6rs\u00e4ljare v\u00e4ljer Fatman Pro<\/h3>\n<p>Enhetsekonomin skapar o\u00f6vertr\u00e4ffad l\u00f6nsamhet f\u00f6r detaljhandeln: F\u00e4rre p\u00e5fyllningar kr\u00e4vs p\u00e5 grund av <strong>f\u00f6rl\u00e4ngd livsl\u00e4ngd f\u00f6r puffar<\/strong> \u2502 Bred demografisk attraktionskraft genom <strong>anpassningsbara nikotinalternativ<\/strong> \u2502 <strong>Visuell \u00f6vervakning av e-juice<\/strong> minskar kundklagom\u00e5len \u2502 H\u00f6gt upplevt v\u00e4rde fr\u00e5n premiumfunktioner (LED-indikator, mesh-teknik) attraherar kr\u00e4sna vapers. Distribut\u00f6rerna drar nytta av varum\u00e4rkets snabbt v\u00e4xande globala erk\u00e4nnande och dokumenterade <strong>konsumentm\u00f6nster f\u00f6r \u00e5terkommande k\u00f6p<\/strong> inom kategorin eng\u00e5ngsartiklar.<\/p>","protected":false},"excerpt":{"rendered":"<p>Upplev den <strong>Aivono Fatman Pro 15000<\/strong> eng\u00e5ngsvapen med massiv <strong>15.000 DTL-puffar<\/strong>, uppladdningsbart 600mAh batteri och 0,6\u03a9 mesh coil. V\u00e4lj fr\u00e5n <strong>10 f\u00f6rstklassiga smaker<\/strong> med 0%\/2%\/3%\/5% nikotin. Bulk <strong>St\u00f6d f\u00f6r OEM\/ODM<\/strong> tillg\u00e4ngliga.<\/p>","protected":false},"featured_media":3411,"comment_status":"open","ping_status":"closed","template":"","meta":[],"product_brand":[165],"product_cat":[951],"product_tag":[429,428,431,430,84,116],"class_list":{"0":"post-3416","1":"product","2":"type-product","3":"status-publish","4":"has-post-thumbnail","6":"product_brand-aivono","7":"product_cat-aivono","8":"product_tag-15000-puffs-disposable-vape","9":"product_tag-aivono-fatman-pro-15000","10":"product_tag-dtl-mesh-coil-vape","11":"product_tag-oem-vape-manufacturer","12":"product_tag-rechargeable-vape-pen","13":"product_tag-vape-wholesale","15":"first","16":"instock","17":"sale","18":"shipping-taxable","19":"purchasable","20":"product-type-variable"},"jetpack_sharing_enabled":true,"tiered_pricing_type":"fixed","tiered_pricing_fixed_rules":[],"tiered_pricing_product_settings":{"layout":"default","base_unit_name":{"singular":null,"plural":null},"default_variation":null},"tiered_pricing_minimum_quantity":null,"tiered_pricing_roles_data":[],"tiered_pricing_percentage_rules":[],"tiered_pricing_maximum_quantity":null,"tiered_pricing_quantity_step":null,"_links":{"self":[{"href":"https:\/\/frvape.com\/sv\/wp-json\/wp\/v2\/product\/3416","targetHints":{"allow":["GET"]}}],"collection":[{"href":"https:\/\/frvape.com\/sv\/wp-json\/wp\/v2\/product"}],"about":[{"href":"https:\/\/frvape.com\/sv\/wp-json\/wp\/v2\/types\/product"}],"replies":[{"embeddable":true,"href":"https:\/\/frvape.com\/sv\/wp-json\/wp\/v2\/comments?post=3416"}],"wp:featuredmedia":[{"embeddable":true,"href":"https:\/\/frvape.com\/sv\/wp-json\/wp\/v2\/media\/3411"}],"wp:attachment":[{"href":"https:\/\/frvape.com\/sv\/wp-json\/wp\/v2\/media?parent=3416"}],"wp:term":[{"taxonomy":"product_brand","embeddable":true,"href":"https:\/\/frvape.com\/sv\/wp-json\/wp\/v2\/product_brand?post=3416"},{"taxonomy":"product_cat","embeddable":true,"href":"https:\/\/frvape.com\/sv\/wp-json\/wp\/v2\/product_cat?post=3416"},{"taxonomy":"product_tag","embeddable":true,"href":"https:\/\/frvape.com\/sv\/wp-json\/wp\/v2\/product_tag?post=3416"}],"curies":[{"name":"wp","href":"https:\/\/api.w.org\/{rel}","templated":true}]}}