{"id":4102,"date":"2025-10-12T05:49:22","date_gmt":"2025-10-12T05:49:22","guid":{"rendered":"https:\/\/frvape.com\/product\/vapme-digital-12000-disposable-vape-12000-puffs-rechargeable-mesh-coil-e-cig\/"},"modified":"2025-10-12T05:49:36","modified_gmt":"2025-10-12T05:49:36","slug":"vapme-digital-12000-engangs-vape-12000-puffar-uppladdningsbar-mesh-coil-e-cigg","status":"publish","type":"product","link":"https:\/\/frvape.com\/sv\/product\/vapme-digital-12000-engangs-vape-12000-puffar-uppladdningsbar-mesh-coil-e-cigg\/","title":{"rendered":"Vapme Digital 12000 eng\u00e5ngsvape | 12000 puffar uppladdningsbar e-cigg med n\u00e4tspole"},"content":{"rendered":"<h3>Premium e-cigarett f\u00f6r eng\u00e5ngsbruk<\/h3>\n<p>Den <strong>Vapme Digital 12000<\/strong> \u00e4r en revolutionerande elektronisk eng\u00e5ngscigarett som \u00e4r konstruerad f\u00f6r ultimat b\u00e4rbarhet och en o\u00f6vertr\u00e4ffad r\u00f6kupplevelse. Till skillnad fr\u00e5n andra alternativ erbjuder den en <strong>h\u00f6gre kvalitet, renare smak<\/strong> med \u00f6ver <strong>12000 puffar<\/strong> fr\u00e5n dess <strong>20 ml f\u00f6rfylld vapejuice<\/strong>. Den h\u00e4r enheten \u00e4r s\u00e4rskilt utformad f\u00f6r utomhus\u00e4ventyr och garanterar robust prestanda och autentisk smak. Du kommer att bli f\u00f6rv\u00e5nad \u00f6ver dess f\u00f6rm\u00e5ga att uppr\u00e4tth\u00e5lla konsekventa kvalitetssmaker \u00f6ver tusentals puffar, vilket g\u00f6r den till en o\u00f6vertr\u00e4ffad innovation i vapingv\u00e4rlden.<br \/>Den integrerade <strong>smart sk\u00e4rm<\/strong> ger realtidsuppdateringar om anv\u00e4ndningen, medan den h\u00e5llbara designen garanterar l\u00e5ngvarig njutning.<\/p>\n<h3>Viktiga funktioner och f\u00f6rdelar<\/h3>\n<p>Med sin <strong>850mAh koboltbatteri<\/strong> och <strong>Typ-C-port<\/strong>, den <strong>Vapme Digital 12000<\/strong> ger effektiv, uppladdningsbar str\u00f6m n\u00e4r du \u00e4r p\u00e5 spr\u00e5ng, vilket eliminerar behovet av st\u00e4ndiga laddningar. Den <strong>1,0 ohm mesh-spole<\/strong> ger en j\u00e4mn och smakrik \u00e5ngproduktion vid varje bloss, vilket f\u00f6rb\u00e4ttrar dess <strong>status f\u00f6r premium e-cigaretter f\u00f6r eng\u00e5ngsbruk<\/strong>. Finns i olika nikotinniv\u00e5er - 0%, 2%, 3% och 5% - f\u00f6r att passa olika preferenser.<br \/>V\u00e4lj din favorit <strong>smak<\/strong> fr\u00e5n v\u00e5rt omfattande sortiment f\u00f6r en skr\u00e4ddarsydd upplevelse som utm\u00e4rker sig i renhet och njutning.<br \/>Den h\u00e4r enheten \u00e4r milj\u00f6smart och varje l\u00e5da inneh\u00e5ller 200 enheter f\u00f6r enkel distribution, v\u00e4ger 17,5 kg och har m\u00e5tten 54,7*33,7*23,7 cm.<\/p>\n<h3>Alternativ f\u00f6r smakvariation<\/h3>\n<p>Utforska ett brett urval av <strong>Vapme Digital 12000 smaker<\/strong>som alla ger intensiva och tillfredsst\u00e4llande smaker f\u00f6r alla smaker:<br \/>Strawberry Dragon Fruit Ice, Cherry Cola, Kiwi Passionfruit Guava, Strawberry Watermelon, Watermelon Ice, Blueberry Raspberry, Peach Ice, Mixed Berries, Strawberry Ice, Apple Berry Ice, Cherry Ice, Tropical Fruit Punch, Peach Mango Ice, Mint Ice, Mango Peach Pineapple, Strawberry Banana Ice, Blue Razz Lemonade, Strawberry Kiwi Ice, Grape Ice, Peach Bluerazz Ice.<\/p>\n<h3>Detaljerade specifikationer<\/h3>\n<p>Den <strong>Vapme Digital har bland annat f\u00f6ljande funktioner<\/strong>: <strong>Batteriets storlek<\/strong> p\u00e5 850mAh kobolt med en typ-C-port f\u00f6r snabb laddning; <strong>Kapacitet f\u00f6r juice<\/strong> av 20 ml f\u00f6rfylld f\u00f6r ut\u00f6kad anv\u00e4ndning; <strong>Spolteknik<\/strong> med 1,0 ohm mesh-spole f\u00f6r f\u00f6rb\u00e4ttrad \u00e5ngproduktion; <strong>Puffar R\u00e4kna<\/strong> \u00f6ver 12000 f\u00f6r l\u00e5ngvarig vaping; <strong>F\u00f6rpackningsdetaljer<\/strong>: 200 stycken per l\u00e5da, l\u00e5dvikt 17,5 kg och l\u00e5dm\u00e5tt 54,7*33,7*23,7 cm, vilket garanterar b\u00e4rbarhet och bekv\u00e4mlighet.<\/p>\n<h3>Varf\u00f6r v\u00e4lja Vapme Digital?<\/h3>\n<p>Detta <strong>eng\u00e5ngsvape \u00f6vertr\u00e4ffar inte bara konkurrenterna<\/strong> i smakklarhet och antal puffar men utm\u00e4rker sig ocks\u00e5 i h\u00e5llbarhet och anv\u00e4ndarv\u00e4nlig drift. Med sin <strong>\u00f6vervakning av smarta sk\u00e4rmar<\/strong>N\u00e4r du \u00e4r ute och reser varnar den dig f\u00f6r batteritid och e-juice-niv\u00e5er, vilket optimerar din vapingresa. Den l\u00e4tta, ergonomiska konstruktionen g\u00f6r den till det perfekta valet f\u00f6r resor och ger tillf\u00f6rlitlighet utan kr\u00e5ngel med p\u00e5fyllningar.<br \/>Den <strong>Vapme Digital 12000<\/strong> representerar h\u00f6jdpunkten av innovation inom e-cigaretter och levererar ett of\u00f6rgl\u00f6mligt \u00e4ventyr med ren \u00e5nga varje g\u00e5ng. Prova den idag f\u00f6r att smaka perfektion i varje bloss.<\/p>","protected":false},"excerpt":{"rendered":"<p>Uppt\u00e4ck de <strong>Vapme Digital 12000<\/strong>En premium eng\u00e5ngsvape som levererar <strong>12000+ puffar<\/strong> med <strong>smart sk\u00e4rm<\/strong> teknik.<br \/>Med en <strong>850mAh uppladdningsbart batteri<\/strong> och <strong>20 ml f\u00f6rfylld juice<\/strong>\u00e4r den perfekt f\u00f6r friluftsentusiaster.<\/p>","protected":false},"featured_media":4097,"comment_status":"open","ping_status":"closed","template":"","meta":[],"product_brand":[79],"product_cat":[80],"product_tag":[317,486,236,487,84,82],"class_list":{"0":"post-4102","1":"product","2":"type-product","3":"status-publish","4":"has-post-thumbnail","6":"product_brand-vapme","7":"product_cat-vapme-vape","8":"product_tag-12000-puffs-vape","9":"product_tag-disposable-electronic-cigarette","10":"product_tag-high-capacity-disposable","11":"product_tag-mesh-coil-e-cig","12":"product_tag-rechargeable-vape-pen","13":"product_tag-vapme-digital-12000","15":"first","16":"instock","17":"sale","18":"shipping-taxable","19":"purchasable","20":"product-type-variable"},"jetpack_sharing_enabled":true,"tiered_pricing_type":"fixed","tiered_pricing_fixed_rules":[],"tiered_pricing_product_settings":{"layout":"default","base_unit_name":{"singular":null,"plural":null},"default_variation":null},"tiered_pricing_minimum_quantity":null,"tiered_pricing_roles_data":[],"tiered_pricing_percentage_rules":[],"tiered_pricing_maximum_quantity":null,"tiered_pricing_quantity_step":null,"_links":{"self":[{"href":"https:\/\/frvape.com\/sv\/wp-json\/wp\/v2\/product\/4102","targetHints":{"allow":["GET"]}}],"collection":[{"href":"https:\/\/frvape.com\/sv\/wp-json\/wp\/v2\/product"}],"about":[{"href":"https:\/\/frvape.com\/sv\/wp-json\/wp\/v2\/types\/product"}],"replies":[{"embeddable":true,"href":"https:\/\/frvape.com\/sv\/wp-json\/wp\/v2\/comments?post=4102"}],"wp:featuredmedia":[{"embeddable":true,"href":"https:\/\/frvape.com\/sv\/wp-json\/wp\/v2\/media\/4097"}],"wp:attachment":[{"href":"https:\/\/frvape.com\/sv\/wp-json\/wp\/v2\/media?parent=4102"}],"wp:term":[{"taxonomy":"product_brand","embeddable":true,"href":"https:\/\/frvape.com\/sv\/wp-json\/wp\/v2\/product_brand?post=4102"},{"taxonomy":"product_cat","embeddable":true,"href":"https:\/\/frvape.com\/sv\/wp-json\/wp\/v2\/product_cat?post=4102"},{"taxonomy":"product_tag","embeddable":true,"href":"https:\/\/frvape.com\/sv\/wp-json\/wp\/v2\/product_tag?post=4102"}],"curies":[{"name":"wp","href":"https:\/\/api.w.org\/{rel}","templated":true}]}}