{"id":4254,"date":"2025-10-12T06:01:32","date_gmt":"2025-10-12T06:01:32","guid":{"rendered":"https:\/\/frvape.com\/product\/jnr-power-mate-30000-disposable-vape-30000-puffs-5000mah-power-bank\/"},"modified":"2025-12-16T09:20:07","modified_gmt":"2025-12-16T09:20:07","slug":"jnr-power-mate-30000-engangsvape-30000-puffar-5000mah-powerbank","status":"publish","type":"product","link":"https:\/\/frvape.com\/sv\/product\/jnr-power-mate-30000-engangsvape-30000-puffar-5000mah-powerbank\/","title":{"rendered":"Jnr Power Mate 30000 Eng\u00e5ngsvape: 30 000 puffar, 5000 mAh powerbank"},"content":{"rendered":"<h3>Sl\u00e4pp loss o\u00f6vertr\u00e4ffad kraft och smak<\/h3>\n<p>Den <strong>Jnr Power Mate 30000<\/strong> revolutionerar vaping med sin o\u00f6vertr\u00e4ffade uth\u00e5llighet och smak. Denna eng\u00e5ngsvape \u00e4r designad f\u00f6r kr\u00e4vande anv\u00e4ndare och kombinerar en enorm <strong>5000mAh powerbank<\/strong> med en gener\u00f6s <strong>19 ml f\u00f6rfylld e-juice<\/strong> f\u00f6r att leverera upp till <strong>30.000 puffar<\/strong> av ren njutning. Med en <strong>spole med dubbla n\u00e4t<\/strong>Den ger mjuka, smakrika tr\u00e4ffar varje g\u00e5ng, vilket g\u00f6r den idealisk f\u00f6r l\u00e5ngvariga sessioner eller snabba uppiggningar.<br \/>Med alternativ f\u00f6r <strong>nikotinstyrkor<\/strong> p\u00e5 0%, 2%, 3% eller 5%, tillgodoser dina \u00f6nskem\u00e5l om en skr\u00e4ddarsydd vapingupplevelse som \u00e4r b\u00e5de smidig och tillfredsst\u00e4llande.<\/p>\n<h3>Viktiga funktioner<\/h3>\n<p>Uppt\u00e4ck de banbrytande innovationer som finns i Jnr Power Mate 30000:<br \/>- <strong>3D-kr\u00f6kt sk\u00e4rm<\/strong>: \u00d6vervaka din statistik i realtid med en snygg, interaktiv display.<br \/>- <strong>Spole med dubbla n\u00e4t<\/strong>: F\u00f6rb\u00e4ttra smak och \u00e5ngkonsistens med avancerad <strong>1.0\u03a9<\/strong> uppv\u00e4rmningsteknik.<br \/>- <strong>AI Smart justerbart l\u00e4ge<\/strong>: Anpassa dina inst\u00e4llningar utan anstr\u00e4ngning f\u00f6r optimerad prestanda.<br \/>- <strong>5000mAh Batterikapacitet<\/strong>: Agera som en <strong>Powerbank<\/strong> f\u00f6r att ladda enheter n\u00e4r du \u00e4r p\u00e5 spr\u00e5ng.<br \/>- <strong>19 ml E-v\u00e4tska<\/strong>: F\u00f6rfylld f\u00f6r bekv\u00e4mlighet, med premiumv\u00e4tskor f\u00f6r rik arom.<br \/>- <strong>Typ-C snabbladdning<\/strong>: Ladda snabbt med medf\u00f6ljande dolda kablar.<br \/>- <strong>10 smakalternativ<\/strong>: \u00d6verg\u00e5ng mellan olika smaker f\u00f6r en dynamisk upplevelse.<\/p>\n<h3>Massiv kraft f\u00f6r laddning p\u00e5 resande fot<\/h3>\n<p>F\u00e5 aldrig slut p\u00e5 juice igen! Den integrerade <strong>5000mAh powerbank<\/strong> ser till att du f\u00f6rblir laddad var du \u00e4n \u00e4r. Dess <strong>dolda dubbla laddningskablar<\/strong> (Type-C och Lightning) ansluter s\u00f6ml\u00f6st till smartphones eller andra vapes, vilket g\u00f6r den till den ultimata b\u00e4rbara f\u00f6ljeslagaren f\u00f6r resor eller daglig anv\u00e4ndning.<br \/>Laddningsfunktioner som <strong>Typ C snabbladdning<\/strong> inneb\u00e4r minimala driftstopp, s\u00e5 att du kan njuta av l\u00e4ngre vaping-sessioner utan avbrott.<\/p>\n<h3>\u00d6verl\u00e4gsen smak med Dual Mesh Coil<\/h3>\n<p>Upplev exceptionell \u00e5ngkvalitet tack vare <strong>spole med dubbla n\u00e4t<\/strong>. Denna teknik f\u00f6rb\u00e4ttrar <strong>smakens konsistens<\/strong>och levererar mjuka, fylliga bloss \u00e4ven vid <strong>h\u00f6gt antal puffar<\/strong>. Kopplat till <strong>gener\u00f6s kapacitet p\u00e5 19 ml<\/strong>Varje dragning \u00e4r rik och tillfredsst\u00e4llande utan n\u00e5gra torra tr\u00e4ffar.<br \/>Den <strong>smak\u00f6verg\u00e5ng<\/strong> mellan smakerna \u00e4r s\u00f6ml\u00f6s, vilket ger en levande och st\u00e4ndigt f\u00f6r\u00e4nderlig upplevelse som h\u00e5ller vaping sp\u00e4nnande.<\/p>\n<h3>Smart och informativ design<\/h3>\n<p>Beh\u00e5ll kontrollen med <strong>3D-b\u00f6jd sk\u00e4rm<\/strong> som tillhandah\u00e5ller <strong>statistik i realtid<\/strong> om batteritid och <strong>niv\u00e5er av e-juice<\/strong>. Denna smarta sk\u00e4rm minimerar gissningar och g\u00f6r att du kan planera din anv\u00e4ndning p\u00e5 ett effektivt s\u00e4tt.<br \/><strong>Magnetiska anslutningar<\/strong> och en kompakt design (55,2*26,0*108,8mm) ger \u00f6kad bekv\u00e4mlighet, medan <strong>AI smart l\u00e4ge<\/strong> justerar automatiskt inst\u00e4llningarna f\u00f6r b\u00e4sta m\u00f6jliga prestanda.<\/p>\n<h3>Gener\u00f6s e-v\u00e4tskekapacitet f\u00f6r l\u00e5nga bloss<\/h3>\n<p>Med <strong>19 ml premium e-juice<\/strong>Jnr Power Mate 30000 utlovar upp till <strong>30.000 puffar<\/strong>. Den stora volymen minskar behovet av frekventa p\u00e5fyllningar och ger <strong>l\u00e5ngvarig tillfredsst\u00e4llelse<\/strong> som konkurrerar med alla eng\u00e5ngsvape p\u00e5 marknaden.<br \/>V\u00e4lj mellan flera <strong>nikotinalternativ<\/strong> (0%, 2%, 3%, 5%) f\u00f6r att passa dina beg\u00e4r, vilket garanterar en balanserad upplevelse som \u00e4r skr\u00e4ddarsydd f\u00f6r din livsstil.<\/p>\n<h3>Smakfull vapingupplevelse och alternativ<\/h3>\n<p>F\u00f6rdjupa dig i en v\u00e4rld av h\u00e4rliga smaker med v\u00e5ra <strong>olika smaker<\/strong>. Fr\u00e5n fruktiga klassiker till iskalla blandningar, varje smak \u00e4r utformad f\u00f6r maximal njutning.<br \/>Njut av mjuka \u00f6verg\u00e5ngar som h\u00e5ller dina sinnen engagerade utan n\u00e5gon kvardr\u00f6jande eftersmak.<\/p>\n<h3>Tillg\u00e4ngliga smaker<\/h3>\n<p>Uppt\u00e4ck det kompletta utbudet av <strong>10 smaker<\/strong> i v\u00e5r uppst\u00e4llning, inklusive:<br \/>Jordgubbar Bananer <br \/>Jordgubbsis <br \/>Vattenmelon-is <br \/>Persika Mango Vattenmelon <br \/>Blandade b\u00e4r <br \/>Fizzy Cherry Cola <br \/>Blue Razz Ice <br \/>Kiwi vattenmelon is <br \/>K\u00f6rsb\u00e4r Jordgubbe Hallon <br \/>Jordgubb Kiwi<\/p>\n<h3>Tekniska specifikationer<\/h3>\n<p>Dimensioner: 55,2*26,0*108,8mm<br \/>Batterikapacitet: <strong>5000mAh Power Bank<\/strong><br \/>Ungef\u00e4rliga puffar: Upp till <strong>30.000 puffar<\/strong><br \/>V\u00e4rmeelement: <strong>1,0\u03a9 dubbel n\u00e4tspole<\/strong><br \/>E-v\u00e4tska Volym: <strong>19 ml<\/strong><br \/>Laddning: <strong>Typ-C snabbladdning<\/strong> med dolda kablar<br \/>Nikotinniv\u00e5er: 0%, 2%, 3%, 5%<br \/>Jnr Power Mate 30000 \u00e4r fylld av innovation och omdefinierar h\u00e5llbarhet och smak. Dess kombination av h\u00f6g kapacitet, smart teknik och <strong>varierade smaker<\/strong> g\u00f6r den till det sj\u00e4lvklara valet f\u00f6r vapnare som s\u00f6ker tillf\u00f6rlitlighet och sp\u00e4nning i varje bloss.<\/p>","protected":false},"excerpt":{"rendered":"<p>Upplev den ultimata vapingupplevelsen med <strong>Jnr Power Mate 30000<\/strong>, med upp till <strong>30.000 puffar<\/strong> och en inbyggd <strong>5000mAh powerbank<\/strong>.<br \/>Njut av <strong>j\u00e4mn smakleverans<\/strong> fr\u00e5n en <strong>spole med dubbla n\u00e4t<\/strong> och <strong>19 ml e-v\u00e4tska<\/strong> kapacitet, perfekt n\u00e4r du \u00e4r p\u00e5 spr\u00e5ng.<\/p>","protected":false},"featured_media":4248,"comment_status":"open","ping_status":"closed","template":"","meta":[],"product_brand":[88],"product_cat":[1089],"product_tag":[498,270,497,112,244,91],"class_list":{"0":"post-4254","1":"product","2":"type-product","3":"status-publish","4":"has-post-thumbnail","6":"product_brand-jnr","7":"product_cat-jnr","8":"product_tag-19ml-e-liquid","9":"product_tag-30000-puffs","10":"product_tag-5000mah-battery","11":"product_tag-disposable-vape","12":"product_tag-dual-mesh-coil","13":"product_tag-jnr-power-mate-30000","15":"first","16":"instock","17":"sale","18":"shipping-taxable","19":"purchasable","20":"product-type-variable"},"jetpack_sharing_enabled":true,"tiered_pricing_type":"fixed","tiered_pricing_fixed_rules":[],"tiered_pricing_product_settings":{"layout":"default","base_unit_name":{"singular":null,"plural":null},"default_variation":null},"tiered_pricing_minimum_quantity":null,"tiered_pricing_roles_data":[],"tiered_pricing_percentage_rules":[],"tiered_pricing_maximum_quantity":null,"tiered_pricing_quantity_step":null,"_links":{"self":[{"href":"https:\/\/frvape.com\/sv\/wp-json\/wp\/v2\/product\/4254","targetHints":{"allow":["GET"]}}],"collection":[{"href":"https:\/\/frvape.com\/sv\/wp-json\/wp\/v2\/product"}],"about":[{"href":"https:\/\/frvape.com\/sv\/wp-json\/wp\/v2\/types\/product"}],"replies":[{"embeddable":true,"href":"https:\/\/frvape.com\/sv\/wp-json\/wp\/v2\/comments?post=4254"}],"wp:featuredmedia":[{"embeddable":true,"href":"https:\/\/frvape.com\/sv\/wp-json\/wp\/v2\/media\/4248"}],"wp:attachment":[{"href":"https:\/\/frvape.com\/sv\/wp-json\/wp\/v2\/media?parent=4254"}],"wp:term":[{"taxonomy":"product_brand","embeddable":true,"href":"https:\/\/frvape.com\/sv\/wp-json\/wp\/v2\/product_brand?post=4254"},{"taxonomy":"product_cat","embeddable":true,"href":"https:\/\/frvape.com\/sv\/wp-json\/wp\/v2\/product_cat?post=4254"},{"taxonomy":"product_tag","embeddable":true,"href":"https:\/\/frvape.com\/sv\/wp-json\/wp\/v2\/product_tag?post=4254"}],"curies":[{"name":"wp","href":"https:\/\/api.w.org\/{rel}","templated":true}]}}