{"id":4678,"date":"2025-10-12T06:29:45","date_gmt":"2025-10-12T06:29:45","guid":{"rendered":"https:\/\/frvape.com\/product\/razz-bar-15000-puffs-disposable-vape-high-capacity-rechargeable-e-cig-with-mesh-coil\/"},"modified":"2026-01-26T05:21:45","modified_gmt":"2026-01-26T05:21:45","slug":"razz-bar-15000-puffar-engangs-vape-hog-kapacitet-uppladdningsbar-e-cigg-med-natspole","status":"publish","type":"product","link":"https:\/\/frvape.com\/sv\/product\/razz-bar-15000-puffar-engangs-vape-hog-kapacitet-uppladdningsbar-e-cigg-med-natspole\/","title":{"rendered":"Razz Bar 15000 Puffs eng\u00e5ngsvape - uppladdningsbar e-cigg med h\u00f6g kapacitet och n\u00e4tspole"},"content":{"rendered":"<h3>Vi presenterar Razz Bar 15000 eng\u00e5ngsvape<\/h3>\n<p>Revolutionera din vaping-resa med <strong>Razz Bar 15000 Puffs Eng\u00e5ngs Vape<\/strong>, ett banbrytande <strong>e-cigarett<\/strong> utformad f\u00f6r ultimat bekv\u00e4mlighet och tillfredsst\u00e4llelse. Denna <strong>eng\u00e5ngsvapen<\/strong> kombinerar h\u00f6g prestanda med anv\u00e4ndarv\u00e4nliga funktioner, vilket garanterar en s\u00f6ml\u00f6s upplevelse. Som branschledare sedan 2017 levererar Razz Bar <strong>\u00f6verl\u00e4gsen kvalitet<\/strong> med st\u00f6d av rigor\u00f6sa tester och certifieringar. Utforska en v\u00e4rld av smaker med <strong>razz bar vape<\/strong>. Perfekt f\u00f6r vuxna vapers som s\u00f6ker en p\u00e5litlig och innovativ <strong>e-cigg f\u00f6r eng\u00e5ngsbruk<\/strong> l\u00f6sning.<\/p>\n<h3>Produktspecifikationer<\/h3>\n<p>Razz Bar 15000 har imponerande specifikationer som \u00e4r skr\u00e4ddarsydda f\u00f6r daglig anv\u00e4ndning. Viktiga h\u00f6jdpunkter inkluderar en <strong>f\u00f6rl\u00e4ngd livsl\u00e4ngd p\u00e5 15000 puffar<\/strong>vilket minskar behovet av st\u00e4ndig laddning. Den <strong>28 ml kapacitet f\u00f6r e-v\u00e4tska<\/strong> garanterar l\u00e5ngvarig njutning mellan p\u00e5fyllningarna. F\u00f6rpackade f\u00f6r att underl\u00e4tta f\u00f6r grossister, varje <strong>Kartongen inneh\u00e5ller 200 enheter<\/strong>vilket g\u00f6r den idealisk f\u00f6r \u00e5terf\u00f6rs\u00e4ljare och stork\u00f6pare. Enheten drivs av en <strong>650mAh uppladdningsbart batteri<\/strong>, med ett modernt hotell med <strong>Typ C-laddningsport<\/strong> f\u00f6r snabb och effektiv uppladdning. F\u00f6rb\u00e4ttrad smakupplevelse garanteras med avancerad <strong>teknik f\u00f6r n\u00e4tspole<\/strong>som ger mjuka och fylliga \u00e5ngmoln. Tillg\u00e4nglig med <strong>nikotinstyrkorna 2% eller 5%<\/strong>, v\u00e5r <strong>eng\u00e5ngsvapen<\/strong> tillgodoser olika preferenser f\u00f6r en skr\u00e4ddarsydd nikotinupplevelse.<\/p>\n<h3>Extraordin\u00e4r smakpalett<\/h3>\n<p>Dyk ner i ett brett utbud av premiumsmaker med Razz Bar 15000. Varje alternativ \u00e4r omsorgsfullt utformat f\u00f6r att ge exceptionell smak och tillfredsst\u00e4llelse, med hj\u00e4lp av <strong>teknik f\u00f6r n\u00e4tspole<\/strong> f\u00f6r f\u00f6rb\u00e4ttrad \u00e5ngkvalitet. V\u00e5ra smaker inkluderar premiumval som:<\/p>\n<p>Vattenmelon Bubble Gum<br \/>Jordgubbsis<br \/>Jordgubb Kiwi<br \/>Red Bull Ice<br \/>Bl\u00e5b\u00e4r Hallon Citron<br \/>Bl\u00e5b\u00e4r p\u00e5 is<br \/>Hallonfudge<br \/>Blandade b\u00e4r<br \/>Citron Lime<br \/>Vattenmelon-is<br \/>Persika is<br \/>Persika Mango Ananas<br \/>Mamba<br \/>Cola is<br \/>Dubbla \u00e4pplen<br \/>Kiwi Passionsfrukt Guava<\/p>\n<p>Med <strong>16 olika alternativ<\/strong>V\u00e5r smakportf\u00f6lj erbjuder n\u00e5got f\u00f6r alla, fr\u00e5n s\u00f6ta fruktblandningar till iskalla mentolsensationer.<\/p>\n<h3>Varf\u00f6r Razz Bar sticker ut<\/h3>\n<p>Sedan lanseringen 2017, <strong>Razz Bar<\/strong> har vuxit fram som ett p\u00e5litligt namn inom <strong>e-cigarett<\/strong> industri. Vi \u00e4r stolta \u00f6ver v\u00e5r innovation och tillverkar i v\u00e5r egen fabrik f\u00f6r att s\u00e4kerst\u00e4lla kvalitetskontroll p\u00e5 h\u00f6gsta niv\u00e5. V\u00e5rt erfarna ingenj\u00f6rsteam anv\u00e4nder processer som IQC, IPQC och FQC f\u00f6r omfattande s\u00e4kerhetskontroller, vilket garanterar att varje enhet uppfyller internationella standarder. Certifieringar som t.ex. <strong>CE<\/strong> och <strong>RoHS<\/strong> bekr\u00e4ftar v\u00e5rt engagemang f\u00f6r efterlevnad och tillf\u00f6rlitlighet. Ut\u00f6ver v\u00e5ra varum\u00e4rkeserbjudanden tillhandah\u00e5ller vi expert <strong>OEM- och ODM-tj\u00e4nster<\/strong>, hj\u00e4lper kunder att anpassa <strong>vape-produkter<\/strong> till deras unika behov. Som ett resultat av detta har v\u00e5ra <strong>eng\u00e5ngsvapen<\/strong> har vunnit global popularitet, driven av kundlojalitet och ett fantastiskt rykte.<\/p>\n<h3>S\u00f6ml\u00f6s vapingupplevelse<\/h3>\n<p>V\u00e5r <strong>Razz Bar 15000<\/strong> betonar anv\u00e4ndarv\u00e4nlighet och tillg\u00e4nglighet. Den \u00e4r utformad f\u00f6r att vara portabel och har en l\u00e4ttviktskonstruktion som passar perfekt i fickor eller v\u00e4skor. Den <strong>Typ C-laddning<\/strong> garanterar snabb laddning, s\u00e5 att du kan vaporisera n\u00e4r du \u00e4r p\u00e5 spr\u00e5ng utan avbrott. Dessutom kr\u00e4ver den enkla plug-and-play-mekanismen inget underh\u00e5ll, vilket g\u00f6r den perfekt f\u00f6r b\u00e5de nyb\u00f6rjare och erfarna vapers. Med \u00f6ver <strong>15000 puffar<\/strong>Den ger ett exceptionellt v\u00e4rde och h\u00e5ller l\u00e4ngre \u00e4n m\u00e5nga konkurrenter samtidigt som den ger en j\u00e4mn smak. Denna problemfria <strong>e-cigarett<\/strong> \u00e4r ett tillfredsst\u00e4llande alternativ f\u00f6r dem som g\u00e5r \u00f6ver fr\u00e5n traditionell r\u00f6kning.<\/p>\n<h3>Engagemang f\u00f6r kvalitet och tillfredsst\u00e4llelse<\/h3>\n<p>P\u00e5 Razz Bar prioriterar vi kundernas f\u00f6rtroende genom att fokusera p\u00e5 h\u00e5llbar produktion och etiska metoder. V\u00e5ra dedikerade marknadsf\u00f6rings-, design- och s\u00e4ljteam samarbetar f\u00f6r att ligga steget f\u00f6re marknadstrenderna. Rigor\u00f6sa tester i varje steg eliminerar defekter och s\u00e4kerst\u00e4ller att enheterna fungerar s\u00e4kert och effektivt. Genom att erbjuda dubbla <strong>nikotinalternativ<\/strong> och ett brett utbud av smaker, \u00e4r <strong>razz bar vape<\/strong> tillgodoser olika preferenser hos vuxna \u00f6ver hela v\u00e4rlden. Omfamna framtidens vaping med v\u00e5ra p\u00e5litliga och njutbara <strong>e-cigg f\u00f6r eng\u00e5ngsbruk<\/strong>. F\u00f6r personliga best\u00e4llningar, v\u00e5ra <strong>OEM- och ODM-kapacitet<\/strong> m\u00f6jligg\u00f6r skr\u00e4ddarsydda l\u00f6sningar - kontakta oss idag f\u00f6r att lyfta din vapingresa.<\/p>","protected":false},"excerpt":{"rendered":"<p>Upplev f\u00f6rstklassig vaping med <strong>Razz Bar 15000 Puffs Eng\u00e5ngs Vape<\/strong>. Med ett massivt <strong>28mL kapacitet<\/strong>, <strong>uppladdningsbart 650mAh batteri<\/strong>, <strong>teknik f\u00f6r n\u00e4tspole<\/strong>, och <strong>nikotinalternativ av 2% eller 5%<\/strong>. Njut av l\u00e5ngvarig smaktillfredsst\u00e4llelse i en kompakt, l\u00e4ttanv\u00e4nd enhet.<\/p>","protected":false},"featured_media":4672,"comment_status":"open","ping_status":"closed","template":"","meta":[],"product_brand":[70],"product_cat":[893],"product_tag":[280,112,153,223,522,115],"class_list":{"0":"post-4678","1":"product","2":"type-product","3":"status-publish","4":"has-post-thumbnail","6":"product_brand-razzbar","7":"product_cat-razzbar","8":"product_tag-15000-puffs","9":"product_tag-disposable-vape","10":"product_tag-e-cigarette","11":"product_tag-nicotine-vape","12":"product_tag-razz-bar-vape","13":"product_tag-rechargeable-vape","15":"first","16":"instock","17":"sale","18":"shipping-taxable","19":"purchasable","20":"product-type-variable"},"jetpack_sharing_enabled":true,"tiered_pricing_type":"fixed","tiered_pricing_fixed_rules":[],"tiered_pricing_product_settings":{"layout":"default","base_unit_name":{"singular":null,"plural":null},"default_variation":null},"tiered_pricing_minimum_quantity":null,"tiered_pricing_roles_data":[],"tiered_pricing_percentage_rules":[],"tiered_pricing_maximum_quantity":null,"tiered_pricing_quantity_step":null,"_links":{"self":[{"href":"https:\/\/frvape.com\/sv\/wp-json\/wp\/v2\/product\/4678","targetHints":{"allow":["GET"]}}],"collection":[{"href":"https:\/\/frvape.com\/sv\/wp-json\/wp\/v2\/product"}],"about":[{"href":"https:\/\/frvape.com\/sv\/wp-json\/wp\/v2\/types\/product"}],"replies":[{"embeddable":true,"href":"https:\/\/frvape.com\/sv\/wp-json\/wp\/v2\/comments?post=4678"}],"wp:featuredmedia":[{"embeddable":true,"href":"https:\/\/frvape.com\/sv\/wp-json\/wp\/v2\/media\/4672"}],"wp:attachment":[{"href":"https:\/\/frvape.com\/sv\/wp-json\/wp\/v2\/media?parent=4678"}],"wp:term":[{"taxonomy":"product_brand","embeddable":true,"href":"https:\/\/frvape.com\/sv\/wp-json\/wp\/v2\/product_brand?post=4678"},{"taxonomy":"product_cat","embeddable":true,"href":"https:\/\/frvape.com\/sv\/wp-json\/wp\/v2\/product_cat?post=4678"},{"taxonomy":"product_tag","embeddable":true,"href":"https:\/\/frvape.com\/sv\/wp-json\/wp\/v2\/product_tag?post=4678"}],"curies":[{"name":"wp","href":"https:\/\/api.w.org\/{rel}","templated":true}]}}