{"id":5046,"date":"2025-10-12T06:52:34","date_gmt":"2025-10-12T06:52:34","guid":{"rendered":"https:\/\/frvape.com\/product\/waspe-20000-disposable-vape-with-dual-mesh-coil-and-rechargeable-battery\/"},"modified":"2025-11-26T08:59:47","modified_gmt":"2025-11-26T08:59:47","slug":"waspe-20000-engangsvape-med-dubbel-mesh-spole-och-uppladdningsbart-batteri","status":"publish","type":"product","link":"https:\/\/frvape.com\/sv\/product\/waspe-20000-engangsvape-med-dubbel-mesh-spole-och-uppladdningsbart-batteri\/","title":{"rendered":"WASPE 20000 eng\u00e5ngsvape med dubbel mesh-spole och uppladdningsbart batteri"},"content":{"rendered":"<h3>\u00d6versikt<\/h3>\n<p>Den <strong>WASPE 20000 PUFFS Box med dubbla n\u00e4t<\/strong> omdefinierar vaping f\u00f6r eng\u00e5ngsbruk i premiumsegmentet och erbjuder en o\u00f6vertr\u00e4ffad upplevelse av lyx och prestanda. Som en banbrytande <strong>eng\u00e5ngsvapen<\/strong>kombinerar den elegant design med avancerad <strong>spolteknik med dubbla n\u00e4t<\/strong> f\u00f6r att s\u00e4kerst\u00e4lla optimal \u00e5ngproduktion och rik smakleverans. Med en intuitiv <strong>LED-display<\/strong> f\u00f6r realtids\u00f6vervakning, v\u00e4nder sig denna enhet till vapers som s\u00f6ker b\u00e5de stil och substans. Med en gener\u00f6s kapacitet p\u00e5 20000 puffar och m\u00e5ngsidig <strong>nikotinalternativ<\/strong> fr\u00e5n 0% till 5% passar WASPE 20000 olika preferenser, oavsett om du \u00e4r nyb\u00f6rjare eller en entusiast som siktar p\u00e5 en l\u00e5ngvarig, problemfri vapingresa.<\/p>\n<h3>Produktspecifikationer<\/h3>\n<p>1. Puffar: <strong>20000 puffar<\/strong><br \/>\n2. Spole med dubbla n\u00e4t: <strong>1ohm<\/strong> + <strong>1ohm<\/strong><br \/>\n3. E-v\u00e4tska: <strong>24 ml<\/strong><br \/>\n4. Nikotin: <strong>0%<\/strong>\/<strong>2%<\/strong>\/<strong>3%<\/strong>\/<strong>5%<\/strong><br \/>\n5. Batteri: <strong>900 mAh<\/strong> <strong>uppladdningsbart batteri<\/strong><br \/>\n6. Uppladdningsbar: <strong>Typ C<\/strong> port f\u00f6r snabb och bekv\u00e4m laddning<br \/>\n7. LED-display: Inbyggd f\u00f6r enkel sp\u00e5rning av anv\u00e4ndning och batteristatus<br \/>\n8. Produktens vikt: <strong>98g<\/strong> per styck<br \/>\n9. Produktens storlek: <strong>52 mm<\/strong> \u00d7 <strong>33 mm<\/strong> \u00d7 <strong>107 mm<\/strong><br \/>\n10. Storlek p\u00e5 kartong: <strong>545 mm<\/strong> \u00d7 <strong>335 mm<\/strong> \u00d7 <strong>235 mm<\/strong><br \/>\n11. STORT ANTAL <strong>200 st per kartong<\/strong>, f\u00f6rpackad som <strong>10 st per l\u00e5da<\/strong><br \/>\n12. G.W.: Ungef\u00e4r <strong>21 kg<\/strong> per kartong<\/p>\n<h3>Viktiga funktioner och f\u00f6rdelar<\/h3>\n<p>Upplev s\u00f6ml\u00f6s vaping med den <strong>WASPE 20000<\/strong> tack vare sin innovativa <strong>spole med dubbla n\u00e4t<\/strong> design, vilket f\u00f6rb\u00e4ttrar v\u00e4rmef\u00f6rdelningen och smakintensiteten f\u00f6r varje inandning. Den <strong>robust batteri p\u00e5 900 mAh<\/strong> ger l\u00e5ngvarig anv\u00e4ndning och laddas effektivt via den integrerade <strong>Typ C<\/strong> port, s\u00e5 att du aldrig blir utan str\u00f6m. Denna <strong>eng\u00e5ngsvapen<\/strong> \u00e4r perfekt f\u00f6r bulkk\u00f6p, varje kartong inneh\u00e5ller 200 stycken och \u00e4r idealisk f\u00f6r personligt bruk eller kommersiell distribution. Den <strong>24 ml kapacitet f\u00f6r e-v\u00e4tska<\/strong> garanterar en l\u00e5ngvarig vaping-session, vilket minskar behovet av frekventa byten, samtidigt som enhetens l\u00e4tta och ergonomiska konstruktion g\u00f6r den mycket portabel. Den \u00e4r utformad f\u00f6r att vara p\u00e5litlig och f\u00f6rh\u00f6jer din rutin med en blandning av h\u00e5llbarhet, bekv\u00e4mlighet och avancerad teknik.<\/p>\n<h3>Smakalternativ<\/h3>\n<p>Sk\u00e4m bort dig med ett brett utbud av <strong>l\u00e4ckra smaker<\/strong> skr\u00e4ddarsydd f\u00f6r varje smak. Varje alternativ ger en unik smakprofil, utformad f\u00f6r att f\u00f6rb\u00e4ttra din vapingtillfredsst\u00e4llelse. Njut av dessa premium e-liquid <strong>smaker<\/strong>: Jordgubbar Hallon K\u00f6rsb\u00e4r<br \/>\nDubbel \u00e4ppelis<br \/>\nBl\u00e5b\u00e4rsis<br \/>\nBl\u00e5b\u00e4r Hallon Lemonad<br \/>\nJordgubbar Vattenmelon<br \/>\nVattenmelon Bubblegum<br \/>\nLush Ice<br \/>\nJordgubb Kiwi<br \/>\nBlandade b\u00e4r<br \/>\nGrape Ice<br \/>\nKiwi Passionsfrukt Guava<br \/>\nPersika is<\/p>\n<h3>Detaljerad prestanda<\/h3>\n<p>Den <strong>WASPE 20000<\/strong> sticker ut med sin h\u00f6ga kapacitet <strong>antal puffar<\/strong>vilket g\u00f6r den till ett kostnadseffektivt val som maximerar v\u00e4rdet f\u00f6r dig som vapnar. Den dubbla mesh-konfigurationen, som arbetar vid <strong>1ohm + 1ohm<\/strong>Tack vare den h\u00f6ga temperaturen f\u00e5r du en j\u00e4mn temperaturkontroll och tjocka \u00e5ngmoln utan risk f\u00f6r torra bloss. Oavsett om du f\u00f6redrar nikotin f\u00f6r en throat hit eller en smidig upplevelse utan nikotin, ger den h\u00e4r enheten anpassningsbar tillfredsst\u00e4llelse. Den <strong>LED-display<\/strong> h\u00e5ller dig informerad med realtidsdata om batteritid och puffanv\u00e4ndning, vilket ger en touch av modern sofistikering. Milj\u00f6medvetna anv\u00e4ndare uppskattar <strong>uppladdningsbar<\/strong> funktion, vilket minskar avfallet j\u00e4mf\u00f6rt med alternativ f\u00f6r eng\u00e5ngsbruk. F\u00f6r en premiumvape som kombinerar prestanda, variation och anv\u00e4ndarv\u00e4nlig design \u00e4r WASPE 20000 PUFFS Dual Mesh Box ditt ultimata val.<\/p>\n<h3>Varf\u00f6r v\u00e4lja WASPE 20000?<\/h3>\n<p>Denna exceptionella <strong>eng\u00e5ngsvapen<\/strong> erbjuder en l\u00e5ngvarig l\u00f6sning med sin <strong>massiv 20000 puff<\/strong> livsl\u00e4ngd, perfekt f\u00f6r l\u00e4ngre resor eller daglig anv\u00e4ndning. Dess kompakta storlek och <strong>l\u00e4ttvikt 98g<\/strong> g\u00f6r den l\u00e4tt att b\u00e4ra med sig, men den \u00e4r \u00e4nd\u00e5 kraftfull med <strong>kraftfull \u00e5ngproduktion<\/strong> fr\u00e5n de dubbla spolarna. F\u00f6r \u00e5terf\u00f6rs\u00e4ljare \u00e4r f\u00f6rpackningen bekv\u00e4m med <strong>200 stycken per kartong<\/strong> f\u00f6renklar lagerhantering och f\u00f6rs\u00e4ljning. Vapennjutare kan utforska <strong>rik blandning av smaker<\/strong>Det finns en m\u00e4ngd olika sorter, fr\u00e5n fruktiga till iskalla, vilket g\u00f6r att det finns n\u00e5got f\u00f6r alla. Tillf\u00f6rlitligheten hos <strong>900 mAh batteri<\/strong> inneb\u00e4r f\u00e4rre avbrott, och den snabba <strong>Typ C<\/strong> laddningssystem s\u00e4kerst\u00e4ller att du alltid \u00e4r redo att vaporisera. Uppgradera till WASPE 20000 f\u00f6r en f\u00f6rb\u00e4ttrad resa som definieras av lyx, innovation och ren njutning.<\/p>","protected":false},"excerpt":{"rendered":"<p>Introduktion av <strong>WASPE 20000<\/strong> eng\u00e5ngsvapen, med en <strong>imponerande kapacitet p\u00e5 20000 puffar<\/strong> och <strong>banbrytande dual mesh coil-teknik<\/strong> f\u00f6r \u00f6verl\u00e4gsen smak och \u00e5nga. V\u00e4lj mellan flera <strong>nikotinstyrkor<\/strong> (0% till 5%) och njut av en elegant design med <strong>LCD-display i realtid<\/strong>. Drivs av en <strong>uppladdningsbart batteri<\/strong> via Type-C-port, ger den l\u00e5ngvarig prestanda och bekv\u00e4mlighet f\u00f6r lyxig vaping.<\/p>","protected":false},"featured_media":5040,"comment_status":"open","ping_status":"closed","template":"","meta":[],"product_brand":[332],"product_cat":[1016,1068],"product_tag":[512,112,244,541,342,540],"class_list":{"0":"post-5046","1":"product","2":"type-product","3":"status-publish","4":"has-post-thumbnail","6":"product_brand-waspe","7":"product_cat-big-puffs-vapes","8":"product_cat-waspe","9":"product_tag-20000-puffs","10":"product_tag-disposable-vape","11":"product_tag-dual-mesh-coil","12":"product_tag-flavored-e-cig","13":"product_tag-rechargeable-battery","14":"product_tag-waspe-20000","16":"first","17":"instock","18":"sale","19":"shipping-taxable","20":"purchasable","21":"product-type-variable"},"jetpack_sharing_enabled":true,"tiered_pricing_type":"fixed","tiered_pricing_fixed_rules":[],"tiered_pricing_product_settings":{"layout":"default","base_unit_name":{"singular":null,"plural":null},"default_variation":null},"tiered_pricing_minimum_quantity":null,"tiered_pricing_roles_data":[],"tiered_pricing_percentage_rules":[],"tiered_pricing_maximum_quantity":null,"tiered_pricing_quantity_step":null,"_links":{"self":[{"href":"https:\/\/frvape.com\/sv\/wp-json\/wp\/v2\/product\/5046","targetHints":{"allow":["GET"]}}],"collection":[{"href":"https:\/\/frvape.com\/sv\/wp-json\/wp\/v2\/product"}],"about":[{"href":"https:\/\/frvape.com\/sv\/wp-json\/wp\/v2\/types\/product"}],"replies":[{"embeddable":true,"href":"https:\/\/frvape.com\/sv\/wp-json\/wp\/v2\/comments?post=5046"}],"wp:featuredmedia":[{"embeddable":true,"href":"https:\/\/frvape.com\/sv\/wp-json\/wp\/v2\/media\/5040"}],"wp:attachment":[{"href":"https:\/\/frvape.com\/sv\/wp-json\/wp\/v2\/media?parent=5046"}],"wp:term":[{"taxonomy":"product_brand","embeddable":true,"href":"https:\/\/frvape.com\/sv\/wp-json\/wp\/v2\/product_brand?post=5046"},{"taxonomy":"product_cat","embeddable":true,"href":"https:\/\/frvape.com\/sv\/wp-json\/wp\/v2\/product_cat?post=5046"},{"taxonomy":"product_tag","embeddable":true,"href":"https:\/\/frvape.com\/sv\/wp-json\/wp\/v2\/product_tag?post=5046"}],"curies":[{"name":"wp","href":"https:\/\/api.w.org\/{rel}","templated":true}]}}