{"id":6288,"date":"2025-10-12T09:22:09","date_gmt":"2025-10-12T09:22:09","guid":{"rendered":"https:\/\/frvape.com\/product\/bang-king-36000-disposable-vape-long-lasting-features-diverse-flavors\/"},"modified":"2025-11-04T01:45:05","modified_gmt":"2025-11-04T01:45:05","slug":"bang-king-36000-engangs-vape-langvariga-funktioner-olika-smaker","status":"publish","type":"product","link":"https:\/\/frvape.com\/sv\/product\/bang-king-36000-engangs-vape-langvariga-funktioner-olika-smaker\/","title":{"rendered":"Bang King 36000 eng\u00e5ngsvape | l\u00e5ngvariga funktioner och olika smaker"},"content":{"rendered":"<h3>Inledning<\/h3>\n<p>V\u00e4lkommen till den ultimata <strong>Bang King 36000<\/strong> <strong>eng\u00e5ngsvapen<\/strong>\u00e4r en banbrytande enhet som \u00e4r utformad f\u00f6r exceptionell prestanda och bekv\u00e4mlighet. Med sina imponerande 36000 puffar och sin eleganta design omdefinierar den din vapingresa och erbjuder o\u00f6vertr\u00e4ffad j\u00e4mnhet och tillf\u00f6rlitlighet.<\/p>\n<h3>Viktiga funktioner<\/h3>\n<p>Den <strong>Bang King 36000<\/strong> har avancerade innovationer f\u00f6r att skr\u00e4ddarsy din vape. Den <strong>dubbel sk\u00e4rm<\/strong> Displayen visar tydligt batterikapacitet och e-v\u00e4tskeniv\u00e5er, s\u00e5 att du aldrig ov\u00e4ntat f\u00e5r slut p\u00e5 v\u00e4tska. <strong>Justerbar effekt<\/strong> inst\u00e4llningarna g\u00f6r att du kan finjustera upplevelsen och hitta den perfekta balansen mellan smakintensitet och \u00e5ngproduktion. Denna flexibilitet g\u00f6r varje bloss skr\u00e4ddarsytt efter dina preferenser.<\/p>\n<h3>Teknik f\u00f6r f\u00f6rb\u00e4ttrad prestanda<\/h3>\n<p>Upplev \u00f6verl\u00e4gsen smak och molnproduktion med den integrerade <strong>dubbel spole<\/strong> system, med en 0,6ohm <strong>spole med dubbla n\u00e4t<\/strong>. Denna teknik ger en rik och j\u00e4mn smak samtidigt som \u00e5ngtjockleken maximeras. I kombination med <strong>justerbart luftfl\u00f6de<\/strong>kan du enkelt justera dragmotst\u00e5ndet f\u00f6r en t\u00e4tare eller l\u00f6sare tr\u00e4ff beroende p\u00e5 ditt hum\u00f6r. Den <strong>dubbelt l\u00e4ge<\/strong> funktionen ger m\u00e5ngsidighet och l\u00e5ter dig byta funktioner utan anstr\u00e4ngning - v\u00e4lj fler puffar i Eco-l\u00e4get eller t\u00e4tare moln i Power-l\u00e4get.<\/p>\n<h3>Uppfriskande variation av smaker<\/h3>\n<p>Sk\u00e4m bort dig med ett stort urval av 12 l\u00e4ckra <strong>flera smaker<\/strong>var och en noggrant utformad f\u00f6r att tillfredsst\u00e4lla din smak. V\u00e5r e-liquid-portf\u00f6lj inkluderar:<br \/>Juicy Peach-is<br \/>Kiwi Passionsfrukt Guava<br \/>Jordgubbar Bananer<br \/>Herr Bl\u00e5<br \/>Triple Berry-is<br \/>Druva \u00c4pple<br \/>Jordgubb Kiwi<br \/>Tropisk frukt<br \/>Blue Razz-is<br \/>Jordgubbar Vattenmelon<br \/>Vattenmelon-is<br \/>Persika Mango Vattenmelon<\/p>\n<p>Oavsett om du vill ha fruktiga toner eller isig fr\u00e4sch\u00f6r, s\u00e4kerst\u00e4ller dessa smaker att varje puff \u00e4r tillfredsst\u00e4llande och minnesv\u00e4rd.<\/p>\n<h3>Omfattande specifikationer<\/h3>\n<p>Byggd f\u00f6r uth\u00e5llighet och anv\u00e4ndarv\u00e4nlighet, \u00e4r <strong>Bang King 36000<\/strong> inneh\u00e5ller ett robust 650mAh-batteri f\u00f6r l\u00e4ngre sessioner. Njut av en 30 ml e-v\u00e4tskekapacitet i en kompakt ram, allt f\u00f6rpackat i en <strong>eng\u00e5ngsvapen<\/strong> f\u00f6r problemfri anv\u00e4ndning. Andra viktiga specifikationer \u00e4r:<br \/>Nikotin: 0%\/2%\/3%\/5% alternativ f\u00f6r att matcha dina preferenser<br \/>Puffar: Upp till 36000 per enhet<br \/>Spole: Avancerad 0,6 ohm Dual Mesh-spole f\u00f6r optimerad prestanda<br \/>Touch-kontroller: Anv\u00e4ndarv\u00e4nligt gr\u00e4nssnitt med justerbara inst\u00e4llningar och l\u00e5sbar sk\u00e4rm f\u00f6r s\u00e4kerhet<br \/>Anslutningsm\u00f6jligheter: Typ C-laddning f\u00f6r snabb \u00e5teranv\u00e4ndning<br \/>F\u00f6rpackning: Bekv\u00e4m 10st per l\u00e5da, med bulk-kartonger tillg\u00e4ngliga f\u00f6r 200st per kartong<\/p>\n<h3>Varf\u00f6r v\u00e4lja Bang King 36000<\/h3>\n<p>Den h\u00e4r enheten \u00e4r perfekt f\u00f6r b\u00e5de nyb\u00f6rjare och entusiaster och kombinerar innovation med tillf\u00f6rlitlighet. Den ergonomiska luftfl\u00f6desjusteringen och <strong>dubbelt l\u00e4ge<\/strong> egenskaper g\u00f6r den anpassningsbar till alla milj\u00f6er. Upplev l\u00e5ngvarig tillfredsst\u00e4llelse och utforska en v\u00e4rld av smaker - best\u00e4ll <strong>Bang King 36000<\/strong> idag f\u00f6r en vape som \u00f6vertr\u00e4ffar f\u00f6rv\u00e4ntningarna.<\/p>","protected":false},"excerpt":{"rendered":"<p>Uppt\u00e4ck de <strong>Bang King 36000<\/strong> eng\u00e5ngsvapen med <strong>36000 puffar<\/strong> och anpassningsbara funktioner som <strong>dubbel sk\u00e4rm<\/strong> och <strong>justerbart luftfl\u00f6de<\/strong>.<br \/>Njut av 12 uppfriskande smaker f\u00f6r en f\u00f6rstklassig vapingupplevelse.<\/p>","protected":false},"featured_media":6282,"comment_status":"open","ping_status":"closed","template":"","meta":[],"product_brand":[133],"product_cat":[856],"product_tag":[221,624,488,112,622,623],"class_list":{"0":"post-6288","1":"product","2":"type-product","3":"status-publish","4":"has-post-thumbnail","6":"product_brand-bangking","7":"product_cat-bangking","8":"product_tag-36000-puffs","9":"product_tag-adjustable-power","10":"product_tag-bang-king-36000","11":"product_tag-disposable-vape","12":"product_tag-dual-coil","13":"product_tag-multiple-flavors","15":"first","16":"instock","17":"sale","18":"shipping-taxable","19":"purchasable","20":"product-type-variable"},"jetpack_sharing_enabled":true,"tiered_pricing_type":"fixed","tiered_pricing_fixed_rules":[],"tiered_pricing_product_settings":{"layout":"default","base_unit_name":{"singular":null,"plural":null},"default_variation":null},"tiered_pricing_minimum_quantity":null,"tiered_pricing_roles_data":[],"tiered_pricing_percentage_rules":[],"tiered_pricing_maximum_quantity":null,"tiered_pricing_quantity_step":null,"_links":{"self":[{"href":"https:\/\/frvape.com\/sv\/wp-json\/wp\/v2\/product\/6288","targetHints":{"allow":["GET"]}}],"collection":[{"href":"https:\/\/frvape.com\/sv\/wp-json\/wp\/v2\/product"}],"about":[{"href":"https:\/\/frvape.com\/sv\/wp-json\/wp\/v2\/types\/product"}],"replies":[{"embeddable":true,"href":"https:\/\/frvape.com\/sv\/wp-json\/wp\/v2\/comments?post=6288"}],"wp:featuredmedia":[{"embeddable":true,"href":"https:\/\/frvape.com\/sv\/wp-json\/wp\/v2\/media\/6282"}],"wp:attachment":[{"href":"https:\/\/frvape.com\/sv\/wp-json\/wp\/v2\/media?parent=6288"}],"wp:term":[{"taxonomy":"product_brand","embeddable":true,"href":"https:\/\/frvape.com\/sv\/wp-json\/wp\/v2\/product_brand?post=6288"},{"taxonomy":"product_cat","embeddable":true,"href":"https:\/\/frvape.com\/sv\/wp-json\/wp\/v2\/product_cat?post=6288"},{"taxonomy":"product_tag","embeddable":true,"href":"https:\/\/frvape.com\/sv\/wp-json\/wp\/v2\/product_tag?post=6288"}],"curies":[{"name":"wp","href":"https:\/\/api.w.org\/{rel}","templated":true}]}}