{"id":802,"date":"2025-10-11T15:42:57","date_gmt":"2025-10-11T15:42:57","guid":{"rendered":"https:\/\/frvape.com\/product\/bang-9000-18000-disposable-vape-rechargeable-18000-puffs-0-5-nicotine-12-flavors\/"},"modified":"2025-11-26T09:19:36","modified_gmt":"2025-11-26T09:19:36","slug":"bang-9000-18000-engangs-vape-uppladdningsbar-18000-puffar-0-5-nikotin-12-smaker","status":"publish","type":"product","link":"https:\/\/frvape.com\/sv\/product\/bang-9000-18000-engangs-vape-uppladdningsbar-18000-puffar-0-5-nikotin-12-smaker\/","title":{"rendered":"Bang 9000-18000 Eng\u00e5ngsvape | Uppladdningsbar, 18000 puffar, 0\/5% nikotin, 12 smaker"},"content":{"rendered":"<h3>Varf\u00f6r \u00e4r Bang 9000-18000 det ultimata valet f\u00f6r din Vape?<\/h3>\n<p>Introduktion av <strong>Bang 9000-18000<\/strong>, en ledande och banbrytande <strong>eng\u00e5ngsvapen<\/strong> utformad f\u00f6r \u00f6verl\u00e4gsen <strong>tillfredsst\u00e4llelse med vaping<\/strong>. Denna enhet \u00e4r perfekt f\u00f6r en hektisk livsstil och erbjuder en imponerande <strong>18.000 puffar<\/strong> per enhet, tack vare dess stora <strong>16 ml e-v\u00e4tska<\/strong> reservoar och robust <strong>650 mAh batteri<\/strong>. Du kan skr\u00e4ddarsy din <strong>nikotinstyrka<\/strong> med alternativ som str\u00e4cker sig fr\u00e5n <strong>0% (nikotinfri)<\/strong> till <strong>5% styrka<\/strong>vilket g\u00f6r den idealisk f\u00f6r dem som s\u00f6ker en <strong>h\u00e4lsosammare tobaksalternativ<\/strong>. Omfamna innovation med v\u00e5ra <strong>Typ C-laddning<\/strong> port, vilket garanterar snabb och bekv\u00e4m laddning n\u00e4r som helst och var som helst.<\/p>\n<h3>Viktiga egenskaper och specifikationer<\/h3>\n<p>Den <strong>Bang 9000-18000<\/strong> skiljer sig fr\u00e5n m\u00e4ngden med premium <strong>Vapingteknik f\u00f6r eng\u00e5ngsbruk<\/strong>. Viktiga specifikationer inkluderar en <strong>Batteri: 650 mAh<\/strong> f\u00f6r l\u00e5ngvarig anv\u00e4ndning, <strong>E-v\u00e4tska: 16,0 ml<\/strong> f\u00f6r maximal njutning, och <strong>Puffar: 18.000<\/strong> f\u00f6r att s\u00e4kerst\u00e4lla veckor av oavbruten vaping. Som en helt <strong>Eng\u00e5ngsbruk<\/strong> eliminerar den underh\u00e5llsproblem samtidigt som den ger f\u00f6rstklassig <strong>e-cigarettens prestanda<\/strong>. Med <strong>12 olika smaker<\/strong> blir varje session en unik m\u00f6jlighet att <strong>aromatiskt \u00e4ventyr<\/strong>. V\u00e5r design prioriterar ett j\u00e4mnt luftfl\u00f6de och konsekvent \u00e5ngproduktion, vilket ger anv\u00e4ndarna m\u00f6jlighet att njuta av en <strong>r\u00f6kfri livsstil<\/strong> utan kompromisser.<\/p>\n<h3>V\u00e5rt engagemang f\u00f6r excellens inom vaping<\/h3>\n<p>I grunden \u00e4r vi dedikerade till att <strong>producera innovation<\/strong> och skapa extraordin\u00e4ra anv\u00e4ndarupplevelser f\u00f6r den globala <strong>vape-industrin<\/strong>. Vi \u00e4r specialiserade p\u00e5 forskning, utveckling och v\u00e4rldsomsp\u00e4nnande f\u00f6rs\u00e4ljning av <strong>eng\u00e5ngsvapor<\/strong>och t\u00e4cker marknader fr\u00e5n Asien till Europa och Nord- och Sydamerika. Genom kontinuerlig innovation har v\u00e5ra produkter som <strong>Bang 9000-18000<\/strong> har attraherat miljontals konsumenter och etablerat oss som en <strong>f\u00f6rstklassig global tillverkare<\/strong> i <strong>elektronisk cigarett<\/strong> sektor. V\u00e5rt omfattande sortiment omfattar vaporizers fr\u00e5n nyb\u00f6rjarniv\u00e5 till h\u00f6gsta niv\u00e5, alla konstruerade f\u00f6r att <strong>st\u00e4rka h\u00e4lsomedvetna vapnare<\/strong> som vill ha ett gladare och s\u00e4krare alternativ till cigaretter. <strong>Vaping-teknik<\/strong> utvecklas st\u00e4ndigt med obegr\u00e4nsade m\u00f6jligheter, och vi ligger i framkant n\u00e4r det g\u00e4ller att skapa b\u00e4ttre s\u00e4tt f\u00f6r dig att anv\u00e4nda e-cigaretter. Dessutom s\u00e4kerst\u00e4ller v\u00e5rt kompletta kundservicesystem ett s\u00f6ml\u00f6st och effektivt samarbete, med fokus inte bara p\u00e5 design och kvalitet utan \u00e4ven p\u00e5 att leverera <strong>f\u00f6rstklassig kundsupport<\/strong>. Vi accepterar <strong>OEM- och ODM-krav<\/strong>s\u00e5 tveka inte att bes\u00f6ka v\u00e5r fabrik n\u00e4r som helst f\u00f6r att se v\u00e5r <strong>produktionsprocessen i aktion<\/strong>-Det handlar om att uppn\u00e5 en <strong>win-win-samarbete<\/strong>.<\/p>\n<h3>Smakprofiler: Utforska 12 uts\u00f6kta alternativ f\u00f6r e-v\u00e4tskor<\/h3>\n<p>Sk\u00e4m bort dig med v\u00e5ra olika <strong>smaker f\u00f6r e-cigaretter<\/strong> f\u00f6r att gl\u00e4dja dina sinnen och f\u00f6rh\u00f6ja ditt v\u00e4lbefinnande. <strong>resa med vaping<\/strong>. Varje smak inneh\u00e5ller h\u00f6gkvalitativa ingredienser som ger en len och uppfriskande smak. Nedan finns en komplett <strong>smaksortiment<\/strong> f\u00f6r Bang 9000-18000, med korta beskrivningar som hj\u00e4lper dig att v\u00e4lja:<\/p>\n<p>1. <strong>Sur \u00e4pple-is<\/strong>: Ett syrligt, krispigt \u00e4pple f\u00f6ljt av en kyld, isig finish - perfekt f\u00f6r uppiggande stunder.<br \/>2. <strong>Juicy Peach Ice<\/strong>: S\u00f6t, saftig persikaessens f\u00f6rst\u00e4rkt av en sval isunderton, som ger sommarvibbar \u00e5ret runt.<br \/>3. <strong>Trippelb\u00e4rsis<\/strong>: En uppfriskande blandning av blandade b\u00e4r med en isig kick, som erbjuder dj\u00e4rv s\u00f6tma och mjuk \u00e5nga.<br \/>4. <strong>K\u00f6rsb\u00e4rsbomb<\/strong>: Intensiva, s\u00f6ta k\u00f6rsb\u00e4rsnoter som exploderar med smak, perfekt f\u00f6r dem som \u00e4lskar robusta, fruktiga profiler.<br \/>5. <strong>Jordgubbar Vattenmelon<\/strong>: Saftig vattenmelon i kombination med mogna jordgubbar ger en uppfriskande och t\u00f6rstsl\u00e4ckande kombination.<br \/>6. <strong>Blue Razz Ice<\/strong>: Syrliga bl\u00e5 hallon sm\u00e4lts samman med en sval isk\u00e4nsla, vilket skapar en pikant och uppfriskande vape.<br \/>7. <strong>Grape Ice<\/strong>: Djup druvs\u00f6tma tempererad av ett uppfriskande isigt lager som framkallar en nostalgisk, sval smak.<br \/>8. <strong>Jordgubbar Bananer<\/strong>: Kr\u00e4mig banan blandad med f\u00e4rska jordgubbar, vilket ger en len, dessertliknande upplevelse.<br \/>9. <strong>Jordgubb Mango<\/strong>: Tropisk mango blandad med jordgubbss\u00f6tma f\u00f6r exotisk, solkysst njutning.<br \/>10. <strong>Vattenmelon-is<\/strong>: Krispig vattenmelonsmak f\u00f6rdubblas av en isig eftersmak, perfekt f\u00f6r uppfriskningar under varma dagar.<br \/>11. <strong>Mango Persika<\/strong>: Rik mango sm\u00e4lter samman med saftig persika, vilket ger en mjuk och tillfredsst\u00e4llande tropisk twist.<br \/>12. <strong>Blandad frukt<\/strong>: En livlig blandning av olika frukter med balanserad s\u00f6tma, som ger en m\u00e5ngsidig och tillfredsst\u00e4llande vape hela dagen.<\/p>\n<h3>F\u00f6rdelarna med Bang 9000-18000<\/h3>\n<p>Att v\u00e4lja den <strong>Bang 9000-18000<\/strong> inneb\u00e4r att investera i en smartare <strong>Vaping-alternativ<\/strong>. Det minskar suget efter tobak genom att erbjuda kontrollerad <strong>nikotinniv\u00e5er<\/strong> (0% eller 5%), vilket hj\u00e4lper anv\u00e4ndarna att ta steget mot en <strong>h\u00e4lsosammare livsstil<\/strong>. Den l\u00e5ngvariga <strong>18.000 puffar<\/strong> f\u00e4rre utbyten och kostnadsbesparingar, medan <strong>uppladdningsbar design<\/strong> via Type-C-port fr\u00e4mjar milj\u00f6v\u00e4nlighet genom att minimera avfall. Som en <strong>f\u00f6rstklassig eng\u00e5ngsvape<\/strong>Den \u00e4r konstruerad f\u00f6r att vara diskret, b\u00e4rbar och l\u00e4ckages\u00e4ker - perfekt f\u00f6r resor eller daglig anv\u00e4ndning. Dessutom garanterar v\u00e5ra globala certifieringar s\u00e4kerhet och kvalitet, vilket g\u00f6r oss till en p\u00e5litlig partner p\u00e5 din resa mot ett r\u00f6kfritt liv. Bes\u00f6k v\u00e5r webbplats f\u00f6r att utforska modeller och smaker; vi \u00e4r h\u00e4r f\u00f6r att tillhandah\u00e5lla <strong>exceptionell kundservice<\/strong> och st\u00f6dja dina behov av vaping.<\/p>","protected":false},"excerpt":{"rendered":"<p>Uppt\u00e4ck de kraftfulla <strong>Bang 9000-18000 eng\u00e5ngs vape<\/strong>, fullpackad med <strong>18.000 puffar<\/strong> och en massiv <strong>16 ml e-v\u00e4tska<\/strong> kapacitet.<br \/>V\u00e4lj \u00f6nskat alternativ <strong>Nikotinniv\u00e5: 0% eller 5%<\/strong>och njut av n\u00e5got av de <strong>12 uppfriskande smaker<\/strong>.<br \/>Med <strong>Typ C-laddning<\/strong> och en <strong>650 mAh batteri<\/strong>\u00e4r det den ultimata <strong>b\u00e4rbar e-cigarett<\/strong> erfarenhet.<\/p>","protected":false},"featured_media":797,"comment_status":"open","ping_status":"closed","template":"","meta":[],"product_brand":[97],"product_cat":[17,860],"product_tag":[152,112,153,154,156,155],"class_list":{"0":"post-802","1":"product","2":"type-product","3":"status-publish","4":"has-post-thumbnail","6":"product_brand-zooy","7":"product_cat-uncategorized","8":"product_cat-zooy","9":"product_tag-bang-vape","10":"product_tag-disposable-vape","11":"product_tag-e-cigarette","12":"product_tag-high-puff-vape","13":"product_tag-rechargeable-e-cig","14":"product_tag-vape-flavors","16":"first","17":"instock","18":"sale","19":"shipping-taxable","20":"purchasable","21":"product-type-variable"},"jetpack_sharing_enabled":true,"tiered_pricing_type":"fixed","tiered_pricing_fixed_rules":[],"tiered_pricing_product_settings":{"layout":"default","base_unit_name":{"singular":null,"plural":null},"default_variation":null},"tiered_pricing_minimum_quantity":null,"tiered_pricing_roles_data":[],"tiered_pricing_percentage_rules":[],"tiered_pricing_maximum_quantity":null,"tiered_pricing_quantity_step":null,"_links":{"self":[{"href":"https:\/\/frvape.com\/sv\/wp-json\/wp\/v2\/product\/802","targetHints":{"allow":["GET"]}}],"collection":[{"href":"https:\/\/frvape.com\/sv\/wp-json\/wp\/v2\/product"}],"about":[{"href":"https:\/\/frvape.com\/sv\/wp-json\/wp\/v2\/types\/product"}],"replies":[{"embeddable":true,"href":"https:\/\/frvape.com\/sv\/wp-json\/wp\/v2\/comments?post=802"}],"wp:featuredmedia":[{"embeddable":true,"href":"https:\/\/frvape.com\/sv\/wp-json\/wp\/v2\/media\/797"}],"wp:attachment":[{"href":"https:\/\/frvape.com\/sv\/wp-json\/wp\/v2\/media?parent=802"}],"wp:term":[{"taxonomy":"product_brand","embeddable":true,"href":"https:\/\/frvape.com\/sv\/wp-json\/wp\/v2\/product_brand?post=802"},{"taxonomy":"product_cat","embeddable":true,"href":"https:\/\/frvape.com\/sv\/wp-json\/wp\/v2\/product_cat?post=802"},{"taxonomy":"product_tag","embeddable":true,"href":"https:\/\/frvape.com\/sv\/wp-json\/wp\/v2\/product_tag?post=802"}],"curies":[{"name":"wp","href":"https:\/\/api.w.org\/{rel}","templated":true}]}}