{"id":8775,"date":"2025-10-14T08:22:28","date_gmt":"2025-10-14T08:22:28","guid":{"rendered":"https:\/\/frvape.com\/product\/iget-bar-pro-10000-disposable-vape-10000-puffs-flavor-variety\/"},"modified":"2025-12-16T09:51:36","modified_gmt":"2025-12-16T09:51:36","slug":"iget-bar-pro-10000-engangs-vape-10000-puffar-smak-variation","status":"publish","type":"product","link":"https:\/\/frvape.com\/sv\/product\/iget-bar-pro-10000-engangs-vape-10000-puffar-smak-variation\/","title":{"rendered":"IGET Bar Pro 10000 Eng\u00e5ngsvape: 10 000 puffar, olika smaker"},"content":{"rendered":"<h3>O\u00f6vertr\u00e4ffad erfarenhet av eng\u00e5ngsvideor<\/h3>\n<p>Den <strong>IGET Bar Pro 10000<\/strong> omdefinierar portabel vaping med sin <strong>exceptionell prestanda<\/strong> och elegant aluminiumdesign. Utvecklad av <strong>IGET Vape<\/strong>Denna enhet, som \u00e4r en betrodd ledare i branschen, s\u00e4kerst\u00e4ller <strong>10.000 tillfredsst\u00e4llande puffar<\/strong> drivs av en <strong>2000mAh batteri<\/strong> och f\u00f6rfylld med <strong>20 ml e-juice av h\u00f6g kvalitet<\/strong>. Dess <strong>5% nikotinkoncentration (50 mg\/ml)<\/strong> ger en j\u00e4mn st\u00f6t i halsen, medan <strong>l\u00e4ttviktskonstruktion p\u00e5 93 g<\/strong> och <strong>dragaktiverad mekanism<\/strong> garanterar enkel anv\u00e4ndning n\u00e4r som helst, var som helst. Perfekt f\u00f6r b\u00e5de <strong>nya vapentyper<\/strong> och <strong>Experter<\/strong>kombinerar den bekv\u00e4mlighet med f\u00f6rstklassig smak f\u00f6r en o\u00f6vertr\u00e4ffad <strong>resa med vaping<\/strong>.<\/p>\n<h3>Viktiga specifikationer och funktioner<\/h3>\n<p>- <strong>Varum\u00e4rke<\/strong>: IGET<br \/>\n- <strong>Antal puffar<\/strong>: 10.000 puffar<br \/>\n- <strong>Nikotinniv\u00e5<\/strong>: 5% (50 mg\/ml)<br \/>\n- <strong>Kapacitet f\u00f6r e-v\u00e4tska<\/strong>: 20 ml<br \/>\n- <strong>Batteriets str\u00f6mf\u00f6rs\u00f6rjning<\/strong>: 2000mAh<br \/>\n- <strong>Spolmotst\u00e5nd<\/strong>: 1.2\u03a9<br \/>\n- <strong>Material<\/strong>: Aluminium<br \/>\n- <strong>Vikt<\/strong>: 93g<\/p>\n<p>Denna enhet eliminerar behovet av p\u00e5fyllning eller laddning, tack vare dess <strong>batteri med l\u00e5ng livsl\u00e4ngd<\/strong> och <strong>gener\u00f6sa reserver av e-v\u00e4tska<\/strong>vilket g\u00f6r den idealisk f\u00f6r en livsstil d\u00e4r man \u00e4r p\u00e5 spr\u00e5ng. Den <strong>kompakt design<\/strong> \u00f6kar b\u00e4rbarheten utan att ge avkall p\u00e5 h\u00e5llbarheten, och <strong>j\u00e4mn spolprestanda<\/strong> s\u00e4kerst\u00e4ller en j\u00e4mn \u00e5ngproduktion under hela dess livsl\u00e4ngd.<\/p>\n<h3>Exklusivt urval av smaker<\/h3>\n<p>F\u00f6rdjupa dig i ett varierat utbud av <strong>rika smakupplevelser<\/strong> skr\u00e4ddarsydda f\u00f6r varje smak. Den <strong>IGET Bar Pro 10000<\/strong> erbjuder en kurerad samling av premiumsmaker:<\/p>\n<p>Hallon Druva<br \/>\nBj\u00f6rnb\u00e4r Hallon<br \/>\nKiwi Ananas<br \/>\nGrapefrukt Guava Citron Is<br \/>\nJordgubbar Hallon<br \/>\nBl\u00e5b\u00e4rsis<br \/>\nGrape Ice<br \/>\nJordgubb Kiwi Is<br \/>\nBj\u00f6rnb\u00e4r Granat\u00e4pple K\u00f6rsb\u00e4r<br \/>\nK\u00f6rsb\u00e4r Granat\u00e4pple<br \/>\nBl\u00e5b\u00e4r Hallon<br \/>\nJordgubbs- och vattenmelonis<\/p>\n<p>Varje smak, till exempel den frostiga <strong>Isvarianter<\/strong> eller den syrliga <strong>fruktblandningar<\/strong>, balanserar djupa, nyanserade profiler med en uppfriskande finish. Upplev livfulla toner som syrliga hallon eller exotiska guava, f\u00f6rst\u00e4rkta av <strong>smidig nikotintillf\u00f6rsel<\/strong> f\u00f6r ultimat tillfredsst\u00e4llelse.<\/p>\n<h3>F\u00f6rdelar och varf\u00f6r v\u00e4lja IGET Bar Pro<\/h3>\n<p>Att v\u00e4lja den <strong>IGET Bar Pro 10000<\/strong> inneb\u00e4r att investera i tillf\u00f6rlitlighet och innovation. Dess <strong>exceptionell livsl\u00e4ngd<\/strong> minskar avfall och kostnader, medan <strong>f\u00f6rstklassig byggkvalitet<\/strong> garanterar s\u00e4kerhet och prestanda. De <strong>anv\u00e4ndarv\u00e4nligt dragaktiverat system<\/strong> g\u00f6r vaping intuitivt - bara inhalera f\u00f6r att njuta, utan knappar eller komplikationer. Den \u00e4r idealisk f\u00f6r daglig anv\u00e4ndning och levererar <strong>oavbruten njutning<\/strong> och en <strong>tillfredsst\u00e4llande halshugg<\/strong> som passar alla preferenser.<\/p>\n<p>Omfamna bekv\u00e4mlighet och smakm\u00e5ngfald med IGET Bar Pro. Uppgradera till denna utm\u00e4rkta <strong>eng\u00e5ngsvapen<\/strong> och njut av en stressfri, smakrik upplevelse som \u00f6vertr\u00e4ffar f\u00f6rv\u00e4ntningarna.<\/p>","protected":false},"excerpt":{"rendered":"<h3>Premiuml\u00f6sning f\u00f6r eng\u00e5ngsbruk f\u00f6r vaping<\/h3>\n<p>Den <strong>IGET Bar Pro 10000<\/strong> Leveranser <strong>10.000 puffar<\/strong> med en <strong>2000mAh batteri<\/strong> och <strong>20 ml premium e-juice<\/strong>. Njut av <strong>rika smaker<\/strong> och <strong>mjuk nikotintr\u00e4ff<\/strong> i en l\u00e4ttviktsdesign.<\/p>","protected":false},"featured_media":8769,"comment_status":"open","ping_status":"closed","template":"","meta":[],"product_brand":[719],"product_cat":[720],"product_tag":[517,446,112,412,722,155],"class_list":{"0":"post-8775","1":"product","2":"type-product","3":"status-publish","4":"has-post-thumbnail","6":"product_brand-iget","7":"product_cat-iget-vape","8":"product_tag-10000-puffs","9":"product_tag-5-nicotine","10":"product_tag-disposable-vape","11":"product_tag-e-liquid","12":"product_tag-iget-bar-pro","13":"product_tag-vape-flavors","15":"first","16":"instock","17":"sale","18":"shipping-taxable","19":"purchasable","20":"product-type-variable"},"jetpack_sharing_enabled":true,"tiered_pricing_type":"fixed","tiered_pricing_fixed_rules":[],"tiered_pricing_product_settings":{"layout":"default","base_unit_name":{"singular":null,"plural":null},"default_variation":null},"tiered_pricing_minimum_quantity":null,"tiered_pricing_roles_data":[],"tiered_pricing_percentage_rules":[],"tiered_pricing_maximum_quantity":null,"tiered_pricing_quantity_step":null,"_links":{"self":[{"href":"https:\/\/frvape.com\/sv\/wp-json\/wp\/v2\/product\/8775","targetHints":{"allow":["GET"]}}],"collection":[{"href":"https:\/\/frvape.com\/sv\/wp-json\/wp\/v2\/product"}],"about":[{"href":"https:\/\/frvape.com\/sv\/wp-json\/wp\/v2\/types\/product"}],"replies":[{"embeddable":true,"href":"https:\/\/frvape.com\/sv\/wp-json\/wp\/v2\/comments?post=8775"}],"wp:featuredmedia":[{"embeddable":true,"href":"https:\/\/frvape.com\/sv\/wp-json\/wp\/v2\/media\/8769"}],"wp:attachment":[{"href":"https:\/\/frvape.com\/sv\/wp-json\/wp\/v2\/media?parent=8775"}],"wp:term":[{"taxonomy":"product_brand","embeddable":true,"href":"https:\/\/frvape.com\/sv\/wp-json\/wp\/v2\/product_brand?post=8775"},{"taxonomy":"product_cat","embeddable":true,"href":"https:\/\/frvape.com\/sv\/wp-json\/wp\/v2\/product_cat?post=8775"},{"taxonomy":"product_tag","embeddable":true,"href":"https:\/\/frvape.com\/sv\/wp-json\/wp\/v2\/product_tag?post=8775"}],"curies":[{"name":"wp","href":"https:\/\/api.w.org\/{rel}","templated":true}]}}