{"id":896,"date":"2025-10-11T15:52:52","date_gmt":"2025-10-11T15:52:52","guid":{"rendered":"https:\/\/frvape.com\/product\/aivono-fatman-15000-disposable-vape-15k-puffs-rechargeable-type-c-dtl-device\/"},"modified":"2025-11-26T09:13:58","modified_gmt":"2025-11-26T09:13:58","slug":"aivono-fatman-15000-engangsvape-15k-puffar-uppladdningsbar-typ-c-dtl-enhet","status":"publish","type":"product","link":"https:\/\/frvape.com\/sv\/product\/aivono-fatman-15000-engangsvape-15k-puffar-uppladdningsbar-typ-c-dtl-enhet\/","title":{"rendered":"Aivono Fatman 15000 eng\u00e5ngsvape - 15 000 puffar, uppladdningsbar typ C DTL-enhet"},"content":{"rendered":"<h3>Revolutionerande l\u00e5ngvarig vapingupplevelse<\/h3>\n<p>Den <strong>Aivono Fatman 15000 puffar<\/strong> omdefinierar standarderna f\u00f6r eng\u00e5ngsvape med sin extraordin\u00e4ra kapacitet och prestanda. Varje enhet inneh\u00e5ller en betydande <strong>24 ml f\u00f6rfylld e-juice<\/strong> reservoar, vilket m\u00f6jligg\u00f6r upp till <strong>15.000 m\u00e4ttande puffar<\/strong> f\u00f6re bortskaffande. Denna enhet \u00e4r konstruerad f\u00f6r b\u00e5de tillf\u00e4lliga anv\u00e4ndare och tunga vapers och eliminerar frekventa byten tack vare sin exceptionella livsl\u00e4ngd.<\/p>\n<h3>Avancerad kraft- och laddningsfunktion<\/h3>\n<p>I grunden ligger en <strong>h\u00f6gpresterande 600mAh rent koboltbatteri<\/strong>, uppladdningsbar via modern <strong>USB-port av typ C<\/strong>. Denna milj\u00f6v\u00e4nliga design m\u00f6jligg\u00f6r flera laddningar under enhetens livscykel, vilket avsev\u00e4rt minskar avfallet j\u00e4mf\u00f6rt med traditionella eng\u00e5ngsartiklar. Batteriet bibeh\u00e5ller en j\u00e4mn effekt under alla anv\u00e4ndningscykler och levererar tillf\u00f6rlitlig str\u00f6m tills den sista droppen e-v\u00e4tska har f\u00f6r\u00e5ngats.<\/p>\n<h3>Precisionsteknik f\u00f6r f\u00f6r\u00e5ngning<\/h3>\n<p>Upplev exceptionell smakklarhet och t\u00e4t \u00e5ngproduktion med den integrerade <strong>0,6\u03a9 mesh spolsystem<\/strong>. Detta avancerade v\u00e4rmeelement ger snabb och j\u00e4mn uppv\u00e4rmning och f\u00f6rhindrar torra tr\u00e4ffar. Optimerad f\u00f6r <strong>Inandning direkt till lungan (DTL)<\/strong>Den skapar mjuka, luftiga drag som tillfredsst\u00e4ller b\u00e5de molnj\u00e4gare och smakentusiaster. Mesh-tekniken bevarar e-v\u00e4tskans integritet under alla 15 000 puffar.<\/p>\n<h3>Personligt anpassad nikotinkontroll<\/h3>\n<p>F\u00f6r att tillgodose olika preferenser erbjuder Fatman 15000 fyra <strong>koncentrationer av nikotinsalt: 0%<\/strong> (nikotinfri), <strong>2%<\/strong> (mild), <strong>3%<\/strong> (medium), och <strong>5%<\/strong> (stark). Detta sortiment passar dem som minskar nikotinintaget samtidigt som det tillfredsst\u00e4ller anv\u00e4ndare som s\u00f6ker en intensiv throat hit. Varje styrka har en j\u00e4mn leverans tack vare optimerad fukttransport och spolteknik.<\/p>\n<h3>Uts\u00f6kt smakval<\/h3>\n<p>Njut av v\u00e5ra f\u00f6rstklassiga smakprofiler som \u00e4r speciellt framtagna f\u00f6r Fatman 15000-serien:<br \/><strong>Bl\u00e5b\u00e4rsis<\/strong> - Kylda vilda b\u00e4r<br \/><strong>Guicy persika<\/strong> - Saftiga sommarpersikor<br \/><strong>Vattenmelon-is<\/strong> - Frostade vattenmelonskivor<br \/><strong>Fast &amp; Furious<\/strong> - Explosion av tropiska frukter<br \/><strong>Jordgubbsis<\/strong> - Fryst jordgubbsgl\u00e4dje<br \/><strong>Jordgubbar Hallon<\/strong> - B\u00e4rblandning medley<br \/><strong>Kite Liberator<\/strong> - Citrus frihetsblandning<br \/><strong>Mango Passion<\/strong> - Tropisk solskensduo<br \/><strong>Munter vattenmelongel\u00e9<\/strong> - Infusion av gummigodis<br \/><strong>Big Bang frukt<\/strong> - Kollision med kosmisk smak<\/p>\n<h3>Ergonomisk design &amp; logistik<\/h3>\n<p>M\u00e4tning av bara <strong>30x126 mm<\/strong> och v\u00e4gning <strong>96g<\/strong>Den h\u00e4r fickv\u00e4nliga enheten har intuitiv dragaktivering. Detaljhandelsf\u00e4rdig f\u00f6rpackning levereras i <strong>sm\u00e5 l\u00e5dor (40x40x140mm)<\/strong> inneh\u00e5ller individuella enheter, med master <strong>transportl\u00e5dor (83x140x120mm)<\/strong> innehav <strong>200 stycken per l\u00e5da<\/strong>. Den standardiserade <strong>425x420x290mm transportkartong<\/strong> v\u00e4ger cirka <strong>20 kg<\/strong> f\u00f6r effektiv logistik.<\/p>\n<h3>Tekniska specifikationer<\/h3>\n<p>Antal puffar: <strong>15.000 puffar DTL<\/strong><br \/>E-v\u00e4tskekapacitet: <strong>24 ml<\/strong><br \/>Batterik\u00e4rna: <strong>18250 rent koboltbatteri<\/strong><br \/>Batteriets k\u00e4rnkapacitet: <strong>600 mAh (uppladdningsbar)<\/strong><br \/>V\u00e4rmeledningens motst\u00e5nd: <strong>0,6\u03a9 maskor K\u00e4rnan<\/strong><br \/>Produktstorlek: <strong>30*126 mm<\/strong><br \/>Inneh\u00e5ll av nikotinsalt: <strong>5% \/3%\/2%\/0%<\/strong><br \/>Uppladdningsbar: <strong>Typ C-gr\u00e4nssnitt<\/strong><br \/>Funktion: <strong>sugning av lungor<\/strong><br \/>Enkel vikt: <strong>96g<\/strong><br \/>Liten storlek p\u00e5 l\u00e5dan: <strong>40*40*140mm<\/strong><br \/>Stor l\u00e5dstorlek: <strong>83*140*120mm<\/strong><br \/>Standardl\u00e5da: <strong>200 stycken\/l\u00e5da<\/strong><br \/>L\u00e5dans storlek: <strong>425*420*290 mm<\/strong><br \/>Boxens vikt: <strong>20 kg<\/strong><\/p>\n<h3>Anpassade tillverkningsl\u00f6sningar<\/h3>\n<p>Vi \u00e4r stolta \u00f6ver att kunna erbjuda omfattande <strong>St\u00f6d f\u00f6r OEM\/ODM<\/strong> f\u00f6r f\u00f6retag som s\u00f6ker l\u00f6sningar f\u00f6r egna varum\u00e4rken. V\u00e5r tillverkningskapacitet omfattar allt fr\u00e5n utveckling av anpassade smaker till skr\u00e4ddarsydda f\u00f6rpackningsdesigner och tillgodoser bulkbest\u00e4llningar med flexibla specifikationer. Samarbeta med oss f\u00f6r produktdifferentiering p\u00e5 konkurrenskraftiga vape-marknader med hj\u00e4lp av denna tillf\u00f6rlitliga h\u00e5rdvaruplattform.<\/p>\n<p>Den <strong>Aivono Fatman 15000<\/strong> representerar h\u00f6jdpunkten inom innovation f\u00f6r eng\u00e5ngsvape och kombinerar ett o\u00f6vertr\u00e4ffat antal puffar med premiumkonstruktion och m\u00e5ngsidiga konfigurationsalternativ. Upplev synergin mellan massiv e-v\u00e4tskekapacitet, uppladdningsbarhet och avancerad spolteknik som s\u00e4tter nya standarder f\u00f6r anv\u00e4ndarv\u00e4nlighet. Med <strong>600mAh batteri uth\u00e5llighet<\/strong> och optimerade <strong>n\u00e4tspole<\/strong> prestanda, varje session ger kompromissl\u00f6s smakintensitet och \u00e5ngproduktion fram till sista blosset.<\/p>","protected":false},"excerpt":{"rendered":"<p><strong>Aivono Fatman 15000<\/strong> eng\u00e5ngsvapenleverant\u00f6rer <strong>15.000 puffar<\/strong> med massiv <strong>24 ml kapacitet f\u00f6r e-v\u00e4tska<\/strong> och <strong>uppladdningsbart 600mAh batteri<\/strong>. Funktioner <strong>Spole med 0,6\u03a9 maskor<\/strong>flera nikotinalternativ (0%\/2%\/3%\/5%) och premium <strong>DTL-vaping<\/strong> erfarenhet. Idealisk f\u00f6r l\u00e5ngvarig, problemfri anv\u00e4ndning.<\/p>","protected":false},"featured_media":890,"comment_status":"open","ping_status":"closed","template":"","meta":[],"product_brand":[165],"product_cat":[951],"product_tag":[169,171,168,173,170,172],"class_list":{"0":"post-896","1":"product","2":"type-product","3":"status-publish","4":"has-post-thumbnail","6":"product_brand-aivono","7":"product_cat-aivono","8":"product_tag-15000-puff-disposable-vape","9":"product_tag-24ml-e-liquid-capacity","10":"product_tag-aivono-fatman-15000","11":"product_tag-oem-vape-device","12":"product_tag-rechargeable-dtl-vape","13":"product_tag-type-c-vape-pen","15":"first","16":"instock","17":"sale","18":"shipping-taxable","19":"purchasable","20":"product-type-variable"},"jetpack_sharing_enabled":true,"tiered_pricing_type":"fixed","tiered_pricing_fixed_rules":[],"tiered_pricing_product_settings":{"layout":"default","base_unit_name":{"singular":null,"plural":null},"default_variation":null},"tiered_pricing_minimum_quantity":null,"tiered_pricing_roles_data":[],"tiered_pricing_percentage_rules":[],"tiered_pricing_maximum_quantity":null,"tiered_pricing_quantity_step":null,"_links":{"self":[{"href":"https:\/\/frvape.com\/sv\/wp-json\/wp\/v2\/product\/896","targetHints":{"allow":["GET"]}}],"collection":[{"href":"https:\/\/frvape.com\/sv\/wp-json\/wp\/v2\/product"}],"about":[{"href":"https:\/\/frvape.com\/sv\/wp-json\/wp\/v2\/types\/product"}],"replies":[{"embeddable":true,"href":"https:\/\/frvape.com\/sv\/wp-json\/wp\/v2\/comments?post=896"}],"wp:featuredmedia":[{"embeddable":true,"href":"https:\/\/frvape.com\/sv\/wp-json\/wp\/v2\/media\/890"}],"wp:attachment":[{"href":"https:\/\/frvape.com\/sv\/wp-json\/wp\/v2\/media?parent=896"}],"wp:term":[{"taxonomy":"product_brand","embeddable":true,"href":"https:\/\/frvape.com\/sv\/wp-json\/wp\/v2\/product_brand?post=896"},{"taxonomy":"product_cat","embeddable":true,"href":"https:\/\/frvape.com\/sv\/wp-json\/wp\/v2\/product_cat?post=896"},{"taxonomy":"product_tag","embeddable":true,"href":"https:\/\/frvape.com\/sv\/wp-json\/wp\/v2\/product_tag?post=896"}],"curies":[{"name":"wp","href":"https:\/\/api.w.org\/{rel}","templated":true}]}}